{"id":4062,"date":"2019-03-12T15:51:59","date_gmt":"2019-03-12T14:51:59","guid":{"rendered":"https:\/\/iplhamburg.netzlicht.com\/impressum\/"},"modified":"2025-07-22T18:10:12","modified_gmt":"2025-07-22T16:10:12","slug":"impressum","status":"publish","type":"page","link":"https:\/\/www.ipl-hamburg.com\/en\/impressum\/","title":{"rendered":"Impressum"},"content":{"rendered":"<div class=\"wpb-content-wrapper\"><p>[vc_row][vc_column]<div class=\"ult-spacer spacer-69e1b4fb1ebdd\" data-id=\"69e1b4fb1ebdd\" data-height=\"30\" data-height-mobile=\"30\" data-height-tab=\"30\" data-height-tab-portrait=\"\" data-height-mobile-landscape=\"\" style=\"clear:both;display:block;\"><\/div>[vc_column_text css=&#8221;&#8221;]<\/p>\n<h2>Angaben gem\u00e4\u00df \u00a7 5 DDG:<\/h2>\n<p>IPL- Hamburg Brohm UG (haftungsbeschr\u00e4nkt)<br \/>Hallerstr. 5a<br \/>20146 Hamburg<\/p>\n<h2>Vertreten durch:<\/h2>\n<p>Gesch\u00e4ftsf\u00fchrer: Astrid Winkler und Birgit von Rohr (Heilpraktikerin)<\/p>\n<h2>Kontakt:<\/h2>\n<p><\/p>\n<table>\n<tbody>\n<tr>\n<td>Telefon:<\/td>\n<td>040 \/ 670 872 5<\/td>\n<\/tr>\n<tr>\n<td>Mobil:<\/td>\n<td>0151 \/ 106 150 98<\/td>\n<\/tr>\n<tr>\n<td>E-Mail:<\/td>\n<td>info@ipl-hamburg.com<\/td>\n<\/tr>\n<\/tbody>\n<\/table>\n<p>&nbsp;<\/p>\n<h2>Registereintrag:<\/h2>\n<p>Eintragung im Handelsregister.<br \/>Registergericht: Hamburg<br \/>Registernummer: HRB 166220<\/p>\n<h2>Umsatzsteuer-ID:<\/h2>\n<p>Umsatzsteuer-Identifikationsnummer gem\u00e4\u00df \u00a727 a Umsatzsteuergesetz:<br \/>DE259307629 (Finanzamt Hamburg Tierpark)<\/p>\n<h2>Steuernummer:<\/h2>\n<p>42\/734\/04193<br \/><div class=\"woocommerce woocommerce-gzd woocommerce-gzd-complaints-shortcode\">\n\t\t\t<h3>Alternative Dispute Resolution in accordance with Art. 14 (1) ODR-VO and \u00a7 36 VSBG:<\/h3>\n\t\nZur Teilnahme an einem Streitbeilegungsverfahren vor einer Verbraucherschlichtungsstelle sind wir nicht verpflichtet und nicht bereit.<\/div>\n<h2>Quellenangaben f\u00fcr die verwendeten Bilder und Grafiken:<\/h2>\n<p><a href=\"https:\/\/www.netzlicht.com\/bildnachweise.pdf\" target=\"_blank\" rel=\"nofollow noreferrer noopener\">Bildnachweise herunterladen<\/a><\/p>\n<h2>Au\u00dfergerichtliche Streitbeilegung<\/h2>\n<p>Wir sind weder verpflichtet noch dazu bereit, im Falle einer Streitigkeit mit einem Verbraucher an einem Streitbeilegungsverfahren vor einer Verbraucherschlichtungsstelle teilzunehmen.[\/vc_column_text][\/vc_column][\/vc_row]<\/p>\n<\/div>","protected":false},"excerpt":{"rendered":"<p>[vc_row][vc_column][vc_column_text css=&#8221;&#8221;] Angaben gem\u00e4\u00df \u00a7 5 DDG: IPL- Hamburg Brohm UG (haftungsbeschr\u00e4nkt)Hallerstr. 5a20146 Hamburg Vertreten durch: Gesch\u00e4ftsf\u00fchrer: Astrid Winkler und Birgit von Rohr (Heilpraktikerin) Kontakt: Telefon: 040 \/ 670 872 5 Mobil: 0151 \/ 106 150 98 E-Mail: info@ipl-hamburg.com &nbsp; Registereintrag: Eintragung im Handelsregister.Registergericht: HamburgRegisternummer: HRB 166220 Umsatzsteuer-ID: Umsatzsteuer-Identifikationsnummer gem\u00e4\u00df \u00a727 a Umsatzsteuergesetz:DE259307629 (Finanzamt Hamburg&hellip;<\/p>\n","protected":false},"author":1,"featured_media":0,"parent":0,"menu_order":600,"comment_status":"closed","ping_status":"closed","template":"","meta":{"footnotes":""},"class_list":["post-4062","page","type-page","status-publish","hentry","description-off"],"_links":{"self":[{"href":"https:\/\/www.ipl-hamburg.com\/en\/wp-json\/wp\/v2\/pages\/4062","targetHints":{"allow":["GET"]}}],"collection":[{"href":"https:\/\/www.ipl-hamburg.com\/en\/wp-json\/wp\/v2\/pages"}],"about":[{"href":"https:\/\/www.ipl-hamburg.com\/en\/wp-json\/wp\/v2\/types\/page"}],"author":[{"embeddable":true,"href":"https:\/\/www.ipl-hamburg.com\/en\/wp-json\/wp\/v2\/users\/1"}],"replies":[{"embeddable":true,"href":"https:\/\/www.ipl-hamburg.com\/en\/wp-json\/wp\/v2\/comments?post=4062"}],"version-history":[{"count":4,"href":"https:\/\/www.ipl-hamburg.com\/en\/wp-json\/wp\/v2\/pages\/4062\/revisions"}],"predecessor-version":[{"id":7904,"href":"https:\/\/www.ipl-hamburg.com\/en\/wp-json\/wp\/v2\/pages\/4062\/revisions\/7904"}],"wp:attachment":[{"href":"https:\/\/www.ipl-hamburg.com\/en\/wp-json\/wp\/v2\/media?parent=4062"}],"curies":[{"name":"wp","href":"https:\/\/api.w.org\/{rel}","templated":true}]}}