{"id":4102,"date":"2019-03-12T16:21:04","date_gmt":"2019-03-12T15:21:04","guid":{"rendered":"https:\/\/iplhamburg.netzlicht.com\/funktionsweise-behandlung-skinny-lift-by-skineo\/"},"modified":"2019-03-12T16:21:17","modified_gmt":"2019-03-12T15:21:17","slug":"funktionsweise-behandlung-skinny-lift-by-skineo","status":"publish","type":"page","link":"https:\/\/www.ipl-hamburg.com\/en\/skinny-lift-schoenheit-sanft-in-form-gebracht\/funktionsweise-behandlung-skinny-lift-by-skineo\/","title":{"rendered":"Funktionsweise &#038; Behandlung \u2013 skinny lift by SKINeo"},"content":{"rendered":"<div class=\"wpb-content-wrapper\"><p>[vc_row el_class=&#8221;mitsidebar&#8221;][vc_column width=&#8221;3\/4&#8243; offset=&#8221;vc_col-lg-offset-0 vc_col-lg-9 vc_col-md-offset-0 vc_col-md-9 vc_col-sm-offset-0 vc_col-xs-12&#8243;]<div class=\"ult-spacer spacer-69f1a727a92f8\" data-id=\"69f1a727a92f8\" data-height=\"30\" data-height-mobile=\"30\" data-height-tab=\"30\" data-height-tab-portrait=\"\" data-height-mobile-landscape=\"\" style=\"clear:both;display:block;\"><\/div><div id=\"ultimate-heading-559969f1a727a9359\" class=\"uvc-heading ult-adjust-bottom-margin ultimate-heading-559969f1a727a9359 uvc-7820 \" data-hspacer=\"no_spacer\"  data-halign=\"left\" style=\"text-align:left\"><div class=\"uvc-heading-spacer no_spacer\" style=\"top\"><\/div><div class=\"uvc-main-heading ult-responsive\"  data-ultimate-target='.uvc-heading.ultimate-heading-559969f1a727a9359 h2'  data-responsive-json-new='{\"font-size\":\"\",\"line-height\":\"\"}' ><h2 style=\"font-weight:normal;color:#589935;\">Ein neues Behandlungskonzept \u2013 Liften ohne OP!<\/h2><\/div><\/div><div class=\"ult-spacer spacer-69f1a727a93cc\" data-id=\"69f1a727a93cc\" data-height=\"30\" data-height-mobile=\"30\" data-height-tab=\"30\" data-height-tab-portrait=\"\" data-height-mobile-landscape=\"\" style=\"clear:both;display:block;\"><\/div>[vc_single_image image=&#8221;2343&#8243; img_size=&#8221;full&#8221; alignment=&#8221;center&#8221;]<div class=\"ult-spacer spacer-69f1a727a93ef\" data-id=\"69f1a727a93ef\" data-height=\"30\" data-height-mobile=\"30\" data-height-tab=\"30\" data-height-tab-portrait=\"\" data-height-mobile-landscape=\"\" style=\"clear:both;display:block;\"><\/div>[\/vc_column][vc_column width=&#8221;1\/4&#8243; offset=&#8221;vc_col-lg-offset-0 vc_col-lg-3 vc_col-md-offset-0 vc_col-md-3 vc_col-sm-offset-0 vc_hidden-sm vc_col-xs-12 vc_hidden-xs&#8221;][vc_widget_sidebar sidebar_id=&#8221;sidebar_9&#8243;][\/vc_column][\/vc_row][vc_row equal_height=&#8221;yes&#8221; type=&#8221;vc_default&#8221;][vc_column css=&#8221;.vc_custom_1539095004865{margin-right: 25px !important;margin-bottom: 50px !important;margin-left: 25px !important;padding-top: 35px !important;padding-right: 40px !important;padding-bottom: 40px !important;padding-left: 40px !important;background-color: #ffffff !important;}&#8221; offset=&#8221;vc_col-lg-offset-0 vc_col-md-offset-0 vc_col-sm-offset-0&#8243;]<div id=\"ultimate-heading-453769f1a727a941b\" class=\"uvc-heading ult-adjust-bottom-margin ultimate-heading-453769f1a727a941b uvc-2383 \" data-hspacer=\"no_spacer\"  data-halign=\"left\" style=\"text-align:left\"><div class=\"uvc-heading-spacer no_spacer\" style=\"top\"><\/div><div class=\"uvc-main-heading ult-responsive\"  data-ultimate-target='.uvc-heading.ultimate-heading-453769f1a727a941b h2'  data-responsive-json-new='{\"font-size\":\"\",\"line-height\":\"\"}' ><h2 style=\"font-weight:normal;color:#589935;\">Wie der skinny lift by SKINeo\u00ae funktioniert<\/h2><\/div><div class=\"uvc-sub-heading ult-responsive\"  data-ultimate-target='.uvc-heading.ultimate-heading-453769f1a727a941b .uvc-sub-heading '  data-responsive-json-new='{\"font-size\":\"desktop:20px;\",\"line-height\":\"desktop:30px;\"}'  style=\"font-weight:normal;\"><\/p>\n<h4>Problemzonen und Cellulite: Wer kennt diese nicht?<\/h4>\n<p><\/div><\/div>[vc_column_text]Der FORM Applikator beeindruckt durch seine gro\u00dfe aktive Fl\u00e4che. Es werden Wirkstoffe in die Haut eingeschleust und das Gewebe gestrafft. Weiterhin wird durch die SKINeo\u00ae-Technologie bei den K\u00f6rperbehandlungen die Lipolyse angeregt. Durch die integrierte, intensive Lymphdrainage werden die so freigesetzten Fette dann abtransportiert und mithilfe einer aktiven Muskelstimulation verarbeitet.<\/p>\n<p>Der FORM Applikator ist mit seinen 12 Schwingern besonders intensiv und wird am Oberschenkel zur effektiven Unterst\u00fctzung der Cellulite-Behandlung eingesetzt.<\/p>\n<p><strong>Eine Behandlung dauert 20 Minuten und ist f\u00fcr jedes Alter geeignet. F\u00fcr einen langanhaltenden Effekt wird eine Kur, je nach Alter und Gewebezustand, von 3 bis 6 Behandlungen empfohlen. Im Anschluss daran empfehlen wir regelm\u00e4\u00dfige Refresh-Behandlungen.<\/strong>[\/vc_column_text][\/vc_column][\/vc_row][vc_row equal_height=&#8221;yes&#8221; type=&#8221;vc_default&#8221;][vc_column css=&#8221;.vc_custom_1539095004865{margin-right: 25px !important;margin-bottom: 50px !important;margin-left: 25px !important;padding-top: 35px !important;padding-right: 40px !important;padding-bottom: 40px !important;padding-left: 40px !important;background-color: #ffffff !important;}&#8221; offset=&#8221;vc_col-lg-offset-0 vc_col-md-offset-0 vc_col-sm-offset-0&#8243;]<div id=\"ultimate-heading-657969f1a727a9465\" class=\"uvc-heading ult-adjust-bottom-margin ultimate-heading-657969f1a727a9465 uvc-6026 \" data-hspacer=\"no_spacer\"  data-halign=\"left\" style=\"text-align:left\"><div class=\"uvc-heading-spacer no_spacer\" style=\"top\"><\/div><div class=\"uvc-main-heading ult-responsive\"  data-ultimate-target='.uvc-heading.ultimate-heading-657969f1a727a9465 h2'  data-responsive-json-new='{\"font-size\":\"\",\"line-height\":\"\"}' ><h2 style=\"font-weight:normal;color:#589935;\">Problemzonen und Cellulite: Wer kennt diese nicht?<\/h2><\/div><\/div><div class=\"ult-spacer spacer-69f1a727a949d\" data-id=\"69f1a727a949d\" data-height=\"30\" data-height-mobile=\"30\" data-height-tab=\"30\" data-height-tab-portrait=\"\" data-height-mobile-landscape=\"\" style=\"clear:both;display:block;\"><\/div>[vc_accordion active_tab=&#8221;1&#8243; title_size=&#8221;h3&#8243; style=&#8221;2&#8243;][vc_accordion_tab title=&#8221;Cellulitebehandlung, Po- und Beinstraffung&#8221; el_id=&#8221;aevfdasgsdg654z7zhrthrthrt&#8221;][vc_single_image image=&#8221;2357&#8243; img_size=&#8221;full&#8221;][vc_column_text]Cellulite ist ein Erzfeind jeder Frau, ob jung oder alt. Dank den SKINeo\u00ae Applikatoren f\u00fcr den Po und den Oberschenkelbereicht kann den unsch\u00f6nen Dellen gezielt entgegengewirkt werden. Die Wirkstoffe werden effektiv an den behandelten Stellen verteilt und liefern so die best m\u00f6glichen Ergebnisse.[\/vc_column_text][\/vc_accordion_tab][vc_accordion_tab title=&#8221;Oberarmstraffung&#8221; el_id=&#8221;aegfaesgesg34634634tzrsgsrgrewg&#8221;][vc_single_image image=&#8221;2369&#8243; img_size=&#8221;full&#8221;][vc_column_text]Schluss mit den Winke\u00e4rmchen. Wirken Sie schlaffen Oberarmen gezielt entgegen und bringen Sie Ihre Gewebestruktur wieder in Schwung. Mit dem speziellen Applikator f\u00fcr den Oberarmbereich bietet SKINeo\u00ae eine neuartige L\u00f6sung um das Problem schlaffer Oberarme in nur wenigen Behandlungen anzugehen.<br \/>\n[\/vc_column_text][\/vc_accordion_tab][vc_accordion_tab title=&#8221;Handlifting&#8221;][vc_single_image image=&#8221;2365&#8243; img_size=&#8221;full&#8221;][vc_column_text]An den H\u00e4nden sieht man das wahre Alter einer Frau. Der Handr\u00fccken wurde in der apparativen Kosmetik bislang stiefm\u00fctterlich behandelt.<\/p>\n<p>SKINeo\u00ae ist die L\u00f6sung f\u00fcr Pergamenthaut, Altersflecken &amp; Co. W\u00e4hrend Sie andere Behandlungen durchf\u00fchren, bekommt Ihre Kundin gleichzeitig sch\u00f6ne H\u00e4nde. Hoch konzentrierte Wirkstoffe auf Hyaluronbasis dringen tief in die Haut ein. Sie werden vom Ergebnis begeistert sein.<\/p>\n<p>HAND\/HAND duo dient der Behandlung des Handr\u00fcckens. Durch den HAND\/HAND duo Applikator ist nun auch eine gleichm\u00e4\u00dfige und effektive Behandlung der Handr\u00fccken m\u00f6glich.[\/vc_column_text][\/vc_accordion_tab][vc_accordion_tab title=&#8221;Gewebestraffung am Bauch und Po&#8221; el_id=&#8221;egsdgdfsg34e6t34634tderhg&#8221;][vc_single_image image=&#8221;2353&#8243; img_size=&#8221;full&#8221;][vc_column_text]Mit dem Alter l\u00e4sst die Elastizit\u00e4t des Gewebes nach und die Haut wird schlaff. Mit dem SKINeo\u00ae Applikator f\u00fcr den Bauch- und Pobereich kann in diesem Fall Abhilfe geschaffen werden. Die Behandlung aktiviert die nat\u00fcrliche und nachhaltige Gewebestraffung. Gehen Sie das Problem aktiv an!<\/p>\n<p>Der FLEX Applikator hat die gleiche Funktionalit\u00e4t wie der FORM Applikator, mit dem Unterschied, dass er nur 4 Schwinger tr\u00e4gt, daf\u00fcr aber einzeln oder in Kombination an den verschiedenen K\u00f6rperbereichen angepasst werden kann. Damit ist er \u00e4u\u00dferst fexibel an Oberarmen, Bauch und Po einsetzbar.[\/vc_column_text][\/vc_accordion_tab][vc_accordion_tab title=&#8221;Gesichtslifting&#8221; el_id=&#8221;daesgdsg346346ehdhdh&#8221;][vc_single_image image=&#8221;2361&#8243; img_size=&#8221;full&#8221;][vc_column_text]Ein Gesichtslifting ganz ohne Schmerz und Eingriff? Gibt es nicht? Doch, jetzt schon! Der SKINeo\u00ae MASK Applikator hilft aktiv H\u00e4ngeb\u00e4ckchen, Lachfalten und schlaffe Gesichtskontur zu bek\u00e4mpfen. Und das ganze schnell und einfach in nur wenigen Anwendungen und vollkommen ohne Schmerzen und Eingriffe.<\/p>\n<p>Die MASK besteht aus leicht zu reinigendem Silikon mit 7 Schwingern. \u00dcber die Schwinger kommt auch die Hochtonbehandlung zum Einsatz. Die MASK schmiegt sich sanft an das Gesicht an und erzeugt beim Kunden w\u00e4hrend der Behandlung ein angenehmes und entspannendes Gef\u00fchl.[\/vc_column_text][\/vc_accordion_tab][\/vc_accordion]<div class=\"ult-spacer spacer-69f1a727a94be\" data-id=\"69f1a727a94be\" data-height=\"30\" data-height-mobile=\"30\" data-height-tab=\"30\" data-height-tab-portrait=\"\" data-height-mobile-landscape=\"\" style=\"clear:both;display:block;\"><\/div>[vc_column_text css=&#8221;.vc_custom_1539786773647{margin-bottom: 0px !important;}&#8221;]<strong>Wir empfehlen vorher die Zonen mit den iLipo Fett-weg-Laser behandeln zu lassen und asnchlie\u00dfend mit dem skinny lift die Zonen zu liften. Dieser Behandlungsablauf erzielt die besten und nachhaltigsten Ergebnisse. Sie werden begeistert sein!<\/strong>[\/vc_column_text][\/vc_column][\/vc_row][vc_row equal_height=&#8221;yes&#8221; type=&#8221;vc_default&#8221;][vc_column css=&#8221;.vc_custom_1539095004865{margin-right: 25px !important;margin-bottom: 50px !important;margin-left: 25px !important;padding-top: 35px !important;padding-right: 40px !important;padding-bottom: 40px !important;padding-left: 40px !important;background-color: #ffffff !important;}&#8221; offset=&#8221;vc_col-lg-offset-0 vc_col-md-offset-0 vc_col-sm-offset-0&#8243;]<div id=\"ultimate-heading-507369f1a727a94e6\" class=\"uvc-heading ult-adjust-bottom-margin ultimate-heading-507369f1a727a94e6 uvc-7085 \" data-hspacer=\"no_spacer\"  data-halign=\"left\" style=\"text-align:left\"><div class=\"uvc-heading-spacer no_spacer\" style=\"top\"><\/div><div class=\"uvc-main-heading ult-responsive\"  data-ultimate-target='.uvc-heading.ultimate-heading-507369f1a727a94e6 h2'  data-responsive-json-new='{\"font-size\":\"\",\"line-height\":\"\"}' ><h2 style=\"font-weight:normal;color:#589935;\">Preise f\u00fcr die Behandlung mit dem skinny lift System:<\/h2><\/div><\/div><div class=\"ult-spacer spacer-69f1a727a951b\" data-id=\"69f1a727a951b\" data-height=\"30\" data-height-mobile=\"30\" data-height-tab=\"30\" data-height-tab-portrait=\"\" data-height-mobile-landscape=\"\" style=\"clear:both;display:block;\"><\/div><div class=\"standard-arrow list-divider bullet-top\"><ul>\n<li>1 Behandlung: nur \u20ac 50,-<\/li>\n<li>5 Behandlung: nur \u20ac 200,-<\/li>\n<li>10 Behandlung: nur \u20ac 380,-<\/li>\n<\/ul>\n<\/div>[vc_column_text css=&#8221;.vc_custom_1539785885677{margin-bottom: 0px !important;}&#8221;]<\/p>\n<h3>Jede Behandlung dauert nur 20 Minuten.<\/h3>\n<p>[\/vc_column_text][\/vc_column][\/vc_row][vc_row][vc_column offset=&#8221;vc_hidden-lg vc_hidden-md&#8221;][vc_widget_sidebar sidebar_id=&#8221;sidebar_9&#8243;]<div class=\"ult-spacer spacer-69f1a727a95c0\" data-id=\"69f1a727a95c0\" data-height=\"20\" data-height-mobile=\"20\" data-height-tab=\"20\" data-height-tab-portrait=\"\" data-height-mobile-landscape=\"\" style=\"clear:both;display:block;\"><\/div>[\/vc_column][\/vc_row][vc_row equal_height=&#8221;yes&#8221; bg_type=&#8221;bg_color&#8221; bg_override=&#8221;ex-full&#8221; bg_color_value=&#8221;#ffffff&#8221; el_class=&#8221;calltoaektschn&#8221;][vc_column css=&#8221;.vc_custom_1539097314964{padding-top: 0px !important;}&#8221;]<section class=\"shortcode-action-box box-style-table shortcode-action-bg block-style-widget pulse animate-element\"><div class=\"text-big\"><div class=\"gap\" style=\"line-height: 10px; height: 10px;\"><\/div>\n<h5>Sie w\u00fcnschen eine unverbindliche Beratung?<\/h5>\n<\/div><div class=\"shortcode-action-container action-button\"><a href=\"\/terminvereinbarung\/\" class=\"btn-shortcode dt-btn-m dt-btn default-btn-color default-btn-hover-color default-btn-bg-color default-btn-bg-hover-color fadeIn animate-element animation-builder\" id=\"dt-btn-1\"><span>Terminvereinbarung<\/span><\/a><\/div><\/section>[\/vc_column][\/vc_row]<\/p>\n<\/div>","protected":false},"excerpt":{"rendered":"<p>[vc_row el_class=&#8221;mitsidebar&#8221;][vc_column width=&#8221;3\/4&#8243; offset=&#8221;vc_col-lg-offset-0 vc_col-lg-9 vc_col-md-offset-0 vc_col-md-9 vc_col-sm-offset-0 vc_col-xs-12&#8243;][vc_single_image image=&#8221;2343&#8243; img_size=&#8221;full&#8221; alignment=&#8221;center&#8221;][\/vc_column][vc_column width=&#8221;1\/4&#8243; offset=&#8221;vc_col-lg-offset-0 vc_col-lg-3 vc_col-md-offset-0 vc_col-md-3 vc_col-sm-offset-0 vc_hidden-sm vc_col-xs-12 vc_hidden-xs&#8221;][vc_widget_sidebar sidebar_id=&#8221;sidebar_9&#8243;][\/vc_column][\/vc_row][vc_row equal_height=&#8221;yes&#8221; type=&#8221;vc_default&#8221;][vc_column css=&#8221;.vc_custom_1539095004865{margin-right: 25px !important;margin-bottom: 50px !important;margin-left: 25px !important;padding-top: 35px !important;padding-right: 40px !important;padding-bottom: 40px !important;padding-left: 40px !important;background-color: #ffffff !important;}&#8221; offset=&#8221;vc_col-lg-offset-0 vc_col-md-offset-0 vc_col-sm-offset-0&#8243;][vc_column_text]Der FORM Applikator beeindruckt durch seine gro\u00dfe aktive Fl\u00e4che. Es werden Wirkstoffe&hellip;<\/p>\n","protected":false},"author":1,"featured_media":0,"parent":4119,"menu_order":600,"comment_status":"closed","ping_status":"closed","template":"","meta":{"footnotes":""},"class_list":["post-4102","page","type-page","status-publish","hentry","description-off"],"_links":{"self":[{"href":"https:\/\/www.ipl-hamburg.com\/en\/wp-json\/wp\/v2\/pages\/4102","targetHints":{"allow":["GET"]}}],"collection":[{"href":"https:\/\/www.ipl-hamburg.com\/en\/wp-json\/wp\/v2\/pages"}],"about":[{"href":"https:\/\/www.ipl-hamburg.com\/en\/wp-json\/wp\/v2\/types\/page"}],"author":[{"embeddable":true,"href":"https:\/\/www.ipl-hamburg.com\/en\/wp-json\/wp\/v2\/users\/1"}],"replies":[{"embeddable":true,"href":"https:\/\/www.ipl-hamburg.com\/en\/wp-json\/wp\/v2\/comments?post=4102"}],"version-history":[{"count":0,"href":"https:\/\/www.ipl-hamburg.com\/en\/wp-json\/wp\/v2\/pages\/4102\/revisions"}],"up":[{"embeddable":true,"href":"https:\/\/www.ipl-hamburg.com\/en\/wp-json\/wp\/v2\/pages\/4119"}],"wp:attachment":[{"href":"https:\/\/www.ipl-hamburg.com\/en\/wp-json\/wp\/v2\/media?parent=4102"}],"curies":[{"name":"wp","href":"https:\/\/api.w.org\/{rel}","templated":true}]}}