{"id":4078,"date":"2019-03-12T15:56:35","date_gmt":"2019-03-12T14:56:35","guid":{"rendered":"https:\/\/iplhamburg.netzlicht.com\/%d0%b4%d0%be%d0%bb%d0%b3%d0%be%d1%81%d1%80%d0%be%d1%87%d0%bd%d0%be%d0%b5-%d1%83%d0%b4%d0%b0%d0%bb%d0%b5%d0%bd%d0%b8%d0%b5-%d0%b2%d0%be%d0%bb%d0%be%d1%81\/dauerhafte-haarentfernung-mit-laser\/"},"modified":"2019-03-12T15:56:49","modified_gmt":"2019-03-12T14:56:49","slug":"dauerhafte-haarentfernung-mit-laser","status":"publish","type":"page","link":"https:\/\/www.ipl-hamburg.com\/ru\/%d0%b4%d0%be%d0%bb%d0%b3%d0%be%d1%81%d1%80%d0%be%d1%87%d0%bd%d0%be%d0%b5-%d1%83%d0%b4%d0%b0%d0%bb%d0%b5%d0%bd%d0%b8%d0%b5-%d0%b2%d0%be%d0%bb%d0%be%d1%81\/dauerhafte-haarentfernung-mit-laser\/","title":{"rendered":"Dauerhafte Haarentfernung mit Laser"},"content":{"rendered":"<div class=\"wpb-content-wrapper\"><p>[vc_row el_class=&#187;mitsidebar&#187;][vc_column width=&#187;3\/4&#8243; offset=&#187;vc_col-lg-offset-0 vc_col-lg-9 vc_col-md-offset-0 vc_col-md-9 vc_col-sm-offset-0 vc_col-xs-12&#8243;]<div class=\"ult-spacer spacer-69e7361ddae0e\" data-id=\"69e7361ddae0e\" data-height=\"30\" data-height-mobile=\"30\" data-height-tab=\"30\" data-height-tab-portrait=\"\" data-height-mobile-landscape=\"\" style=\"clear:both;display:block;\"><\/div><div id=\"ultimate-heading-412069e7361ddae73\" class=\"uvc-heading ult-adjust-bottom-margin ultimate-heading-412069e7361ddae73 uvc-4780 \" data-hspacer=\"no_spacer\"  data-halign=\"left\" style=\"text-align:left\"><div class=\"uvc-heading-spacer no_spacer\" style=\"top\"><\/div><div class=\"uvc-main-heading ult-responsive\"  data-ultimate-target='.uvc-heading.ultimate-heading-412069e7361ddae73 h2'  data-responsive-json-new='{\"font-size\":\"\",\"line-height\":\"\"}' ><h2 style=\"font-weight:normal;color:#589935;\">Behandlung mit dem MeDioStar NeXT Monolith<\/h2><\/div><div class=\"uvc-sub-heading ult-responsive\"  data-ultimate-target='.uvc-heading.ultimate-heading-412069e7361ddae73 .uvc-sub-heading '  data-responsive-json-new='{\"font-size\":\"desktop:20px;\",\"line-height\":\"desktop:30px;\"}'  style=\"font-weight:normal;\"><\/p>\n<h4>\u041c\u0435\u0445\u0430\u043d\u0438\u0437\u043c \u0434\u0435\u0439\u0441\u0442\u0432\u0438\u044f \u0443\u0434\u0430\u043b\u0435\u043d\u0438\u0435 \u0432\u043e\u043b\u043e\u0441 \u043d\u0430\u0434\u043e\u043b\u0433\u043e \u043c\u0435\u0442\u043e\u0434\u043e\u043c SHR<\/h4>\n<p><\/div><\/div><div class=\"ult-spacer spacer-69e7361ddaed5\" data-id=\"69e7361ddaed5\" data-height=\"30\" data-height-mobile=\"30\" data-height-tab=\"30\" data-height-tab-portrait=\"\" data-height-mobile-landscape=\"\" style=\"clear:both;display:block;\"><\/div>[vc_single_image image=&#187;2122&#8243; img_size=&#187;full&#187;][vc_accordion active_tab=&#187;1&#8243; title_size=&#187;h3&#8243; style=&#187;2&#8243;][vc_accordion_tab title=&#187;MeDioStar NeXT: Innovation Made in Germany&#187; el_id=&#187;asfaf53265hgf49780hjl&#187;][vc_column_text]Um eine dauerhafte Reduktion der Haare zu gew\u00e4hrleisten, ist die Therapie mit Licht die effektivste Methode. In diversen wissenschaftlichen Studien wurde aufgezeigt, dass die Wellenl\u00e4nge 810 nm hierf\u00fcr ideal geeignet ist. Sie gew\u00e4hrleistet die optimale Absorption im Zielareal Melanin, bei gleichzeitiger Schonung des umliegenden Gewebes. Der einzigartige Wellenl\u00e4ngen-Mix des MeDioStar erfasst zus\u00e4tzlich die Gef\u00e4\u00dfe und verbessert dadurch die Ergebnisse. Die Qualit\u00e4t des Hochleistungs-Diodenlasers zeichnet sich durch eine h\u00f6chst effiziente 360\u00b0 Hautk\u00fchlung, gro\u00dfe Behandlungsspots, hohe Geschwindigkeiten, eine einfache Benutzerf\u00fchrung und individuelle Behandlungskonzepte aus. Das ist Innovation Made in Germany.[\/vc_column_text][\/vc_accordion_tab][vc_accordion_tab title=&#187;Der weltweit schnellste Laser: Inmotion &amp; SmoothPulse-Technologie&#187; el_id=&#187;sdergrewg34634673gfhjgfhjf&#187;][vc_column_text]Dank des SmoothPulse Modus ist die Behandlung schneller als je zuvor und dar\u00fcber hinaus schmerzarm. Mit einer w\u00e4hlbaren Frequenz von bis zu 12 Hz ist der MeDioStar NeXT das schnellste Haarentfernungssystem auf dem Markt.<\/p>\n<p>Die einzigartige Diodentechnologie mit einer Wellenl\u00e4ngen-Kombination von 810\/940 nm, variabler Pulsl\u00e4nge (3 \u2013 400 ms) und der h\u00f6chst effizienten K\u00fchlung garantiert eine sichere Behandlung aller Hauttypen (I \u2013 VI). Mit einer Leistung von bis zu 5,000 W und einer Spotgr\u00f6\u00dfe von 10 cm<sup>2<\/sup>\u00a0erm\u00f6glicht der MeDioStar gleichzeitig eine h\u00f6here Eindringtiefe, um die tieferliegenden Haarfollikel zu zerst\u00f6ren. Der Dynamic Modus erlaubt kurze Impulse bei einer hohen Frequenz von bis zu 20 Hz. All diese Features gestalten die Behandlung effektiver, schneller und sanfter als jemals zuvor.[\/vc_column_text][\/vc_accordion_tab][vc_accordion_tab title=&#187;Monolith-Handst\u00fccke mit 360\u00b0 Hautk\u00fchlung&#187; el_id=&#187;afae898436rgedwhdrei&#187;][vc_column_text]Die neuen, leichten und ergonomischen Monolith-Handst\u00fccke setzen neueste Ma\u00dfst\u00e4be in der \u00e4sthetischen Lasermedizin und sorgen f\u00fcr maximale Stabilit\u00e4t. Das speziell entwickelte Technologie-, Design- und Behandlungskonzept mit 360\u00b0 Kontakthautk\u00fchlung sowie exklusiv ausgew\u00e4hlten Materialien erm\u00f6glicht eine dauerhafte Nutzung bei maximaler Sicherheit.\u00a0Die 360\u00b0 Kontakthautk\u00fchlung k\u00fchlt die Epidermis h\u00f6chst effizient, sch\u00fctzt die Haut vor Verbrennungen und erm\u00f6glicht eine Behandlung in einer beliebigen Richtung.\u00a0Die TAPER-Technologie gew\u00e4hrleistet eine gleichm\u00e4\u00dfige Energieverteilung \u00fcber den ganzen Spot, verhindert die Bildung von Hot-Spots und reduziert das Risiko von Nebenwirkungen. F\u00fcr jedes Bed\u00fcrfnis gibt es eine passende L\u00f6sung.<\/p>\n<p>Der MeDioStar ist mit diesen Monolithen ausgestattet:[\/vc_column_text][vc_column_text]<img decoding=\"async\" class=\"alignright wp-image-2272 size-full\" src=\"\/wp-content\/uploads\/2018\/12\/Monolith_XL.jpg\" alt=\"Monolith XL - Laser Haarentfernung Handst\u00fcck\" width=\"200\" \/><\/p>\n<h3>Monolith XL<\/h3>\n<p>Der Monolith XL mit dem gr\u00f6\u00dften Spot von 10 cm<sup>2<\/sup>\u00a0und max. 5.000 Watt bietet die schnellste Epilationsbehandlung f\u00fcr gro\u00dfe Areale, wie Beine, Arme und R\u00fccken.<\/p>\n<h3>Monolith L<\/h3>\n<p>Der Monolith L mit einer Spotgr\u00f6\u00dfe von 3 cm<sup>2<\/sup>\u00a0und max. 3.400 Watt ist die beste Wahl f\u00fcr die schnelle Behandlung von kleinen und gro\u00dfen Arealen.<\/p>\n<h3>Monolith M<\/h3>\n<p>Der Monolith M mit einer Spotgr\u00f6\u00dfe von 1,5 cm<sup>2<\/sup>\u00a0und max. 1.700 Watt erm\u00f6glicht eine komfortable Behandlung kleiner Areale.<\/p>\n<h3>Monolith S<\/h3>\n<p>Der Monolith S mit einer Spotgr\u00f6\u00dfe von 1 cm<sup>2<\/sup>\u00a0und max. 1.275 Watt ist f\u00fcr kleinste Hautareale und schwer zug\u00e4ngliche Stellen bestens geeignet f\u00fcr die professionelle Haarentfernung.[\/vc_column_text][\/vc_accordion_tab][\/vc_accordion]<div class=\"ult-spacer spacer-69e7361ddaefa\" data-id=\"69e7361ddaefa\" data-height=\"50\" data-height-mobile=\"50\" data-height-tab=\"50\" data-height-tab-portrait=\"\" data-height-mobile-landscape=\"\" style=\"clear:both;display:block;\"><\/div>[\/vc_column][vc_column width=&#187;1\/4&#8243; offset=&#187;vc_col-lg-offset-0 vc_col-lg-3 vc_col-md-offset-0 vc_col-md-3 vc_col-sm-offset-0 vc_hidden-sm vc_col-xs-12 vc_hidden-xs&#187;][vc_widget_sidebar sidebar_id=&#187;sidebar_18&#8243;]<a href=\"\/ru\/\u0434\u043e\u043b\u0433\u043e\u0441\u0440\u043e\u0447\u043d\u043e\u0435-\u0443\u0434\u0430\u043b\u0435\u043d\u0438\u0435-\u0432\u043e\u043b\u043e\u0441\/\u0443\u0434\u0430\u043b\u0435\u043d\u0438\u0435-\u0432\u043e\u043b\u043e\u0441-\u043c\u0435\u0442\u043e\u0434\u043e\u043c-mediostar-\u043d\u0435\u0434\u043e\u0440\u043e\u0433\u043e\/\" class=\"btn-shortcode dt-btn-l dt-btn default-btn-color default-btn-hover-color default-btn-bg-color default-btn-bg-hover-color\" id=\"dt-btn-1\"><span>\u0426\u0435\u043d\u044b &#8212; MeDioStar<\/span><\/a><div class=\"ult-spacer spacer-69e7361ddaf84\" data-id=\"69e7361ddaf84\" data-height=\"30\" data-height-mobile=\"30\" data-height-tab=\"30\" data-height-tab-portrait=\"\" data-height-mobile-landscape=\"\" style=\"clear:both;display:block;\"><\/div>[\/vc_column][\/vc_row][vc_row equal_height=&#187;yes&#187; type=&#187;vc_default&#187;][vc_column css=&#187;.vc_custom_1539095004865{margin-right: 25px !important;margin-bottom: 50px !important;margin-left: 25px !important;padding-top: 35px !important;padding-right: 40px !important;padding-bottom: 40px !important;padding-left: 40px !important;background-color: #ffffff !important;}&#187; offset=&#187;vc_col-lg-offset-0 vc_col-md-offset-0 vc_col-sm-offset-0&#8243;][vc_column_text]<\/p>\n<h3>MeDioStar NeXT \u0443\u0434\u0430\u043b\u0435\u043d\u0438\u0435 \u0432\u043e\u043b\u043e\u0441 \u0432 \u0413\u0430\u043c\u0431\u0443\u0440\u0433\u0435:<\/h3>\n<p>[\/vc_column_text][vc_row_inner][vc_column_inner width=&#187;1\/6&#8243;][\/vc_column_inner][vc_column_inner width=&#187;2\/3&#8243;][vc_video link=&#187;https:\/\/www.youtube.com\/watch?v=dxUuBwzhF9k&#187; align=&#187;center&#187; css=&#187;.vc_custom_1543840394346{margin-bottom: 0px !important;}&#187;][\/vc_column_inner][vc_column_inner width=&#187;1\/6&#8243;][\/vc_column_inner][\/vc_row_inner][\/vc_column][\/vc_row][vc_row equal_height=&#187;yes&#187; type=&#187;vc_default&#187;][vc_column css=&#187;.vc_custom_1539095004865{margin-right: 25px !important;margin-bottom: 50px !important;margin-left: 25px !important;padding-top: 35px !important;padding-right: 40px !important;padding-bottom: 40px !important;padding-left: 40px !important;background-color: #ffffff !important;}&#187; offset=&#187;vc_col-lg-offset-0 vc_col-md-offset-0 vc_col-sm-offset-0&#8243;][vc_column_text]<\/p>\n<h3>\u0423\u0434\u0430\u043b\u0435\u043d\u0438\u0435 \u0432\u043e\u043b\u043e\u0441 \u043d\u0430\u0434\u043e\u043b\u0433\u043e<\/h3>\n<p>[\/vc_column_text][vc_accordion active_tab=&#187;1&#8243; title_size=&#187;h3&#8243; style=&#187;2&#8243;][vc_accordion_tab title=&#187;Vorteile der MeDioStar NeXT Laser Methode&#187; el_id=&#187;aesfesaf34636hurtdfhdrtf&#187;]<div class=\"standard-arrow list-divider bullet-top\"><ul>\n<li>\u041f\u043e\u0447\u0442\u0438 \u0431\u0435\u0437\u0431\u043e\u043b\u0435\u0437\u043d\u0435\u043d\u043d\u043e\u0435 \u0443\u0434\u0430\u043b\u0435\u043d\u0438\u0435 \u0432\u043e\u043b\u043e\u0441<\/li>\n<li>\u0412\u0441\u0435 \u0442\u0438\u043f\u044b \u043a\u043e\u0436\u0438<\/li>\n<li>\u0417\u0430\u0433\u043e\u0440\u0435\u043b\u0430\u044f \u043a\u043e\u0436\u0430 \u0442\u043e\u0436\u0435<\/li>\n<li>\u0412\u0441\u044f \u043e\u0431\u0440\u0430\u0431\u043e\u0442\u0430\u043d\u043d\u0430\u044f \u043f\u043e\u0432\u0435\u0440\u0445\u043d\u043e\u0441\u0442\u044c<\/li>\n<li>\u0423\u0434\u0430\u043b\u0435\u043d\u0438\u0435 \u0432\u043e\u043b\u043e\u0441 \u043d\u0430\u0434\u043e\u043b\u0433\u043e<\/li>\n<li>\u0411\u0435\u0437\u043e\u043f\u0430\u0441\u043d\u043e\u0441\u0442\u044c \u0433\u0430\u0440\u0430\u043d\u0442\u0438\u0440\u043e\u0432\u0430\u043d\u0430<\/li>\n<\/ul>\n<\/div>[\/vc_accordion_tab][vc_accordion_tab title=&#187;\u0421\u0440\u0430\u0432\u043d\u0435\u043d\u0438\u0435: \u0414\u043e \u0438 \u043f\u043e\u0441\u043b\u0435 \u043f\u0440\u043e\u0446\u0435\u0434\u0443\u0440\u044b \u043c\u0435\u0442\u043e\u0434\u043e\u043c SHR&#187; el_id=&#187;aefesgfewtzj5785678zj&#187;][vc_row_inner][vc_column_inner width=&#187;1\/3&#8243;]<div class=\"ult-spacer spacer-69e7361ddb016\" data-id=\"69e7361ddb016\" data-height=\"15\" data-height-mobile=\"15\" data-height-tab=\"15\" data-height-tab-portrait=\"\" data-height-mobile-landscape=\"\" style=\"clear:both;display:block;\"><\/div>[vc_column_text]<\/p>\n<h5>\u041f\u043e\u0434\u043c\u044b\u0448\u043a\u0438 (\u0434\u043e \/ \u043f\u043e\u0441\u043b\u0435)<\/h5>\n<p>[\/vc_column_text][vc_single_image image=&#187;2081&#8243; img_size=&#187;full&#187; alignment=&#187;center&#187;][\/vc_column_inner][vc_column_inner width=&#187;1\/3&#8243;]<div class=\"ult-spacer spacer-69e7361ddb032\" data-id=\"69e7361ddb032\" data-height=\"15\" data-height-mobile=\"15\" data-height-tab=\"15\" data-height-tab-portrait=\"\" data-height-mobile-landscape=\"\" style=\"clear:both;display:block;\"><\/div>[vc_column_text]<\/p>\n<h5>\u041d\u043e\u0433\u0438 (\u0434\u043e \/ \u043f\u043e\u0441\u043b\u0435)<\/h5>\n<p>[\/vc_column_text][vc_single_image image=&#187;2085&#8243; img_size=&#187;full&#187; alignment=&#187;center&#187;][\/vc_column_inner][vc_column_inner width=&#187;1\/3&#8243;]<div class=\"ult-spacer spacer-69e7361ddb04c\" data-id=\"69e7361ddb04c\" data-height=\"15\" data-height-mobile=\"15\" data-height-tab=\"15\" data-height-tab-portrait=\"\" data-height-mobile-landscape=\"\" style=\"clear:both;display:block;\"><\/div>[vc_column_text]<\/p>\n<h5>\u0417\u043e\u043d\u0430 \u0431\u0438\u043a\u0438\u043d\u0438 (\u0434\u043e \/ \u043f\u043e\u0441\u043b\u0435)<\/h5>\n<p>[\/vc_column_text][vc_single_image image=&#187;2089&#8243; img_size=&#187;full&#187; alignment=&#187;center&#187;][\/vc_column_inner][\/vc_row_inner][\/vc_accordion_tab][vc_accordion_tab title=&#187;MeDioStar NeXT &#8212; Dauerhafte Haarentfernung mit Laser&#187; el_id=&#187;asfasf345t34534etzrezghree&#187;][vc_row_inner][vc_column_inner][vc_column_text]<img decoding=\"async\" class=\"alignleft wp-image-3144 size-full\" src=\"https:\/\/www.ipl-hamburg.com\/wp-content\/uploads\/2018\/12\/MeDioStar_laser.jpg\" alt=\"MeDioStar NeXT Laser\" width=\"300\" srcset=\"https:\/\/www.ipl-hamburg.com\/wp-content\/uploads\/2018\/12\/MeDioStar_laser.jpg 395w, https:\/\/www.ipl-hamburg.com\/wp-content\/uploads\/2018\/12\/MeDioStar_laser-198x300.jpg 198w, https:\/\/www.ipl-hamburg.com\/wp-content\/uploads\/2018\/12\/MeDioStar_laser-100x152.jpg 100w\" sizes=\"(max-width: 395px) 100vw, 395px\" \/><\/p>\n<p>Der neue MeDioStar NeXT ist die 6. Generation Hochleistungs-Diodenlaser von Asclepion. Es ist die neueste Innovation in Design und Technologie und zeichnet sich durch h\u00f6chste Leistung, k\u00fcrzeste Pulse, das gr\u00f6\u00dfte Handst\u00fcck-Portfolio und zahlreiche weitere Features aus.<\/p>\n<p>Sie erm\u00f6glicht nahezu schmerzlose Behandlungen bei allen Hauttypen, sogar bei gebr\u00e4unter Haut und hat die Anwendung zur dauerhaften Haarentfernung weltweit revolutioniert.<\/p>\n<p><strong>K\u00fcrzere Behandlungsdauer als mit IPL &amp; SHR-Technik! Qualit\u00e4t Made in Germany!<\/strong>[\/vc_column_text][\/vc_column_inner][\/vc_row_inner][\/vc_accordion_tab][\/vc_accordion][\/vc_column][\/vc_row][vc_row equal_height=&#187;yes&#187; type=&#187;vc_default&#187;][vc_column css=&#187;.vc_custom_1539095004865{margin-right: 25px !important;margin-bottom: 50px !important;margin-left: 25px !important;padding-top: 35px !important;padding-right: 40px !important;padding-bottom: 40px !important;padding-left: 40px !important;background-color: #ffffff !important;}&#187; offset=&#187;vc_col-lg-offset-0 vc_col-md-offset-0 vc_col-sm-offset-0&#8243;][vc_column_text]<\/p>\n<h3>\u0411\u044b\u0441\u0442\u0440\u043e\u0435 \u0438 \u043d\u0435\u0434\u043e\u0440\u043e\u0433\u043e\u0435 \u043e\u0441\u0432\u043e\u0431\u043e\u0436\u0434\u0435\u043d\u0438\u0435 \u043e\u0442 \u0432\u043e\u043b\u043e\u0441 \u043f\u0440\u0438 \u043f\u043e\u043c\u043e\u0449\u0438 SHR:<\/h3>\n<p>[\/vc_column_text][vc_column_text css=&#187;.vc_custom_1543841922655{margin-bottom: 0px !important;}&#187;]Etwa 70 % der Frauen unter 35 Jahren entfernen sich ihre Haare, insbesondere unter den Achseln, an den Beinen und im Intimbereich. Der Trend ist nachhaltig und sogar \u00e4ltere Frauen und M\u00e4nner machen ihn mit. Die Haarentfernung durch Epilieren, Waxen oder Rasieren ist somit nicht mehr die Ausnahme, sondern zur Norm geworden. Bereits in 2008 f\u00fchrte die Uni Leipzig eine statistische Erhebung an Studenten im Durchschnittsalter von 23 Jahren durch. Laut dieser enthaaren sich alleine 93 % der Frauen die Beine, 97 % die Achseln und 87 % den Genitalbereich. Bei den M\u00e4nnern steht das Enthaaren der Achselh\u00f6hlen mit 71 % an erster Stelle gefolgt vom Genitalbereich mit 67 %. Immerhin 36 % der M\u00e4nner entfernen sich die Haare am Oberk\u00f6rper. Es verwundert demnach niemanden, dass die Laser-Haarentfernung sowohl beim Mann als auch bei der Frau in die Top 5 der beliebtesten nicht operativen Sch\u00f6nheitsbehandlungen gekommen ist.[\/vc_column_text][\/vc_column][\/vc_row][vc_row][vc_column offset=&#187;vc_hidden-lg vc_hidden-md&#187;][vc_widget_sidebar sidebar_id=&#187;sidebar_18&#8243;]<a href=\"\/ru\/\u0434\u043e\u043b\u0433\u043e\u0441\u0440\u043e\u0447\u043d\u043e\u0435-\u0443\u0434\u0430\u043b\u0435\u043d\u0438\u0435-\u0432\u043e\u043b\u043e\u0441\/\u0443\u0434\u0430\u043b\u0435\u043d\u0438\u0435-\u0432\u043e\u043b\u043e\u0441-\u043c\u0435\u0442\u043e\u0434\u043e\u043c-mediostar-\u043d\u0435\u0434\u043e\u0440\u043e\u0433\u043e\/\" class=\"btn-shortcode dt-btn-m dt-btn default-btn-color default-btn-hover-color default-btn-bg-color default-btn-bg-hover-color\" id=\"dt-btn-2\"><span>\u0426\u0435\u043d\u044b &#8212; MeDioStar<\/span><\/a><div class=\"ult-spacer spacer-69e7361ddb0ae\" data-id=\"69e7361ddb0ae\" data-height=\"20\" data-height-mobile=\"20\" data-height-tab=\"20\" data-height-tab-portrait=\"\" data-height-mobile-landscape=\"\" style=\"clear:both;display:block;\"><\/div>[\/vc_column][\/vc_row][vc_row equal_height=&#187;yes&#187; bg_type=&#187;bg_color&#187; bg_override=&#187;ex-full&#187; bg_color_value=&#187;#ffffff&#187; el_class=&#187;calltoaektschn&#187;][vc_column css=&#187;.vc_custom_1539097314964{padding-top: 0px !important;}&#187;]<section class=\"shortcode-action-box box-style-table shortcode-action-bg block-style-widget pulse animate-element\"><div class=\"text-big\"><div class=\"gap\" style=\"line-height: 10px; height: 10px;\"><\/div>\n<h5>Sprechen Sie uns bitte an, wenn Sie eine Ganzk\u00f6rperbehandlung w\u00fcnschen!<\/h5>\n<\/div><div class=\"shortcode-action-container action-button\"><a href=\"\/terminvereinbarung\/\" class=\"btn-shortcode dt-btn-m dt-btn default-btn-color default-btn-hover-color default-btn-bg-color default-btn-bg-hover-color fadeIn animate-element animation-builder\" id=\"dt-btn-3\"><span>Terminvereinbarung<\/span><\/a><\/div><\/section>[\/vc_column][\/vc_row]<\/p>\n<\/div>","protected":false},"excerpt":{"rendered":"<p>[vc_row el_class=&#187;mitsidebar&#187;][vc_column width=&#187;3\/4&#8243; offset=&#187;vc_col-lg-offset-0 vc_col-lg-9 vc_col-md-offset-0 vc_col-md-9 vc_col-sm-offset-0 vc_col-xs-12&#8243;][vc_single_image image=&#187;2122&#8243; img_size=&#187;full&#187;][vc_accordion active_tab=&#187;1&#8243; title_size=&#187;h3&#8243; style=&#187;2&#8243;][vc_accordion_tab title=&#187;MeDioStar NeXT: Innovation Made in Germany&#187; el_id=&#187;asfaf53265hgf49780hjl&#187;][vc_column_text]Um eine dauerhafte Reduktion der Haare zu gew\u00e4hrleisten, ist die Therapie mit Licht die effektivste Methode. In diversen wissenschaftlichen Studien wurde aufgezeigt, dass die Wellenl\u00e4nge 810 nm hierf\u00fcr ideal geeignet ist. Sie gew\u00e4hrleistet die optimale&hellip;<\/p>\n","protected":false},"author":1,"featured_media":0,"parent":2700,"menu_order":600,"comment_status":"closed","ping_status":"closed","template":"","meta":{"footnotes":""},"class_list":["post-4078","page","type-page","status-publish","hentry","description-off"],"_links":{"self":[{"href":"https:\/\/www.ipl-hamburg.com\/ru\/wp-json\/wp\/v2\/pages\/4078","targetHints":{"allow":["GET"]}}],"collection":[{"href":"https:\/\/www.ipl-hamburg.com\/ru\/wp-json\/wp\/v2\/pages"}],"about":[{"href":"https:\/\/www.ipl-hamburg.com\/ru\/wp-json\/wp\/v2\/types\/page"}],"author":[{"embeddable":true,"href":"https:\/\/www.ipl-hamburg.com\/ru\/wp-json\/wp\/v2\/users\/1"}],"replies":[{"embeddable":true,"href":"https:\/\/www.ipl-hamburg.com\/ru\/wp-json\/wp\/v2\/comments?post=4078"}],"version-history":[{"count":0,"href":"https:\/\/www.ipl-hamburg.com\/ru\/wp-json\/wp\/v2\/pages\/4078\/revisions"}],"up":[{"embeddable":true,"href":"https:\/\/www.ipl-hamburg.com\/ru\/wp-json\/wp\/v2\/pages\/2700"}],"wp:attachment":[{"href":"https:\/\/www.ipl-hamburg.com\/ru\/wp-json\/wp\/v2\/media?parent=4078"}],"curies":[{"name":"wp","href":"https:\/\/api.w.org\/{rel}","templated":true}]}}