{"id":2442,"date":"2018-10-18T16:40:20","date_gmt":"2018-10-18T14:40:20","guid":{"rendered":"https:\/\/iplhamburg.netzlicht.com\/sorular-ve-cevaplar-ipl-epilasyon\/"},"modified":"2018-12-14T16:30:43","modified_gmt":"2018-12-14T15:30:43","slug":"sorular-ve-cevaplar-ipl-epilasyon","status":"publish","type":"page","link":"https:\/\/www.ipl-hamburg.com\/tr\/kil-aldirma\/sorular-ve-cevaplar-ipl-epilasyon\/","title":{"rendered":"Sorular ve cevaplar: IPL epilasyon"},"content":{"rendered":"<div class=\"wpb-content-wrapper\"><p>[vc_row el_class=&#8221;mitsidebar&#8221;][vc_column width=&#8221;3\/4&#8243; offset=&#8221;vc_col-lg-offset-0 vc_col-lg-9 vc_col-md-offset-0 vc_col-md-9 vc_col-sm-offset-0 vc_col-xs-12&#8243;]<div class=\"ult-spacer spacer-69f1a6eca3835\" data-id=\"69f1a6eca3835\" data-height=\"30\" data-height-mobile=\"30\" data-height-tab=\"30\" data-height-tab-portrait=\"\" data-height-mobile-landscape=\"\" style=\"clear:both;display:block;\"><\/div><div id=\"ultimate-heading-457469f1a6eca3896\" class=\"uvc-heading ult-adjust-bottom-margin ultimate-heading-457469f1a6eca3896 uvc-7354 \" data-hspacer=\"no_spacer\"  data-halign=\"left\" style=\"text-align:left\"><div class=\"uvc-heading-spacer no_spacer\" style=\"top\"><\/div><div class=\"uvc-main-heading ult-responsive\"  data-ultimate-target='.uvc-heading.ultimate-heading-457469f1a6eca3896 h2'  data-responsive-json-new='{\"font-size\":\"\",\"line-height\":\"\"}' ><h2 style=\"font-weight:normal;color:#589935;\">IPL teknolojisi ile dayan\u0131kl\u0131 k\u0131l ald\u0131rma hakk\u0131nda<\/h2><\/div><div class=\"uvc-sub-heading ult-responsive\"  data-ultimate-target='.uvc-heading.ultimate-heading-457469f1a6eca3896 .uvc-sub-heading '  data-responsive-json-new='{\"font-size\":\"desktop:20px;\",\"line-height\":\"desktop:30px;\"}'  style=\"font-weight:normal;\"><\/p>\n<h4>Sorular ve cevaplar:<\/h4>\n<p><\/div><\/div><div class=\"ult-spacer spacer-69f1a6eca38fa\" data-id=\"69f1a6eca38fa\" data-height=\"30\" data-height-mobile=\"30\" data-height-tab=\"30\" data-height-tab-portrait=\"\" data-height-mobile-landscape=\"\" style=\"clear:both;display:block;\"><\/div>[vc_accordion active_tab=&#8221;1&#8243; title_size=&#8221;h3&#8243; style=&#8221;2&#8243;][vc_accordion_tab title=&#8221;Tedavi ne zaman yap\u0131labilir?&#8221; el_id=&#8221;1faqipl&#8221;][vc_column_text]Dayanl\u0131kl\u0131 bir k\u0131l ald\u0131rma sadece aktif k\u0131l b\u00fcy\u00fcme zaman\u0131nda m\u00fcmk\u00fcnd\u00fcr. O zaman\u0131nda \u00e7ok melamin var ve k\u0131llar k\u00f6kleriyle iyice VERBUNDEN. Hemen hemen k\u0131llar\u0131n 1\/3 her zaman o durumda, demek ki tedavi esnas\u0131nda k\u00f6klerin %20si \u0131\u015f\u0131k sayesinde tamamen \u00f6ld\u00fcr\u00fcld\u00fc.[\/vc_column_text][\/vc_accordion_tab][vc_accordion_tab title=&#8221;Ka\u00e7 kere tedaviye gelmem laz\u0131m?&#8221; el_id=&#8221;Hauttyp221e&#8221;][vc_column_text]K\u0131l tipiniz ve b\u00fcy\u00fcmesi do\u011fdu\u011funuz yere, ya\u015f\u0131n\u0131za, v\u00fccut k\u0131sm\u0131na, hormonlar\u0131n\u0131za ve i\u00e7ti\u011finiz ila\u00e7lara ba\u011fl\u0131. Onun i\u00e7in herkesin ka\u00e7 kez gelmesi laz\u0131m oldu\u011fu farkl\u0131d\u0131r.<br \/>\n[\/vc_column_text][\/vc_accordion_tab][vc_accordion_tab title=&#8221;Tek bir tedavi ne kadar s\u00fcrer?&#8221; el_id=&#8221;Hauttyp3wqdq&#8221;][vc_column_text]Bu v\u00fccut k\u0131sm\u0131na ba\u011fl\u0131d\u0131r. \u00dcst dudak i\u00e7in mesela bir ka\u00e7 dakika, alt bacak i\u00e7in yar\u0131m saat ve b\u00fct\u00fcn v\u00fccut i\u00e7in bir saatten biraz fazla s\u00fcrebilir. Tedavinin s\u00fcreci \u00e7ok kullan\u0131lan IPL sisteme ba\u011fl\u0131. Yeni ve g\u00fc\u00e7l\u00fc sistemler \u00e7ok daha h\u0131zl\u0131 \u00e7al\u0131\u015f\u0131r. Bu da fiyatlar konusuna gelince d\u00fc\u015f\u00fcn\u00fclmek hakeden bir konudur. Mesela b\u00fct\u00fcn v\u00fccudunuz tedavi olsun diyorsan\u0131z yeni ve h\u0131zl\u0131 bir sistem se\u00e7meniz daha mant\u0131kl\u0131, \u00e7\u00fcnk\u00fc b\u00f6yle tedavi daha k\u0131sa s\u00fcrer ve zaman parad\u0131r.<\/p>\n<p>Bu da bizim avantaj\u0131m\u0131zd\u0131r \u00e7\u00fcnk\u00fc bizim yepyeni IPL sistemlerimiz \u00e7ok h\u0131zl\u0131d\u0131r ve bunun sayesinde \u00e7ok ucuz fiyatlar teklif edebiliriz.[\/vc_column_text][\/vc_accordion_tab][vc_accordion_tab title=&#8221;Tedavinin ba\u015far\u0131 i\u00e7in sa\u00e7 rengi ne rol oynar?&#8221; el_id=&#8221;Hauttyp4afasf&#8221;][vc_column_text]Sa\u00e7 rengi i\u00e7in melanin sorumludur. Melanin sa\u00e7\u0131ndaki \u0131s\u0131 iletir ve m\u00fckemmel bir .Koyu sa\u00e7, iyi tedavi sonucu.<br \/>\nBeyaz, gri, k\u0131rm\u0131z\u0131 ve hafif sar\u0131\u015f\u0131n sa\u00e7lar\u0131 yan\u0131 Velushaaren (kabartmak) tedavisi nedeniyle pigment emme eksikli\u011fi hari\u00e7tir.[\/vc_column_text][\/vc_accordion_tab][vc_accordion_tab title=&#8221;Uygulamada ten renginin \u00f6nemi var m\u0131d\u0131r?&#8221; el_id=&#8221;Hauttyp5wdasf&#8221;][vc_column_text]T\u00fcylerde a\u00e7\u0131k renkler nas\u0131l bir dezavantaj olu\u015fturuyorsa ten renginde de bu tam tersidir. Ten rengi ne kadar a\u00e7\u0131k renk olursa uygulama o kadar ba\u015far\u0131l\u0131 olacakt\u0131r. Cilt \u0131\u015f\u0131k emerken yan\u0131klar veya depigmentasyon olmamas\u0131 i\u00e7in IPL cihazlar\u0131 her ten rengine ve cinsine uygun \u00f6zel filtreler ile donat\u0131lm\u0131\u015ft\u0131r. B\u00f6ylelikle her uygulamada gereken uygulama modu kullan\u0131l\u0131r. \u00c7ok koyu ve hatta siyah ten renklilerde (mesela Siyah-Afrika\u2019dan) de, uygulama son derece sak\u0131ncal\u0131 ve risklidir. Bu durumda IPL Teknolojisi ile bir uygulamadan ka\u00e7\u0131n\u0131lmal\u0131d\u0131r.[\/vc_column_text][\/vc_accordion_tab][vc_accordion_tab title=&#8221;Uygulama \u00f6ncesi ve sonras\u0131 neye dikkat edilmelidir ?&#8221; el_id=&#8221;Hauttyp6asfqwef&#8221;][vc_column_text]Uygulamadan 2 hafta \u00f6nce g\u00fcne\u015f alt\u0131nda olmaktan ve solaryum seanslar\u0131ndan ka\u00e7\u0131n\u0131n\u0131z. \u015eayet g\u00fcne\u015ften ka\u00e7am\u0131yorsan\u0131z muhakkak en az\u0131ndan 20 koruma fakt\u00f6r\u00fc olan bir g\u00fcne\u015f koruma kremi ya da bir Sunblocker\u2018i uygulaman\u0131n \u00f6ncesinde ve sonras\u0131nda kullan\u0131n\u0131z.<br \/>\nUygulamadan 2 hafta \u00f6nce k\u0131llar kopar\u0131lmamal\u0131, epilasyon veya a\u011fda yap\u0131lmamal\u0131 zira bu zaman zarf\u0131nda k\u0131l\u0131n k\u00f6k\u00fc zedelenmemeli ve hasar g\u00f6rmemelidir. Uygulama \u00f6ncesi cildiniz t\u0131ra\u015f edilir.<\/p>\n<p>\u00d6nemli : Uygulamadan g\u00fcnler \u00f6ncesinden ba\u015flamak \u00fczere bol SU i\u00e7ilmelidir. Suyun yerine her hangi bir s\u0131v\u0131 ayn\u0131 i\u015flevi g\u00f6rmez.[\/vc_column_text][\/vc_accordion_tab][vc_accordion_tab title=&#8221;Uygulama da ac\u0131 hissedilir mi?&#8221; el_id=&#8221;qefafe214324gdfsv&#8221;][vc_column_text]Uygulama olduk\u00e7a ac\u0131s\u0131z ger\u00e7ekle\u015fir. I\u015f\u0131k darbeleri \u015fah\u0131s taraf\u0131ndan genelde hafif i\u011fnelenme veya batma gibi hissedilir. Bu hissedilenin derecesi ten rengi, k\u0131l kal\u0131nl\u0131\u011f\u0131 ve v\u00fccut b\u00f6lgesine g\u00f6re de\u011fi\u015fkenlik g\u00f6sterir. IPL uygulamas\u0131n\u0131, \u015fah\u0131s\u0131n hassasiyeti ve v\u00fccut b\u00f6lgesine g\u00f6re ayarlanabilmektedir.[\/vc_column_text][\/vc_accordion_tab][vc_accordion_tab title=&#8221;Riskler ve yan etkiler mevcut mudur?&#8221; el_id=&#8221;32543tgdfh34ef&#8221;][vc_column_text]Ten tipine g\u00f6re ciltte hafif k\u0131zarma (k\u0131zar\u0131kl\u0131k) veya hafif bir kabarma (\u00f6dem) olu\u015fabilir. Bu normal reaksiyonlar uygulaman\u0131n etken oldu\u011funa dair g\u00f6stergelerdir ve genelde k\u0131sa zamanda ge\u00e7erler.[\/vc_column_text]<div class=\"standard-arrow list-divider\"><ul>\n<li>Alerjik ve toksik reaksiyon g\u00f6sterebilecek ila\u00e7lar\u0131n \u00f6nceden al\u0131nmas\u0131n\u0131n sak\u0131ncal\u0131 olup olmad\u0131\u011f\u0131n\u0131 doktorunuza dan\u0131\u015f\u0131n.<\/li>\n<li>D\u00f6vmelerin (Tattoo) \u00fczerileri \u00f6zenli bir \u015fekilde kapat\u0131lmal\u0131d\u0131r. Aksi taktirde uygulama s\u0131ras\u0131nda hasar alabilir ve bozulabilirler<\/li>\n<\/ul>\n<\/div>[\/vc_accordion_tab][vc_accordion_tab title=&#8221;K\u0131llar\u0131n kal\u0131c\u0131 olarak yok edilme garantisi var m\u0131d\u0131r?&#8221; el_id=&#8221;wfafqwf325324tgeg&#8221;][vc_column_text]\u0130nsan v\u00fccudunda milyonlarca k\u0131l k\u00f6kleri mevcuttur. Bunlar\u0131n \u00e7o\u011fu hayat boyu at\u0131ld\u0131r. Uygulama sonucunda uygulaman\u0131n yap\u0131ld\u0131\u011f\u0131 b\u00f6lgeler k\u0131ldan ar\u0131nd\u0131r\u0131lm\u0131\u015f olsa bile, hamilelik, ya\u015flanma, hormon salg\u0131lama ve menopoz gibi durumlarda baz\u0131 k\u0131llar\u0131n \u00e7\u0131kmas\u0131 tetiklenebilir. Bu y\u00fczden kimse hi\u00e7 bir metot ile hayat boyu k\u0131llardan ar\u0131nd\u0131r\u0131lm\u0131\u015f olaca\u011f\u0131n\u0131z\u0131 %100 garanti edemez. Ne var ki IPL uygulamas\u0131 gerekli oldu\u011fu kadar bir s\u00fcre\u00e7te uygulan\u0131rsa \u015fu an mevcut en emin, ac\u0131s\u0131z, h\u0131zl\u0131, etkin ve kal\u0131c\u0131 k\u0131l kaybettiren uygulama oldu\u011fu bir ger\u00e7ektir.[\/vc_column_text][\/vc_accordion_tab][vc_accordion_tab title=&#8221;Biz neden mevcut y\u00f6ntemler ve st\u00fcdyolardan daha hesapl\u0131y\u0131z?&#8221; el_id=&#8221;qwfqw3253464zh45z&#8221;][vc_column_text]Biz masraflar\u0131 d\u00fc\u015f\u00fck tuttu\u011fumuz i\u00e7in di\u011fer mevcut y\u00f6ntemler ve st\u00fcdyolardan daha hesapl\u0131y\u0131z. B\u00f6ylelikle hemen herkes etkin ve kal\u0131c\u0131 olarak k\u0131llardan kurtulma y\u00f6ntemine sahip olabilir.<br \/>\nTabii ki fiyat\u0131n d\u00fc\u015f\u00fck olmas\u0131 kaliteden taviz veriyoruz anlam\u0131na gelmemektedir. Tam aksine : Kullan\u0131c\u0131lar\u0131m\u0131z\u0131n bilgilendirilmesine ve cihaz\u0131n bak\u0131m ve servisine b\u00fcy\u00fck \u00f6zen g\u00f6stermekteyiz.<br \/>\nKalite pahal\u0131 olmamal\u0131 \u2013 IPL Hamburg!<\/p>\n<p>IPL T\u00fcy Ald\u0131rma<br \/>\nIPL ve SHR teknikleri aras\u0131ndaki fark<br \/>\nMetod<br \/>\nSorular ve cevaplar<br \/>\nFiyatlar<br \/>\nTedaviden \u00f6nce ve sonra<br \/>\nDeneyim Raporlar\u0131<br \/>\nK\u0131l ald\u0131rma \u2013 \u00d6zet<br \/>\nK\u0131l ald\u0131rma<br \/>\nIPL vs. SHR Tekni\u011fi<br \/>\nDan\u0131\u015fma ve g\u00fcvenlik<br \/>\nCilt tipi belirleme<br \/>\nIPL Tekni\u011fi<br \/>\nSHR Tekni\u011fi<br \/>\nDeneyim Raporlar\u0131[\/vc_column_text][\/vc_accordion_tab][\/vc_accordion]<div class=\"ult-spacer spacer-69f1a6eca398d\" data-id=\"69f1a6eca398d\" data-height=\"50\" data-height-mobile=\"50\" data-height-tab=\"50\" data-height-tab-portrait=\"\" data-height-mobile-landscape=\"\" style=\"clear:both;display:block;\"><\/div>[\/vc_column][vc_column width=&#8221;1\/4&#8243; offset=&#8221;vc_col-lg-offset-0 vc_col-lg-3 vc_col-md-offset-0 vc_col-md-3 vc_col-sm-offset-0 vc_hidden-sm vc_col-xs-12 vc_hidden-xs&#8221;][vc_widget_sidebar sidebar_id=&#8221;sidebar_7&#8243;][\/vc_column][\/vc_row][vc_row][vc_column offset=&#8221;vc_hidden-lg vc_hidden-md&#8221;][vc_widget_sidebar sidebar_id=&#8221;sidebar_7&#8243;]<div class=\"ult-spacer spacer-69f1a6eca39ab\" data-id=\"69f1a6eca39ab\" data-height=\"20\" data-height-mobile=\"20\" data-height-tab=\"20\" data-height-tab-portrait=\"\" data-height-mobile-landscape=\"\" style=\"clear:both;display:block;\"><\/div>[\/vc_column][\/vc_row][vc_row equal_height=&#8221;yes&#8221; bg_type=&#8221;bg_color&#8221; bg_override=&#8221;ex-full&#8221; bg_color_value=&#8221;#ffffff&#8221; el_class=&#8221;calltoaektschn&#8221;][vc_column css=&#8221;.vc_custom_1539097314964{padding-top: 0px !important;}&#8221;]<section class=\"shortcode-action-box box-style-table shortcode-action-bg block-style-widget pulse animate-element\"><div class=\"text-big\"><div class=\"gap\" style=\"line-height: 10px; height: 10px;\"><\/div>\n<h5>IPL yerine, \u015fimdi size en geli\u015fmi\u015f SHR lazer y\u00f6ntemini sunuyoruz!<\/h5>\n<\/div><div class=\"shortcode-action-container action-button\"><a href=\"\/tr\/kil-aldirma\/\" class=\"btn-shortcode dt-btn-m dt-btn default-btn-color default-btn-hover-color default-btn-bg-color default-btn-bg-hover-color fadeIn animate-element animation-builder\" id=\"dt-btn-1\"><span>SHR hakk\u0131nda daha fazla bilgi<\/span><\/a><\/div><\/section>[\/vc_column][\/vc_row]<\/p>\n<\/div>","protected":false},"excerpt":{"rendered":"<p>[vc_row el_class=&#8221;mitsidebar&#8221;][vc_column width=&#8221;3\/4&#8243; offset=&#8221;vc_col-lg-offset-0 vc_col-lg-9 vc_col-md-offset-0 vc_col-md-9 vc_col-sm-offset-0 vc_col-xs-12&#8243;][vc_accordion active_tab=&#8221;1&#8243; title_size=&#8221;h3&#8243; style=&#8221;2&#8243;][vc_accordion_tab title=&#8221;Tedavi ne zaman yap\u0131labilir?&#8221; el_id=&#8221;1faqipl&#8221;][vc_column_text]Dayanl\u0131kl\u0131 bir k\u0131l ald\u0131rma sadece aktif k\u0131l b\u00fcy\u00fcme zaman\u0131nda m\u00fcmk\u00fcnd\u00fcr. O zaman\u0131nda \u00e7ok melamin var ve k\u0131llar k\u00f6kleriyle iyice VERBUNDEN. Hemen hemen k\u0131llar\u0131n 1\/3 her zaman o durumda, demek ki tedavi esnas\u0131nda k\u00f6klerin %20si \u0131\u015f\u0131k sayesinde tamamen \u00f6ld\u00fcr\u00fcld\u00fc.[\/vc_column_text][\/vc_accordion_tab][vc_accordion_tab title=&#8221;Ka\u00e7&hellip;<\/p>\n","protected":false},"author":1,"featured_media":0,"parent":2698,"menu_order":600,"comment_status":"closed","ping_status":"closed","template":"","meta":{"footnotes":""},"class_list":["post-2442","page","type-page","status-publish","hentry","description-off"],"_links":{"self":[{"href":"https:\/\/www.ipl-hamburg.com\/tr\/wp-json\/wp\/v2\/pages\/2442","targetHints":{"allow":["GET"]}}],"collection":[{"href":"https:\/\/www.ipl-hamburg.com\/tr\/wp-json\/wp\/v2\/pages"}],"about":[{"href":"https:\/\/www.ipl-hamburg.com\/tr\/wp-json\/wp\/v2\/types\/page"}],"author":[{"embeddable":true,"href":"https:\/\/www.ipl-hamburg.com\/tr\/wp-json\/wp\/v2\/users\/1"}],"replies":[{"embeddable":true,"href":"https:\/\/www.ipl-hamburg.com\/tr\/wp-json\/wp\/v2\/comments?post=2442"}],"version-history":[{"count":0,"href":"https:\/\/www.ipl-hamburg.com\/tr\/wp-json\/wp\/v2\/pages\/2442\/revisions"}],"up":[{"embeddable":true,"href":"https:\/\/www.ipl-hamburg.com\/tr\/wp-json\/wp\/v2\/pages\/2698"}],"wp:attachment":[{"href":"https:\/\/www.ipl-hamburg.com\/tr\/wp-json\/wp\/v2\/media?parent=2442"}],"curies":[{"name":"wp","href":"https:\/\/api.w.org\/{rel}","templated":true}]}}