{"id":2552,"date":"2018-10-19T15:14:22","date_gmt":"2018-10-19T13:14:22","guid":{"rendered":"https:\/\/iplhamburg.netzlicht.com\/randevu\/"},"modified":"2024-11-20T13:55:55","modified_gmt":"2024-11-20T12:55:55","slug":"randevu","status":"publish","type":"page","link":"https:\/\/www.ipl-hamburg.com\/tr\/randevu\/","title":{"rendered":"Randevu"},"content":{"rendered":"<div class=\"wpb-content-wrapper\"><p>[vc_row][vc_column]<div class=\"ult-spacer spacer-69f1a6df53a73\" data-id=\"69f1a6df53a73\" data-height=\"30\" data-height-mobile=\"30\" data-height-tab=\"30\" data-height-tab-portrait=\"\" data-height-mobile-landscape=\"\" style=\"clear:both;display:block;\"><\/div><div id=\"ultimate-heading-943369f1a6df53ae4\" class=\"uvc-heading ult-adjust-bottom-margin ultimate-heading-943369f1a6df53ae4 uvc-1713 \" data-hspacer=\"no_spacer\"  data-halign=\"left\" style=\"text-align:left\"><div class=\"uvc-heading-spacer no_spacer\" style=\"top\"><\/div><div class=\"uvc-main-heading ult-responsive\"  data-ultimate-target='.uvc-heading.ultimate-heading-943369f1a6df53ae4 h2'  data-responsive-json-new='{\"font-size\":\"\",\"line-height\":\"\"}' ><h2 style=\"font-weight:normal;color:#589935;\">\u0130stedi\u011finiz tarihi<\/h2><\/div><div class=\"uvc-sub-heading ult-responsive\"  data-ultimate-target='.uvc-heading.ultimate-heading-943369f1a6df53ae4 .uvc-sub-heading '  data-responsive-json-new='{\"font-size\":\"desktop:20px;\",\"line-height\":\"desktop:30px;\"}'  style=\"font-weight:normal;\">Bizden telefon ya da e-posta ile kolay kolay al\u0131n\u0131z!<\/div><\/div>[\/vc_column][\/vc_row][vc_row css=&#8221;.vc_custom_1732105910204{margin-top: 30px !important;}&#8221;][vc_column][vc_raw_html css=&#8221;&#8221;]PHNjcmlwdCBzcmM9Imh0dHBzOi8vYnVjaHVuZy50cmVhdHdlbGwuZGUvY29tbW9uL3ZlbnVlLW1lbnUvamF2YXNjcmlwdC93aWRnZXQtYnV0dG9uLmpzP3YxIj48L3NjcmlwdD4NCjxzY3JpcHQ+DQooZnVuY3Rpb24oKSB7DQp2YXIgbGluayA9IGRvY3VtZW50LmNyZWF0ZUVsZW1lbnQoImxpbmsiKTsNCmxpbmsudHlwZSA9ICJ0ZXh0L2NzcyI7DQpsaW5rLmhyZWYgPSAiaHR0cHM6Ly9idWNodW5nLnRyZWF0d2VsbC5kZS9jb21tb24vdmVudWUtbWVudS9jc3Mvd2lkZ2V0LWJ1dHRvbi5jc3MiO2xpbmsucmVsID0gInN0eWxlc2hlZXQiOw0KbGluay5tZWRpYSA9ICJzY3JlZW4iOw0KZG9jdW1lbnQuZ2V0RWxlbWVudHNCeVRhZ05hbWUoImhlYWQiKVswXS5hcHBlbmRDaGlsZChsaW5rKTsNCn0oKSk7DQo8L3NjcmlwdD4NCjxhIGhyZWY9J2h0dHBzOi8vd3d3LnRyZWF0d2VsbC5kZS8nIGlkPSJ3YWhhbmRhLW9ubGluZS1ib29raW5nLXdpZGdldCIgb25jbGljaz0nd2FoYW5kYS5vcGVuT25saW5lQm9va2luZ1dpZGdldCgiaHR0cHM6Ly9idWNodW5nLnRyZWF0d2VsbC5kZS9vcnQvNDUxMzg4L21lbnVlLyIpOyByZXR1cm4gZmFsc2U7JyB0YXJnZXQ9Il9ibGFuayI+DQo8c3Bhbj5CaXIgZWtpIGlwdGFsIGV0PC9zcGFuPg0KPC9hPg==[\/vc_raw_html][\/vc_column][\/vc_row][vc_row content_placement=&#8221;top&#8221; type=&#8221;vc_default&#8221; css=&#8221;.vc_custom_1490531852057{padding-top: 70px !important;padding-bottom: 35px !important;}&#8221;][vc_column width=&#8221;1\/2&#8243; offset=&#8221;vc_col-lg-4 vc_col-md-4&#8243;]<div class=\"aio-icon-component   accent-icon-bg style_1\"><div id=\"Info-box-wrap-7193\" class=\"aio-icon-box left-icon\" style=\"\"  ><div class=\"aio-icon-left\"><div class=\"ult-just-icon-wrapper  \"><div class=\"align-icon\" style=\"text-align:center;\">\n<div class=\"aio-icon circle \"  style=\"color:#ffffff;background:#ffffff;font-size:16px;display:inline-block;\">\n\t<i class=\"icomoon-icomoonfree-16x16-home3\"><\/i>\n<\/div><\/div><\/div><\/div><div class=\"aio-ibd-block\"><div class=\"aio-icon-header\" ><h3 class=\"aio-icon-title ult-responsive\"  data-ultimate-target='#Info-box-wrap-7193 .aio-icon-title'  data-responsive-json-new='{\"font-size\":\"desktop:20px;\",\"line-height\":\"desktop:30px;\"}'  style=\"\">Adresi<\/h3><\/div> <!-- header --><div class=\"aio-icon-description ult-responsive\"  data-ultimate-target='#Info-box-wrap-7193 .aio-icon-description'  data-responsive-json-new='{\"font-size\":\"\",\"line-height\":\"\"}'  style=\"\">Hallerstr. 5a, 20146 Hamburg<\/div> <!-- description --><\/div> <!-- aio-ibd-block --><\/div> <!-- aio-icon-box --><\/div> <!-- aio-icon-component --><div class=\"aio-icon-component   accent-icon-bg style_1\"><div id=\"Info-box-wrap-6167\" class=\"aio-icon-box left-icon\" style=\"\"  ><div class=\"aio-icon-left\"><div class=\"ult-just-icon-wrapper  \"><div class=\"align-icon\" style=\"text-align:center;\">\n<div class=\"aio-icon circle \"  style=\"color:#ffffff;background:#ffffff;font-size:16px;display:inline-block;\">\n\t<i class=\"icomoon-icomoonfree-16x16-location\"><\/i>\n<\/div><\/div><\/div><\/div><div class=\"aio-ibd-block\"><div class=\"aio-icon-header\" ><h3 class=\"aio-icon-title ult-responsive\"  data-ultimate-target='#Info-box-wrap-6167 .aio-icon-title'  data-responsive-json-new='{\"font-size\":\"desktop:20px;\",\"line-height\":\"desktop:30px;\"}'  style=\"\">Yol Tarifi \/ Otopark<\/h3><\/div> <!-- header --><div class=\"aio-icon-description ult-responsive\"  data-ultimate-target='#Info-box-wrap-6167 .aio-icon-description'  data-responsive-json-new='{\"font-size\":\"\",\"line-height\":\"\"}'  style=\"\"><strong>Otob\u00fcs:<\/strong> 5,4,15 &#8211; durak Bezirksamt Eimsb\u00fcttel<br \/>\n<strong>Metro:<\/strong> U1 &#8211; durak Hallerstra\u00dfe \/ U3 &#8211; Haltestelle Hoheluftbr\u00fccke<br \/>\n<strong>St\u00fcdyonun \u00f6n\u00fcnde park yeri.<\/strong><\/div> <!-- description --><\/div> <!-- aio-ibd-block --><\/div> <!-- aio-icon-box --><\/div> <!-- aio-icon-component -->[\/vc_column][vc_column width=&#8221;1\/2&#8243; offset=&#8221;vc_col-lg-4 vc_col-md-4&#8243;]<div class=\"aio-icon-component   accent-icon-bg style_1\"><div id=\"Info-box-wrap-2605\" class=\"aio-icon-box left-icon\" style=\"\"  ><div class=\"aio-icon-left\"><div class=\"ult-just-icon-wrapper  \"><div class=\"align-icon\" style=\"text-align:center;\">\n<div class=\"aio-icon circle \"  style=\"color:#ffffff;background:#ffffff;font-size:16px;display:inline-block;\">\n\t<i class=\"icomoon-icomoonfree-16x16-phone\"><\/i>\n<\/div><\/div><\/div><\/div><div class=\"aio-ibd-block\"><div class=\"aio-icon-header\" ><h3 class=\"aio-icon-title ult-responsive\"  data-ultimate-target='#Info-box-wrap-2605 .aio-icon-title'  data-responsive-json-new='{\"font-size\":\"desktop:20px;\",\"line-height\":\"desktop:30px;\"}'  style=\"\">Telefon<\/h3><\/div> <!-- header --><div class=\"aio-icon-description ult-responsive\"  data-ultimate-target='#Info-box-wrap-2605 .aio-icon-description'  data-responsive-json-new='{\"font-size\":\"\",\"line-height\":\"\"}'  style=\"\">040 &#8211; 670 872 5<\/div> <!-- description --><\/div> <!-- aio-ibd-block --><\/div> <!-- aio-icon-box --><\/div> <!-- aio-icon-component --><div class=\"aio-icon-component   accent-icon-bg style_1\"><div id=\"Info-box-wrap-2442\" class=\"aio-icon-box left-icon\" style=\"\"  ><div class=\"aio-icon-left\"><div class=\"ult-just-icon-wrapper  \"><div class=\"align-icon\" style=\"text-align:center;\">\n<div class=\"aio-icon circle \"  style=\"color:#ffffff;background:#ffffff;font-size:16px;display:inline-block;\">\n\t<i class=\"icomoon-icomoonfree-16x16-envelop\"><\/i>\n<\/div><\/div><\/div><\/div><div class=\"aio-ibd-block\"><div class=\"aio-icon-header\" ><h3 class=\"aio-icon-title ult-responsive\"  data-ultimate-target='#Info-box-wrap-2442 .aio-icon-title'  data-responsive-json-new='{\"font-size\":\"desktop:20px;\",\"line-height\":\"desktop:30px;\"}'  style=\"\">E-Posta<\/h3><\/div> <!-- header --><div class=\"aio-icon-description ult-responsive\"  data-ultimate-target='#Info-box-wrap-2442 .aio-icon-description'  data-responsive-json-new='{\"font-size\":\"\",\"line-height\":\"\"}'  style=\"\"><a href=\"mailto:info@ipl-hamburg.com\">info@ipl-hamburg.com<\/a><\/div> <!-- description --><\/div> <!-- aio-ibd-block --><\/div> <!-- aio-icon-box --><\/div> <!-- aio-icon-component -->[\/vc_column][vc_column width=&#8221;1\/2&#8243; offset=&#8221;vc_col-lg-4 vc_col-md-4&#8243;]<div class=\"aio-icon-component   accent-icon-bg style_1\"><div id=\"Info-box-wrap-8487\" class=\"aio-icon-box left-icon\" style=\"\"  ><div class=\"aio-icon-left\"><div class=\"ult-just-icon-wrapper  \"><div class=\"align-icon\" style=\"text-align:center;\">\n<div class=\"aio-icon circle \"  style=\"color:#ffffff;background:#ffffff;font-size:16px;display:inline-block;\">\n\t<i class=\"icomoon-icomoonfree-16x16-clock\"><\/i>\n<\/div><\/div><\/div><\/div><div class=\"aio-ibd-block\"><div class=\"aio-icon-header\" ><h3 class=\"aio-icon-title ult-responsive\"  data-ultimate-target='#Info-box-wrap-8487 .aio-icon-title'  data-responsive-json-new='{\"font-size\":\"desktop:20px;\",\"line-height\":\"desktop:30px;\"}'  style=\"\">\u00c7al\u0131\u015fma saatleri<\/h3><\/div> <!-- header --><div class=\"aio-icon-description ult-responsive\"  data-ultimate-target='#Info-box-wrap-8487 .aio-icon-description'  data-responsive-json-new='{\"font-size\":\"\",\"line-height\":\"\"}'  style=\"\">Pazartesi: 08:00 \u2013 13:00 &amp; 15:00 \u2013 20:00<br \/>\nSal\u0131: 09:00 \u2013 13:00 &amp; 15:00 \u2013 20:00<br \/>\n\u00c7ar\u015famba: 08:00 \u2013 20:00<br \/>\nPer\u015fembe: 08:00 \u2013 13:00 &amp; 15:00 \u2013 20:00<br \/>\nCuma: 09:00 \u2013 14:00<br \/>\nCumartesi, pazar: kapal\u0131<\/div> <!-- description --><\/div> <!-- aio-ibd-block --><\/div> <!-- aio-icon-box --><\/div> <!-- aio-icon-component -->[\/vc_column][\/vc_row][vc_row equal_height=&#8221;yes&#8221; type=&#8221;vc_default&#8221; css=&#8221;.vc_custom_1475922261241{padding-bottom: 30px !important;}&#8221;][vc_column css=&#8221;.vc_custom_1518527498223{margin-right: 25px !important;margin-bottom: 50px !important;margin-left: 25px !important;padding-top: 35px !important;padding-right: 40px !important;padding-bottom: 40px !important;padding-left: 40px !important;background-color: #ffffff !important;}&#8221; offset=&#8221;vc_col-lg-offset-0 vc_col-lg-6 vc_col-md-offset-0 vc_col-md-6 vc_col-sm-offset-0&#8243;]<div id=\"ultimate-heading-395269f1a6df53e94\" class=\"uvc-heading ult-adjust-bottom-margin ultimate-heading-395269f1a6df53e94 uvc-5565 accent-border-color\" data-hspacer=\"no_spacer\"  data-halign=\"left\" style=\"text-align:left\"><div class=\"uvc-heading-spacer no_spacer\" style=\"top\"><\/div><div class=\"uvc-main-heading ult-responsive\"  data-ultimate-target='.uvc-heading.ultimate-heading-395269f1a6df53e94 h2'  data-responsive-json-new='{\"font-size\":\"\",\"line-height\":\"\"}' ><h2 style=\"font-weight:normal;margin-bottom:35px;\">Sizi g\u00f6rmeyi d\u00f6rt g\u00f6zle bekliyoruz<\/h2><\/div><\/div>[vc_column_text]Seve seve \u00f6nko\u015fulsuz bir dan\u0131\u015fma yapar\u0131z.<br \/>\nBizimle irtibata ge\u00e7iniz ve sizi hemen arar\u0131z![\/vc_column_text][vc_single_image image=&#8221;1859&#8243; img_size=&#8221;full&#8221; css=&#8221;.vc_custom_1539084041246{margin-bottom: 0px !important;}&#8221;][\/vc_column][vc_column css=&#8221;.vc_custom_1518527504683{margin-right: 25px !important;margin-bottom: 50px !important;margin-left: 25px !important;padding-top: 35px !important;padding-right: 40px !important;padding-bottom: 40px !important;padding-left: 40px !important;background-color: #ffffff !important;}&#8221; offset=&#8221;vc_col-lg-6 vc_col-md-6&#8243;]<div id=\"ultimate-heading-582669f1a6df53ee0\" class=\"uvc-heading ult-adjust-bottom-margin ultimate-heading-582669f1a6df53ee0 uvc-6367 accent-border-color\" data-hspacer=\"no_spacer\"  data-halign=\"left\" style=\"text-align:left\"><div class=\"uvc-heading-spacer no_spacer\" style=\"top\"><\/div><div class=\"uvc-main-heading ult-responsive\"  data-ultimate-target='.uvc-heading.ultimate-heading-582669f1a6df53ee0 h2'  data-responsive-json-new='{\"font-size\":\"\",\"line-height\":\"\"}' ><h2 style=\"font-weight:normal;margin-bottom:35px;\">Bize yaz\u0131n<\/h2><\/div><\/div>\n<div class=\"wpcf7 no-js\" id=\"wpcf7-f1748-o1\" lang=\"de-DE\" dir=\"ltr\" data-wpcf7-id=\"1748\">\n<div class=\"screen-reader-response\"><p role=\"status\" aria-live=\"polite\" aria-atomic=\"true\"><\/p> <ul><\/ul><\/div>\n<form action=\"\/tr\/wp-json\/wp\/v2\/pages\/2552#wpcf7-f1748-o1\" method=\"post\" class=\"wpcf7-form init\" aria-label=\"Kontaktformular\" novalidate=\"novalidate\" data-status=\"init\">\n<fieldset class=\"hidden-fields-container\"><input type=\"hidden\" name=\"_wpcf7\" value=\"1748\" \/><input type=\"hidden\" name=\"_wpcf7_version\" value=\"6.1.5\" \/><input type=\"hidden\" name=\"_wpcf7_locale\" value=\"de_DE\" \/><input type=\"hidden\" name=\"_wpcf7_unit_tag\" value=\"wpcf7-f1748-o1\" \/><input type=\"hidden\" name=\"_wpcf7_container_post\" value=\"0\" \/><input type=\"hidden\" name=\"_wpcf7_posted_data_hash\" value=\"\" \/>\n<\/fieldset>\n<p><label><span class=\"wpcf7-form-control-wrap\" data-name=\"your-name\"><input size=\"40\" maxlength=\"400\" class=\"wpcf7-form-control wpcf7-text wpcf7-validates-as-required\" aria-required=\"true\" aria-invalid=\"false\" placeholder=\"Ihr Name (Pflichtfeld)\" value=\"\" type=\"text\" name=\"your-name\" \/><\/span> <\/label>\n<\/p>\n<p><label><span class=\"wpcf7-form-control-wrap\" data-name=\"your-email\"><input size=\"40\" maxlength=\"400\" class=\"wpcf7-form-control wpcf7-email wpcf7-validates-as-required wpcf7-text wpcf7-validates-as-email\" aria-required=\"true\" aria-invalid=\"false\" placeholder=\"Ihre E-Mail-Adresse (Pflichtfeld)\" value=\"\" type=\"email\" name=\"your-email\" \/><\/span> <\/label>\n<\/p>\n<p><label><span class=\"wpcf7-form-control-wrap\" data-name=\"your-telefon\"><input size=\"40\" maxlength=\"400\" class=\"wpcf7-form-control wpcf7-text\" aria-invalid=\"false\" placeholder=\"Ihre Telefonnummer\" value=\"\" type=\"text\" name=\"your-telefon\" \/><\/span> <\/label>\n<\/p>\n<p><label><span class=\"wpcf7-form-control-wrap\" data-name=\"your-message\"><textarea cols=\"40\" rows=\"10\" maxlength=\"2000\" class=\"wpcf7-form-control wpcf7-textarea\" aria-invalid=\"false\" placeholder=\"Nachricht\" name=\"your-message\"><\/textarea><\/span> <\/label>\n<\/p>\n<p style=\"color: #999999; font-size: 11px;\">Ja, ich habe die Datenschutzerkl\u00e4rung (<a href=\"\/datenschutz\/\" target=\"_blank\">Datenschutzerkl\u00e4rung aufrufen<\/a>) zur Kenntnis genommen und bin damit einverstanden, dass die von mir angegebenen Daten elektronisch erhoben und gespeichert werden. Meine Daten werden dabei nur streng zweckgebunden zur Bearbeitung und Beantwortung meiner Anfrage benutzt. Mit dem Absenden des Kontaktformulars erkl\u00e4re ich mich mit der Verarbeitung einverstanden.\n<\/p>\n<div class=\"cf7-cf-turnstile\" style=\"margin-top: 0px; margin-bottom: -15px;\"> <div id=\"cf-turnstile-cf7-743816881\" class=\"cf-turnstile\" data-sitekey=\"0x4AAAAAAAQWRE3mjZofIqpA\" data-theme=\"light\" data-language=\"auto\" data-size=\"normal\" data-retry=\"auto\" data-retry-interval=\"1000\" data-refresh-expired=\"auto\" data-refresh-timeout=\"auto\" data-action=\"contact-form-7\" data-callback=\"turnstileCF7Callback\" data-error-callback=\"cfturnstileErrorCallback\" data-appearance=\"always\"><\/div> <div class=\"cf-turnstile-failed-text cf-turnstile-failed-text-cf7-743816881\"><\/div> <script> function cfturnstileErrorCallback() { var cfTurnstileFailedText = document.querySelector('.cf-turnstile-failed-text-cf7-743816881'); cfTurnstileFailedText.innerHTML = '<p><i>Falls Sie Hilfe brauchen, rufen Sie uns an.<\/i><\/p>'; } function cfturnstileCallback() { var cfTurnstileFailedText = document.querySelector('.cf-turnstile-failed-text-cf7-743816881'); cfTurnstileFailedText.innerHTML = ''; } <\/script> <script>document.addEventListener(\"DOMContentLoaded\", function() { setTimeout(function(){ var e=document.getElementById(\"cf-turnstile-cf7-743816881\"); if(e&&!e.innerHTML.trim()){turnstile.render(e, {sitekey:\"0x4AAAAAAAQWRE3mjZofIqpA\"});} }, 200); });<\/script> <br class=\"cf-turnstile-br cf-turnstile-br-cf7-743816881\"> <style>#cf-turnstile-cf7-743816881 { margin-left: -15px; }<\/style> <script>document.addEventListener(\"DOMContentLoaded\",function(){document.querySelectorAll('.wpcf7-form').forEach(function(e){e.addEventListener('submit',function(){if(document.getElementById('cf-turnstile-cf7-743816881')){setTimeout(function(){turnstile.reset('#cf-turnstile-cf7-743816881');},1000)}})})});<\/script> <\/div><br\/><input class=\"wpcf7-form-control wpcf7-submit has-spinner\" type=\"submit\" value=\"Senden\" \/>\n<\/p><div class=\"wpcf7-response-output\" aria-hidden=\"true\"><\/div>\n<\/form>\n<\/div>\n[\/vc_column][\/vc_row]<\/p>\n<\/div>","protected":false},"excerpt":{"rendered":"<p>[vc_row][vc_column][\/vc_column][\/vc_row][vc_row css=&#8221;.vc_custom_1732105910204{margin-top: 30px !important;}&#8221;][vc_column][vc_raw_html css=&#8221;&#8221;]PHNjcmlwdCBzcmM9Imh0dHBzOi8vYnVjaHVuZy50cmVhdHdlbGwuZGUvY29tbW9uL3ZlbnVlLW1lbnUvamF2YXNjcmlwdC93aWRnZXQtYnV0dG9uLmpzP3YxIj48L3NjcmlwdD4NCjxzY3JpcHQ+DQooZnVuY3Rpb24oKSB7DQp2YXIgbGluayA9IGRvY3VtZW50LmNyZWF0ZUVsZW1lbnQoImxpbmsiKTsNCmxpbmsudHlwZSA9ICJ0ZXh0L2NzcyI7DQpsaW5rLmhyZWYgPSAiaHR0cHM6Ly9idWNodW5nLnRyZWF0d2VsbC5kZS9jb21tb24vdmVudWUtbWVudS9jc3Mvd2lkZ2V0LWJ1dHRvbi5jc3MiO2xpbmsucmVsID0gInN0eWxlc2hlZXQiOw0KbGluay5tZWRpYSA9ICJzY3JlZW4iOw0KZG9jdW1lbnQuZ2V0RWxlbWVudHNCeVRhZ05hbWUoImhlYWQiKVswXS5hcHBlbmRDaGlsZChsaW5rKTsNCn0oKSk7DQo8L3NjcmlwdD4NCjxhIGhyZWY9J2h0dHBzOi8vd3d3LnRyZWF0d2VsbC5kZS8nIGlkPSJ3YWhhbmRhLW9ubGluZS1ib29raW5nLXdpZGdldCIgb25jbGljaz0nd2FoYW5kYS5vcGVuT25saW5lQm9va2luZ1dpZGdldCgiaHR0cHM6Ly9idWNodW5nLnRyZWF0d2VsbC5kZS9vcnQvNDUxMzg4L21lbnVlLyIpOyByZXR1cm4gZmFsc2U7JyB0YXJnZXQ9Il9ibGFuayI+DQo8c3Bhbj5CaXIgZWtpIGlwdGFsIGV0PC9zcGFuPg0KPC9hPg==[\/vc_raw_html][\/vc_column][\/vc_row][vc_row content_placement=&#8221;top&#8221; type=&#8221;vc_default&#8221; css=&#8221;.vc_custom_1490531852057{padding-top: 70px !important;padding-bottom: 35px !important;}&#8221;][vc_column width=&#8221;1\/2&#8243; offset=&#8221;vc_col-lg-4 vc_col-md-4&#8243;][\/vc_column][vc_column width=&#8221;1\/2&#8243; offset=&#8221;vc_col-lg-4 vc_col-md-4&#8243;][\/vc_column][vc_column width=&#8221;1\/2&#8243; offset=&#8221;vc_col-lg-4 vc_col-md-4&#8243;][\/vc_column][\/vc_row][vc_row equal_height=&#8221;yes&#8221; type=&#8221;vc_default&#8221; css=&#8221;.vc_custom_1475922261241{padding-bottom: 30px !important;}&#8221;][vc_column css=&#8221;.vc_custom_1518527498223{margin-right: 25px !important;margin-bottom: 50px !important;margin-left: 25px !important;padding-top: 35px !important;padding-right: 40px !important;padding-bottom: 40px !important;padding-left: 40px !important;background-color: #ffffff !important;}&#8221; offset=&#8221;vc_col-lg-offset-0 vc_col-lg-6 vc_col-md-offset-0 vc_col-md-6 vc_col-sm-offset-0&#8243;][vc_column_text]Seve seve \u00f6nko\u015fulsuz bir dan\u0131\u015fma yapar\u0131z. Bizimle irtibata&hellip;<\/p>\n","protected":false},"author":1,"featured_media":0,"parent":0,"menu_order":600,"comment_status":"closed","ping_status":"closed","template":"","meta":{"footnotes":""},"class_list":["post-2552","page","type-page","status-publish","hentry","description-off"],"_links":{"self":[{"href":"https:\/\/www.ipl-hamburg.com\/tr\/wp-json\/wp\/v2\/pages\/2552","targetHints":{"allow":["GET"]}}],"collection":[{"href":"https:\/\/www.ipl-hamburg.com\/tr\/wp-json\/wp\/v2\/pages"}],"about":[{"href":"https:\/\/www.ipl-hamburg.com\/tr\/wp-json\/wp\/v2\/types\/page"}],"author":[{"embeddable":true,"href":"https:\/\/www.ipl-hamburg.com\/tr\/wp-json\/wp\/v2\/users\/1"}],"replies":[{"embeddable":true,"href":"https:\/\/www.ipl-hamburg.com\/tr\/wp-json\/wp\/v2\/comments?post=2552"}],"version-history":[{"count":4,"href":"https:\/\/www.ipl-hamburg.com\/tr\/wp-json\/wp\/v2\/pages\/2552\/revisions"}],"predecessor-version":[{"id":7738,"href":"https:\/\/www.ipl-hamburg.com\/tr\/wp-json\/wp\/v2\/pages\/2552\/revisions\/7738"}],"wp:attachment":[{"href":"https:\/\/www.ipl-hamburg.com\/tr\/wp-json\/wp\/v2\/media?parent=2552"}],"curies":[{"name":"wp","href":"https:\/\/api.w.org\/{rel}","templated":true}]}}