{"id":2706,"date":"2018-10-23T12:49:45","date_gmt":"2018-10-23T10:49:45","guid":{"rendered":"https:\/\/iplhamburg.netzlicht.com\/kil-aldirma\/ipl-ve-shr-teknikleri-arasindaki-fark\/"},"modified":"2018-12-14T15:51:16","modified_gmt":"2018-12-14T14:51:16","slug":"ipl-ve-shr-teknikleri-arasindaki-fark","status":"publish","type":"page","link":"https:\/\/www.ipl-hamburg.com\/tr\/kil-aldirma\/ipl-ve-shr-teknikleri-arasindaki-fark\/","title":{"rendered":"IPL ve SHR teknikleri aras\u0131ndaki fark"},"content":{"rendered":"<div class=\"wpb-content-wrapper\"><p>[vc_row el_class=&#8221;mitsidebar&#8221;][vc_column width=&#8221;3\/4&#8243; offset=&#8221;vc_col-lg-offset-0 vc_col-lg-9 vc_col-md-offset-0 vc_col-md-9 vc_col-sm-offset-0 vc_col-xs-12&#8243;]<div class=\"ult-spacer spacer-6a0a1f859b998\" data-id=\"6a0a1f859b998\" data-height=\"30\" data-height-mobile=\"30\" data-height-tab=\"30\" data-height-tab-portrait=\"\" data-height-mobile-landscape=\"\" style=\"clear:both;display:block;\"><\/div><div id=\"ultimate-heading-42306a0a1f859b9f8\" class=\"uvc-heading ult-adjust-bottom-margin ultimate-heading-42306a0a1f859b9f8 uvc-1363 \" data-hspacer=\"no_spacer\"  data-halign=\"left\" style=\"text-align:left\"><div class=\"uvc-heading-spacer no_spacer\" style=\"top\"><\/div><div class=\"uvc-main-heading ult-responsive\"  data-ultimate-target='.uvc-heading.ultimate-heading-42306a0a1f859b9f8 h2'  data-responsive-json-new='{\"font-size\":\"\",\"line-height\":\"\"}' ><h2 style=\"font-weight:normal;color:#589935;\">SHR tekni\u011finin avantajlar\u0131:<\/h2><\/div><\/div><div class=\"ult-spacer spacer-6a0a1f859ba57\" data-id=\"6a0a1f859ba57\" data-height=\"10\" data-height-mobile=\"10\" data-height-tab=\"10\" data-height-tab-portrait=\"\" data-height-mobile-landscape=\"\" style=\"clear:both;display:block;\"><\/div>[vc_row_inner][vc_column_inner width=&#8221;2\/3&#8243;][vc_column_text]SHR tekni\u011fi kal\u0131c\u0131 t\u00fcy ald\u0131rma i\u00e7in, t\u00fcy pigment maddesi \u00fczerinden ge\u00e7ilen yolu sadece y\u00fczde 50 oran\u0131nda kullan\u0131yor. Geriye kalan y\u00fczde 50\u2019yi, SHR tekni\u011finin uygulanmas\u0131 esnas\u0131nda, deri yolu ile t\u00fcy \u00fcretimi i\u00e7in sorumlu olan k\u00f6k h\u00fccrelerine absorbe edilir.<\/p>\n<p>SHR tekni\u011finde y\u00fcksek enerjili tekil darbelere ihtiya\u00e7 duyulmamaktad\u0131r. Cildin \u00fczerinden 6-10 kat daha d\u00fc\u015f\u00fck bir enerji ile, ancak fazlaca tekarl\u0131 bir \u015fekilde ge\u00e7ilir. Yani bu uygulama, el aletinin kayd\u0131rma hareketleri ile uygulama y\u00fczeyi \u00fczerinde gezdirildi\u011finden, \u201cin Motion\u201d olarak adland\u0131r\u0131l\u0131yor. (Bunun aksine IPL tekni\u011fi \u201cdamgalama tekni\u011fi\u201d olarak adland\u0131r\u0131l\u0131r.)<\/p>\n<p>SHR tekni\u011finde, cilt melanin ve k\u00f6k h\u00fccreleri vas\u0131tas\u0131 ile d\u00fc\u015f\u00fck enerjiyle (48 derece) ancak y\u00fcksek bir tekrarlama oran\u0131 ile nazik\u00e7e \u0131s\u0131t\u0131l\u0131r. B\u00f6ylelikle daha a\u00e7\u0131k renkli ve daha ince t\u00fcyler \u00fczerinde de uzun vadeli olarak daha iyi uygulama yap\u0131labilir ve yok edilebilir. IPL tekni\u011finde 70 dereceyi kadar \u0131s\u0131tma i\u015flemi ger\u00e7ekle\u015ftirilir.[\/vc_column_text][\/vc_column_inner][vc_column_inner width=&#8221;1\/3&#8243;][vc_single_image image=&#8221;2118&#8243; img_size=&#8221;full&#8221; onclick=&#8221;link_image&#8221;][\/vc_column_inner][\/vc_row_inner]<a href=\"\/tr\/kil-aldirma\/calisma-sekli-shr-ile-kalici-tuey-aldirma\/\" class=\"btn-shortcode dt-btn-l dt-btn default-btn-color default-btn-hover-color default-btn-bg-color default-btn-bg-hover-color\" id=\"dt-btn-1\"><span>SHR \u2013 t\u00fcy ald\u0131rmaya ili\u015fkin daha detayl\u0131 bilgi i\u00e7in\u2026<\/span><\/a><div class=\"ult-spacer spacer-6a0a1f859bad5\" data-id=\"6a0a1f859bad5\" data-height=\"40\" data-height-mobile=\"40\" data-height-tab=\"40\" data-height-tab-portrait=\"\" data-height-mobile-landscape=\"\" style=\"clear:both;display:block;\"><\/div>[\/vc_column][vc_column width=&#8221;1\/4&#8243; offset=&#8221;vc_col-lg-offset-0 vc_col-lg-3 vc_col-md-offset-0 vc_col-md-3 vc_col-sm-offset-0 vc_hidden-sm vc_col-xs-12 vc_hidden-xs&#8221;][vc_widget_sidebar sidebar_id=&#8221;sidebar_6&#8243;][\/vc_column][\/vc_row][vc_row equal_height=&#8221;yes&#8221; type=&#8221;vc_default&#8221;][vc_column css=&#8221;.vc_custom_1539095004865{margin-right: 25px !important;margin-bottom: 50px !important;margin-left: 25px !important;padding-top: 35px !important;padding-right: 40px !important;padding-bottom: 40px !important;padding-left: 40px !important;background-color: #ffffff !important;}&#8221; offset=&#8221;vc_col-lg-offset-0 vc_col-md-offset-0 vc_col-sm-offset-0&#8243;][vc_column_text css=&#8221;.vc_custom_1539692228776{margin-bottom: 0px !important;}&#8221;]<strong>SHR teknolojisi ile yap\u0131lan uygulama \u00e7ok h\u0131zl\u0131 olur, \u00e7ok etkilidir ve neredeyse a\u011fr\u0131s\u0131zd\u0131r.<\/strong><\/p>\n<p>Genel olarak ge\u00e7erli olan: V\u00fccudun her b\u00f6lgesi, t\u00fcylenme yo\u011funlu\u011funa ve bireyin hassasiyetine ba\u011fl\u0131 olarak, a\u011fr\u0131lara farkl\u0131 bir bi\u00e7imde duyarl\u0131l\u0131k g\u00f6sterir.<\/p>\n<h4>Ka\u00e7 adet uygulama gereklidir?<\/h4>\n<p>E\u011fer t\u00fcy uygulama esnas\u0131nda anagen b\u00fcy\u00fcme evresinde ise, yani aktif olan b\u00fcy\u00fcme evresinde ise, IPL tekni\u011finde oldu\u011fu gibi sadece yok edilebilir. Ancak t\u00fcylerin kal\u0131c\u0131 olarak yok olabilmesini sa\u011flamak i\u00e7in, yakla\u015f\u0131k 4-8 uygulamaya ihtiya\u00e7 duyulmaktad\u0131r.[\/vc_column_text][\/vc_column][\/vc_row][vc_row bg_type=&#8221;bg_color&#8221; bg_override=&#8221;ex-full&#8221; bg_color_value=&#8221;#589935&#8243;][vc_column][vc_column_text]<\/p>\n<h4 style=\"text-align: center; color: #ffffff;\">SHR Tekni\u011finin \u00f6zelli\u011fi: Bronzla\u015ft\u0131r\u0131lm\u0131\u015f cilt \u00fczerinde de uygulama yap\u0131labilir.<br \/>\nI\u2019den V\u2019e kadar t\u00fcm cilt tipleri.<\/h4>\n<p>[\/vc_column_text][\/vc_column][\/vc_row][vc_row equal_height=&#8221;yes&#8221; type=&#8221;vc_default&#8221; css=&#8221;.vc_custom_1539098372110{padding-top: 50px !important;padding-bottom: 30px !important;}&#8221;][vc_column css=&#8221;.vc_custom_1539095004865{margin-right: 25px !important;margin-bottom: 50px !important;margin-left: 25px !important;padding-top: 35px !important;padding-right: 40px !important;padding-bottom: 40px !important;padding-left: 40px !important;background-color: #ffffff !important;}&#8221; offset=&#8221;vc_col-lg-offset-0 vc_col-md-offset-0 vc_col-sm-offset-0&#8243;][vc_column_text]<\/p>\n<h3>IPL t\u00fcy ald\u0131rma tekni\u011fi:<\/h3>\n<p>IPL \u2013 tekni\u011fi sayesinde verilen \u0131\u015f\u0131k ile t\u00fcy pigment maddesi, melanin absorbe edilir ve \u0131s\u0131ya d\u00f6n\u00fc\u015ft\u00fcr\u00fcl\u00fcr. Bu i\u015flem ancak t\u00fcyler koyu renkte oldu\u011fu zaman ba\u015far\u0131l\u0131 olur. Daha a\u00e7\u0131k renkli olan t\u00fcylerde IPL y\u00f6ntemi ile t\u00fcy ald\u0131rma \u00e7ok ba\u015far\u0131l\u0131 de\u011fil.[\/vc_column_text]<a href=\"\/tr\/kil-aldirma\/metod-ipl-kil-aldirma\/\" class=\"btn-shortcode dt-btn-l dt-btn default-btn-color default-btn-hover-color default-btn-bg-color default-btn-bg-hover-color\" id=\"dt-btn-2\"><span>IPL \u2013 t\u00fcy ald\u0131rmaya ili\u015fkin daha detayl\u0131 bilgi i\u00e7in\u2026<\/span><\/a>[\/vc_column][\/vc_row][vc_row][vc_column offset=&#8221;vc_hidden-lg vc_hidden-md&#8221;][vc_widget_sidebar sidebar_id=&#8221;sidebar_6&#8243;]<div class=\"ult-spacer spacer-6a0a1f859bb23\" data-id=\"6a0a1f859bb23\" data-height=\"20\" data-height-mobile=\"20\" data-height-tab=\"20\" data-height-tab-portrait=\"\" data-height-mobile-landscape=\"\" style=\"clear:both;display:block;\"><\/div>[\/vc_column][\/vc_row][vc_row equal_height=&#8221;yes&#8221; bg_type=&#8221;bg_color&#8221; bg_override=&#8221;ex-full&#8221; bg_color_value=&#8221;#ffffff&#8221; el_class=&#8221;calltoaektschn&#8221;][vc_column css=&#8221;.vc_custom_1539097314964{padding-top: 0px !important;}&#8221;]<section class=\"shortcode-action-box box-style-table shortcode-action-bg block-style-widget pulse animate-element\"><div class=\"text-big\"><div class=\"gap\" style=\"line-height: 10px; height: 10px;\"><\/div>\n<h5>T\u00fcm v\u00fccut tedavisi isterseniz l\u00fctfen bizimle irtibata ge\u00e7iniz!<\/h5>\n<\/div><div class=\"shortcode-action-container action-button\"><a href=\"\/tr\/randevu\/\" class=\"btn-shortcode dt-btn-m dt-btn default-btn-color default-btn-hover-color default-btn-bg-color default-btn-bg-hover-color fadeIn animate-element animation-builder\" id=\"dt-btn-3\"><span>Randevu<\/span><\/a><\/div><\/section>[\/vc_column][\/vc_row]<\/p>\n<\/div>","protected":false},"excerpt":{"rendered":"<p>[vc_row el_class=&#8221;mitsidebar&#8221;][vc_column width=&#8221;3\/4&#8243; offset=&#8221;vc_col-lg-offset-0 vc_col-lg-9 vc_col-md-offset-0 vc_col-md-9 vc_col-sm-offset-0 vc_col-xs-12&#8243;][vc_row_inner][vc_column_inner width=&#8221;2\/3&#8243;][vc_column_text]SHR tekni\u011fi kal\u0131c\u0131 t\u00fcy ald\u0131rma i\u00e7in, t\u00fcy pigment maddesi \u00fczerinden ge\u00e7ilen yolu sadece y\u00fczde 50 oran\u0131nda kullan\u0131yor. Geriye kalan y\u00fczde 50\u2019yi, SHR tekni\u011finin uygulanmas\u0131 esnas\u0131nda, deri yolu ile t\u00fcy \u00fcretimi i\u00e7in sorumlu olan k\u00f6k h\u00fccrelerine absorbe edilir. SHR tekni\u011finde y\u00fcksek enerjili tekil darbelere ihtiya\u00e7 duyulmamaktad\u0131r. Cildin&hellip;<\/p>\n","protected":false},"author":1,"featured_media":0,"parent":2698,"menu_order":600,"comment_status":"closed","ping_status":"closed","template":"","meta":{"footnotes":""},"class_list":["post-2706","page","type-page","status-publish","hentry","description-off"],"_links":{"self":[{"href":"https:\/\/www.ipl-hamburg.com\/tr\/wp-json\/wp\/v2\/pages\/2706","targetHints":{"allow":["GET"]}}],"collection":[{"href":"https:\/\/www.ipl-hamburg.com\/tr\/wp-json\/wp\/v2\/pages"}],"about":[{"href":"https:\/\/www.ipl-hamburg.com\/tr\/wp-json\/wp\/v2\/types\/page"}],"author":[{"embeddable":true,"href":"https:\/\/www.ipl-hamburg.com\/tr\/wp-json\/wp\/v2\/users\/1"}],"replies":[{"embeddable":true,"href":"https:\/\/www.ipl-hamburg.com\/tr\/wp-json\/wp\/v2\/comments?post=2706"}],"version-history":[{"count":0,"href":"https:\/\/www.ipl-hamburg.com\/tr\/wp-json\/wp\/v2\/pages\/2706\/revisions"}],"up":[{"embeddable":true,"href":"https:\/\/www.ipl-hamburg.com\/tr\/wp-json\/wp\/v2\/pages\/2698"}],"wp:attachment":[{"href":"https:\/\/www.ipl-hamburg.com\/tr\/wp-json\/wp\/v2\/media?parent=2706"}],"curies":[{"name":"wp","href":"https:\/\/api.w.org\/{rel}","templated":true}]}}