{"id":2718,"date":"2018-10-23T14:22:14","date_gmt":"2018-10-23T12:22:14","guid":{"rendered":"https:\/\/iplhamburg.netzlicht.com\/kil-aldirma\/danisma-ve-guevenlik-kil-aldirma\/"},"modified":"2023-05-25T17:47:12","modified_gmt":"2023-05-25T15:47:12","slug":"danisma-ve-guevenlik-kil-aldirma","status":"publish","type":"page","link":"https:\/\/www.ipl-hamburg.com\/tr\/kil-aldirma\/danisma-ve-guevenlik-kil-aldirma\/","title":{"rendered":"Dan\u0131\u015fma ve g\u00fcvenlik: K\u0131l ald\u0131rma"},"content":{"rendered":"<div class=\"wpb-content-wrapper\"><p>[vc_row el_class=&#8221;mitsidebar&#8221;][vc_column width=&#8221;3\/4&#8243; offset=&#8221;vc_col-lg-offset-0 vc_col-lg-9 vc_col-md-offset-0 vc_col-md-9 vc_col-sm-offset-0 vc_col-xs-12&#8243;]<div class=\"ult-spacer spacer-69d2ae61d6370\" data-id=\"69d2ae61d6370\" data-height=\"30\" data-height-mobile=\"30\" data-height-tab=\"30\" data-height-tab-portrait=\"\" data-height-mobile-landscape=\"\" style=\"clear:both;display:block;\"><\/div><div id=\"ultimate-heading-204569d2ae61d6407\" class=\"uvc-heading ult-adjust-bottom-margin ultimate-heading-204569d2ae61d6407 uvc-404 \" data-hspacer=\"no_spacer\"  data-halign=\"left\" style=\"text-align:left\"><div class=\"uvc-heading-spacer no_spacer\" style=\"top\"><\/div><div class=\"uvc-main-heading ult-responsive\"  data-ultimate-target='.uvc-heading.ultimate-heading-204569d2ae61d6407 h2'  data-responsive-json-new='{\"font-size\":\"\",\"line-height\":\"\"}' ><h2 style=\"font-weight:normal;color:#589935;\">K\u0131l ald\u0131rma<\/h2><\/div><div class=\"uvc-sub-heading ult-responsive\"  data-ultimate-target='.uvc-heading.ultimate-heading-204569d2ae61d6407 .uvc-sub-heading '  data-responsive-json-new='{\"font-size\":\"desktop:20px;\",\"line-height\":\"desktop:30px;\"}'  style=\"font-weight:normal;\"><\/p>\n<h4>Sizin g\u00fcvenli\u011finiz ve sa\u011fl\u0131\u011f\u0131n\u0131z bizim i\u00e7in en \u00f6nemli \u015feydir!<\/h4>\n<p><\/div><\/div><div class=\"ult-spacer spacer-69d2ae61d649d\" data-id=\"69d2ae61d649d\" data-height=\"30\" data-height-mobile=\"30\" data-height-tab=\"30\" data-height-tab-portrait=\"\" data-height-mobile-landscape=\"\" style=\"clear:both;display:block;\"><\/div>[vc_column_text]<img loading=\"lazy\" decoding=\"async\" class=\"alignleft size-full wp-image-1954\" src=\"https:\/\/www.ipl-hamburg.com\/wp-content\/uploads\/2018\/10\/hattyp_ani.gif\" alt=\"Hangi cilt tipine sahipsiniz?\" width=\"150\" height=\"300\" \/>Detayl\u0131 bir kons\u00fcltasyonda sizi t\u0131bbi lazer ile tedavi y\u00f6ntemi hakk\u0131nda bilgilendirece\u011fiz.<\/p>\n<p>Cilt tipiniz y\u00fcz\u00fcnden meydana \u00e7\u0131kabilen riskleri size burada anlat\u0131yoruz. O dan\u0131\u015fmada elinizde ya da aya\u011f\u0131n\u0131zda cildinizin reaksiyonunu g\u00f6rebilmek i\u00e7in k\u00fc\u00e7\u00fck bir deneme yap\u0131yoruz. Bu denemeyi de korkular\u0131n\u0131z\u0131 sizden alabilmek i\u00e7in yap\u0131yoruz.<\/p>\n<p>Ancak bu ayr\u0131nt\u0131l\u0131 sohbetten ve yapaca\u011f\u0131m\u0131z denemeden sonra tedaviye ba\u015fl\u0131yoruz. Tedaviyi de sadece tecr\u00fcbeli kad\u0131nlar yapar, erkek tedavicimiz yok.<\/p>\n<p>Ayr\u0131ca size i\u00e7ti\u011finiz ila\u00e7lar hakk\u0131nda soru soruyoruz, \u00e7\u00fcnk\u00fc o ila\u00e7lar bazen dayan\u0131kl\u0131 k\u0131l ald\u0131rmay\u0131 etkiler.<\/p>\n<p>Cilt tibinizi, sa\u00e7 renginizi ve sa\u00e7\u0131n\u0131z\u0131n g\u00fcc\u00fcn\u00fc hesaba katarak ki\u015fisel tedaviyi hesapl\u0131yoruz.[\/vc_column_text][\/vc_column][vc_column width=&#8221;1\/4&#8243; offset=&#8221;vc_col-lg-offset-0 vc_col-lg-3 vc_col-md-offset-0 vc_col-md-3 vc_col-sm-offset-0 vc_hidden-sm vc_col-xs-12 vc_hidden-xs&#8221;][vc_widget_sidebar sidebar_id=&#8221;sidebar_6&#8243;][\/vc_column][\/vc_row][vc_row equal_height=&#8221;yes&#8221; type=&#8221;vc_default&#8221;][vc_column css=&#8221;.vc_custom_1539095004865{margin-right: 25px !important;margin-bottom: 50px !important;margin-left: 25px !important;padding-top: 35px !important;padding-right: 40px !important;padding-bottom: 40px !important;padding-left: 40px !important;background-color: #ffffff !important;}&#8221; offset=&#8221;vc_col-lg-offset-0 vc_col-md-offset-0 vc_col-sm-offset-0&#8243;][vc_column_text]<\/p>\n<h3>Cilt tipi belirleme<\/h3>\n<p>Bu melanin sayac\u0131 her tedavi \u00f6ncesinde, m\u00fc\u015fterinin tedavi edilecek derinin melanin i\u00e7eri\u011fini \u00f6l\u00e7er. \u00d6l\u00e7\u00fclen cilt tipine ba\u011fl\u0131 olarak,  Phaser\u2019in enerjisi ayarlan\u0131r.<\/p>\n<p><strong>Kal\u0131c\u0131 epilasyonun son nesili \u2013 AB\u2019de yap\u0131lm\u0131\u015ft\u0131r \u2013 \u00c7in ithali de\u011fildir.<\/strong><\/p>\n<p>Y\u0131llard\u0131r \u00f6zel cihazlar\u0131m\u0131zla istenmeyen v\u00fccut t\u00fcylerini ba\u015far\u0131yla al\u0131yoruz. Smartlite teknolojisi ve melanin \u00f6l\u00e7er sayesinde her zaman g\u00fcvenli ve etkili bir \u015fekilde \u00e7al\u0131\u015f\u0131yoruz.[\/vc_column_text]<a href=\"\/tr\/kil-aldirma\/cilt-tipi-belirleme\/\" class=\"btn-shortcode dt-btn-l dt-btn default-btn-color default-btn-hover-color default-btn-bg-color default-btn-bg-hover-color\" id=\"dt-btn-1\"><span>Cilt tipi hakk\u0131nda daha fazla bilgi<\/span><\/a>[\/vc_column][\/vc_row][vc_row][vc_column offset=&#8221;vc_hidden-lg vc_hidden-md&#8221;][vc_widget_sidebar sidebar_id=&#8221;sidebar_6&#8243;]<div class=\"ult-spacer spacer-69d2ae61d6572\" data-id=\"69d2ae61d6572\" data-height=\"20\" data-height-mobile=\"20\" data-height-tab=\"20\" data-height-tab-portrait=\"\" data-height-mobile-landscape=\"\" style=\"clear:both;display:block;\"><\/div>[\/vc_column][\/vc_row][vc_row equal_height=&#8221;yes&#8221; bg_type=&#8221;bg_color&#8221; bg_override=&#8221;ex-full&#8221; bg_color_value=&#8221;#ffffff&#8221; el_class=&#8221;calltoaektschn&#8221;][vc_column css=&#8221;.vc_custom_1539097314964{padding-top: 0px !important;}&#8221;]<section class=\"shortcode-action-box box-style-table shortcode-action-bg block-style-widget pulse animate-element\"><div class=\"text-big\"><div class=\"gap\" style=\"line-height: 10px; height: 10px;\"><\/div>\n<h5>T\u00fcm v\u00fccut tedavisi isterseniz l\u00fctfen bizimle irtibata ge\u00e7iniz!<\/h5>\n<\/div><div class=\"shortcode-action-container action-button\"><a href=\"\/tr\/randevu\/\" class=\"btn-shortcode dt-btn-m dt-btn default-btn-color default-btn-hover-color default-btn-bg-color default-btn-bg-hover-color fadeIn animate-element animation-builder\" id=\"dt-btn-2\"><span>Randevu<\/span><\/a><\/div><\/section>[\/vc_column][\/vc_row]<\/p>\n<\/div>","protected":false},"excerpt":{"rendered":"<p>[vc_row el_class=&#8221;mitsidebar&#8221;][vc_column width=&#8221;3\/4&#8243; offset=&#8221;vc_col-lg-offset-0 vc_col-lg-9 vc_col-md-offset-0 vc_col-md-9 vc_col-sm-offset-0 vc_col-xs-12&#8243;][vc_column_text]Detayl\u0131 bir kons\u00fcltasyonda sizi t\u0131bbi lazer ile tedavi y\u00f6ntemi hakk\u0131nda bilgilendirece\u011fiz. Cilt tipiniz y\u00fcz\u00fcnden meydana \u00e7\u0131kabilen riskleri size burada anlat\u0131yoruz. O dan\u0131\u015fmada elinizde ya da aya\u011f\u0131n\u0131zda cildinizin reaksiyonunu g\u00f6rebilmek i\u00e7in k\u00fc\u00e7\u00fck bir deneme yap\u0131yoruz. Bu denemeyi de korkular\u0131n\u0131z\u0131 sizden alabilmek i\u00e7in yap\u0131yoruz. Ancak bu ayr\u0131nt\u0131l\u0131 sohbetten ve&hellip;<\/p>\n","protected":false},"author":1,"featured_media":0,"parent":2698,"menu_order":600,"comment_status":"closed","ping_status":"closed","template":"","meta":{"footnotes":""},"class_list":["post-2718","page","type-page","status-publish","hentry","description-off"],"_links":{"self":[{"href":"https:\/\/www.ipl-hamburg.com\/tr\/wp-json\/wp\/v2\/pages\/2718","targetHints":{"allow":["GET"]}}],"collection":[{"href":"https:\/\/www.ipl-hamburg.com\/tr\/wp-json\/wp\/v2\/pages"}],"about":[{"href":"https:\/\/www.ipl-hamburg.com\/tr\/wp-json\/wp\/v2\/types\/page"}],"author":[{"embeddable":true,"href":"https:\/\/www.ipl-hamburg.com\/tr\/wp-json\/wp\/v2\/users\/1"}],"replies":[{"embeddable":true,"href":"https:\/\/www.ipl-hamburg.com\/tr\/wp-json\/wp\/v2\/comments?post=2718"}],"version-history":[{"count":0,"href":"https:\/\/www.ipl-hamburg.com\/tr\/wp-json\/wp\/v2\/pages\/2718\/revisions"}],"up":[{"embeddable":true,"href":"https:\/\/www.ipl-hamburg.com\/tr\/wp-json\/wp\/v2\/pages\/2698"}],"wp:attachment":[{"href":"https:\/\/www.ipl-hamburg.com\/tr\/wp-json\/wp\/v2\/media?parent=2718"}],"curies":[{"name":"wp","href":"https:\/\/api.w.org\/{rel}","templated":true}]}}