{"id":2728,"date":"2018-10-23T14:36:49","date_gmt":"2018-10-23T12:36:49","guid":{"rendered":"https:\/\/iplhamburg.netzlicht.com\/kil-aldirma\/deneyim-shr-ipl-kalici-tuey-aldirma\/"},"modified":"2018-12-14T16:42:18","modified_gmt":"2018-12-14T15:42:18","slug":"deneyim-shr-ipl-kalici-tuey-aldirma","status":"publish","type":"page","link":"https:\/\/www.ipl-hamburg.com\/tr\/kil-aldirma\/deneyim-shr-ipl-kalici-tuey-aldirma\/","title":{"rendered":"Deneyim \u2013 SHR &#038; IPL: Kal\u0131c\u0131 T\u00fcy Ald\u0131rma"},"content":{"rendered":"<div class=\"wpb-content-wrapper\"><p>[vc_row el_class=&#8221;mitsidebar&#8221;][vc_column width=&#8221;3\/4&#8243; offset=&#8221;vc_col-lg-offset-0 vc_col-lg-9 vc_col-md-offset-0 vc_col-md-9 vc_col-sm-offset-0 vc_col-xs-12&#8243;]<div class=\"ult-spacer spacer-6a063c879a6e6\" data-id=\"6a063c879a6e6\" data-height=\"30\" data-height-mobile=\"30\" data-height-tab=\"30\" data-height-tab-portrait=\"\" data-height-mobile-landscape=\"\" style=\"clear:both;display:block;\"><\/div><div id=\"ultimate-heading-98536a063c879a747\" class=\"uvc-heading ult-adjust-bottom-margin ultimate-heading-98536a063c879a747 uvc-69 \" data-hspacer=\"no_spacer\"  data-halign=\"left\" style=\"text-align:left\"><div class=\"uvc-heading-spacer no_spacer\" style=\"top\"><\/div><div class=\"uvc-main-heading ult-responsive\"  data-ultimate-target='.uvc-heading.ultimate-heading-98536a063c879a747 h2'  data-responsive-json-new='{\"font-size\":\"\",\"line-height\":\"\"}' ><h2 style=\"font-weight:normal;color:#589935;\">Kal\u0131c\u0131 t\u00fcy ald\u0131rma i\u00e7in kullan\u0131lan SHR &amp; IPL teknolojisi verdi\u011fi s\u00f6z\u00fc tutuyor:<\/h2><\/div><\/div><div class=\"ult-spacer spacer-6a063c879a7ab\" data-id=\"6a063c879a7ab\" data-height=\"30\" data-height-mobile=\"30\" data-height-tab=\"30\" data-height-tab-portrait=\"\" data-height-mobile-landscape=\"\" style=\"clear:both;display:block;\"><\/div><style type=\"text\/css\" data-type=\"the7_shortcodes-inline-css\">.dt-testimonials-shortcode.testimonials-masonry-shortcode-id-9c4d73a85fa2bf139e104fca2ddad728.content-bg-on .testimonial-item {\n  background: #ffffff;\n  -webkit-box-shadow: none;\n  box-shadow: none;\n}\n.dt-testimonials-shortcode.testimonials-masonry-shortcode-id-9c4d73a85fa2bf139e104fca2ddad728 .testimonial-item {\n  padding: 30px 30px 20px 30px;\n}\n.dt-testimonials-shortcode.testimonials-masonry-shortcode-id-9c4d73a85fa2bf139e104fca2ddad728 .testimonial-name,\n.dt-testimonials-shortcode.testimonials-masonry-shortcode-id-9c4d73a85fa2bf139e104fca2ddad728 .testimonial-name a,\n.dt-testimonials-shortcode.testimonials-masonry-shortcode-id-9c4d73a85fa2bf139e104fca2ddad728 .testimonial-name span {\n  margin-bottom: 0px;\n  font-weight: bold;\n}\n.dt-testimonials-shortcode.testimonials-masonry-shortcode-id-9c4d73a85fa2bf139e104fca2ddad728 .testimonial-position {\n  margin-bottom: 20px;\n}\n.dt-testimonials-shortcode.testimonials-masonry-shortcode-id-9c4d73a85fa2bf139e104fca2ddad728 .testimonial-position,\n.dt-testimonials-shortcode.testimonials-masonry-shortcode-id-9c4d73a85fa2bf139e104fca2ddad728 .testimonial-position span {\n  font-weight: bold;\n}\n.dt-testimonials-shortcode.testimonials-masonry-shortcode-id-9c4d73a85fa2bf139e104fca2ddad728  .testimonial-avatar {\n  padding: 0px 20px 20px 0px;\n}\n.dt-testimonials-shortcode.testimonials-masonry-shortcode-id-9c4d73a85fa2bf139e104fca2ddad728  .testimonial-avatar a,\n.dt-testimonials-shortcode.testimonials-masonry-shortcode-id-9c4d73a85fa2bf139e104fca2ddad728  .testimonial-avatar span,\n.dt-testimonials-shortcode.testimonials-masonry-shortcode-id-9c4d73a85fa2bf139e104fca2ddad728  .testimonial-avatar img {\n  max-width: 80px;\n}\n.dt-testimonials-shortcode.testimonials-masonry-shortcode-id-9c4d73a85fa2bf139e104fca2ddad728 .dt-css-grid .testimonial-avatar img,\n.dt-testimonials-shortcode.testimonials-masonry-shortcode-id-9c4d73a85fa2bf139e104fca2ddad728 .dt-css-grid .testimonial-avatar svg {\n  max-width: 100%;\n}\n.dt-testimonials-shortcode.testimonials-masonry-shortcode-id-9c4d73a85fa2bf139e104fca2ddad728.layout-5:not(.hide-testimonial-avatar) .content-wrap,\n.dt-testimonials-shortcode.testimonials-masonry-shortcode-id-9c4d73a85fa2bf139e104fca2ddad728.layout-6:not(.hide-testimonial-avatar) .content-wrap {\n  width: calc(100% - 80px - 20px - 0px);\n}\n.dt-testimonials-shortcode.testimonials-masonry-shortcode-id-9c4d73a85fa2bf139e104fca2ddad728 .testimonial-content {\n  margin-bottom: 0px;\n}\n.dt-testimonials-shortcode.testimonials-masonry-shortcode-id-9c4d73a85fa2bf139e104fca2ddad728  .testimonial-avatar,\n.dt-testimonials-shortcode.testimonials-masonry-shortcode-id-9c4d73a85fa2bf139e104fca2ddad728  .testimonial-avatar a.rollover,\n.dt-testimonials-shortcode.testimonials-masonry-shortcode-id-9c4d73a85fa2bf139e104fca2ddad728  .testimonial-avatar a.rollover *,\n.dt-testimonials-shortcode.testimonials-masonry-shortcode-id-9c4d73a85fa2bf139e104fca2ddad728  .testimonial-avatar img,\n.dt-testimonials-shortcode.testimonials-masonry-shortcode-id-9c4d73a85fa2bf139e104fca2ddad728  .testimonial-avatar .no-avatar,\n.dt-testimonials-shortcode.testimonials-masonry-shortcode-id-9c4d73a85fa2bf139e104fca2ddad728  .testim-no-avatar {\n  border-radius: 60px;\n}\n.dt-testimonials-shortcode.testimonials-masonry-shortcode-id-9c4d73a85fa2bf139e104fca2ddad728  .testimonial-avatar .no-avatar {\n  height: 80px;\n}\n.dt-testimonials-shortcode.testimonials-masonry-shortcode-id-9c4d73a85fa2bf139e104fca2ddad728  .testimonial-avatar .no-avatar {\n  font-size: 80px;\n  width: 80px;\n}\n.dt-testimonials-shortcode.testimonials-masonry-shortcode-id-9c4d73a85fa2bf139e104fca2ddad728.content-bg-on .testimonial-item {\n  background: #ffffff;\n  -webkit-box-shadow: none;\n  box-shadow: none;\n}\n.dt-testimonials-shortcode.testimonials-masonry-shortcode-id-9c4d73a85fa2bf139e104fca2ddad728 .filter-bg-decoration .filter-categories a.act {\n  color: #fff;\n}\n.dt-testimonials-shortcode.testimonials-masonry-shortcode-id-9c4d73a85fa2bf139e104fca2ddad728:not(.resize-by-browser-width) .dt-css-grid {\n  grid-row-gap: 30px;\n  grid-column-gap: 30px;\n  grid-template-columns: repeat(auto-fill,minmax(,1fr));\n}\n.cssgridlegacy.no-cssgrid .dt-testimonials-shortcode.testimonials-masonry-shortcode-id-9c4d73a85fa2bf139e104fca2ddad728:not(.resize-by-browser-width) .dt-css-grid,\n.no-cssgridlegacy.no-cssgrid .dt-testimonials-shortcode.testimonials-masonry-shortcode-id-9c4d73a85fa2bf139e104fca2ddad728:not(.resize-by-browser-width) .dt-css-grid {\n  display: flex;\n  flex-flow: row wrap;\n  margin: -15px;\n}\n.cssgridlegacy.no-cssgrid .dt-testimonials-shortcode.testimonials-masonry-shortcode-id-9c4d73a85fa2bf139e104fca2ddad728:not(.resize-by-browser-width) .dt-css-grid .wf-cell,\n.no-cssgridlegacy.no-cssgrid .dt-testimonials-shortcode.testimonials-masonry-shortcode-id-9c4d73a85fa2bf139e104fca2ddad728:not(.resize-by-browser-width) .dt-css-grid .wf-cell {\n  flex: 1 0 ;\n  max-width: 100%;\n  padding: 15px;\n  box-sizing: border-box;\n}\n.dt-testimonials-shortcode.testimonials-masonry-shortcode-id-9c4d73a85fa2bf139e104fca2ddad728.resize-by-browser-width .dt-css-grid {\n  grid-template-columns: repeat(1,1fr);\n  grid-template-rows: auto;\n  grid-column-gap: 30px;\n  grid-row-gap: 30px;\n}\n.cssgridlegacy.no-cssgrid .dt-testimonials-shortcode.testimonials-masonry-shortcode-id-9c4d73a85fa2bf139e104fca2ddad728.resize-by-browser-width .dt-css-grid,\n.no-cssgridlegacy.no-cssgrid .dt-testimonials-shortcode.testimonials-masonry-shortcode-id-9c4d73a85fa2bf139e104fca2ddad728.resize-by-browser-width .dt-css-grid {\n  margin: -15px;\n}\n.cssgridlegacy.no-cssgrid .dt-testimonials-shortcode.testimonials-masonry-shortcode-id-9c4d73a85fa2bf139e104fca2ddad728.resize-by-browser-width .dt-css-grid .wf-cell,\n.no-cssgridlegacy.no-cssgrid .dt-testimonials-shortcode.testimonials-masonry-shortcode-id-9c4d73a85fa2bf139e104fca2ddad728.resize-by-browser-width .dt-css-grid .wf-cell {\n  width: 100%;\n  padding: 15px;\n}\n@media screen and (max-width: 1199px) {\n  .dt-testimonials-shortcode.testimonials-masonry-shortcode-id-9c4d73a85fa2bf139e104fca2ddad728.resize-by-browser-width .dt-css-grid {\n    grid-template-columns: repeat(1,1fr);\n  }\n  .cssgridlegacy.no-cssgrid .dt-testimonials-shortcode.testimonials-masonry-shortcode-id-9c4d73a85fa2bf139e104fca2ddad728.resize-by-browser-width .dt-css-grid .wf-cell,\n  .no-cssgridlegacy.no-cssgrid .dt-testimonials-shortcode.testimonials-masonry-shortcode-id-9c4d73a85fa2bf139e104fca2ddad728.resize-by-browser-width .dt-css-grid .wf-cell {\n    width: 100%;\n  }\n}\n@media screen and (max-width: 991px) {\n  .dt-testimonials-shortcode.testimonials-masonry-shortcode-id-9c4d73a85fa2bf139e104fca2ddad728.resize-by-browser-width .dt-css-grid {\n    grid-template-columns: repeat(1,1fr);\n  }\n  .cssgridlegacy.no-cssgrid .dt-testimonials-shortcode.testimonials-masonry-shortcode-id-9c4d73a85fa2bf139e104fca2ddad728.resize-by-browser-width .dt-css-grid .wf-cell,\n  .no-cssgridlegacy.no-cssgrid .dt-testimonials-shortcode.testimonials-masonry-shortcode-id-9c4d73a85fa2bf139e104fca2ddad728.resize-by-browser-width .dt-css-grid .wf-cell {\n    width: 100%;\n  }\n}\n@media screen and (max-width: 767px) {\n  .dt-testimonials-shortcode.testimonials-masonry-shortcode-id-9c4d73a85fa2bf139e104fca2ddad728.resize-by-browser-width .dt-css-grid {\n    grid-template-columns: repeat(1,1fr);\n  }\n  .cssgridlegacy.no-cssgrid .dt-testimonials-shortcode.testimonials-masonry-shortcode-id-9c4d73a85fa2bf139e104fca2ddad728.resize-by-browser-width .dt-css-grid .wf-cell,\n  .no-cssgridlegacy.no-cssgrid .dt-testimonials-shortcode.testimonials-masonry-shortcode-id-9c4d73a85fa2bf139e104fca2ddad728.resize-by-browser-width .dt-css-grid .wf-cell {\n    width: 100%;\n  }\n}<\/style><div class=\"dt-testimonials-masonry-shortcode dt-testimonials-shortcode testimonials-masonry-shortcode-id-9c4d73a85fa2bf139e104fca2ddad728 loading-effect-none content-align-left mode-grid content-bg-on layout-3 scale-img dt-css-grid-wrap jquery-filter dt-css-grid-wrap resize-by-browser-width  \" data-padding=\"15px\" data-cur-page=\"1\" data-post-limit=\"-1\" data-pagination-mode=\"none\" data-desktop-columns-num=\"1\" data-v-tablet-columns-num=\"1\" data-h-tablet-columns-num=\"1\" data-phone-columns-num=\"1\" data-width=\"0px\" data-columns=\"0\"><div class=\"dt-css-grid\" ><div class=\"visible wf-cell\" data-post-id=\"3779\" data-date=\"2018-12-11T13:58:34+01:00\" data-name=\"R\u00fcdiger Niklas\"><div class=\"testimonial-item post visible\"><div class=\"testimonial-author\"><div class=\"testimonial-avatar\"><span class=\"testim-no-avatar\"><svg version=\"1.1\" xmlns=\"http:\/\/www.w3.org\/2000\/svg\" width=\"80\" height=\"80\" xmlns:xlink=\"http:\/\/www.w3.org\/1999\/xlink\" x=\"0px\" y=\"0px\"\n\t viewBox=\"0 0 60 60\" style=\"enable-background:new 0 0 60 60;\" xml:space=\"preserve\">\n<path d=\"M30,1.5c-16.542,0-30,12.112-30,27c0,5.204,1.646,10.245,4.768,14.604c-0.591,6.537-2.175,11.39-4.475,13.689\n\tc-0.304,0.304-0.38,0.769-0.188,1.153C0.275,58.289,0.625,58.5,1,58.5c0.046,0,0.092-0.003,0.139-0.01\n\tc0.405-0.057,9.813-1.411,16.618-5.339C21.621,54.71,25.737,55.5,30,55.5c16.542,0,30-12.112,30-27S46.542,1.5,30,1.5z M16,32.5\n\tc-2.206,0-4-1.794-4-4s1.794-4,4-4s4,1.794,4,4S18.206,32.5,16,32.5z M30,32.5c-2.206,0-4-1.794-4-4s1.794-4,4-4s4,1.794,4,4\n\tS32.206,32.5,30,32.5z M44,32.5c-2.206,0-4-1.794-4-4s1.794-4,4-4s4,1.794,4,4S46.206,32.5,44,32.5z\"\/>\n<\/svg><\/span><\/div><div class=\"testimonial-vcard\"><div class=\"testimonial-name\"><span class=\"text-primary\">R\u00fcdiger Niklas<\/span><br \/><\/div><div class=\"testimonial-position\"><\/div><\/div><\/div><div class=\"testimonial-content\"><p>Cesaret edip yapmak, as\u0131l mesele budur. Sadece rahats\u0131z olunan b\u00f6lgelerde yo\u011fun olarak t\u00fcy uzamas\u0131 var ise ne yap\u0131l\u0131r?<\/p>\n<p>Burada IPL\u2019de insan iyi bilgilendiriliyor. Enformasyon \u00f6nemlidir ve deneme seans\u0131 ile uygun olup olmad\u0131\u011f\u0131 denenebilir.<\/p>\n<p>Etraftaki her \u015fey yerine uygun ve tedaviyi yapan bayanlar kibar ve do\u011frular ve bu da insan\u0131n kendisini yabanc\u0131 ellere teslim etmesine yad\u0131mc\u0131 oluyor. San\u0131r\u0131m kad\u0131nlar daha fazla deneyime sahip olduklar\u0131ndan, onlara daha kolay geliyor. E\u015fimin so\u011fuk a\u011fda bantlar\u0131n\u0131 art\u0131k almam gerekmez, hele bundan dolay\u0131 bana biraz k\u0131zg\u0131n ise hi\u00e7 almam gerekmez.<\/p>\n<p>K\u00fcrk\u00fcn s\u0131kl\u0131\u011f\u0131na g\u00f6re  6 seanstan 10 seansa kadar gerekli olabilir, ancak sonu\u00e7 ger\u00e7ekten m\u00fckemmel. G\u00f6mlek art\u0131k s\u0131rt\u0131 a\u015f\u0131nd\u0131rarak k\u0131zartmayacak veya sa\u00e7 k\u00f6kleri iltihaplanmayacak. Ve bay veya bayan arkada\u015f bir g\u00fcn b\u00f6lge ke\u015ffine \u00e7\u0131k\u0131pta hafif uzam\u0131\u015f t\u00fcyler batmaz veya t\u00fcyleri t\u00fck\u00fcrmek zorunda kalmaz ise, uzun s\u00fcredir tan\u0131\u015f\u0131yor olsan bile, bu e\u015fe olan ilgiyi inan\u0131lmaz derece de artt\u0131r\u0131r.<\/p>\n<p>Kesinlikle tavsiye edilir, sizde deneyin!<\/p>\n<\/div><\/div><\/div><div class=\"visible wf-cell\" data-post-id=\"3776\" data-date=\"2018-12-11T13:56:21+01:00\" data-name=\"Stefan Scherhans\"><div class=\"testimonial-item post visible\"><div class=\"testimonial-author\"><div class=\"testimonial-avatar\"><span class=\"testim-no-avatar\"><svg version=\"1.1\" xmlns=\"http:\/\/www.w3.org\/2000\/svg\" width=\"80\" height=\"80\" xmlns:xlink=\"http:\/\/www.w3.org\/1999\/xlink\" x=\"0px\" y=\"0px\"\n\t viewBox=\"0 0 60 60\" style=\"enable-background:new 0 0 60 60;\" xml:space=\"preserve\">\n<path d=\"M30,1.5c-16.542,0-30,12.112-30,27c0,5.204,1.646,10.245,4.768,14.604c-0.591,6.537-2.175,11.39-4.475,13.689\n\tc-0.304,0.304-0.38,0.769-0.188,1.153C0.275,58.289,0.625,58.5,1,58.5c0.046,0,0.092-0.003,0.139-0.01\n\tc0.405-0.057,9.813-1.411,16.618-5.339C21.621,54.71,25.737,55.5,30,55.5c16.542,0,30-12.112,30-27S46.542,1.5,30,1.5z M16,32.5\n\tc-2.206,0-4-1.794-4-4s1.794-4,4-4s4,1.794,4,4S18.206,32.5,16,32.5z M30,32.5c-2.206,0-4-1.794-4-4s1.794-4,4-4s4,1.794,4,4\n\tS32.206,32.5,30,32.5z M44,32.5c-2.206,0-4-1.794-4-4s1.794-4,4-4s4,1.794,4,4S46.206,32.5,44,32.5z\"\/>\n<\/svg><\/span><\/div><div class=\"testimonial-vcard\"><div class=\"testimonial-name\"><span class=\"text-primary\">Stefan Scherhans<\/span><br \/><\/div><div class=\"testimonial-position\"><\/div><\/div><\/div><div class=\"testimonial-content\"><p>Merhaba Sevgili IPL \u2013 Tak\u0131m\u0131,<\/p>\n<p>\u0130lk olarak son aylardaki m\u00fckemmel tedavi i\u00e7in \u00e7ok te\u015fekk\u00fcr ederim.<\/p>\n<p>\u0130nanam\u0131yorum, ancak kalan t\u00fcyler \u00e7\u0131plak g\u00f6z ile bu kadar k\u0131sa bir s\u00fcreden sonra say\u0131labiliyor. S\u0131rt\u0131m\u0131 bir g\u00fcn bu kadar \u201chavadar\u201d g\u00f6rebilece\u011fimi hi\u00e7 zannetmiyordum.<\/p>\n<p>Hatta \u015fimdi de g\u00f6\u011fs\u00fcm\u00fc tedavi ettirsem mi diye d\u00fc\u015f\u00fcn\u00fcyorum. Sonu\u00e7lar\u0131 g\u00f6rmek ger\u00e7ekten \u00e7ok g\u00fczel. Ho\u015f sohbetlerimiz de tatl\u0131n\u0131n \u00fczerine d\u00f6k\u00fclen \u015ferbet tad\u0131ndayd\u0131. Bir dahaki seferi sevin\u00e7le bekliyorum.<\/p>\n<\/div><\/div><\/div><div class=\"visible wf-cell\" data-post-id=\"3773\" data-date=\"2018-12-11T13:54:32+01:00\" data-name=\"Maria Seifert\"><div class=\"testimonial-item post visible\"><div class=\"testimonial-author\"><div class=\"testimonial-avatar\"><span class=\"testim-no-avatar\"><svg version=\"1.1\" xmlns=\"http:\/\/www.w3.org\/2000\/svg\" width=\"80\" height=\"80\" xmlns:xlink=\"http:\/\/www.w3.org\/1999\/xlink\" x=\"0px\" y=\"0px\"\n\t viewBox=\"0 0 60 60\" style=\"enable-background:new 0 0 60 60;\" xml:space=\"preserve\">\n<path d=\"M30,1.5c-16.542,0-30,12.112-30,27c0,5.204,1.646,10.245,4.768,14.604c-0.591,6.537-2.175,11.39-4.475,13.689\n\tc-0.304,0.304-0.38,0.769-0.188,1.153C0.275,58.289,0.625,58.5,1,58.5c0.046,0,0.092-0.003,0.139-0.01\n\tc0.405-0.057,9.813-1.411,16.618-5.339C21.621,54.71,25.737,55.5,30,55.5c16.542,0,30-12.112,30-27S46.542,1.5,30,1.5z M16,32.5\n\tc-2.206,0-4-1.794-4-4s1.794-4,4-4s4,1.794,4,4S18.206,32.5,16,32.5z M30,32.5c-2.206,0-4-1.794-4-4s1.794-4,4-4s4,1.794,4,4\n\tS32.206,32.5,30,32.5z M44,32.5c-2.206,0-4-1.794-4-4s1.794-4,4-4s4,1.794,4,4S46.206,32.5,44,32.5z\"\/>\n<\/svg><\/span><\/div><div class=\"testimonial-vcard\"><div class=\"testimonial-name\"><span class=\"text-primary\">Maria Seifert<\/span><br \/><\/div><div class=\"testimonial-position\"><\/div><\/div><\/div><div class=\"testimonial-content\"><p>Ben sadece bu f\u0131rsat\u0131, herkese IPL-Hamburg\u2019tan ne kadar memnun oldu\u011fumu s\u00f6ylemek i\u00e7in kullanmak istedim.<\/p>\n<p>Tedavimden \u00f6nce detayl\u0131ca fiyatlar \u00fczerine bilgilendim ve IPL-Hamburg\u2019un di\u011fer i\u015fletmelere g\u00f6re \u00e7ok daha uygun oldu\u011funu g\u00f6rmek inan\u0131l\u0131r gibi de\u011fildi.<\/p>\n<p>Tedavi sorunsuz tamamland\u0131, t\u00fcylerden kurtuldum ve \u00fcst\u00fcne bir de bir s\u00fcr\u00fc para artt\u0131rd\u0131m.<\/p>\n<p>Herkese kesinlikle tavsiye ederim.<\/p>\n<\/div><\/div><\/div><\/div><!-- iso-container|iso-grid --><\/div><div class=\"ult-spacer spacer-6a063c879fbf9\" data-id=\"6a063c879fbf9\" data-height=\"50\" data-height-mobile=\"50\" data-height-tab=\"50\" data-height-tab-portrait=\"\" data-height-mobile-landscape=\"\" style=\"clear:both;display:block;\"><\/div>[\/vc_column][vc_column width=&#8221;1\/4&#8243; offset=&#8221;vc_col-lg-offset-0 vc_col-lg-3 vc_col-md-offset-0 vc_col-md-3 vc_col-sm-offset-0 vc_hidden-sm vc_col-xs-12 vc_hidden-xs&#8221;][vc_widget_sidebar sidebar_id=&#8221;sidebar_6&#8243;][\/vc_column][\/vc_row][vc_row][vc_column offset=&#8221;vc_hidden-lg vc_hidden-md&#8221;][vc_widget_sidebar sidebar_id=&#8221;sidebar_6&#8243;]<div class=\"ult-spacer spacer-6a063c879fc1d\" data-id=\"6a063c879fc1d\" data-height=\"20\" data-height-mobile=\"20\" data-height-tab=\"20\" data-height-tab-portrait=\"\" data-height-mobile-landscape=\"\" style=\"clear:both;display:block;\"><\/div>[\/vc_column][\/vc_row][vc_row equal_height=&#8221;yes&#8221; bg_type=&#8221;bg_color&#8221; bg_override=&#8221;ex-full&#8221; bg_color_value=&#8221;#ffffff&#8221; el_class=&#8221;calltoaektschn&#8221;][vc_column css=&#8221;.vc_custom_1539097314964{padding-top: 0px !important;}&#8221;]<section class=\"shortcode-action-box box-style-table shortcode-action-bg block-style-widget pulse animate-element\"><div class=\"text-big\"><div class=\"gap\" style=\"line-height: 10px; height: 10px;\"><\/div>\n<h5>T\u00fcm v\u00fccut tedavisi isterseniz l\u00fctfen bizimle irtibata ge\u00e7iniz!<\/h5>\n<\/div><div class=\"shortcode-action-container action-button\"><a href=\"\/tr\/randevu\/\" class=\"btn-shortcode dt-btn-m dt-btn default-btn-color default-btn-hover-color default-btn-bg-color default-btn-bg-hover-color fadeIn animate-element animation-builder\" id=\"dt-btn-1\"><span>Randevu<\/span><\/a><\/div><\/section>[\/vc_column][\/vc_row]<\/p>\n<\/div>","protected":false},"excerpt":{"rendered":"<p>[vc_row el_class=&#8221;mitsidebar&#8221;][vc_column width=&#8221;3\/4&#8243; offset=&#8221;vc_col-lg-offset-0 vc_col-lg-9 vc_col-md-offset-0 vc_col-md-9 vc_col-sm-offset-0 vc_col-xs-12&#8243;][\/vc_column][vc_column width=&#8221;1\/4&#8243; offset=&#8221;vc_col-lg-offset-0 vc_col-lg-3 vc_col-md-offset-0 vc_col-md-3 vc_col-sm-offset-0 vc_hidden-sm vc_col-xs-12 vc_hidden-xs&#8221;][vc_widget_sidebar sidebar_id=&#8221;sidebar_6&#8243;][\/vc_column][\/vc_row][vc_row][vc_column offset=&#8221;vc_hidden-lg vc_hidden-md&#8221;][vc_widget_sidebar sidebar_id=&#8221;sidebar_6&#8243;][\/vc_column][\/vc_row][vc_row equal_height=&#8221;yes&#8221; bg_type=&#8221;bg_color&#8221; bg_override=&#8221;ex-full&#8221; bg_color_value=&#8221;#ffffff&#8221; el_class=&#8221;calltoaektschn&#8221;][vc_column css=&#8221;.vc_custom_1539097314964{padding-top: 0px !important;}&#8221;][\/vc_column][\/vc_row]<\/p>\n","protected":false},"author":1,"featured_media":0,"parent":2698,"menu_order":600,"comment_status":"closed","ping_status":"closed","template":"","meta":{"footnotes":""},"class_list":["post-2728","page","type-page","status-publish","hentry","description-off"],"_links":{"self":[{"href":"https:\/\/www.ipl-hamburg.com\/tr\/wp-json\/wp\/v2\/pages\/2728","targetHints":{"allow":["GET"]}}],"collection":[{"href":"https:\/\/www.ipl-hamburg.com\/tr\/wp-json\/wp\/v2\/pages"}],"about":[{"href":"https:\/\/www.ipl-hamburg.com\/tr\/wp-json\/wp\/v2\/types\/page"}],"author":[{"embeddable":true,"href":"https:\/\/www.ipl-hamburg.com\/tr\/wp-json\/wp\/v2\/users\/1"}],"replies":[{"embeddable":true,"href":"https:\/\/www.ipl-hamburg.com\/tr\/wp-json\/wp\/v2\/comments?post=2728"}],"version-history":[{"count":0,"href":"https:\/\/www.ipl-hamburg.com\/tr\/wp-json\/wp\/v2\/pages\/2728\/revisions"}],"up":[{"embeddable":true,"href":"https:\/\/www.ipl-hamburg.com\/tr\/wp-json\/wp\/v2\/pages\/2698"}],"wp:attachment":[{"href":"https:\/\/www.ipl-hamburg.com\/tr\/wp-json\/wp\/v2\/media?parent=2728"}],"curies":[{"name":"wp","href":"https:\/\/api.w.org\/{rel}","templated":true}]}}