{"id":2773,"date":"2018-10-25T12:11:37","date_gmt":"2018-10-25T10:11:37","guid":{"rendered":"https:\/\/iplhamburg.netzlicht.com\/kil-aldirma\/metod-ipl-kil-aldirma\/"},"modified":"2018-12-14T16:09:50","modified_gmt":"2018-12-14T15:09:50","slug":"metod-ipl-kil-aldirma","status":"publish","type":"page","link":"https:\/\/www.ipl-hamburg.com\/tr\/kil-aldirma\/metod-ipl-kil-aldirma\/","title":{"rendered":"Metod &#8211; IPL k\u0131l ald\u0131rma"},"content":{"rendered":"<div class=\"wpb-content-wrapper\"><p>[vc_row el_class=&#8221;mitsidebar&#8221;][vc_column width=&#8221;3\/4&#8243; offset=&#8221;vc_col-lg-offset-0 vc_col-lg-9 vc_col-md-offset-0 vc_col-md-9 vc_col-sm-offset-0 vc_col-xs-12&#8243;]<div class=\"ult-spacer spacer-69e345e08874d\" data-id=\"69e345e08874d\" data-height=\"30\" data-height-mobile=\"30\" data-height-tab=\"30\" data-height-tab-portrait=\"\" data-height-mobile-landscape=\"\" style=\"clear:both;display:block;\"><\/div><div id=\"ultimate-heading-592269e345e0887c1\" class=\"uvc-heading ult-adjust-bottom-margin ultimate-heading-592269e345e0887c1 uvc-7571 \" data-hspacer=\"no_spacer\"  data-halign=\"left\" style=\"text-align:left\"><div class=\"uvc-heading-spacer no_spacer\" style=\"top\"><\/div><div class=\"uvc-main-heading ult-responsive\"  data-ultimate-target='.uvc-heading.ultimate-heading-592269e345e0887c1 h2'  data-responsive-json-new='{\"font-size\":\"\",\"line-height\":\"\"}' ><h2 style=\"font-weight:normal;color:#589935;\">IPL k\u0131l ald\u0131rma y\u00f6ntemi<\/h2><\/div><div class=\"uvc-sub-heading ult-responsive\"  data-ultimate-target='.uvc-heading.ultimate-heading-592269e345e0887c1 .uvc-sub-heading '  data-responsive-json-new='{\"font-size\":\"desktop:20px;\",\"line-height\":\"desktop:30px;\"}'  style=\"font-weight:normal;\"><\/p>\n<h4>PL teknolojisi ile kal\u0131c\u0131 olarak k\u0131l kaybetme y\u00f6nteminin i\u015flevi<\/h4>\n<p><\/div><\/div><div class=\"ult-spacer spacer-69e345e088826\" data-id=\"69e345e088826\" data-height=\"30\" data-height-mobile=\"30\" data-height-tab=\"30\" data-height-tab-portrait=\"\" data-height-mobile-landscape=\"\" style=\"clear:both;display:block;\"><\/div>[vc_single_image image=&#8221;1996&#8243; img_size=&#8221;full&#8221;][\/vc_column][vc_column width=&#8221;1\/4&#8243; offset=&#8221;vc_col-lg-offset-0 vc_col-lg-3 vc_col-md-offset-0 vc_col-md-3 vc_col-sm-offset-0 vc_hidden-sm vc_col-xs-12 vc_hidden-xs&#8221;][vc_widget_sidebar sidebar_id=&#8221;sidebar_7&#8243;][\/vc_column][\/vc_row][vc_row equal_height=&#8221;yes&#8221; type=&#8221;vc_default&#8221;][vc_column css=&#8221;.vc_custom_1539095004865{margin-right: 25px !important;margin-bottom: 50px !important;margin-left: 25px !important;padding-top: 35px !important;padding-right: 40px !important;padding-bottom: 40px !important;padding-left: 40px !important;background-color: #ffffff !important;}&#8221; offset=&#8221;vc_col-lg-offset-0 vc_col-md-offset-0 vc_col-sm-offset-0&#8243;][vc_column_text css=&#8221;.vc_custom_1539688773741{margin-bottom: 0px !important;}&#8221;]<br \/>\nLazer metoduna kar\u015f\u0131n IPL k\u0131l d\u00f6k\u00fcc\u00fc y\u00f6nteminde \u0131\u015f\u0131\u011f\u0131n dalga boyu spektrumu kullan\u0131l\u0131r. I\u015f\u0131k impulslar\u0131 cildin i\u00e7ine girer ve k\u0131l\u0131n melanini sayesinde k\u0131l\u0131n k\u00f6k\u00fcne ta\u015f\u0131n\u0131r. Melanin \u0131\u015f\u0131k enerjisini \u0131s\u0131ya d\u00f6n\u00fc\u015ft\u00fcr\u00fcr ve k\u0131l k\u00f6k\u00fcn\u00fc \u00e7\u00fcr\u00fct\u00fcr.\u00c7\u00fcr\u00fcm\u00fc\u015f bir k\u0131l k\u00f6k\u00fc, bir daha k\u0131l \u00fcretemez. IPL metodu, uzama d\u00f6neminde \u00e7ok etkindir. V\u00fccudun b\u00f6lgesine g\u00f6re k\u0131l \u00fcreten aktif k\u00f6kler %20-40 oran\u0131ndad\u0131r. Uzama d\u00f6neminin d\u0131\u015f\u0131nda k\u0131l k\u00f6kleri melanin i\u00e7ermediklerinden dolay\u0131 saydamd\u0131r. Bunlar fla\u015f lambas\u0131ndan etkilenmezler. Bu y\u00fczden iyi bir netice alabilmek i\u00e7in bunlar\u0131n uzama d\u00f6nemine ge\u00e7mesi beklenmelidir. B\u00fct\u00fcn k\u0131llar\u0131 kal\u0131c\u0131 olarak yok etmek i\u00e7in uygulaman\u0131n bir \u00e7ok defa tekrarlanmas\u0131 gerekiyor.<\/p>\n<p>Her bir k\u00f6k\u00fcn kal\u0131c\u0131 olarak yok edilmesi i\u00e7in v\u00fccudun b\u00f6lgesine g\u00f6re 1-2 ay ara ile uygulama tekrarlanmal\u0131d\u0131r.<\/p>\n<p>Bu y\u00fczden gereken uygulamalar\u0131n say\u0131s\u0131, s\u00f6z konusu v\u00fccut b\u00f6lgesinin k\u0131l s\u0131kl\u0131\u011f\u0131na ve uzama d\u00f6nemine ba\u011fl\u0131d\u0131r.<\/p>\n<p>Uygulama s\u0131ras\u0131nda g\u00f6zleri korumak i\u00e7in koruyucu bir g\u00f6zl\u00fck kullan\u0131l\u0131r. IPL el aleti uygulaman\u0131n gerekli oldu\u011fu v\u00fccut b\u00f6lgesine hafif \u015fekilde bast\u0131r\u0131l\u0131r. Bu bir fla\u015f patlamas\u0131n\u0131 tetikler. Uygulamada fla\u015f patlamas\u0131 s\u0131ras\u0131nda az hafif bir kar\u0131ncalanma hissedeceksiniz.[\/vc_column_text][\/vc_column][\/vc_row][vc_row bg_type=&#8221;bg_color&#8221; bg_override=&#8221;ex-full&#8221; bg_color_value=&#8221;#589935&#8243;][vc_column][vc_column_text]<\/p>\n<h4 style=\"text-align: center; color: #ffffff;\"><a style=\"color: #ffffff;\" title=\"SHR ile kal\u0131c\u0131 t\u00fcy ald\u0131rma\" href=\"https:\/\/www.ipl-hamburg.com\/tr\/kil-aldirma\/\">IPL yerine, \u015fimdi size en geli\u015fmi\u015f SHR lazer y\u00f6ntemini sunuyoruz!!<\/a><\/h4>\n<p>[\/vc_column_text][\/vc_column][\/vc_row][vc_row equal_height=&#8221;yes&#8221; type=&#8221;vc_default&#8221; css=&#8221;.vc_custom_1539098372110{padding-top: 50px !important;padding-bottom: 30px !important;}&#8221;][vc_column css=&#8221;.vc_custom_1539095004865{margin-right: 25px !important;margin-bottom: 50px !important;margin-left: 25px !important;padding-top: 35px !important;padding-right: 40px !important;padding-bottom: 40px !important;padding-left: 40px !important;background-color: #ffffff !important;}&#8221; offset=&#8221;vc_col-lg-offset-0 vc_col-md-offset-0 vc_col-sm-offset-0&#8243;][vc_accordion active_tab=&#8221;1&#8243; title_size=&#8221;h3&#8243; style=&#8221;2&#8243;][vc_accordion_tab title=&#8221;IPL Metodun avantajlar\u0131&#8221; el_id=&#8221;vorteileipl1&#8243;]<div class=\"standard-arrow list-divider\"><ul>\n<li>H\u0131zl\u0131, efektif ve kal\u0131c\u0131 bi\u00e7imde k\u0131l yok edilir<\/li>\n<li>Bir daha t\u0131ra\u015f, a\u011fda ve epilasyona gerek yok<\/li>\n<li>Her zaman k\u0131sa k\u0131llardan ar\u0131nd\u0131r\u0131lm\u0131\u015f kaygan bir cilt<\/li>\n<li>V\u00fccudun her b\u00f6lgesinde : Kol alt\u0131, y\u00fcz, bikini b\u00f6lgeleri, intim b\u00f6lge, bacaklar vs.<\/li>\n<li>Cildin en iyi \u015fekilde korunmas\u0131<\/li>\n<li>Hesapl\u0131 ve uzun vadeli k\u0131l giderme<\/li>\n<\/ul>\n<\/div>[\/vc_accordion_tab][vc_accordion_tab title=&#8221;Phaser EPL (2 fazl\u0131 darbe), sertifikal\u0131, t\u0131p cihaz\u0131&#8221; el_id=&#8221;phasereplipl&#8221;][vc_column_text css=&#8221;.vc_custom_1539688803816{margin-bottom: 0px !important;}&#8221;]<strong>IPL cihaz\u0131m\u0131z \u00c7in\u2019den gelen ucuz bir cihaz de\u011fildir! CE sertifikal\u0131 y\u00fcksek teknolojiye sahip t\u0131p \u00fcr\u00fcn\u00fcd\u00fcr!<\/strong>[\/vc_column_text][\/vc_accordion_tab][\/vc_accordion][\/vc_column][\/vc_row][vc_row][vc_column offset=&#8221;vc_hidden-lg vc_hidden-md&#8221;][vc_widget_sidebar sidebar_id=&#8221;sidebar_7&#8243;]<div class=\"ult-spacer spacer-69e345e088902\" data-id=\"69e345e088902\" data-height=\"20\" data-height-mobile=\"20\" data-height-tab=\"20\" data-height-tab-portrait=\"\" data-height-mobile-landscape=\"\" style=\"clear:both;display:block;\"><\/div>[\/vc_column][\/vc_row][vc_row equal_height=&#8221;yes&#8221; bg_type=&#8221;bg_color&#8221; bg_override=&#8221;ex-full&#8221; bg_color_value=&#8221;#ffffff&#8221; el_class=&#8221;calltoaektschn&#8221;][vc_column css=&#8221;.vc_custom_1539097314964{padding-top: 0px !important;}&#8221;]<section class=\"shortcode-action-box box-style-table shortcode-action-bg block-style-widget pulse animate-element\"><div class=\"text-big\"><div class=\"gap\" style=\"line-height: 10px; height: 10px;\"><\/div>\n<h5>IPL yerine, \u015fimdi size en geli\u015fmi\u015f SHR lazer y\u00f6ntemini sunuyoruz!<\/h5>\n<\/div><div class=\"shortcode-action-container action-button\"><a href=\"\/tr\/kil-aldirma\/\" class=\"btn-shortcode dt-btn-m dt-btn default-btn-color default-btn-hover-color default-btn-bg-color default-btn-bg-hover-color fadeIn animate-element animation-builder\" id=\"dt-btn-1\"><span>SHR hakk\u0131nda daha fazla bilgi<\/span><\/a><\/div><\/section>[\/vc_column][\/vc_row]<\/p>\n<\/div>","protected":false},"excerpt":{"rendered":"<p>[vc_row el_class=&#8221;mitsidebar&#8221;][vc_column width=&#8221;3\/4&#8243; offset=&#8221;vc_col-lg-offset-0 vc_col-lg-9 vc_col-md-offset-0 vc_col-md-9 vc_col-sm-offset-0 vc_col-xs-12&#8243;][vc_single_image image=&#8221;1996&#8243; img_size=&#8221;full&#8221;][\/vc_column][vc_column width=&#8221;1\/4&#8243; offset=&#8221;vc_col-lg-offset-0 vc_col-lg-3 vc_col-md-offset-0 vc_col-md-3 vc_col-sm-offset-0 vc_hidden-sm vc_col-xs-12 vc_hidden-xs&#8221;][vc_widget_sidebar sidebar_id=&#8221;sidebar_7&#8243;][\/vc_column][\/vc_row][vc_row equal_height=&#8221;yes&#8221; type=&#8221;vc_default&#8221;][vc_column css=&#8221;.vc_custom_1539095004865{margin-right: 25px !important;margin-bottom: 50px !important;margin-left: 25px !important;padding-top: 35px !important;padding-right: 40px !important;padding-bottom: 40px !important;padding-left: 40px !important;background-color: #ffffff !important;}&#8221; offset=&#8221;vc_col-lg-offset-0 vc_col-md-offset-0 vc_col-sm-offset-0&#8243;][vc_column_text css=&#8221;.vc_custom_1539688773741{margin-bottom: 0px !important;}&#8221;] Lazer metoduna kar\u015f\u0131n IPL k\u0131l d\u00f6k\u00fcc\u00fc y\u00f6nteminde \u0131\u015f\u0131\u011f\u0131n dalga&hellip;<\/p>\n","protected":false},"author":1,"featured_media":0,"parent":2698,"menu_order":600,"comment_status":"closed","ping_status":"closed","template":"","meta":{"footnotes":""},"class_list":["post-2773","page","type-page","status-publish","hentry","description-off"],"_links":{"self":[{"href":"https:\/\/www.ipl-hamburg.com\/tr\/wp-json\/wp\/v2\/pages\/2773","targetHints":{"allow":["GET"]}}],"collection":[{"href":"https:\/\/www.ipl-hamburg.com\/tr\/wp-json\/wp\/v2\/pages"}],"about":[{"href":"https:\/\/www.ipl-hamburg.com\/tr\/wp-json\/wp\/v2\/types\/page"}],"author":[{"embeddable":true,"href":"https:\/\/www.ipl-hamburg.com\/tr\/wp-json\/wp\/v2\/users\/1"}],"replies":[{"embeddable":true,"href":"https:\/\/www.ipl-hamburg.com\/tr\/wp-json\/wp\/v2\/comments?post=2773"}],"version-history":[{"count":0,"href":"https:\/\/www.ipl-hamburg.com\/tr\/wp-json\/wp\/v2\/pages\/2773\/revisions"}],"up":[{"embeddable":true,"href":"https:\/\/www.ipl-hamburg.com\/tr\/wp-json\/wp\/v2\/pages\/2698"}],"wp:attachment":[{"href":"https:\/\/www.ipl-hamburg.com\/tr\/wp-json\/wp\/v2\/media?parent=2773"}],"curies":[{"name":"wp","href":"https:\/\/api.w.org\/{rel}","templated":true}]}}