{"id":2786,"date":"2018-11-06T16:28:03","date_gmt":"2018-11-06T15:28:03","guid":{"rendered":"https:\/\/iplhamburg.netzlicht.com\/kil-aldirma\/ipl-tedavisinden-oencesi-ve-sonrasi\/"},"modified":"2019-04-05T14:38:59","modified_gmt":"2019-04-05T12:38:59","slug":"ipl-tedavisinden-oencesi-ve-sonrasi","status":"publish","type":"page","link":"https:\/\/www.ipl-hamburg.com\/tr\/kil-aldirma\/ipl-tedavisinden-oencesi-ve-sonrasi\/","title":{"rendered":"IPL Tedavisinden \u00f6ncesi ve sonras\u0131"},"content":{"rendered":"<div class=\"wpb-content-wrapper\"><p>[vc_row el_class=&#8221;mitsidebar&#8221;][vc_column width=&#8221;3\/4&#8243; offset=&#8221;vc_col-lg-offset-0 vc_col-lg-9 vc_col-md-offset-0 vc_col-md-9 vc_col-sm-offset-0 vc_col-xs-12&#8243;]<div class=\"ult-spacer spacer-69f1aa755705a\" data-id=\"69f1aa755705a\" data-height=\"30\" data-height-mobile=\"30\" data-height-tab=\"30\" data-height-tab-portrait=\"\" data-height-mobile-landscape=\"\" style=\"clear:both;display:block;\"><\/div><div id=\"ultimate-heading-653369f1aa75570be\" class=\"uvc-heading ult-adjust-bottom-margin ultimate-heading-653369f1aa75570be uvc-4968 \" data-hspacer=\"no_spacer\"  data-halign=\"left\" style=\"text-align:left\"><div class=\"uvc-heading-spacer no_spacer\" style=\"top\"><\/div><div class=\"uvc-main-heading ult-responsive\"  data-ultimate-target='.uvc-heading.ultimate-heading-653369f1aa75570be h2'  data-responsive-json-new='{\"font-size\":\"\",\"line-height\":\"\"}' ><h2 style=\"font-weight:normal;color:#589935;\">IPL Tedavisinden \u00f6ncesi ve sonras\u0131<\/h2><\/div><div class=\"uvc-sub-heading ult-responsive\"  data-ultimate-target='.uvc-heading.ultimate-heading-653369f1aa75570be .uvc-sub-heading '  data-responsive-json-new='{\"font-size\":\"desktop:20px;\",\"line-height\":\"desktop:30px;\"}'  style=\"font-weight:normal;\"><\/p>\n<h4>T\u00fcy d\u00f6k\u00fcc\u00fc bir tedavi uygularken buna dikkat etmelisiniz:<\/h4>\n<p><\/div><\/div><div class=\"ult-spacer spacer-69f1aa7557125\" data-id=\"69f1aa7557125\" data-height=\"30\" data-height-mobile=\"30\" data-height-tab=\"30\" data-height-tab-portrait=\"\" data-height-mobile-landscape=\"\" style=\"clear:both;display:block;\"><\/div>[vc_tabs][vc_tab title=&#8221;\u00d6nce&#8221; tab_id=&#8221;cddd8642-015b-8&#8243;]<div class=\"standard-arrow list-divider\"><ul>\n<li>IPL tedavisinden en az 6 hafta boyunca g\u00fcne\u015flenmeyiniz ve solaryuma gitmeyiniz. Cildinizin rengi ne kadar a\u00e7\u0131ksa, tedavi de o kadar etkilidir.<\/li>\n<li>Tedaviden 24 saat \u00f6nce klordan gelen ciltte tahri\u015f sak\u0131nmak i\u00e7in saunaya ya da havuza \/ jakuziye girmeyiniz.<\/li>\n<li>IPL tedavisinden \u00f6nce 4 ile 6 hafta boyunca k\u0131llar\u0131n\u0131z\u0131 \u00e7ekmeyin ve ada etmeyin. Sadece t\u0131ra\u015f edebilirsiniz.<\/li>\n<li>IPL tedavisinden 1 veya 2 g\u00fcn \u00f6nce tedavi olacak v\u00fccut k\u0131s\u0131mlar\u0131n\u0131 t\u0131ra\u015f ediniz.<\/li>\n<li>Bronzla\u015ft\u0131r\u0131c\u0131 ya da cilt renginizi de\u011fi\u015ftiren bir krem kullanmay\u0131n\u0131z.<\/li>\n<li>Cildinizi \u0131\u015f\u0131\u011fa kar\u015f\u0131 hassas yapan ila\u00e7lar i\u00e7meyiniz.<\/li>\n<li>Tedavi olaca\u011f\u0131n\u0131z g\u00fcnde deodoran, kremler ya da makyaj kullanmay\u0131n\u0131z.<\/li>\n<\/ul>\n<\/div>[\/vc_tab][vc_tab title=&#8221;Sonra&#8221; tab_id=&#8221;34ed5762-1037-5&#8243;]<div class=\"standard-arrow list-divider\"><ul>\n<li>Tedaviden 24 saat sonra klordan gelen ciltte tahri\u015f sak\u0131nmak i\u00e7in saunaya ya da havuza \/ jakuziye girmeyiniz.<\/li>\n<li>NE\u011fer laz\u0131msa tedavi oldu\u011fu v\u00fccut k\u0131s\u0131mlar\u0131 so\u011futun (mesela so\u011fuk havlularla).<\/li>\n<li>IPL tedavisinden sonra sorun olmadan du\u015f al\u0131p ya da banyo yapabilirsiniz.<\/li>\n<li>L\u00fctfen parf\u00fcml\u00fc sabun ya da du\u015f jeli kullanmay\u0131n\u0131z.<\/li>\n<li>S\u0131cak banyo yapmay\u0131n\u0131z.<\/li>\n<li>Y\u00fcz maskesi ya da kese yapmay\u0131n\u0131z.<\/li>\n<li>IPL tedavisinden sonra en az 3 g\u00fcn boyunca koltuk alt\u0131 ve cinsel b\u00f6lgesinde parf\u00fcml\u00fc \u00fcr\u00fcnler kullanmay\u0131n\u0131z.<\/li>\n<li>G\u00fcnl\u00fck bak\u0131m i\u00e7in l\u00fctfen g\u00fcne\u015ften koruma fakt\u00f6r\u00fc y\u00fcksek olan bir krem kullan\u0131n\u0131z.<\/li>\n<li>Tedavi esnas\u0131nda d\u00fc\u015fen ya da \u00e7\u0131kan k\u0131llar\u0131 sadece t\u0131ra\u015f ediniz.<\/li>\n<li>2 g\u00fcn ge\u00e7ince yine makyaj kullanabilirsiniz.<\/li>\n<li>IPL tedavisinden hemen sonra tedavi oldu\u011fu v\u00fccut k\u0131s\u0131mlar\u0131nda k\u0131zarma, \u015fi\u015fkinlik, s\u0131cak bir duygu, hassasl\u0131k ve ka\u015f\u0131nt\u0131 \u00e7\u0131kabilir, fakat k\u0131sa zamanda ge\u00e7ecek. Bu sorunlar 2 g\u00fcnden sonra yok olmad\u0131ysa bizimle hemen irtibata ge\u00e7iniz..<\/li>\n<\/ul>\n<\/div>[\/vc_tab][\/vc_tabs]<div class=\"ult-spacer spacer-69f1aa755723c\" data-id=\"69f1aa755723c\" data-height=\"50\" data-height-mobile=\"50\" data-height-tab=\"50\" data-height-tab-portrait=\"\" data-height-mobile-landscape=\"\" style=\"clear:both;display:block;\"><\/div>[\/vc_column][vc_column width=&#8221;1\/4&#8243; offset=&#8221;vc_col-lg-offset-0 vc_col-lg-3 vc_col-md-offset-0 vc_col-md-3 vc_col-sm-offset-0 vc_hidden-sm vc_col-xs-12 vc_hidden-xs&#8221;][vc_widget_sidebar sidebar_id=&#8221;sidebar_7&#8243;][\/vc_column][\/vc_row][vc_row][vc_column offset=&#8221;vc_hidden-lg vc_hidden-md&#8221;][vc_widget_sidebar sidebar_id=&#8221;sidebar_7&#8243;]<div class=\"ult-spacer spacer-69f1aa755725a\" data-id=\"69f1aa755725a\" data-height=\"20\" data-height-mobile=\"20\" data-height-tab=\"20\" data-height-tab-portrait=\"\" data-height-mobile-landscape=\"\" style=\"clear:both;display:block;\"><\/div>[\/vc_column][\/vc_row][vc_row equal_height=&#8221;yes&#8221; bg_type=&#8221;bg_color&#8221; bg_override=&#8221;ex-full&#8221; bg_color_value=&#8221;#ffffff&#8221; el_class=&#8221;calltoaektschn&#8221;][vc_column css=&#8221;.vc_custom_1539097314964{padding-top: 0px !important;}&#8221;]<section class=\"shortcode-action-box box-style-table shortcode-action-bg block-style-widget pulse animate-element\"><div class=\"text-big\"><div class=\"gap\" style=\"line-height: 10px; height: 10px;\"><\/div>\n<h5>IPL yerine sadece daha etkili lazer y\u00f6ntemini sunuyoruz!\/h5><\/p>\n<\/div><div class=\"shortcode-action-container action-button\"><a href=\"\/tr\/kil-aldirma\/\" class=\"btn-shortcode dt-btn-m dt-btn default-btn-color default-btn-hover-color default-btn-bg-color default-btn-bg-hover-color fadeIn animate-element animation-builder\" id=\"dt-btn-1\"><span>daha<\/span><\/a><\/div><\/section>[\/vc_column][\/vc_row]<\/p>\n<\/div>","protected":false},"excerpt":{"rendered":"<p>[vc_row el_class=&#8221;mitsidebar&#8221;][vc_column width=&#8221;3\/4&#8243; offset=&#8221;vc_col-lg-offset-0 vc_col-lg-9 vc_col-md-offset-0 vc_col-md-9 vc_col-sm-offset-0 vc_col-xs-12&#8243;][vc_tabs][vc_tab title=&#8221;\u00d6nce&#8221; tab_id=&#8221;cddd8642-015b-8&#8243;][\/vc_tab][vc_tab title=&#8221;Sonra&#8221; tab_id=&#8221;34ed5762-1037-5&#8243;][\/vc_tab][\/vc_tabs][\/vc_column][vc_column width=&#8221;1\/4&#8243; offset=&#8221;vc_col-lg-offset-0 vc_col-lg-3 vc_col-md-offset-0 vc_col-md-3 vc_col-sm-offset-0 vc_hidden-sm vc_col-xs-12 vc_hidden-xs&#8221;][vc_widget_sidebar sidebar_id=&#8221;sidebar_7&#8243;][\/vc_column][\/vc_row][vc_row][vc_column offset=&#8221;vc_hidden-lg vc_hidden-md&#8221;][vc_widget_sidebar sidebar_id=&#8221;sidebar_7&#8243;][\/vc_column][\/vc_row][vc_row equal_height=&#8221;yes&#8221; bg_type=&#8221;bg_color&#8221; bg_override=&#8221;ex-full&#8221; bg_color_value=&#8221;#ffffff&#8221; el_class=&#8221;calltoaektschn&#8221;][vc_column css=&#8221;.vc_custom_1539097314964{padding-top: 0px !important;}&#8221;][\/vc_column][\/vc_row]<\/p>\n","protected":false},"author":1,"featured_media":0,"parent":2698,"menu_order":600,"comment_status":"closed","ping_status":"closed","template":"","meta":{"footnotes":""},"class_list":["post-2786","page","type-page","status-publish","hentry","description-off"],"_links":{"self":[{"href":"https:\/\/www.ipl-hamburg.com\/tr\/wp-json\/wp\/v2\/pages\/2786","targetHints":{"allow":["GET"]}}],"collection":[{"href":"https:\/\/www.ipl-hamburg.com\/tr\/wp-json\/wp\/v2\/pages"}],"about":[{"href":"https:\/\/www.ipl-hamburg.com\/tr\/wp-json\/wp\/v2\/types\/page"}],"author":[{"embeddable":true,"href":"https:\/\/www.ipl-hamburg.com\/tr\/wp-json\/wp\/v2\/users\/1"}],"replies":[{"embeddable":true,"href":"https:\/\/www.ipl-hamburg.com\/tr\/wp-json\/wp\/v2\/comments?post=2786"}],"version-history":[{"count":0,"href":"https:\/\/www.ipl-hamburg.com\/tr\/wp-json\/wp\/v2\/pages\/2786\/revisions"}],"up":[{"embeddable":true,"href":"https:\/\/www.ipl-hamburg.com\/tr\/wp-json\/wp\/v2\/pages\/2698"}],"wp:attachment":[{"href":"https:\/\/www.ipl-hamburg.com\/tr\/wp-json\/wp\/v2\/media?parent=2786"}],"curies":[{"name":"wp","href":"https:\/\/api.w.org\/{rel}","templated":true}]}}