{"id":2792,"date":"2018-11-06T17:38:52","date_gmt":"2018-11-06T16:38:52","guid":{"rendered":"https:\/\/iplhamburg.netzlicht.com\/kil-aldirma\/sorular-cevaplar-shr-tuey-aldirma\/"},"modified":"2018-12-14T17:00:46","modified_gmt":"2018-12-14T16:00:46","slug":"sorular-cevaplar-shr-tuey-aldirma","status":"publish","type":"page","link":"https:\/\/www.ipl-hamburg.com\/tr\/kil-aldirma\/sorular-cevaplar-shr-tuey-aldirma\/","title":{"rendered":"Sorular &#038; Cevaplar: SHR T\u00fcy Ald\u0131rma"},"content":{"rendered":"<div class=\"wpb-content-wrapper\"><p>[vc_row el_class=&#8221;mitsidebar&#8221;][vc_column width=&#8221;3\/4&#8243; offset=&#8221;vc_col-lg-offset-0 vc_col-lg-9 vc_col-md-offset-0 vc_col-md-9 vc_col-sm-offset-0 vc_col-xs-12&#8243;]<div class=\"ult-spacer spacer-69e477c00304c\" data-id=\"69e477c00304c\" data-height=\"30\" data-height-mobile=\"30\" data-height-tab=\"30\" data-height-tab-portrait=\"\" data-height-mobile-landscape=\"\" style=\"clear:both;display:block;\"><\/div><div id=\"ultimate-heading-273469e477c0030b0\" class=\"uvc-heading ult-adjust-bottom-margin ultimate-heading-273469e477c0030b0 uvc-1532 \" data-hspacer=\"no_spacer\"  data-halign=\"left\" style=\"text-align:left\"><div class=\"uvc-heading-spacer no_spacer\" style=\"top\"><\/div><div class=\"uvc-main-heading ult-responsive\"  data-ultimate-target='.uvc-heading.ultimate-heading-273469e477c0030b0 h2'  data-responsive-json-new='{\"font-size\":\"\",\"line-height\":\"\"}' ><h2 style=\"font-weight:normal;color:#589935;\">SHR teknolojisi ile kal\u0131c\u0131 t\u00fcy ald\u0131rmaya ili\u015fkin<\/h2><\/div><div class=\"uvc-sub-heading ult-responsive\"  data-ultimate-target='.uvc-heading.ultimate-heading-273469e477c0030b0 .uvc-sub-heading '  data-responsive-json-new='{\"font-size\":\"desktop:20px;\",\"line-height\":\"desktop:30px;\"}'  style=\"font-weight:normal;\"><\/p>\n<h4>Sorular ve cevaplar:<\/h4>\n<p><\/div><\/div><div class=\"ult-spacer spacer-69e477c003118\" data-id=\"69e477c003118\" data-height=\"30\" data-height-mobile=\"30\" data-height-tab=\"30\" data-height-tab-portrait=\"\" data-height-mobile-landscape=\"\" style=\"clear:both;display:block;\"><\/div>[vc_accordion active_tab=&#8221;1&#8243; title_size=&#8221;h3&#8243; style=&#8221;2&#8243;][vc_accordion_tab title=&#8221;Tedavi ne zaman yap\u0131labilir?&#8221; el_id=&#8221;1faqipl&#8221;][vc_column_text]\u0130ster IPL \u2013 Y\u00f6ntemine, ister SHR \u2013 Y\u00f6ntemine karar verin, kal\u0131c\u0131 t\u00fcy ald\u0131rma sadece t\u00fcylerin aktif olarak uzad\u0131\u011f\u0131 evrede (Anajen evresi) m\u00fcmk\u00fcn olur. Bu evrede melanin konsantrasyonu en y\u00fcksek seviyede ve t\u00fcy ile k\u00f6k birbirine s\u0131k\u0131ca ba\u011fl\u0131d\u0131r. T\u00fcy uzamas\u0131n\u0131n \u00fc\u00e7te biri bu evrede ger\u00e7ekle\u015fir, b\u00f6ylelikle bir uygulama esnas\u0131nda t\u00fcy k\u00f6klerin yakla\u015f\u0131k y\u00fczde 20 si at\u0131m \u0131\u015f\u0131\u011f\u0131 sayesinde kal\u0131c\u0131 olarak yok edilir.[\/vc_column_text][\/vc_accordion_tab][vc_accordion_tab title=&#8221;Ka\u00e7 kere tedaviye gelmem laz\u0131m?&#8221; el_id=&#8221;Hauttyp221e&#8221;][vc_column_text]SHR ile en iyi neticeyi elde edebilmek i\u00e7in, 4-8 hafta i\u00e7erisinde aral\u0131klarla yap\u0131lan, en az 6-8 uygulama yapt\u0131r\u0131lmas\u0131 tavsiye edilir. Ancak bunun, aktif olarak b\u00fcy\u00fcme evresindeki t\u00fcylerin s\u0131kl\u0131\u011f\u0131na ve rengine ve t\u00fcy miktar\u0131na ba\u011fl\u0131 oldu\u011funa dikkat edilmelidir. Bu sebepten m\u00fcnferit seanslar\u0131n say\u0131s\u0131 ki\u015fiden ki\u015fiye farkl\u0131l\u0131k g\u00f6sterir.[\/vc_column_text][\/vc_accordion_tab][vc_accordion_tab title=&#8221;Wie lange dauert die einzelne Behandlungssitzung?&#8221; el_id=&#8221;Hauttyp3wqdq&#8221;][vc_column_text]Bu v\u00fccut b\u00f6lgesinde uygulama yap\u0131lacak olan alana ba\u011fl\u0131d\u0131r. Uygulama s\u00fcresi \u00fcst dudakta bir ka\u00e7 dakika, alt bacakta yar\u0131m saat s\u00fcrerken, tam v\u00fcc\u00fctta bir saatten fazla s\u00fcrebilir. Merkezimizde bulunan Soprano\u2019nun Alma Laser\u2019in SHR uygulama s\u00fcresi, yine merkezimizde bulunan IPL teknoojisine g\u00f6re daha az zaman al\u0131r.[\/vc_column_text][\/vc_accordion_tab][vc_accordion_tab title=&#8221;Ten renginin uygulama ba\u015far\u0131s\u0131 \u00fczerindeki etkisi nedir?&#8221; el_id=&#8221;Hauttyp4afasf&#8221;][vc_column_text]IPL y\u00f6nteminin aksine, SHR y\u00f6ntemi ile bronzla\u015ft\u0131r\u0131lm\u0131\u015f ten \u00fczerinde de dahil olmak \u00fczere, t\u00fcm cilt tipleri \u00fczerinde uygulama yap\u0131labilir.[\/vc_column_text][\/vc_accordion_tab][vc_accordion_tab title=&#8221;Uygulama \u00f6ncesi ve sonras\u0131 neye dikkat edilmelidir ?&#8221; el_id=&#8221;Hauttyp5wdasf&#8221;][vc_column_text]Ister IPL y\u00f6ntemine, ister SHR y\u00f6ntemine karar verin, uygulama ba\u015flang\u0131c\u0131ndan iki hafta \u00f6ncesine kadar, t\u00fcy ile k\u00f6k aras\u0131ndaki ba\u011flat\u0131n\u0131n bozulmamas\u0131 gerekti\u011finden, t\u00fcyler c\u0131mb\u0131zla \u00e7ekilmemeli, epilasyon yap\u0131lmamal\u0131 veya a\u011fda uygulanmamal\u0131. Uygulama \u00f6nceden t\u0131ra\u015f edilmi\u015f cilt \u00fczerinde yap\u0131l\u0131r.<\/p>\n<p>Uygulama \u00f6ncesinde cilt \u00fczerine v\u00fccut losyonu s\u00fcr\u00fclmemelidir ve uygulama g\u00fcn\u00fcnde deodorant kullan\u0131lmamal\u0131d\u0131r. Uygulama sonras\u0131nda cilt hafif tahri\u015f oldu\u011fundan ve kurudu\u011fundan, uygulama yap\u0131lan b\u00f6lgelere Aloe Vera losyounu s\u00fcr\u00fclmesi tavsiye edilir.<\/p>\n<p>\u00d6nemli: Uygulamadan bir ka\u00e7 g\u00fcn \u00f6nce ba\u015flayarak, uygulama g\u00fcn\u00fcne kadar bol su \u015feklinde s\u0131v\u0131 t\u00fcketilmelidir. G\u00fcne\u015fe \u00e7\u0131kma eylemi ve solaryum kullan\u0131m\u0131 uygulaman\u0131n hemen \u00f6ncesinde veya hemen sonras\u0131nda yap\u0131lmamal\u0131d\u0131r. Uygulamadan hemen sonra y\u00fcz\u00fclmemelidir, sauna kullan\u0131lmamal\u0131d\u0131r ve k\u00fcvetli s\u0131cak banyolar yap\u0131lmamal\u0131d\u0131r. Bunlar daha fazla k\u0131zar\u0131kl\u0131\u011fa veya cilt yan\u0131klar\u0131na neden olabilecek ek uyar\u0131c\u0131lard\u0131r.[\/vc_column_text][\/vc_accordion_tab][vc_accordion_tab title=&#8221;Riskler ve yan etkiler mevcut mudur?&#8221; el_id=&#8221;32543tgdfh34ef&#8221;][vc_column_text]Cilt tipi ve hassasiyetine ba\u011fl\u0131 olarak, cilt \u00fczerinde hafif bir k\u0131zar\u0131kl\u0131k (eritem) veya hafif bir \u015fi\u015flik (\u00f6dem) olu\u015fabilir. Bu normal reaksiyonlar, daima uygulaman\u0131n etkili oldu\u011funa dair bir i\u015farettir ve genellikle de k\u0131sa bir s\u00fcre sonra ortadan kaybolurlar.[\/vc_column_text]<div class=\"standard-arrow list-divider\"><ul>\n<li>Alerjik ve toksik reaksiyon g\u00f6sterebilecek ila\u00e7lar\u0131n \u00f6nceden al\u0131nmas\u0131n\u0131n sak\u0131ncal\u0131 olup olmad\u0131\u011f\u0131n\u0131 doktorunuza dan\u0131\u015f\u0131n.<\/li>\n<li>D\u00f6vmelerin (Tattoo) \u00fczerileri \u00f6zenli bir \u015fekilde kapat\u0131lmal\u0131d\u0131r. Aksi taktirde uygulama s\u0131ras\u0131nda hasar alabilir ve bozulabilirler<\/li>\n<\/ul>\n<\/div>[\/vc_accordion_tab][vc_accordion_tab title=&#8221;K\u0131llar\u0131n kal\u0131c\u0131 olarak yok edilme garantisi var m\u0131d\u0131r?&#8221; el_id=&#8221;wfafqwf325324tgeg&#8221;][vc_column_text]\u0130nsan, y\u00fcksek bir oran\u0131 cilt alt\u0131nda uyuyan, milyonlarca t\u00fcy folik\u00fcl\u00fcne sahip. Tamamlanm\u0131\u015f bir tedaviden sonra, uygulama yap\u0131lan b\u00f6lgeler tamamen t\u00fcys\u00fcz kalsa bile, hormon takvilyeleri, gebelik, menopoz etkileri seyrek olarak yeni t\u00fcylerin \u00e7\u0131kmas\u0131na neden olabilir. Bu nedenle hi\u00e7 kimse, bu uygulama ile bir \u00f6m\u00fcr boyu y\u00fczde y\u00fcz ba\u015far\u0131 elde edilmesi i\u00e7in bir garanti veremez. Ancak SHR \u2013 Tedavisi yeterince uzunluktaki bir uygulama s\u00fcresinde yapt\u0131r\u0131l\u0131rsa, kal\u0131c\u0131 t\u00fcy ald\u0131rmada bu y\u00f6ntem, \u015fu anki en g\u00fcvenilir, en yumu\u015fak, en h\u0131zl\u0131 ve en etkili y\u00f6ntemdir.<\/p>\n<p>T\u00fcylerin kal\u0131c\u0131 olarak yok olmas\u0131 i\u00e7in,hi\u00e7bir g\u00fcvenilir merkezin size garanti vermesi m\u00fcmk\u00fcn de\u011fildir.[\/vc_column_text][\/vc_accordion_tab][vc_accordion_tab title=&#8221;Biz neden mevcut y\u00f6ntemler ve st\u00fcdyolardan daha hesapl\u0131y\u0131z?&#8221; el_id=&#8221;qwfqw3253464zh45z&#8221;][vc_column_text]Maliyetlerimizi m\u00fcmk\u00fcn oldu\u011funca d\u00fc\u015f\u00fck tuttu\u011fumuzdan, di\u011fer merkezlere g\u00f6re daha uygunuz. B\u00f6ylelikle herkes kal\u0131c\u0131 t\u00fcy ald\u0131rma uygulamas\u0131 yapt\u0131rabilir.<\/p>\n<p>Bize g\u00f6re d\u00fc\u015f\u00fck bir fiyat, kaliteden \u00f6d\u00fcn verme ile hi\u00e7 bir ilgisi yoktur. Bunun tam aksine, hastalar\u0131m\u0131z\u0131n bilgilenmesine ve cihazlar\u0131n bak\u0131m\u0131na b\u00fcy\u00fck \u00f6nem vermekteyiz.<\/p>\n<p>Kalite pahal\u0131 olmak zorunda de\u011fil \u2013 IPL Hamburg![\/vc_column_text][\/vc_accordion_tab][\/vc_accordion]<div class=\"ult-spacer spacer-69e477c0031cc\" data-id=\"69e477c0031cc\" data-height=\"50\" data-height-mobile=\"50\" data-height-tab=\"50\" data-height-tab-portrait=\"\" data-height-mobile-landscape=\"\" style=\"clear:both;display:block;\"><\/div>[\/vc_column][vc_column width=&#8221;1\/4&#8243; offset=&#8221;vc_col-lg-offset-0 vc_col-lg-3 vc_col-md-offset-0 vc_col-md-3 vc_col-sm-offset-0 vc_hidden-sm vc_col-xs-12 vc_hidden-xs&#8221;][vc_widget_sidebar sidebar_id=&#8221;sidebar_8&#8243;]<a href=\"\/tr\/kil-aldirma\/shr-tuey-aldirma-uygun\/\" class=\"btn-shortcode dt-btn-l dt-btn default-btn-color default-btn-hover-color default-btn-bg-color default-btn-bg-hover-color\" id=\"dt-btn-1\"><span>Fiyatlar &#8211; SHR<\/span><\/a>[\/vc_column][\/vc_row][vc_row][vc_column offset=&#8221;vc_hidden-lg vc_hidden-md&#8221;][vc_widget_sidebar sidebar_id=&#8221;sidebar_8&#8243;]<a href=\"\/tr\/kil-aldirma\/shr-tuey-aldirma-uygun\/\" class=\"btn-shortcode dt-btn-l dt-btn default-btn-color default-btn-hover-color default-btn-bg-color default-btn-bg-hover-color\" id=\"dt-btn-2\"><span>Fiyatlar &#8211; SHR<\/span><\/a><div class=\"ult-spacer spacer-69e477c00325f\" data-id=\"69e477c00325f\" data-height=\"20\" data-height-mobile=\"20\" data-height-tab=\"20\" data-height-tab-portrait=\"\" data-height-mobile-landscape=\"\" style=\"clear:both;display:block;\"><\/div>[\/vc_column][\/vc_row][vc_row equal_height=&#8221;yes&#8221; bg_type=&#8221;bg_color&#8221; bg_override=&#8221;ex-full&#8221; bg_color_value=&#8221;#ffffff&#8221; el_class=&#8221;calltoaektschn&#8221;][vc_column css=&#8221;.vc_custom_1539097314964{padding-top: 0px !important;}&#8221;]<section class=\"shortcode-action-box box-style-table shortcode-action-bg block-style-widget pulse animate-element\"><div class=\"text-big\"><div class=\"gap\" style=\"line-height: 10px; height: 10px;\"><\/div>\n<h5>Tam v\u00fccut tedavisi istiyorsan\u0131z bize ula\u015f\u0131n!<\/h5>\n<\/div><div class=\"shortcode-action-container action-button\"><a href=\"\/tr\/randevu\/\" class=\"btn-shortcode dt-btn-m dt-btn default-btn-color default-btn-hover-color default-btn-bg-color default-btn-bg-hover-color fadeIn animate-element animation-builder\" id=\"dt-btn-3\"><span>randevu anla\u015fmas\u0131<\/span><\/a><\/div><\/section>[\/vc_column][\/vc_row]<\/p>\n<\/div>","protected":false},"excerpt":{"rendered":"<p>[vc_row el_class=&#8221;mitsidebar&#8221;][vc_column width=&#8221;3\/4&#8243; offset=&#8221;vc_col-lg-offset-0 vc_col-lg-9 vc_col-md-offset-0 vc_col-md-9 vc_col-sm-offset-0 vc_col-xs-12&#8243;][vc_accordion active_tab=&#8221;1&#8243; title_size=&#8221;h3&#8243; style=&#8221;2&#8243;][vc_accordion_tab title=&#8221;Tedavi ne zaman yap\u0131labilir?&#8221; el_id=&#8221;1faqipl&#8221;][vc_column_text]\u0130ster IPL \u2013 Y\u00f6ntemine, ister SHR \u2013 Y\u00f6ntemine karar verin, kal\u0131c\u0131 t\u00fcy ald\u0131rma sadece t\u00fcylerin aktif olarak uzad\u0131\u011f\u0131 evrede (Anajen evresi) m\u00fcmk\u00fcn olur. Bu evrede melanin konsantrasyonu en y\u00fcksek seviyede ve t\u00fcy ile k\u00f6k birbirine s\u0131k\u0131ca ba\u011fl\u0131d\u0131r. T\u00fcy uzamas\u0131n\u0131n&hellip;<\/p>\n","protected":false},"author":1,"featured_media":0,"parent":2698,"menu_order":600,"comment_status":"closed","ping_status":"closed","template":"","meta":{"footnotes":""},"class_list":["post-2792","page","type-page","status-publish","hentry","description-off"],"_links":{"self":[{"href":"https:\/\/www.ipl-hamburg.com\/tr\/wp-json\/wp\/v2\/pages\/2792","targetHints":{"allow":["GET"]}}],"collection":[{"href":"https:\/\/www.ipl-hamburg.com\/tr\/wp-json\/wp\/v2\/pages"}],"about":[{"href":"https:\/\/www.ipl-hamburg.com\/tr\/wp-json\/wp\/v2\/types\/page"}],"author":[{"embeddable":true,"href":"https:\/\/www.ipl-hamburg.com\/tr\/wp-json\/wp\/v2\/users\/1"}],"replies":[{"embeddable":true,"href":"https:\/\/www.ipl-hamburg.com\/tr\/wp-json\/wp\/v2\/comments?post=2792"}],"version-history":[{"count":0,"href":"https:\/\/www.ipl-hamburg.com\/tr\/wp-json\/wp\/v2\/pages\/2792\/revisions"}],"up":[{"embeddable":true,"href":"https:\/\/www.ipl-hamburg.com\/tr\/wp-json\/wp\/v2\/pages\/2698"}],"wp:attachment":[{"href":"https:\/\/www.ipl-hamburg.com\/tr\/wp-json\/wp\/v2\/media?parent=2792"}],"curies":[{"name":"wp","href":"https:\/\/api.w.org\/{rel}","templated":true}]}}