{"id":2817,"date":"2018-11-08T11:37:19","date_gmt":"2018-11-08T10:37:19","guid":{"rendered":"https:\/\/iplhamburg.netzlicht.com\/kil-aldirma\/ipl-fiyatlar\/"},"modified":"2024-09-20T11:18:22","modified_gmt":"2024-09-20T09:18:22","slug":"ipl-fiyatlar","status":"publish","type":"page","link":"https:\/\/www.ipl-hamburg.com\/tr\/kil-aldirma\/ipl-fiyatlar\/","title":{"rendered":"IPL Fiyatlar"},"content":{"rendered":"<div class=\"wpb-content-wrapper\"><p>[vc_row el_class=&#8221;mitsidebar&#8221;][vc_column width=&#8221;3\/4&#8243; offset=&#8221;vc_col-lg-offset-0 vc_col-lg-9 vc_col-md-offset-0 vc_col-md-9 vc_col-sm-offset-0 vc_col-xs-12&#8243;]<div class=\"ult-spacer spacer-69f1ac1904779\" data-id=\"69f1ac1904779\" data-height=\"30\" data-height-mobile=\"30\" data-height-tab=\"30\" data-height-tab-portrait=\"\" data-height-mobile-landscape=\"\" style=\"clear:both;display:block;\"><\/div><div id=\"ultimate-heading-645569f1ac1904809\" class=\"uvc-heading ult-adjust-bottom-margin ultimate-heading-645569f1ac1904809 uvc-976 \" data-hspacer=\"no_spacer\"  data-halign=\"left\" style=\"text-align:left\"><div class=\"uvc-heading-spacer no_spacer\" style=\"top\"><\/div><div class=\"uvc-main-heading ult-responsive\"  data-ultimate-target='.uvc-heading.ultimate-heading-645569f1ac1904809 h2'  data-responsive-json-new='{\"font-size\":\"\",\"line-height\":\"\"}' ><h2 style=\"font-weight:normal;color:#589935;\">IPL K\u0131l ald\u0131rma i\u00e7in fiyatlar<\/h2><\/div><div class=\"uvc-sub-heading ult-responsive\"  data-ultimate-target='.uvc-heading.ultimate-heading-645569f1ac1904809 .uvc-sub-heading '  data-responsive-json-new='{\"font-size\":\"desktop:20px;\",\"line-height\":\"desktop:30px;\"}'  style=\"font-weight:normal;\"><\/p>\n<h4>IPL yerine, \u015fimdi size en geli\u015fmi\u015f SHR lazer y\u00f6ntemini sunuyoruz:<\/h4>\n<p><\/div><\/div><div class=\"ult-spacer spacer-69f1ac19048a1\" data-id=\"69f1ac19048a1\" data-height=\"30\" data-height-mobile=\"30\" data-height-tab=\"30\" data-height-tab-portrait=\"\" data-height-mobile-landscape=\"\" style=\"clear:both;display:block;\"><\/div>[vc_row_inner][vc_column_inner width=&#8221;1\/2&#8243;]<a href=\"\/tr\/kil-aldirma\/mediostar-tuey-aldirma-uygun\/\" class=\"btn-shortcode dt-btn-l dt-btn default-btn-color default-btn-hover-color default-btn-bg-color default-btn-bg-hover-color\" id=\"dt-btn-1\"><span>Fiyatlar &#8211; MeDioStar Laser<\/span><\/a>[\/vc_column_inner][vc_column_inner width=&#8221;1\/2&#8243;]<a href=\"\/tr\/kil-aldirma\/shr-tuey-aldirma-uygun\/\" class=\"btn-shortcode dt-btn-l dt-btn default-btn-color default-btn-hover-color default-btn-bg-color default-btn-bg-hover-color\" id=\"dt-btn-2\"><span>Fiyatlar &#8211; SHR<\/span><\/a>[\/vc_column_inner][\/vc_row_inner]<div class=\"ult-spacer spacer-69f1ac19049ce\" data-id=\"69f1ac19049ce\" data-height=\"30\" data-height-mobile=\"30\" data-height-tab=\"30\" data-height-tab-portrait=\"\" data-height-mobile-landscape=\"\" style=\"clear:both;display:block;\"><\/div>[vc_column_text css=&#8221;&#8221;]Verilen fiyatlar yakla\u015f\u0131k fiyatlard\u0131r. \u015eahsen sizinle g\u00f6r\u00fc\u015ft\u00fckten, cildinizi ve uygulaman\u0131n yap\u0131laca\u011f\u0131 v\u00fccut b\u00f6lgesini inceledikten sonra size kesin bir fiyat s\u00f6yleyebilmekteyiz. Bir\u00e7ok paket uygulama se\u00e7ti\u011finiz taktirde \u00f6zel fiyatlar\u0131m\u0131zdan yararlanabilirsiniz. Fiyatlar \u015fu an ge\u00e7erli %19 KDV\u2019yi i\u00e7ermektedir.<\/p>\n<p>Arad\u0131\u011f\u0131n\u0131z tedavi y\u00f6ntemini burada bulam\u0131yorsan\u0131z bize telefon ile her zaman ula\u015fabilirsiniz. Sonucunda size uygun bir fiyat teklifi sunabiliriz \u0130rtibat formu.<\/p>\n<p>Fiyatlar seans ba\u015f\u0131na ge\u00e7erlidir ve her tedaviden sonra \u00f6denir. 200 Avro\u2019yu ge\u00e7en uygulamalarda isterseniz size, faiz talep etmeksizin taksitle \u00f6deme imkan\u0131 sunmaktay\u0131z!<\/p>\n<p>Bu \u00f6deme f\u0131rsat\u0131ndan yararlanmak istiyorsan\u0131z talebinizi bize iletiniz.<\/p>\n<p>Sizi keyifle a\u011f\u0131rlayaca\u011f\u0131m\u0131zdan ve size en iyi hizmeti sunaca\u011f\u0131m\u0131zdan emin olabilirsiniz.<\/p>\n<p>\u015eayet randevunuza gelemeyecekseniz bize zaman\u0131nda haber verirseniz bu randevuyu ba\u015fka bir m\u00fc\u015fterimiz i\u00e7in kullanabiliriz. Randevudan 24 saat \u00f6nce haber verirseniz hi\u00e7 bir \u00fccret talep edilmeksizin randevunuz iptal edilir. Randevu saatine \u00e7ok yak\u0131n iptallerde bunun i\u00e7in bir \u00fccret talep edilir.[\/vc_column_text]<div class=\"ult-spacer spacer-69f1ac1904a01\" data-id=\"69f1ac1904a01\" data-height=\"50\" data-height-mobile=\"50\" data-height-tab=\"50\" data-height-tab-portrait=\"\" data-height-mobile-landscape=\"\" style=\"clear:both;display:block;\"><\/div>[\/vc_column][vc_column width=&#8221;1\/4&#8243; offset=&#8221;vc_col-lg-offset-0 vc_col-lg-3 vc_col-md-offset-0 vc_col-md-3 vc_col-sm-offset-0 vc_hidden-sm vc_col-xs-12 vc_hidden-xs&#8221;][vc_widget_sidebar sidebar_id=&#8221;sidebar_7&#8243;][\/vc_column][\/vc_row][vc_row][vc_column offset=&#8221;vc_hidden-lg vc_hidden-md&#8221;][vc_widget_sidebar sidebar_id=&#8221;sidebar_7&#8243;]<div class=\"ult-spacer spacer-69f1ac1904a31\" data-id=\"69f1ac1904a31\" data-height=\"20\" data-height-mobile=\"20\" data-height-tab=\"20\" data-height-tab-portrait=\"\" data-height-mobile-landscape=\"\" style=\"clear:both;display:block;\"><\/div>[\/vc_column][\/vc_row][vc_row equal_height=&#8221;yes&#8221; bg_type=&#8221;bg_color&#8221; bg_override=&#8221;ex-full&#8221; bg_color_value=&#8221;#ffffff&#8221; el_class=&#8221;calltoaektschn&#8221;][vc_column css=&#8221;.vc_custom_1539097314964{padding-top: 0px !important;}&#8221;]<section class=\"shortcode-action-box box-style-table shortcode-action-bg block-style-widget pulse animate-element\"><div class=\"text-big\"><div class=\"gap\" style=\"line-height: 10px; height: 10px;\"><\/div>\n<h5>IPL yerine art\u0131k sadece daha etkili lazer y\u00f6ntemini sunuyoruz!<\/h5>\n<\/div><div class=\"shortcode-action-container action-button\"><a href=\"\/tr\/kil-aldirma\/\" class=\"btn-shortcode dt-btn-m dt-btn default-btn-color default-btn-hover-color default-btn-bg-color default-btn-bg-hover-color fadeIn animate-element animation-builder\" id=\"dt-btn-3\"><span>daha fazla<\/span><\/a><\/div><\/section>[\/vc_column][\/vc_row]<\/p>\n<\/div>","protected":false},"excerpt":{"rendered":"<p>[vc_row el_class=&#8221;mitsidebar&#8221;][vc_column width=&#8221;3\/4&#8243; offset=&#8221;vc_col-lg-offset-0 vc_col-lg-9 vc_col-md-offset-0 vc_col-md-9 vc_col-sm-offset-0 vc_col-xs-12&#8243;][vc_row_inner][vc_column_inner width=&#8221;1\/2&#8243;][\/vc_column_inner][vc_column_inner width=&#8221;1\/2&#8243;][\/vc_column_inner][\/vc_row_inner][vc_column_text css=&#8221;&#8221;]Verilen fiyatlar yakla\u015f\u0131k fiyatlard\u0131r. \u015eahsen sizinle g\u00f6r\u00fc\u015ft\u00fckten, cildinizi ve uygulaman\u0131n yap\u0131laca\u011f\u0131 v\u00fccut b\u00f6lgesini inceledikten sonra size kesin bir fiyat s\u00f6yleyebilmekteyiz. Bir\u00e7ok paket uygulama se\u00e7ti\u011finiz taktirde \u00f6zel fiyatlar\u0131m\u0131zdan yararlanabilirsiniz. Fiyatlar \u015fu an ge\u00e7erli %19 KDV\u2019yi i\u00e7ermektedir. Arad\u0131\u011f\u0131n\u0131z tedavi y\u00f6ntemini burada bulam\u0131yorsan\u0131z bize telefon ile her&hellip;<\/p>\n","protected":false},"author":1,"featured_media":0,"parent":2698,"menu_order":600,"comment_status":"closed","ping_status":"closed","template":"","meta":{"footnotes":""},"class_list":["post-2817","page","type-page","status-publish","hentry","description-off"],"_links":{"self":[{"href":"https:\/\/www.ipl-hamburg.com\/tr\/wp-json\/wp\/v2\/pages\/2817","targetHints":{"allow":["GET"]}}],"collection":[{"href":"https:\/\/www.ipl-hamburg.com\/tr\/wp-json\/wp\/v2\/pages"}],"about":[{"href":"https:\/\/www.ipl-hamburg.com\/tr\/wp-json\/wp\/v2\/types\/page"}],"author":[{"embeddable":true,"href":"https:\/\/www.ipl-hamburg.com\/tr\/wp-json\/wp\/v2\/users\/1"}],"replies":[{"embeddable":true,"href":"https:\/\/www.ipl-hamburg.com\/tr\/wp-json\/wp\/v2\/comments?post=2817"}],"version-history":[{"count":3,"href":"https:\/\/www.ipl-hamburg.com\/tr\/wp-json\/wp\/v2\/pages\/2817\/revisions"}],"predecessor-version":[{"id":7640,"href":"https:\/\/www.ipl-hamburg.com\/tr\/wp-json\/wp\/v2\/pages\/2817\/revisions\/7640"}],"up":[{"embeddable":true,"href":"https:\/\/www.ipl-hamburg.com\/tr\/wp-json\/wp\/v2\/pages\/2698"}],"wp:attachment":[{"href":"https:\/\/www.ipl-hamburg.com\/tr\/wp-json\/wp\/v2\/media?parent=2817"}],"curies":[{"name":"wp","href":"https:\/\/api.w.org\/{rel}","templated":true}]}}