{"id":2832,"date":"2018-11-08T13:11:09","date_gmt":"2018-11-08T12:11:09","guid":{"rendered":"https:\/\/iplhamburg.netzlicht.com\/bagisiklik-kuerue\/"},"modified":"2018-11-08T13:11:15","modified_gmt":"2018-11-08T12:11:15","slug":"bagisiklik-kuerue","status":"publish","type":"page","link":"https:\/\/www.ipl-hamburg.com\/tr\/naturopatiye-iliskin-hizmetler\/enjeksiyon-kuerleri\/bagisiklik-kuerue\/","title":{"rendered":"Ba\u011f\u0131\u015f\u0131kl\u0131k K\u00fcr\u00fc"},"content":{"rendered":"<div class=\"wpb-content-wrapper\"><p>[vc_row el_class=&#8221;mitsidebar&#8221;][vc_column width=&#8221;3\/4&#8243; offset=&#8221;vc_col-lg-offset-0 vc_col-lg-9 vc_col-md-offset-0 vc_col-md-9 vc_col-sm-offset-0 vc_col-xs-12&#8243;]<div class=\"ult-spacer spacer-69f2821361e9b\" data-id=\"69f2821361e9b\" data-height=\"30\" data-height-mobile=\"30\" data-height-tab=\"30\" data-height-tab-portrait=\"\" data-height-mobile-landscape=\"\" style=\"clear:both;display:block;\"><\/div><div id=\"ultimate-heading-904569f2821361f04\" class=\"uvc-heading ult-adjust-bottom-margin ultimate-heading-904569f2821361f04 uvc-7290 \" data-hspacer=\"no_spacer\"  data-halign=\"left\" style=\"text-align:left\"><div class=\"uvc-heading-spacer no_spacer\" style=\"top\"><\/div><div class=\"uvc-main-heading ult-responsive\"  data-ultimate-target='.uvc-heading.ultimate-heading-904569f2821361f04 h2'  data-responsive-json-new='{\"font-size\":\"\",\"line-height\":\"\"}' ><h2 style=\"font-weight:normal;color:#589935;\">Biyolojik Ba\u011f\u0131\u015f\u0131kl\u0131k K\u00fcr\u00fc<\/h2><\/div><div class=\"uvc-sub-heading ult-responsive\"  data-ultimate-target='.uvc-heading.ultimate-heading-904569f2821361f04 .uvc-sub-heading '  data-responsive-json-new='{\"font-size\":\"desktop:20px;\",\"line-height\":\"desktop:30px;\"}'  style=\"font-weight:normal;\"><\/p>\n<h4>ba\u011f\u0131\u015f\u0131kl\u0131k sisteminin g\u00fc\u00e7lendirilmesi i\u00e7in<\/h4>\n<p><\/div><\/div><div class=\"ult-spacer spacer-69f2821361f80\" data-id=\"69f2821361f80\" data-height=\"30\" data-height-mobile=\"30\" data-height-tab=\"30\" data-height-tab-portrait=\"\" data-height-mobile-landscape=\"\" style=\"clear:both;display:block;\"><\/div>[vc_column_text css=&#8221;.vc_custom_1540208938339{margin-bottom: 0px !important;}&#8221;]Ba\u011f\u0131\u015f\u0131kl\u0131k sistemimiz bizi her zaman vir\u00fcslerin ve bakterilerin sald\u0131r\u0131lar\u0131ndan korumaktad\u0131r.<\/p>\n<p>Sa\u011fl\u0131ks\u0131z bir ya\u015fam bi\u00e7imi ve belirli altta yatan hastal\u0131klar gibi farkl\u0131 fakt\u00f6rler, ba\u011f\u0131\u015f\u0131kl\u0131k sistemimizi zay\u0131flatabilir. Y\u0131lda ortalama ikiden d\u00f6rt kereye kadar hastal\u0131k hepimizi yakalar. Burun akar, \u00f6ks\u00fcr\u00fck, ate\u015f ve kas a\u011fr\u0131lar\u0131 ile rahats\u0131z hissederiz:<\/p>\n<p>Grip zaman\u0131. \u00c7o\u011fu zaman halsiz hissediyorsan\u0131z, s\u0131k s\u0131k hasta oluyorsan\u0131z ve enfeksiyon aral\u0131klar\u0131n\u0131n git gide daha k\u0131sald\u0131\u011f\u0131n\u0131 d\u00fc\u015f\u00fcn\u00fcyorsan\u0131z, bir savunma zay\u0131fl\u0131\u011f\u0131 ya\u015f\u0131yor olabilirsiniz.<\/p>\n<p>Stres, d\u00fczensiz bir beslenme \u015fekli ve yetersiz uyku haricinde de kronik hastal\u0131klar ve bir\u00e7ok ila\u00e7, ba\u011f\u0131\u015f\u0131kl\u0131k sistemimizi zay\u0131flatabilir.<\/p>\n<p>Kendimizi ger\u00e7ekten rahat, fit ve verimli hissetti\u011fimiz zamanlar git gide k\u0131sal\u0131yor.[\/vc_column_text]<div class=\"ult-spacer spacer-69f2821361fa1\" data-id=\"69f2821361fa1\" data-height=\"40\" data-height-mobile=\"40\" data-height-tab=\"40\" data-height-tab-portrait=\"\" data-height-mobile-landscape=\"\" style=\"clear:both;display:block;\"><\/div>[\/vc_column][vc_column width=&#8221;1\/4&#8243; offset=&#8221;vc_col-lg-offset-0 vc_col-lg-3 vc_col-md-offset-0 vc_col-md-3 vc_col-sm-offset-0 vc_hidden-sm vc_col-xs-12 vc_hidden-xs&#8221;][vc_widget_sidebar sidebar_id=&#8221;sidebar_16&#8243;][\/vc_column][\/vc_row][vc_row equal_height=&#8221;yes&#8221; type=&#8221;vc_default&#8221;][vc_column css=&#8221;.vc_custom_1539095004865{margin-right: 25px !important;margin-bottom: 50px !important;margin-left: 25px !important;padding-top: 35px !important;padding-right: 40px !important;padding-bottom: 40px !important;padding-left: 40px !important;background-color: #ffffff !important;}&#8221; offset=&#8221;vc_col-lg-offset-0 vc_col-md-offset-0 vc_col-sm-offset-0&#8243;]<div id=\"ultimate-heading-71469f2821361fce\" class=\"uvc-heading ult-adjust-bottom-margin ultimate-heading-71469f2821361fce uvc-2396 \" data-hspacer=\"no_spacer\"  data-halign=\"left\" style=\"text-align:left\"><div class=\"uvc-heading-spacer no_spacer\" style=\"top\"><\/div><div class=\"uvc-main-heading ult-responsive\"  data-ultimate-target='.uvc-heading.ultimate-heading-71469f2821361fce h2'  data-responsive-json-new='{\"font-size\":\"\",\"line-height\":\"\"}' ><h2 style=\"font-weight:normal;color:#589935;\">Biyolojik ba\u011f\u0131\u015f\u0131kl\u0131k k\u00fcr\u00fc alttaki \u015fikayet durumlar\u0131nda uygulan\u0131r:<\/h2><\/div><\/div><div class=\"ult-spacer spacer-69f2821362008\" data-id=\"69f2821362008\" data-height=\"30\" data-height-mobile=\"30\" data-height-tab=\"30\" data-height-tab-portrait=\"\" data-height-mobile-landscape=\"\" style=\"clear:both;display:block;\"><\/div><div class=\"standard-arrow list-divider bullet-top\"><ul>\n<li>Zay\u0131f d\u00fc\u015fm\u00fc\u015f bir ba\u011f\u0131\u015f\u0131kl\u0131k sistemi<\/li>\n<li>Tekrarlanan enfeksiyonlar<\/li>\n<li>Ate\u015fli, inflamatuar solunum yollar\u0131 hastal\u0131klar\u0131<\/li>\n<\/ul>\n<\/div>[vc_column_text css=&#8221;.vc_custom_1540208987073{margin-bottom: 0px !important;}&#8221;]<strong>Ba\u011f\u0131\u015f\u0131kl\u0131k k\u00fcr\u00fc d\u00f6rt hafta s\u00fcr\u00fcyor ve bu s\u00fcre i\u00e7erisinde size toplamda on enjeksiyon uygulan\u0131yor<\/strong>[\/vc_column_text][\/vc_column][\/vc_row][vc_row][vc_column offset=&#8221;vc_hidden-lg vc_hidden-md&#8221;][vc_widget_sidebar sidebar_id=&#8221;sidebar_16&#8243;]<div class=\"ult-spacer spacer-69f28213620a0\" data-id=\"69f28213620a0\" data-height=\"20\" data-height-mobile=\"20\" data-height-tab=\"20\" data-height-tab-portrait=\"\" data-height-mobile-landscape=\"\" style=\"clear:both;display:block;\"><\/div>[\/vc_column][\/vc_row][vc_row equal_height=&#8221;yes&#8221; bg_type=&#8221;bg_color&#8221; bg_override=&#8221;ex-full&#8221; bg_color_value=&#8221;#ffffff&#8221; el_class=&#8221;calltoaektschn&#8221;][vc_column css=&#8221;.vc_custom_1539097314964{padding-top: 0px !important;}&#8221;]<section class=\"shortcode-action-box box-style-table shortcode-action-bg block-style-widget pulse animate-element\"><div class=\"text-big\"><div class=\"gap\" style=\"line-height: 10px; height: 10px;\"><\/div>\n<h5>Ba\u011flay\u0131c\u0131 olmayan bir kons\u00fcltasyon ister misiniz?<\/h5>\n<\/div><div class=\"shortcode-action-container action-button\"><a href=\"\/tr\/randevu\/\" class=\"btn-shortcode dt-btn-m dt-btn default-btn-color default-btn-hover-color default-btn-bg-color default-btn-bg-hover-color fadeIn animate-element animation-builder\" id=\"dt-btn-1\"><span>Randevu almak<\/span><\/a><\/div><\/section>[\/vc_column][\/vc_row]<\/p>\n<\/div>","protected":false},"excerpt":{"rendered":"<p>[vc_row el_class=&#8221;mitsidebar&#8221;][vc_column width=&#8221;3\/4&#8243; offset=&#8221;vc_col-lg-offset-0 vc_col-lg-9 vc_col-md-offset-0 vc_col-md-9 vc_col-sm-offset-0 vc_col-xs-12&#8243;][vc_column_text css=&#8221;.vc_custom_1540208938339{margin-bottom: 0px !important;}&#8221;]Ba\u011f\u0131\u015f\u0131kl\u0131k sistemimiz bizi her zaman vir\u00fcslerin ve bakterilerin sald\u0131r\u0131lar\u0131ndan korumaktad\u0131r. Sa\u011fl\u0131ks\u0131z bir ya\u015fam bi\u00e7imi ve belirli altta yatan hastal\u0131klar gibi farkl\u0131 fakt\u00f6rler, ba\u011f\u0131\u015f\u0131kl\u0131k sistemimizi zay\u0131flatabilir. Y\u0131lda ortalama ikiden d\u00f6rt kereye kadar hastal\u0131k hepimizi yakalar. Burun akar, \u00f6ks\u00fcr\u00fck, ate\u015f ve kas a\u011fr\u0131lar\u0131 ile rahats\u0131z hissederiz:&hellip;<\/p>\n","protected":false},"author":1,"featured_media":0,"parent":2885,"menu_order":600,"comment_status":"closed","ping_status":"closed","template":"","meta":{"footnotes":""},"class_list":["post-2832","page","type-page","status-publish","hentry","description-off"],"_links":{"self":[{"href":"https:\/\/www.ipl-hamburg.com\/tr\/wp-json\/wp\/v2\/pages\/2832","targetHints":{"allow":["GET"]}}],"collection":[{"href":"https:\/\/www.ipl-hamburg.com\/tr\/wp-json\/wp\/v2\/pages"}],"about":[{"href":"https:\/\/www.ipl-hamburg.com\/tr\/wp-json\/wp\/v2\/types\/page"}],"author":[{"embeddable":true,"href":"https:\/\/www.ipl-hamburg.com\/tr\/wp-json\/wp\/v2\/users\/1"}],"replies":[{"embeddable":true,"href":"https:\/\/www.ipl-hamburg.com\/tr\/wp-json\/wp\/v2\/comments?post=2832"}],"version-history":[{"count":0,"href":"https:\/\/www.ipl-hamburg.com\/tr\/wp-json\/wp\/v2\/pages\/2832\/revisions"}],"up":[{"embeddable":true,"href":"https:\/\/www.ipl-hamburg.com\/tr\/wp-json\/wp\/v2\/pages\/2885"}],"wp:attachment":[{"href":"https:\/\/www.ipl-hamburg.com\/tr\/wp-json\/wp\/v2\/media?parent=2832"}],"curies":[{"name":"wp","href":"https:\/\/api.w.org\/{rel}","templated":true}]}}