{"id":2838,"date":"2018-11-08T13:45:23","date_gmt":"2018-11-08T12:45:23","guid":{"rendered":"https:\/\/iplhamburg.netzlicht.com\/menopoz-kuerue\/"},"modified":"2018-11-15T14:35:18","modified_gmt":"2018-11-15T13:35:18","slug":"menopoz-kuerue","status":"publish","type":"page","link":"https:\/\/www.ipl-hamburg.com\/tr\/naturopatiye-iliskin-hizmetler\/enjeksiyon-kuerleri\/menopoz-kuerue\/","title":{"rendered":"Menopoz-K\u00fcr\u00fc"},"content":{"rendered":"<div class=\"wpb-content-wrapper\"><p>[vc_row el_class=&#8221;mitsidebar&#8221;][vc_column width=&#8221;3\/4&#8243; offset=&#8221;vc_col-lg-offset-0 vc_col-lg-9 vc_col-md-offset-0 vc_col-md-9 vc_col-sm-offset-0 vc_col-xs-12&#8243;]<div class=\"ult-spacer spacer-69f1ab6091d0d\" data-id=\"69f1ab6091d0d\" data-height=\"40\" data-height-mobile=\"40\" data-height-tab=\"40\" data-height-tab-portrait=\"\" data-height-mobile-landscape=\"\" style=\"clear:both;display:block;\"><\/div>[vc_column_text css=&#8221;.vc_custom_1540208233369{margin-bottom: 0px !important;}&#8221;]Menopoz son adet d\u00f6neminden sonraki d\u00f6nemi tan\u0131mlamaktad\u0131r.<\/p>\n<p>Bu d\u00f6nem bir hastal\u0131k de\u011fildir. Kad\u0131nlar\u0131n yeni bir ya\u015fam d\u00f6nemine do\u011fal ge\u00e7i\u015fidir. Ancak buna ra\u011fmen ortaya \u00e7\u0131kan hormonal dalgalanmalar, rahats\u0131z edici \u015fikayetleri de beraberinde getirebilir.[\/vc_column_text]<div class=\"ult-spacer spacer-69f1ab6091d4e\" data-id=\"69f1ab6091d4e\" data-height=\"40\" data-height-mobile=\"40\" data-height-tab=\"40\" data-height-tab-portrait=\"\" data-height-mobile-landscape=\"\" style=\"clear:both;display:block;\"><\/div><div id=\"ultimate-heading-571669f1ab6091d95\" class=\"uvc-heading ult-adjust-bottom-margin ultimate-heading-571669f1ab6091d95 uvc-6107 \" data-hspacer=\"no_spacer\"  data-halign=\"left\" style=\"text-align:left\"><div class=\"uvc-heading-spacer no_spacer\" style=\"top\"><\/div><div class=\"uvc-main-heading ult-responsive\"  data-ultimate-target='.uvc-heading.ultimate-heading-571669f1ab6091d95 h2'  data-responsive-json-new='{\"font-size\":\"\",\"line-height\":\"\"}' ><h2 style=\"font-weight:normal;color:#589935;\">S\u00f6z konusu menopoz \u015fikayetleri<\/h2><\/div><\/div><div class=\"ult-spacer spacer-69f1ab6091df6\" data-id=\"69f1ab6091df6\" data-height=\"30\" data-height-mobile=\"30\" data-height-tab=\"30\" data-height-tab-portrait=\"\" data-height-mobile-landscape=\"\" style=\"clear:both;display:block;\"><\/div><div class=\"standard-arrow list-divider bullet-top\"><ul>\n<li>Ate\u015f basmalar\u0131<\/li>\n<li>Ter basmalar\u0131<\/li>\n<li>Duygusal dalgalanmalar<\/li>\n<li>\u00dcrkeklik<\/li>\n<li>Uyku bozukluklar\u0131<\/li>\n<li>cinsel isteksizlik\u2026<\/li>\n<\/ul>\n<\/div>[vc_column_text]<strong>\u2026 \u00e7o\u011fu zaman fiziksel de\u011fi\u015fimlerin bir g\u00f6stergesidir<\/strong><\/p>\n<p>G\u00fcn\u00fcm\u00fczde bir\u00e7ok kad\u0131na hormon tedavisi re\u00e7ete edilir. Bu tart\u0131\u015fmaya a\u00e7\u0131k olmayan y\u00f6ntem ile v\u00fccuda ait olan ve azalan hormanlar yerine kimyasal hormonlar verilir. Bu tedavinin \u00e7o\u011fu zaman g\u00fcvenilir g\u00f6r\u00fcnmesine ra\u011fmen, bir \u00e7ok bayan, artan t\u00fcm\u00f6r riskinden ve di\u011fer yan etkilerinden korktuklar\u0131ndan, suni hormonlar almak istemiyor.[\/vc_column_text][\/vc_column][vc_column width=&#8221;1\/4&#8243; offset=&#8221;vc_col-lg-offset-0 vc_col-lg-3 vc_col-md-offset-0 vc_col-md-3 vc_col-sm-offset-0 vc_hidden-sm vc_col-xs-12 vc_hidden-xs&#8221;][vc_widget_sidebar sidebar_id=&#8221;sidebar_16&#8243;][\/vc_column][\/vc_row][vc_row equal_height=&#8221;yes&#8221; type=&#8221;vc_default&#8221;][vc_column css=&#8221;.vc_custom_1539095004865{margin-right: 25px !important;margin-bottom: 50px !important;margin-left: 25px !important;padding-top: 35px !important;padding-right: 40px !important;padding-bottom: 40px !important;padding-left: 40px !important;background-color: #ffffff !important;}&#8221; offset=&#8221;vc_col-lg-offset-0 vc_col-md-offset-0 vc_col-sm-offset-0&#8243;]<div id=\"ultimate-heading-196569f1ab6091eb4\" class=\"uvc-heading ult-adjust-bottom-margin ultimate-heading-196569f1ab6091eb4 uvc-6460 \" data-hspacer=\"no_spacer\"  data-halign=\"left\" style=\"text-align:left\"><div class=\"uvc-heading-spacer no_spacer\" style=\"top\"><\/div><div class=\"uvc-main-heading ult-responsive\"  data-ultimate-target='.uvc-heading.ultimate-heading-196569f1ab6091eb4 h2'  data-responsive-json-new='{\"font-size\":\"\",\"line-height\":\"\"}' ><h2 style=\"font-weight:normal;color:#589935;\">Do\u011fal yard\u0131m<\/h2><\/div><\/div><div class=\"ult-spacer spacer-69f1ab6091ef3\" data-id=\"69f1ab6091ef3\" data-height=\"30\" data-height-mobile=\"30\" data-height-tab=\"30\" data-height-tab-portrait=\"\" data-height-mobile-landscape=\"\" style=\"clear:both;display:block;\"><\/div>[vc_column_text css=&#8221;.vc_custom_1540208319048{margin-bottom: 0px !important;}&#8221;]\u00d6zel bir biyolojik amp\u00fcl k\u00fcr\u00fc, bu s\u0131n\u0131rlay\u0131c\u0131 semptomlar ile ba\u015f etmeye yard\u0131m edebilir.[\/vc_column_text][\/vc_column][\/vc_row][vc_row][vc_column offset=&#8221;vc_hidden-lg vc_hidden-md&#8221;][vc_widget_sidebar sidebar_id=&#8221;sidebar_16&#8243;]<div class=\"ult-spacer spacer-69f1ab6091f10\" data-id=\"69f1ab6091f10\" data-height=\"20\" data-height-mobile=\"20\" data-height-tab=\"20\" data-height-tab-portrait=\"\" data-height-mobile-landscape=\"\" style=\"clear:both;display:block;\"><\/div>[\/vc_column][\/vc_row][vc_row equal_height=&#8221;yes&#8221; bg_type=&#8221;bg_color&#8221; bg_override=&#8221;ex-full&#8221; bg_color_value=&#8221;#ffffff&#8221; el_class=&#8221;calltoaektschn&#8221;][vc_column css=&#8221;.vc_custom_1539097314964{padding-top: 0px !important;}&#8221;]<section class=\"shortcode-action-box box-style-table shortcode-action-bg block-style-widget pulse animate-element\"><div class=\"text-big\"><div class=\"gap\" style=\"line-height: 10px; height: 10px;\"><\/div>\n<h5>Ba\u011flay\u0131c\u0131 olmayan bir kons\u00fcltasyon ister misiniz?<\/h5>\n<\/div><div class=\"shortcode-action-container action-button\"><a href=\"\/tr\/randevu\/\" class=\"btn-shortcode dt-btn-m dt-btn default-btn-color default-btn-hover-color default-btn-bg-color default-btn-bg-hover-color fadeIn animate-element animation-builder\" id=\"dt-btn-1\"><span>Randevu almak<\/span><\/a><\/div><\/section>[\/vc_column][\/vc_row]<\/p>\n<\/div>","protected":false},"excerpt":{"rendered":"<p>[vc_row el_class=&#8221;mitsidebar&#8221;][vc_column width=&#8221;3\/4&#8243; offset=&#8221;vc_col-lg-offset-0 vc_col-lg-9 vc_col-md-offset-0 vc_col-md-9 vc_col-sm-offset-0 vc_col-xs-12&#8243;][vc_column_text css=&#8221;.vc_custom_1540208233369{margin-bottom: 0px !important;}&#8221;]Menopoz son adet d\u00f6neminden sonraki d\u00f6nemi tan\u0131mlamaktad\u0131r. Bu d\u00f6nem bir hastal\u0131k de\u011fildir. Kad\u0131nlar\u0131n yeni bir ya\u015fam d\u00f6nemine do\u011fal ge\u00e7i\u015fidir. Ancak buna ra\u011fmen ortaya \u00e7\u0131kan hormonal dalgalanmalar, rahats\u0131z edici \u015fikayetleri de beraberinde getirebilir.[\/vc_column_text][vc_column_text]\u2026 \u00e7o\u011fu zaman fiziksel de\u011fi\u015fimlerin bir g\u00f6stergesidir G\u00fcn\u00fcm\u00fczde bir\u00e7ok kad\u0131na hormon tedavisi re\u00e7ete&hellip;<\/p>\n","protected":false},"author":1,"featured_media":0,"parent":2885,"menu_order":600,"comment_status":"closed","ping_status":"closed","template":"","meta":{"footnotes":""},"class_list":["post-2838","page","type-page","status-publish","hentry","description-off"],"_links":{"self":[{"href":"https:\/\/www.ipl-hamburg.com\/tr\/wp-json\/wp\/v2\/pages\/2838","targetHints":{"allow":["GET"]}}],"collection":[{"href":"https:\/\/www.ipl-hamburg.com\/tr\/wp-json\/wp\/v2\/pages"}],"about":[{"href":"https:\/\/www.ipl-hamburg.com\/tr\/wp-json\/wp\/v2\/types\/page"}],"author":[{"embeddable":true,"href":"https:\/\/www.ipl-hamburg.com\/tr\/wp-json\/wp\/v2\/users\/1"}],"replies":[{"embeddable":true,"href":"https:\/\/www.ipl-hamburg.com\/tr\/wp-json\/wp\/v2\/comments?post=2838"}],"version-history":[{"count":0,"href":"https:\/\/www.ipl-hamburg.com\/tr\/wp-json\/wp\/v2\/pages\/2838\/revisions"}],"up":[{"embeddable":true,"href":"https:\/\/www.ipl-hamburg.com\/tr\/wp-json\/wp\/v2\/pages\/2885"}],"wp:attachment":[{"href":"https:\/\/www.ipl-hamburg.com\/tr\/wp-json\/wp\/v2\/media?parent=2838"}],"curies":[{"name":"wp","href":"https:\/\/api.w.org\/{rel}","templated":true}]}}