{"id":2865,"date":"2018-11-12T14:00:10","date_gmt":"2018-11-12T13:00:10","guid":{"rendered":"https:\/\/iplhamburg.netzlicht.com\/sinir-kuerue\/"},"modified":"2018-11-15T14:34:36","modified_gmt":"2018-11-15T13:34:36","slug":"sinir-kuerue","status":"publish","type":"page","link":"https:\/\/www.ipl-hamburg.com\/tr\/naturopatiye-iliskin-hizmetler\/enjeksiyon-kuerleri\/sinir-kuerue\/","title":{"rendered":"Sinir K\u00fcr\u00fc"},"content":{"rendered":"<div class=\"wpb-content-wrapper\"><p>[vc_row el_class=&#8221;mitsidebar&#8221;][vc_column width=&#8221;3\/4&#8243; offset=&#8221;vc_col-lg-offset-0 vc_col-lg-9 vc_col-md-offset-0 vc_col-md-9 vc_col-sm-offset-0 vc_col-xs-12&#8243;]<div class=\"ult-spacer spacer-69d2af57c3220\" data-id=\"69d2af57c3220\" data-height=\"30\" data-height-mobile=\"30\" data-height-tab=\"30\" data-height-tab-portrait=\"\" data-height-mobile-landscape=\"\" style=\"clear:both;display:block;\"><\/div><div id=\"ultimate-heading-283169d2af57c3283\" class=\"uvc-heading ult-adjust-bottom-margin ultimate-heading-283169d2af57c3283 uvc-785 \" data-hspacer=\"no_spacer\"  data-halign=\"left\" style=\"text-align:left\"><div class=\"uvc-heading-spacer no_spacer\" style=\"top\"><\/div><div class=\"uvc-main-heading ult-responsive\"  data-ultimate-target='.uvc-heading.ultimate-heading-283169d2af57c3283 h2'  data-responsive-json-new='{\"font-size\":\"\",\"line-height\":\"\"}' ><h2 style=\"font-weight:normal;color:#589935;\">Biyolojik Sinir K\u00fcr\u00fc<\/h2><\/div><div class=\"uvc-sub-heading ult-responsive\"  data-ultimate-target='.uvc-heading.ultimate-heading-283169d2af57c3283 .uvc-sub-heading '  data-responsive-json-new='{\"font-size\":\"desktop:20px;\",\"line-height\":\"desktop:30px;\"}'  style=\"font-weight:normal;\"><\/p>\n<h4>Strese ve verimlilik azalmas\u0131na kar\u015f\u0131 tedavi<\/h4>\n<p><\/div><\/div><div class=\"ult-spacer spacer-69d2af57c32e6\" data-id=\"69d2af57c32e6\" data-height=\"30\" data-height-mobile=\"30\" data-height-tab=\"30\" data-height-tab-portrait=\"\" data-height-mobile-landscape=\"\" style=\"clear:both;display:block;\"><\/div>[vc_column_text css=&#8221;.vc_custom_1540207623227{margin-bottom: 0px !important;}&#8221;]Almanlar\u0131n \u00fc\u00e7te ikisi s\u00fcrekli olarak sinirli hissediyor.<\/p>\n<p>Kronik olarak a\u015f\u0131r\u0131 \u00e7al\u0131\u015fma, \u00f6zel ve mesleki a\u015f\u0131r\u0131 y\u00fcklenme ve s\u00fcrekli eri\u015filebilir olmak dayan\u0131kl\u0131l\u0131klar\u0131n\u0131 zorlamaktad\u0131r.<\/p>\n<p>\u00c7ok \u00e7abuk kald\u0131rabilirlik s\u0131n\u0131r\u0131na ula\u015f\u0131lm\u0131\u015f olur -hem zihinsel hem de fiziksel olarak.<\/p>\n<p><strong>Daha y\u00fckse\u011fe, daha h\u0131zl\u0131, devam kelimeleri \u00e7ok \u00e7abuk bir d\u00fc\u015f\u00fc\u015f girdab\u0131nda bitiverir \u2013 ve te\u015fhis:<\/strong><\/p>\n<h4>Burn-Out<\/h4>\n<p>[\/vc_column_text]<div class=\"ult-spacer spacer-69d2af57c3306\" data-id=\"69d2af57c3306\" data-height=\"40\" data-height-mobile=\"40\" data-height-tab=\"40\" data-height-tab-portrait=\"\" data-height-mobile-landscape=\"\" style=\"clear:both;display:block;\"><\/div>[\/vc_column][vc_column width=&#8221;1\/4&#8243; offset=&#8221;vc_col-lg-offset-0 vc_col-lg-3 vc_col-md-offset-0 vc_col-md-3 vc_col-sm-offset-0 vc_hidden-sm vc_col-xs-12 vc_hidden-xs&#8221;][vc_widget_sidebar sidebar_id=&#8221;sidebar_16&#8243;][\/vc_column][\/vc_row][vc_row equal_height=&#8221;yes&#8221; type=&#8221;vc_default&#8221;][vc_column css=&#8221;.vc_custom_1539095004865{margin-right: 25px !important;margin-bottom: 50px !important;margin-left: 25px !important;padding-top: 35px !important;padding-right: 40px !important;padding-bottom: 40px !important;padding-left: 40px !important;background-color: #ffffff !important;}&#8221; offset=&#8221;vc_col-lg-offset-0 vc_col-md-offset-0 vc_col-sm-offset-0&#8243;]<div id=\"ultimate-heading-448669d2af57c3331\" class=\"uvc-heading ult-adjust-bottom-margin ultimate-heading-448669d2af57c3331 uvc-6175 \" data-hspacer=\"no_spacer\"  data-halign=\"left\" style=\"text-align:left\"><div class=\"uvc-heading-spacer no_spacer\" style=\"top\"><\/div><div class=\"uvc-main-heading ult-responsive\"  data-ultimate-target='.uvc-heading.ultimate-heading-448669d2af57c3331 h2'  data-responsive-json-new='{\"font-size\":\"\",\"line-height\":\"\"}' ><h2 style=\"font-weight:normal;color:#589935;\">Stress an\u0131nda v\u00fccutta neler oluyor?<\/h2><\/div><div class=\"uvc-sub-heading ult-responsive\"  data-ultimate-target='.uvc-heading.ultimate-heading-448669d2af57c3331 .uvc-sub-heading '  data-responsive-json-new='{\"font-size\":\"desktop:20px;\",\"line-height\":\"desktop:30px;\"}'  style=\"font-weight:normal;\"><\/p>\n<h4>Bilimsel olarak v\u00fcc\u00fcdun stres eylemini \u00fc\u00e7 a\u015fama olarak alt gruplara ay\u0131r\u0131yoruz:<\/h4>\n<p><\/div><\/div><div class=\"ult-spacer spacer-69d2af57c336c\" data-id=\"69d2af57c336c\" data-height=\"30\" data-height-mobile=\"30\" data-height-tab=\"30\" data-height-tab-portrait=\"\" data-height-mobile-landscape=\"\" style=\"clear:both;display:block;\"><\/div>[vc_column_text css=&#8221;.vc_custom_1540207799803{margin-bottom: 0px !important;}&#8221;]<\/p>\n<h5>1. Alarm A\u015famas\u0131<\/h5>\n<p>Burada akut stres anlar\u0131nda, artt\u0131r\u0131lm\u0131\u015f bi\u00e7imde stres hormonlar\u0131 (Adrenalin, Kortisol) salg\u0131lan\u0131r. V\u00fccut azami devirde \u00e7al\u0131\u015f\u0131r.<\/p>\n<h5>2. Uyum A\u015famas\u0131<\/h5>\n<p>Bu a\u015famada v\u00fccut kendisini d\u00fczenli strese al\u0131\u015ft\u0131rmaya \u00e7al\u0131\u015f\u0131r.<\/p>\n<h5>3. T\u00fckenme A\u015famas\u0131<\/h5>\n<p>V\u00fccut bu a\u015famada s\u00fcrekli olan strese yenik d\u00fc\u015fer \u2013 v\u00fccut burn \u2013 out ve depresyon tehditleri ile kar\u015f\u0131 kar\u015f\u0131ya kal\u0131r.[\/vc_column_text][\/vc_column][\/vc_row][vc_row equal_height=&#8221;yes&#8221; type=&#8221;vc_default&#8221;][vc_column css=&#8221;.vc_custom_1539095004865{margin-right: 25px !important;margin-bottom: 50px !important;margin-left: 25px !important;padding-top: 35px !important;padding-right: 40px !important;padding-bottom: 40px !important;padding-left: 40px !important;background-color: #ffffff !important;}&#8221; offset=&#8221;vc_col-lg-offset-0 vc_col-md-offset-0 vc_col-sm-offset-0&#8243;]<div id=\"ultimate-heading-290569d2af57c3395\" class=\"uvc-heading ult-adjust-bottom-margin ultimate-heading-290569d2af57c3395 uvc-256 \" data-hspacer=\"no_spacer\"  data-halign=\"left\" style=\"text-align:left\"><div class=\"uvc-heading-spacer no_spacer\" style=\"top\"><\/div><div class=\"uvc-main-heading ult-responsive\"  data-ultimate-target='.uvc-heading.ultimate-heading-290569d2af57c3395 h2'  data-responsive-json-new='{\"font-size\":\"\",\"line-height\":\"\"}' ><h2 style=\"font-weight:normal;color:#589935;\">Biyolojik sinir k\u00fcr\u00fc nas\u0131l etki eder?<\/h2><\/div><\/div><div class=\"ult-spacer spacer-69d2af57c33ca\" data-id=\"69d2af57c33ca\" data-height=\"30\" data-height-mobile=\"30\" data-height-tab=\"30\" data-height-tab-portrait=\"\" data-height-mobile-landscape=\"\" style=\"clear:both;display:block;\"><\/div>[vc_column_text css=&#8221;.vc_custom_1540207892025{margin-bottom: 0px !important;}&#8221;]Birbirine uydurulmu\u015f \u00fc\u00e7 \u00f6zel preparat, biyolojik sinir k\u00fcr\u00fcn\u00fcn temelini olu\u015fturur. Enjeksiyon halinde d\u00f6rt haftal\u0131k bir zaman diliminde uygulan\u0131r.[\/vc_column_text][\/vc_column][\/vc_row][vc_row][vc_column offset=&#8221;vc_hidden-lg vc_hidden-md&#8221;][vc_widget_sidebar sidebar_id=&#8221;sidebar_16&#8243;]<div class=\"ult-spacer spacer-69d2af57c33e6\" data-id=\"69d2af57c33e6\" data-height=\"20\" data-height-mobile=\"20\" data-height-tab=\"20\" data-height-tab-portrait=\"\" data-height-mobile-landscape=\"\" style=\"clear:both;display:block;\"><\/div>[\/vc_column][\/vc_row][vc_row equal_height=&#8221;yes&#8221; bg_type=&#8221;bg_color&#8221; bg_override=&#8221;ex-full&#8221; bg_color_value=&#8221;#ffffff&#8221; el_class=&#8221;calltoaektschn&#8221;][vc_column css=&#8221;.vc_custom_1539097314964{padding-top: 0px !important;}&#8221;]<section class=\"shortcode-action-box box-style-table shortcode-action-bg block-style-widget pulse animate-element\"><div class=\"text-big\"><div class=\"gap\" style=\"line-height: 10px; height: 10px;\"><\/div>\n<h5>Ba\u011flay\u0131c\u0131 olmayan bir kons\u00fcltasyon ister misiniz?<\/h5>\n<\/div><div class=\"shortcode-action-container action-button\"><a href=\"\/tr\/randevu\/\" class=\"btn-shortcode dt-btn-m dt-btn default-btn-color default-btn-hover-color default-btn-bg-color default-btn-bg-hover-color fadeIn animate-element animation-builder\" id=\"dt-btn-1\"><span>Randevu almak<\/span><\/a><\/div><\/section>[\/vc_column][\/vc_row]<\/p>\n<\/div>","protected":false},"excerpt":{"rendered":"<p>[vc_row el_class=&#8221;mitsidebar&#8221;][vc_column width=&#8221;3\/4&#8243; offset=&#8221;vc_col-lg-offset-0 vc_col-lg-9 vc_col-md-offset-0 vc_col-md-9 vc_col-sm-offset-0 vc_col-xs-12&#8243;][vc_column_text css=&#8221;.vc_custom_1540207623227{margin-bottom: 0px !important;}&#8221;]Almanlar\u0131n \u00fc\u00e7te ikisi s\u00fcrekli olarak sinirli hissediyor. Kronik olarak a\u015f\u0131r\u0131 \u00e7al\u0131\u015fma, \u00f6zel ve mesleki a\u015f\u0131r\u0131 y\u00fcklenme ve s\u00fcrekli eri\u015filebilir olmak dayan\u0131kl\u0131l\u0131klar\u0131n\u0131 zorlamaktad\u0131r. \u00c7ok \u00e7abuk kald\u0131rabilirlik s\u0131n\u0131r\u0131na ula\u015f\u0131lm\u0131\u015f olur -hem zihinsel hem de fiziksel olarak. Daha y\u00fckse\u011fe, daha h\u0131zl\u0131, devam kelimeleri \u00e7ok \u00e7abuk bir d\u00fc\u015f\u00fc\u015f&hellip;<\/p>\n","protected":false},"author":1,"featured_media":0,"parent":2885,"menu_order":600,"comment_status":"closed","ping_status":"closed","template":"","meta":{"footnotes":""},"class_list":["post-2865","page","type-page","status-publish","hentry","description-off"],"_links":{"self":[{"href":"https:\/\/www.ipl-hamburg.com\/tr\/wp-json\/wp\/v2\/pages\/2865","targetHints":{"allow":["GET"]}}],"collection":[{"href":"https:\/\/www.ipl-hamburg.com\/tr\/wp-json\/wp\/v2\/pages"}],"about":[{"href":"https:\/\/www.ipl-hamburg.com\/tr\/wp-json\/wp\/v2\/types\/page"}],"author":[{"embeddable":true,"href":"https:\/\/www.ipl-hamburg.com\/tr\/wp-json\/wp\/v2\/users\/1"}],"replies":[{"embeddable":true,"href":"https:\/\/www.ipl-hamburg.com\/tr\/wp-json\/wp\/v2\/comments?post=2865"}],"version-history":[{"count":0,"href":"https:\/\/www.ipl-hamburg.com\/tr\/wp-json\/wp\/v2\/pages\/2865\/revisions"}],"up":[{"embeddable":true,"href":"https:\/\/www.ipl-hamburg.com\/tr\/wp-json\/wp\/v2\/pages\/2885"}],"wp:attachment":[{"href":"https:\/\/www.ipl-hamburg.com\/tr\/wp-json\/wp\/v2\/media?parent=2865"}],"curies":[{"name":"wp","href":"https:\/\/api.w.org\/{rel}","templated":true}]}}