{"id":2873,"date":"2018-11-12T14:31:15","date_gmt":"2018-11-12T13:31:15","guid":{"rendered":"https:\/\/iplhamburg.netzlicht.com\/vital-kuerue\/"},"modified":"2018-11-15T14:33:50","modified_gmt":"2018-11-15T13:33:50","slug":"vital-kuerue","status":"publish","type":"page","link":"https:\/\/www.ipl-hamburg.com\/tr\/naturopatiye-iliskin-hizmetler\/enjeksiyon-kuerleri\/vital-kuerue\/","title":{"rendered":"Vital-K\u00fcr\u00fc"},"content":{"rendered":"<div class=\"wpb-content-wrapper\"><p>[vc_row el_class=&#8221;mitsidebar&#8221;][vc_column width=&#8221;3\/4&#8243; offset=&#8221;vc_col-lg-offset-0 vc_col-lg-9 vc_col-md-offset-0 vc_col-md-9 vc_col-sm-offset-0 vc_col-xs-12&#8243;]<div class=\"ult-spacer spacer-69f45734822c8\" data-id=\"69f45734822c8\" data-height=\"40\" data-height-mobile=\"40\" data-height-tab=\"40\" data-height-tab-portrait=\"\" data-height-mobile-landscape=\"\" style=\"clear:both;display:block;\"><\/div>[vc_column_text css=&#8221;.vc_custom_1540207215208{margin-bottom: 0px !important;}&#8221;]Uzun ge\u00e7en bir k\u0131\u015f\u0131n ard\u0131ndan veya yo\u011fun bir stres hali ile kendimizi \u00e7o\u011fu zaman uykulu ve g\u00fc\u00e7s\u00fcz hissederiz.[\/vc_column_text]<div class=\"ult-spacer spacer-69f457348230a\" data-id=\"69f457348230a\" data-height=\"30\" data-height-mobile=\"30\" data-height-tab=\"30\" data-height-tab-portrait=\"\" data-height-mobile-landscape=\"\" style=\"clear:both;display:block;\"><\/div><div id=\"ultimate-heading-516669f457348234e\" class=\"uvc-heading ult-adjust-bottom-margin ultimate-heading-516669f457348234e uvc-2507 \" data-hspacer=\"no_spacer\"  data-halign=\"left\" style=\"text-align:left\"><div class=\"uvc-heading-spacer no_spacer\" style=\"top\"><\/div><div class=\"uvc-main-heading ult-responsive\"  data-ultimate-target='.uvc-heading.ultimate-heading-516669f457348234e h2'  data-responsive-json-new='{\"font-size\":\"\",\"line-height\":\"\"}' ><h2 style=\"font-weight:normal;color:#589935;\">A\u015fa\u011f\u0131daki \u015fikayetler sizde g\u00f6r\u00fcl\u00fcyor mu?<\/h2><\/div><\/div><div class=\"ult-spacer spacer-69f45734823b0\" data-id=\"69f45734823b0\" data-height=\"30\" data-height-mobile=\"30\" data-height-tab=\"30\" data-height-tab-portrait=\"\" data-height-mobile-landscape=\"\" style=\"clear:both;display:block;\"><\/div><div class=\"standard-arrow list-divider bullet-top\"><ul>\n<li>Yorgunluk ve bitkinlik hissi art\u0131k kaybolmuyor mu?<\/li>\n<li>Gergin ve sinirli mi hissediyorsunuz?<\/li>\n<li>G\u00fcnl\u00fck g\u00f6revler art\u0131k sadece isteksiz ve konsantre olmadan m\u0131 yerine getiriliyor?<\/li>\n<li>Hasta hissetmiyor, ancak sa\u011fl\u0131kl\u0131 da m\u0131 hissetmiyorsunuz?<\/li>\n<\/ul>\n<\/div><div class=\"ult-spacer spacer-69f457348243e\" data-id=\"69f457348243e\" data-height=\"40\" data-height-mobile=\"40\" data-height-tab=\"40\" data-height-tab-portrait=\"\" data-height-mobile-landscape=\"\" style=\"clear:both;display:block;\"><\/div>[\/vc_column][vc_column width=&#8221;1\/4&#8243; offset=&#8221;vc_col-lg-offset-0 vc_col-lg-3 vc_col-md-offset-0 vc_col-md-3 vc_col-sm-offset-0 vc_hidden-sm vc_col-xs-12 vc_hidden-xs&#8221;][vc_widget_sidebar sidebar_id=&#8221;sidebar_16&#8243;][\/vc_column][\/vc_row][vc_row equal_height=&#8221;yes&#8221; type=&#8221;vc_default&#8221;][vc_column css=&#8221;.vc_custom_1539095004865{margin-right: 25px !important;margin-bottom: 50px !important;margin-left: 25px !important;padding-top: 35px !important;padding-right: 40px !important;padding-bottom: 40px !important;padding-left: 40px !important;background-color: #ffffff !important;}&#8221; offset=&#8221;vc_col-lg-offset-0 vc_col-md-offset-0 vc_col-sm-offset-0&#8243;]<div id=\"ultimate-heading-238869f457348246b\" class=\"uvc-heading ult-adjust-bottom-margin ultimate-heading-238869f457348246b uvc-17 \" data-hspacer=\"no_spacer\"  data-halign=\"left\" style=\"text-align:left\"><div class=\"uvc-heading-spacer no_spacer\" style=\"top\"><\/div><div class=\"uvc-main-heading ult-responsive\"  data-ultimate-target='.uvc-heading.ultimate-heading-238869f457348246b h2'  data-responsive-json-new='{\"font-size\":\"\",\"line-height\":\"\"}' ><h2 style=\"font-weight:normal;color:#589935;\">Vital-K\u00fcr\u00fc nas\u0131l etki eder:<\/h2><\/div><\/div><div class=\"ult-spacer spacer-69f45734824a8\" data-id=\"69f45734824a8\" data-height=\"30\" data-height-mobile=\"30\" data-height-tab=\"30\" data-height-tab-portrait=\"\" data-height-mobile-landscape=\"\" style=\"clear:both;display:block;\"><\/div><div class=\"standard-arrow list-divider bullet-top\"><ul>\n<li>Metabolizmay\u0131 destekler<\/li>\n<li>Karaci\u011ferinin i\u015fleyi\u015fini artt\u0131r\u0131r<\/li>\n<li>B\u00f6brek aktivitesini destekler<\/li>\n<\/ul>\n<\/div>[\/vc_column][\/vc_row][vc_row equal_height=&#8221;yes&#8221; type=&#8221;vc_default&#8221;][vc_column css=&#8221;.vc_custom_1539095004865{margin-right: 25px !important;margin-bottom: 50px !important;margin-left: 25px !important;padding-top: 35px !important;padding-right: 40px !important;padding-bottom: 40px !important;padding-left: 40px !important;background-color: #ffffff !important;}&#8221; offset=&#8221;vc_col-lg-offset-0 vc_col-md-offset-0 vc_col-sm-offset-0&#8243;]<div id=\"ultimate-heading-16169f4573482521\" class=\"uvc-heading ult-adjust-bottom-margin ultimate-heading-16169f4573482521 uvc-8166 \" data-hspacer=\"no_spacer\"  data-halign=\"left\" style=\"text-align:left\"><div class=\"uvc-heading-spacer no_spacer\" style=\"top\"><\/div><div class=\"uvc-main-heading ult-responsive\"  data-ultimate-target='.uvc-heading.ultimate-heading-16169f4573482521 h2'  data-responsive-json-new='{\"font-size\":\"\",\"line-height\":\"\"}' ><h2 style=\"font-weight:normal;color:#589935;\">Vital-K\u00fcr\u00fc \u2013 bunlara neden olabilir:<\/h2><\/div><\/div><div class=\"ult-spacer spacer-69f457348255d\" data-id=\"69f457348255d\" data-height=\"30\" data-height-mobile=\"30\" data-height-tab=\"30\" data-height-tab-portrait=\"\" data-height-mobile-landscape=\"\" style=\"clear:both;display:block;\"><\/div><div class=\"standard-arrow list-divider bullet-top\"><ul>\n<li>G\u00fc\u00e7lendirme ve canland\u0131rma<\/li>\n<li>Artt\u0131r\u0131lm\u0131\u015f performans<\/li>\n<li>G\u00fcnl\u00fck g\u00f6revlere kar\u015f\u0131 memnuniyet hissi<\/li>\n<li>Daha fazla enerji sayesinde hayattan zevk alma<\/li>\n<\/ul>\n<\/div>[\/vc_column][\/vc_row][vc_row][vc_column offset=&#8221;vc_hidden-lg vc_hidden-md&#8221;][vc_widget_sidebar sidebar_id=&#8221;sidebar_16&#8243;]<div class=\"ult-spacer spacer-69f45734825c4\" data-id=\"69f45734825c4\" data-height=\"20\" data-height-mobile=\"20\" data-height-tab=\"20\" data-height-tab-portrait=\"\" data-height-mobile-landscape=\"\" style=\"clear:both;display:block;\"><\/div>[\/vc_column][\/vc_row][vc_row equal_height=&#8221;yes&#8221; bg_type=&#8221;bg_color&#8221; bg_override=&#8221;ex-full&#8221; bg_color_value=&#8221;#ffffff&#8221; el_class=&#8221;calltoaektschn&#8221;][vc_column css=&#8221;.vc_custom_1539097314964{padding-top: 0px !important;}&#8221;]<section class=\"shortcode-action-box box-style-table shortcode-action-bg block-style-widget pulse animate-element\"><div class=\"text-big\"><div class=\"gap\" style=\"line-height: 10px; height: 10px;\"><\/div>\n<h5>Ba\u011flay\u0131c\u0131 olmayan bir kons\u00fcltasyon ister misiniz?<\/h5>\n<\/div><div class=\"shortcode-action-container action-button\"><a href=\"\/tr\/randevu\/\" class=\"btn-shortcode dt-btn-m dt-btn default-btn-color default-btn-hover-color default-btn-bg-color default-btn-bg-hover-color fadeIn animate-element animation-builder\" id=\"dt-btn-1\"><span>Randevu almak<\/span><\/a><\/div><\/section>[\/vc_column][\/vc_row]<\/p>\n<\/div>","protected":false},"excerpt":{"rendered":"<p>[vc_row el_class=&#8221;mitsidebar&#8221;][vc_column width=&#8221;3\/4&#8243; offset=&#8221;vc_col-lg-offset-0 vc_col-lg-9 vc_col-md-offset-0 vc_col-md-9 vc_col-sm-offset-0 vc_col-xs-12&#8243;][vc_column_text css=&#8221;.vc_custom_1540207215208{margin-bottom: 0px !important;}&#8221;]Uzun ge\u00e7en bir k\u0131\u015f\u0131n ard\u0131ndan veya yo\u011fun bir stres hali ile kendimizi \u00e7o\u011fu zaman uykulu ve g\u00fc\u00e7s\u00fcz hissederiz.[\/vc_column_text][\/vc_column][vc_column width=&#8221;1\/4&#8243; offset=&#8221;vc_col-lg-offset-0 vc_col-lg-3 vc_col-md-offset-0 vc_col-md-3 vc_col-sm-offset-0 vc_hidden-sm vc_col-xs-12 vc_hidden-xs&#8221;][vc_widget_sidebar sidebar_id=&#8221;sidebar_16&#8243;][\/vc_column][\/vc_row][vc_row equal_height=&#8221;yes&#8221; type=&#8221;vc_default&#8221;][vc_column css=&#8221;.vc_custom_1539095004865{margin-right: 25px !important;margin-bottom: 50px !important;margin-left: 25px !important;padding-top: 35px !important;padding-right: 40px !important;padding-bottom: 40px !important;padding-left: 40px&hellip;<\/p>\n","protected":false},"author":1,"featured_media":0,"parent":2885,"menu_order":600,"comment_status":"closed","ping_status":"closed","template":"","meta":{"footnotes":""},"class_list":["post-2873","page","type-page","status-publish","hentry","description-off"],"_links":{"self":[{"href":"https:\/\/www.ipl-hamburg.com\/tr\/wp-json\/wp\/v2\/pages\/2873","targetHints":{"allow":["GET"]}}],"collection":[{"href":"https:\/\/www.ipl-hamburg.com\/tr\/wp-json\/wp\/v2\/pages"}],"about":[{"href":"https:\/\/www.ipl-hamburg.com\/tr\/wp-json\/wp\/v2\/types\/page"}],"author":[{"embeddable":true,"href":"https:\/\/www.ipl-hamburg.com\/tr\/wp-json\/wp\/v2\/users\/1"}],"replies":[{"embeddable":true,"href":"https:\/\/www.ipl-hamburg.com\/tr\/wp-json\/wp\/v2\/comments?post=2873"}],"version-history":[{"count":0,"href":"https:\/\/www.ipl-hamburg.com\/tr\/wp-json\/wp\/v2\/pages\/2873\/revisions"}],"up":[{"embeddable":true,"href":"https:\/\/www.ipl-hamburg.com\/tr\/wp-json\/wp\/v2\/pages\/2885"}],"wp:attachment":[{"href":"https:\/\/www.ipl-hamburg.com\/tr\/wp-json\/wp\/v2\/media?parent=2873"}],"curies":[{"name":"wp","href":"https:\/\/api.w.org\/{rel}","templated":true}]}}