{"id":2879,"date":"2018-11-12T15:43:13","date_gmt":"2018-11-12T14:43:13","guid":{"rendered":"https:\/\/iplhamburg.netzlicht.com\/bagisikligi-gueclendiren-kuer\/"},"modified":"2018-11-15T14:32:47","modified_gmt":"2018-11-15T13:32:47","slug":"bagisikligi-gueclendiren-kuer","status":"publish","type":"page","link":"https:\/\/www.ipl-hamburg.com\/tr\/naturopatiye-iliskin-hizmetler\/enjeksiyon-kuerleri\/bagisikligi-gueclendiren-kuer\/","title":{"rendered":"Ba\u011f\u0131\u015f\u0131kl\u0131\u011f\u0131 G\u00fc\u00e7lendiren \u2013 K\u00fcr"},"content":{"rendered":"<div class=\"wpb-content-wrapper\"><p>[vc_row el_class=&#8221;mitsidebar&#8221;][vc_column width=&#8221;3\/4&#8243; offset=&#8221;vc_col-lg-offset-0 vc_col-lg-9 vc_col-md-offset-0 vc_col-md-9 vc_col-sm-offset-0 vc_col-xs-12&#8243;]<div class=\"ult-spacer spacer-69f4573b55ac3\" data-id=\"69f4573b55ac3\" data-height=\"40\" data-height-mobile=\"40\" data-height-tab=\"40\" data-height-tab-portrait=\"\" data-height-mobile-landscape=\"\" style=\"clear:both;display:block;\"><\/div>[vc_column_text css=&#8221;.vc_custom_1540206941383{margin-bottom: 0px !important;}&#8221;]\u00c7evremiz ve ya\u015fam al\u0131\u015fkanl\u0131klar\u0131m\u0131z son y\u00fczy\u0131lda \u00f6nemli \u00f6l\u00e7\u00fcde de\u011fi\u015fti.<\/p>\n<p>Her g\u00fcn koruyucu maddeler veya desenfeksiyon maddeleri gibi yabanc\u0131 maddelerle temas halindeyiz. G\u0131dam\u0131z, nefesimiz veya cildimiz yoluyla bu maddeleri al\u0131yoruz ve ba\u011f dokusunda biriktiriyoruz.<\/p>\n<p>Ayr\u0131ca d\u00fczenli olarak t\u00fcketilen tatl\u0131, ya\u011f ve et v\u00fccudumuzda bir \u00e7\u00f6p deposunun olu\u015fmas\u0131na neden olur.<\/p>\n<p>Sonucu, b\u00fct\u00fcn metabolizmay\u0131 etkileyen ve ba\u011f\u0131\u015f\u0131kl\u0131k sistemi ve kalp, karaci\u011fer ve b\u00f6brek faaliyetleri gibi, hayati v\u00fccut fonksiyonlar\u0131n\u0131 hassasiyetli bir \u015fekilde etkileyebilen bir a\u015f\u0131r\u0131 asitlenme.[\/vc_column_text]<div class=\"ult-spacer spacer-69f4573b55b0e\" data-id=\"69f4573b55b0e\" data-height=\"40\" data-height-mobile=\"40\" data-height-tab=\"40\" data-height-tab-portrait=\"\" data-height-mobile-landscape=\"\" style=\"clear:both;display:block;\"><\/div>[\/vc_column][vc_column width=&#8221;1\/4&#8243; offset=&#8221;vc_col-lg-offset-0 vc_col-lg-3 vc_col-md-offset-0 vc_col-md-3 vc_col-sm-offset-0 vc_hidden-sm vc_col-xs-12 vc_hidden-xs&#8221;][vc_widget_sidebar sidebar_id=&#8221;sidebar_16&#8243;][\/vc_column][\/vc_row][vc_row equal_height=&#8221;yes&#8221; type=&#8221;vc_default&#8221;][vc_column css=&#8221;.vc_custom_1539095004865{margin-right: 25px !important;margin-bottom: 50px !important;margin-left: 25px !important;padding-top: 35px !important;padding-right: 40px !important;padding-bottom: 40px !important;padding-left: 40px !important;background-color: #ffffff !important;}&#8221; offset=&#8221;vc_col-lg-offset-0 vc_col-md-offset-0 vc_col-sm-offset-0&#8243;]<div id=\"ultimate-heading-361369f4573b55b55\" class=\"uvc-heading ult-adjust-bottom-margin ultimate-heading-361369f4573b55b55 uvc-8828 \" data-hspacer=\"no_spacer\"  data-halign=\"left\" style=\"text-align:left\"><div class=\"uvc-heading-spacer no_spacer\" style=\"top\"><\/div><div class=\"uvc-main-heading ult-responsive\"  data-ultimate-target='.uvc-heading.ultimate-heading-361369f4573b55b55 h2'  data-responsive-json-new='{\"font-size\":\"\",\"line-height\":\"\"}' ><h2 style=\"font-weight:normal;color:#589935;\">A\u015fa\u011f\u0131da belirtilen \u015fikayetlerde biyolojik ba\u011f\u0131\u015f\u0131kl\u0131\u011f\u0131 g\u00fc\u00e7lendiren \u2013 k\u00fcr uygulan\u0131r:<\/h2><\/div><\/div><div class=\"ult-spacer spacer-69f4573b55bc0\" data-id=\"69f4573b55bc0\" data-height=\"30\" data-height-mobile=\"30\" data-height-tab=\"30\" data-height-tab-portrait=\"\" data-height-mobile-landscape=\"\" style=\"clear:both;display:block;\"><\/div><div class=\"standard-arrow list-divider bullet-top\"><ul>\n<li>Zay\u0131f d\u00fc\u015fm\u00fc\u015f bir ba\u011f\u0131\u015f\u0131kl\u0131k sistemi<\/li>\n<li>Yorgunluk ve halsizlik<\/li>\n<li>Uyku bozukluklar\u0131<\/li>\n<li>Migren<\/li>\n<li>A\u015f\u0131r\u0131 asitlenmede destekleyici tedavi<\/li>\n<li>tedavi dayan\u0131kl\u0131l\u0131\u011f\u0131<\/li>\n<li>kronik hastal\u0131klarda<\/li>\n<\/ul>\n<\/div>[\/vc_column][\/vc_row][vc_row equal_height=&#8221;yes&#8221; type=&#8221;vc_default&#8221;][vc_column css=&#8221;.vc_custom_1539095004865{margin-right: 25px !important;margin-bottom: 50px !important;margin-left: 25px !important;padding-top: 35px !important;padding-right: 40px !important;padding-bottom: 40px !important;padding-left: 40px !important;background-color: #ffffff !important;}&#8221; offset=&#8221;vc_col-lg-offset-0 vc_col-md-offset-0 vc_col-sm-offset-0&#8243;]<div id=\"ultimate-heading-54069f4573b55c63\" class=\"uvc-heading ult-adjust-bottom-margin ultimate-heading-54069f4573b55c63 uvc-2923 \" data-hspacer=\"no_spacer\"  data-halign=\"left\" style=\"text-align:left\"><div class=\"uvc-heading-spacer no_spacer\" style=\"top\"><\/div><div class=\"uvc-main-heading ult-responsive\"  data-ultimate-target='.uvc-heading.ultimate-heading-54069f4573b55c63 h2'  data-responsive-json-new='{\"font-size\":\"\",\"line-height\":\"\"}' ><h2 style=\"font-weight:normal;color:#589935;\">Biyolojik ba\u011f\u0131\u015f\u0131kl\u0131\u011f\u0131 g\u00fc\u00e7lendiren \u2013 k\u00fcr nas\u0131l etki eder?<\/h2><\/div><\/div><div class=\"ult-spacer spacer-69f4573b55ca1\" data-id=\"69f4573b55ca1\" data-height=\"30\" data-height-mobile=\"30\" data-height-tab=\"30\" data-height-tab-portrait=\"\" data-height-mobile-landscape=\"\" style=\"clear:both;display:block;\"><\/div>[vc_column_text css=&#8221;.vc_custom_1540207041207{margin-bottom: 0px !important;}&#8221;]Burada bu bir at\u0131l\u0131m ve geriye d\u00f6nd\u00fcrme terapisi ile b\u00fct\u00fcnsel bir tedavide ger\u00e7ekle\u015ftirilir. Be\u015f adet birbirine \u00f6zel uyarlanm\u0131\u015f preparat, biyolojik ba\u011f\u0131\u015f\u0131kl\u0131\u011f\u0131 g\u00fc\u00e7lendiren \u2013 k\u00fcr i\u00e7in kullan\u0131l\u0131r. K\u00fcr d\u00f6rt hafta s\u00fcrer ve bu s\u00fcre i\u00e7erisinde size on adet enjeksiyon uygulan\u0131r.[\/vc_column_text][\/vc_column][\/vc_row][vc_row][vc_column offset=&#8221;vc_hidden-lg vc_hidden-md&#8221;][vc_widget_sidebar sidebar_id=&#8221;sidebar_16&#8243;]<div class=\"ult-spacer spacer-69f4573b55cbe\" data-id=\"69f4573b55cbe\" data-height=\"20\" data-height-mobile=\"20\" data-height-tab=\"20\" data-height-tab-portrait=\"\" data-height-mobile-landscape=\"\" style=\"clear:both;display:block;\"><\/div>[\/vc_column][\/vc_row][vc_row equal_height=&#8221;yes&#8221; bg_type=&#8221;bg_color&#8221; bg_override=&#8221;ex-full&#8221; bg_color_value=&#8221;#ffffff&#8221; el_class=&#8221;calltoaektschn&#8221;][vc_column css=&#8221;.vc_custom_1539097314964{padding-top: 0px !important;}&#8221;]<section class=\"shortcode-action-box box-style-table shortcode-action-bg block-style-widget pulse animate-element\"><div class=\"text-big\"><div class=\"gap\" style=\"line-height: 10px; height: 10px;\"><\/div>\n<h5>Ba\u011flay\u0131c\u0131 olmayan bir kons\u00fcltasyon ister misiniz?<\/h5>\n<\/div><div class=\"shortcode-action-container action-button\"><a href=\"\/tr\/randevu\/\" class=\"btn-shortcode dt-btn-m dt-btn default-btn-color default-btn-hover-color default-btn-bg-color default-btn-bg-hover-color fadeIn animate-element animation-builder\" id=\"dt-btn-1\"><span>Randevu almak<\/span><\/a><\/div><\/section>[\/vc_column][\/vc_row]<\/p>\n<\/div>","protected":false},"excerpt":{"rendered":"<p>[vc_row el_class=&#8221;mitsidebar&#8221;][vc_column width=&#8221;3\/4&#8243; offset=&#8221;vc_col-lg-offset-0 vc_col-lg-9 vc_col-md-offset-0 vc_col-md-9 vc_col-sm-offset-0 vc_col-xs-12&#8243;][vc_column_text css=&#8221;.vc_custom_1540206941383{margin-bottom: 0px !important;}&#8221;]\u00c7evremiz ve ya\u015fam al\u0131\u015fkanl\u0131klar\u0131m\u0131z son y\u00fczy\u0131lda \u00f6nemli \u00f6l\u00e7\u00fcde de\u011fi\u015fti. Her g\u00fcn koruyucu maddeler veya desenfeksiyon maddeleri gibi yabanc\u0131 maddelerle temas halindeyiz. G\u0131dam\u0131z, nefesimiz veya cildimiz yoluyla bu maddeleri al\u0131yoruz ve ba\u011f dokusunda biriktiriyoruz. Ayr\u0131ca d\u00fczenli olarak t\u00fcketilen tatl\u0131, ya\u011f ve et v\u00fccudumuzda bir \u00e7\u00f6p&hellip;<\/p>\n","protected":false},"author":1,"featured_media":0,"parent":2885,"menu_order":600,"comment_status":"closed","ping_status":"closed","template":"","meta":{"footnotes":""},"class_list":["post-2879","page","type-page","status-publish","hentry","description-off"],"_links":{"self":[{"href":"https:\/\/www.ipl-hamburg.com\/tr\/wp-json\/wp\/v2\/pages\/2879","targetHints":{"allow":["GET"]}}],"collection":[{"href":"https:\/\/www.ipl-hamburg.com\/tr\/wp-json\/wp\/v2\/pages"}],"about":[{"href":"https:\/\/www.ipl-hamburg.com\/tr\/wp-json\/wp\/v2\/types\/page"}],"author":[{"embeddable":true,"href":"https:\/\/www.ipl-hamburg.com\/tr\/wp-json\/wp\/v2\/users\/1"}],"replies":[{"embeddable":true,"href":"https:\/\/www.ipl-hamburg.com\/tr\/wp-json\/wp\/v2\/comments?post=2879"}],"version-history":[{"count":0,"href":"https:\/\/www.ipl-hamburg.com\/tr\/wp-json\/wp\/v2\/pages\/2879\/revisions"}],"up":[{"embeddable":true,"href":"https:\/\/www.ipl-hamburg.com\/tr\/wp-json\/wp\/v2\/pages\/2885"}],"wp:attachment":[{"href":"https:\/\/www.ipl-hamburg.com\/tr\/wp-json\/wp\/v2\/media?parent=2879"}],"curies":[{"name":"wp","href":"https:\/\/api.w.org\/{rel}","templated":true}]}}