{"id":2891,"date":"2018-11-12T17:39:13","date_gmt":"2018-11-12T16:39:13","guid":{"rendered":"https:\/\/iplhamburg.netzlicht.com\/cogap-metacheck-metabolizma-analizi\/"},"modified":"2018-11-15T14:31:08","modified_gmt":"2018-11-15T13:31:08","slug":"cogap-metacheck-metabolizma-analizi","status":"publish","type":"page","link":"https:\/\/www.ipl-hamburg.com\/tr\/naturopatiye-iliskin-hizmetler\/cogap-metacheck-metabolizma-analizi\/","title":{"rendered":"CoGAP MetaCheck\u00ae Metabolizma Analizi"},"content":{"rendered":"<div class=\"wpb-content-wrapper\"><p>[vc_row el_class=&#8221;mitsidebar&#8221;][vc_column width=&#8221;3\/4&#8243; offset=&#8221;vc_col-lg-offset-0 vc_col-lg-9 vc_col-md-offset-0 vc_col-md-9 vc_col-sm-offset-0 vc_col-xs-12&#8243;]<div class=\"ult-spacer spacer-6a063d92db1c2\" data-id=\"6a063d92db1c2\" data-height=\"30\" data-height-mobile=\"30\" data-height-tab=\"30\" data-height-tab-portrait=\"\" data-height-mobile-landscape=\"\" style=\"clear:both;display:block;\"><\/div><div id=\"ultimate-heading-59636a063d92db244\" class=\"uvc-heading ult-adjust-bottom-margin ultimate-heading-59636a063d92db244 uvc-9496 \" data-hspacer=\"no_spacer\"  data-halign=\"left\" style=\"text-align:left\"><div class=\"uvc-heading-spacer no_spacer\" style=\"top\"><\/div><div class=\"uvc-main-heading ult-responsive\"  data-ultimate-target='.uvc-heading.ultimate-heading-59636a063d92db244 h2'  data-responsive-json-new='{\"font-size\":\"\",\"line-height\":\"\"}' ><h2 style=\"font-weight:normal;color:#589935;\">Genetik bir metabolizma analizi CoGAP MetaCheck\u00ae ile sa\u011fl\u0131kl\u0131 ve kolay bir \u015fekilde kilo vermek<\/h2><\/div><div class=\"uvc-sub-heading ult-responsive\"  data-ultimate-target='.uvc-heading.ultimate-heading-59636a063d92db244 .uvc-sub-heading '  data-responsive-json-new='{\"font-size\":\"desktop:20px;\",\"line-height\":\"desktop:30px;\"}'  style=\"font-weight:normal;\"><\/p>\n<h4>Karma\u015f\u0131k olmayan ve kal\u0131c\u0131 kilo kayb\u0131<\/h4>\n<p><\/div><\/div><div class=\"ult-spacer spacer-6a063d92db2da\" data-id=\"6a063d92db2da\" data-height=\"40\" data-height-mobile=\"40\" data-height-tab=\"40\" data-height-tab-portrait=\"\" data-height-mobile-landscape=\"\" style=\"clear:both;display:block;\"><\/div>[vc_column_text]<\/p>\n<h4>Genetik Metabolizma Analizi<\/h4>\n<p>[\/vc_column_text][vc_row_inner][vc_column_inner width=&#8221;2\/3&#8243;][vc_column_text]CoGAP MetaCheck\u00ae bir DNA analizi vas\u0131tas\u0131 ile sizin ki\u015fisel meta-tiplerinizi belirliyor. Bu da size, beslenmenizi ve sportif aktivitelerinizi genetik yatk\u0131nl\u0131klar\u0131n\u0131za g\u00f6re uyarlama imkan\u0131 sunuyor.<\/p>\n<p>B\u00f6ylelikle do\u011fal bir \u015fekilde kilonuzu azaltabilir ve h\u0131zl\u0131 ve sa\u011fl\u0131kl\u0131 bir \u015fekilde kilo verebilirsiniz.[\/vc_column_text][\/vc_column_inner][vc_column_inner width=&#8221;1\/3&#8243;][vc_single_image image=&#8221;2565&#8243; img_size=&#8221;full&#8221;][\/vc_column_inner][\/vc_row_inner]<div class=\"ult-spacer spacer-6a063d92db2fe\" data-id=\"6a063d92db2fe\" data-height=\"40\" data-height-mobile=\"40\" data-height-tab=\"40\" data-height-tab-portrait=\"\" data-height-mobile-landscape=\"\" style=\"clear:both;display:block;\"><\/div>[\/vc_column][vc_column width=&#8221;1\/4&#8243; offset=&#8221;vc_col-lg-offset-0 vc_col-lg-3 vc_col-md-offset-0 vc_col-md-3 vc_col-sm-offset-0 vc_hidden-sm vc_col-xs-12 vc_hidden-xs&#8221;][vc_widget_sidebar sidebar_id=&#8221;sidebar_17&#8243;][\/vc_column][\/vc_row][vc_row equal_height=&#8221;yes&#8221; type=&#8221;vc_default&#8221; css=&#8221;.vc_custom_1539098372110{padding-top: 50px !important;padding-bottom: 30px !important;}&#8221;][vc_column css=&#8221;.vc_custom_1539095004865{margin-right: 25px !important;margin-bottom: 50px !important;margin-left: 25px !important;padding-top: 35px !important;padding-right: 40px !important;padding-bottom: 40px !important;padding-left: 40px !important;background-color: #ffffff !important;}&#8221; offset=&#8221;vc_col-lg-offset-0 vc_col-md-offset-0 vc_col-sm-offset-0&#8243;][vc_column_text]<\/p>\n<h3>CoGAP MetaCheck\u00ae Avantajlar\u0131:<\/h3>\n<p>[\/vc_column_text]<div class=\"standard-arrow list-divider bullet-top\"><ul>\n<li>Uyarlanm\u0131\u015f beslenme ve spor tavsiyeleri sayesinde kilo verme<\/li>\n<li>Beslenme al\u0131\u015fkanl\u0131\u011f\u0131ndaki uzun vadeli de\u011fi\u015fim sayesinde Jo-Jo etkisi olmadan<\/li>\n<li>radikal diyetler yap\u0131lmadan, a\u00e7 kalmadan<\/li>\n<li>tehlikesiz yanak i\u00e7i mukozas\u0131 \u00f6rne\u011fi al\u0131m\u0131<\/li>\n<li>genleriniz de\u011fi\u015fmedi\u011finden bir kere uygulanan test<\/li>\n<\/ul>\n<\/div>[\/vc_column][\/vc_row][vc_row equal_height=&#8221;yes&#8221; type=&#8221;vc_default&#8221; css=&#8221;.vc_custom_1539098372110{padding-top: 50px !important;padding-bottom: 30px !important;}&#8221;][vc_column css=&#8221;.vc_custom_1539095004865{margin-right: 25px !important;margin-bottom: 50px !important;margin-left: 25px !important;padding-top: 35px !important;padding-right: 40px !important;padding-bottom: 40px !important;padding-left: 40px !important;background-color: #ffffff !important;}&#8221; offset=&#8221;vc_col-lg-offset-0 vc_col-md-offset-0 vc_col-sm-offset-0&#8243;][vc_column_text]<\/p>\n<h3>Farkl\u0131 meta-tipleri mevcuttur:<\/h3>\n<p>[\/vc_column_text]<div class=\"aio-icon-component  vc_custom_1540203727466   style_1\"><div id=\"Info-box-wrap-9823\" class=\"aio-icon-box left-icon\" style=\"\"  ><div class=\"aio-icon-left\"><div class=\"ult-just-icon-wrapper  \"><div class=\"align-icon\" style=\"text-align:center;\">\n<div class=\"aio-icon-img \" style=\"font-size:48px;display:inline-block;\" >\n\t<img decoding=\"async\" class=\"img-icon\" alt=\"null\" src=\"https:\/\/www.ipl-hamburg.com\/wp-content\/uploads\/2018\/10\/Typ_Alpha.png\"\/>\n<\/div><\/div><\/div><\/div><div class=\"aio-ibd-block\"><div class=\"aio-icon-header\" ><h3 class=\"aio-icon-title ult-responsive\"  data-ultimate-target='#Info-box-wrap-9823 .aio-icon-title'  data-responsive-json-new='{\"font-size\":\"desktop:20px;\",\"line-height\":\"desktop:30px;\"}'  style=\"\">Alfa<\/h3><\/div> <!-- header --><\/div> <!-- aio-ibd-block --><\/div> <!-- aio-icon-box --><\/div> <!-- aio-icon-component --><div class=\"aio-icon-component  vc_custom_1540203847339   style_1\"><div id=\"Info-box-wrap-6744\" class=\"aio-icon-box left-icon\" style=\"\"  ><div class=\"aio-icon-left\"><div class=\"ult-just-icon-wrapper  \"><div class=\"align-icon\" style=\"text-align:center;\">\n<div class=\"aio-icon-img \" style=\"font-size:48px;display:inline-block;\" >\n\t<img decoding=\"async\" class=\"img-icon\" alt=\"null\" src=\"https:\/\/www.ipl-hamburg.com\/wp-content\/uploads\/2018\/10\/Typ_Beta.png\"\/>\n<\/div><\/div><\/div><\/div><div class=\"aio-ibd-block\"><div class=\"aio-icon-header\" ><h3 class=\"aio-icon-title ult-responsive\"  data-ultimate-target='#Info-box-wrap-6744 .aio-icon-title'  data-responsive-json-new='{\"font-size\":\"desktop:20px;\",\"line-height\":\"desktop:30px;\"}'  style=\"\">Beta<\/h3><\/div> <!-- header --><\/div> <!-- aio-ibd-block --><\/div> <!-- aio-icon-box --><\/div> <!-- aio-icon-component --><div class=\"aio-icon-component  vc_custom_1540203879322   style_1\"><div id=\"Info-box-wrap-4803\" class=\"aio-icon-box left-icon\" style=\"\"  ><div class=\"aio-icon-left\"><div class=\"ult-just-icon-wrapper  \"><div class=\"align-icon\" style=\"text-align:center;\">\n<div class=\"aio-icon-img \" style=\"font-size:48px;display:inline-block;\" >\n\t<img decoding=\"async\" class=\"img-icon\" alt=\"null\" src=\"https:\/\/www.ipl-hamburg.com\/wp-content\/uploads\/2018\/10\/Typ_Gamma.png\"\/>\n<\/div><\/div><\/div><\/div><div class=\"aio-ibd-block\"><div class=\"aio-icon-header\" ><h3 class=\"aio-icon-title ult-responsive\"  data-ultimate-target='#Info-box-wrap-4803 .aio-icon-title'  data-responsive-json-new='{\"font-size\":\"desktop:20px;\",\"line-height\":\"desktop:30px;\"}'  style=\"\">Gama<\/h3><\/div> <!-- header --><\/div> <!-- aio-ibd-block --><\/div> <!-- aio-icon-box --><\/div> <!-- aio-icon-component --><div class=\"aio-icon-component  vc_custom_1540203918682   style_1\"><div id=\"Info-box-wrap-1726\" class=\"aio-icon-box left-icon\" style=\"\"  ><div class=\"aio-icon-left\"><div class=\"ult-just-icon-wrapper  \"><div class=\"align-icon\" style=\"text-align:center;\">\n<div class=\"aio-icon-img \" style=\"font-size:48px;display:inline-block;\" >\n\t<img decoding=\"async\" class=\"img-icon\" alt=\"null\" src=\"https:\/\/www.ipl-hamburg.com\/wp-content\/uploads\/2018\/10\/Typ_Delta.png\"\/>\n<\/div><\/div><\/div><\/div><div class=\"aio-ibd-block\"><div class=\"aio-icon-header\" ><h3 class=\"aio-icon-title ult-responsive\"  data-ultimate-target='#Info-box-wrap-1726 .aio-icon-title'  data-responsive-json-new='{\"font-size\":\"desktop:20px;\",\"line-height\":\"desktop:30px;\"}'  style=\"\">Delta<\/h3><\/div> <!-- header --><\/div> <!-- aio-ibd-block --><\/div> <!-- aio-icon-box --><\/div> <!-- aio-icon-component -->[vc_column_text css=&#8221;.vc_custom_1540204430766{margin-bottom: 0px !important;}&#8221;]Her bir meta-tipi g\u0131dan\u0131n ana bile\u015fenlerini (karbonhidratlar, proteinler, ya\u011flar) fakl\u0131 i\u015fliyor.<\/p>\n<h4><strong>Her bir meta-tipi i\u00e7in iki spor \u00e7e\u015fidinden biri var olmaktad\u0131r:<\/strong><\/h4>\n<p><strong>Dayan\u0131kl\u0131l\u0131k: E = Endurana<\/strong><\/p>\n<p><strong>H\u0131zl\u0131l\u0131k: S = Speed<\/strong><\/p>\n<p>Bu ikisi yap\u0131lan spor aktivitesinin t\u00fcr\u00fcne ba\u011fl\u0131 olarak, spor esnas\u0131nda olduk\u00e7a etkili bir kalori t\u00fcketimi sa\u011flamaktad\u0131r.[\/vc_column_text][\/vc_column][\/vc_row][vc_row equal_height=&#8221;yes&#8221; type=&#8221;vc_default&#8221; css=&#8221;.vc_custom_1539098372110{padding-top: 50px !important;padding-bottom: 30px !important;}&#8221;][vc_column css=&#8221;.vc_custom_1539095004865{margin-right: 25px !important;margin-bottom: 50px !important;margin-left: 25px !important;padding-top: 35px !important;padding-right: 40px !important;padding-bottom: 40px !important;padding-left: 40px !important;background-color: #ffffff !important;}&#8221; offset=&#8221;vc_col-lg-offset-0 vc_col-md-offset-0 vc_col-sm-offset-0&#8243;][vc_column_text]Kesinlikle sadece metabolizma genlerinizin analizi anonim bir \u015fekilde yap\u0131l\u0131r.<\/p>\n<p>Tahlil edilen genetik de\u011fi\u015fimlerin sonucu, ne akrabal\u0131k ili\u015fkilerine y\u00f6nelik, ne de belirli hastal\u0131klara y\u00f6nelik sonu\u00e7lar ortaya \u00e7\u0131kar\u0131r.<\/p>\n<p>Al\u0131nm\u0131\u015f olan \u00f6rnekleriniz metabolizma analizinden sonra imha edilir!<\/p>\n<p><em>*Not*<br \/>\nCoGAP MetaCheck\u00ae konseptimizin, geleneksel kilo kayb\u0131 kavram\u0131 ba\u011flam\u0131nda ba\u015fka bir bile\u015fen olarak geneti\u011fi i\u00e7erdi\u011fini l\u00fctfen unutmay\u0131n. Bununla birlikte, genetik yatk\u0131nl\u0131k ve kilo de\u011fi\u015fimi aras\u0131ndaki ba\u011flant\u0131 hen\u00fcz yeterince bilimsel olarak kan\u0131tlanmam\u0131\u015ft\u0131r. Bununla birlikte, size CoGAP MetaCheck\u00ae gen diyetine dayal\u0131 ki\u015fisel olarak uyarlanm\u0131\u015f ve ba\u015far\u0131l\u0131 bir beslenme ve e\u011fitim konsepti sunabilece\u011fimize ikna olduk.<\/em>[\/vc_column_text][\/vc_column][\/vc_row][vc_row][vc_column offset=&#8221;vc_hidden-lg vc_hidden-md&#8221;][vc_widget_sidebar sidebar_id=&#8221;sidebar_17&#8243;]<div class=\"ult-spacer spacer-6a063d92dc5a9\" data-id=\"6a063d92dc5a9\" data-height=\"20\" data-height-mobile=\"20\" data-height-tab=\"20\" data-height-tab-portrait=\"\" data-height-mobile-landscape=\"\" style=\"clear:both;display:block;\"><\/div>[\/vc_column][\/vc_row][vc_row equal_height=&#8221;yes&#8221; bg_type=&#8221;bg_color&#8221; bg_override=&#8221;ex-full&#8221; bg_color_value=&#8221;#ffffff&#8221; el_class=&#8221;calltoaektschn&#8221;][vc_column css=&#8221;.vc_custom_1539097314964{padding-top: 0px !important;}&#8221;]<section class=\"shortcode-action-box box-style-table shortcode-action-bg block-style-widget pulse animate-element\"><div class=\"text-big\"><div class=\"gap\" style=\"line-height: 10px; height: 10px;\"><\/div>\n<h5>Sa\u011fl\u0131kl\u0131 bir r\u00fcya fig\u00fcr\u00fcne giden yol! Biz sizi destekliyoruz.<\/h5>\n<\/div><div class=\"shortcode-action-container action-button\"><a href=\"\/tr\/randevu\/\" class=\"btn-shortcode dt-btn-m dt-btn default-btn-color default-btn-hover-color default-btn-bg-color default-btn-bg-hover-color fadeIn animate-element animation-builder\" id=\"dt-btn-1\"><span>Randevu almak<\/span><\/a><\/div><\/section>[\/vc_column][\/vc_row]<\/p>\n<\/div>","protected":false},"excerpt":{"rendered":"<p>[vc_row el_class=&#8221;mitsidebar&#8221;][vc_column width=&#8221;3\/4&#8243; offset=&#8221;vc_col-lg-offset-0 vc_col-lg-9 vc_col-md-offset-0 vc_col-md-9 vc_col-sm-offset-0 vc_col-xs-12&#8243;][vc_column_text] Genetik Metabolizma Analizi [\/vc_column_text][vc_row_inner][vc_column_inner width=&#8221;2\/3&#8243;][vc_column_text]CoGAP MetaCheck\u00ae bir DNA analizi vas\u0131tas\u0131 ile sizin ki\u015fisel meta-tiplerinizi belirliyor. Bu da size, beslenmenizi ve sportif aktivitelerinizi genetik yatk\u0131nl\u0131klar\u0131n\u0131za g\u00f6re uyarlama imkan\u0131 sunuyor. B\u00f6ylelikle do\u011fal bir \u015fekilde kilonuzu azaltabilir ve h\u0131zl\u0131 ve sa\u011fl\u0131kl\u0131 bir \u015fekilde kilo verebilirsiniz.[\/vc_column_text][\/vc_column_inner][vc_column_inner width=&#8221;1\/3&#8243;][vc_single_image image=&#8221;2565&#8243; img_size=&#8221;full&#8221;][\/vc_column_inner][\/vc_row_inner][\/vc_column][vc_column width=&#8221;1\/4&#8243;&hellip;<\/p>\n","protected":false},"author":1,"featured_media":0,"parent":2928,"menu_order":600,"comment_status":"closed","ping_status":"closed","template":"","meta":{"footnotes":""},"class_list":["post-2891","page","type-page","status-publish","hentry","description-off"],"_links":{"self":[{"href":"https:\/\/www.ipl-hamburg.com\/tr\/wp-json\/wp\/v2\/pages\/2891","targetHints":{"allow":["GET"]}}],"collection":[{"href":"https:\/\/www.ipl-hamburg.com\/tr\/wp-json\/wp\/v2\/pages"}],"about":[{"href":"https:\/\/www.ipl-hamburg.com\/tr\/wp-json\/wp\/v2\/types\/page"}],"author":[{"embeddable":true,"href":"https:\/\/www.ipl-hamburg.com\/tr\/wp-json\/wp\/v2\/users\/1"}],"replies":[{"embeddable":true,"href":"https:\/\/www.ipl-hamburg.com\/tr\/wp-json\/wp\/v2\/comments?post=2891"}],"version-history":[{"count":0,"href":"https:\/\/www.ipl-hamburg.com\/tr\/wp-json\/wp\/v2\/pages\/2891\/revisions"}],"up":[{"embeddable":true,"href":"https:\/\/www.ipl-hamburg.com\/tr\/wp-json\/wp\/v2\/pages\/2928"}],"wp:attachment":[{"href":"https:\/\/www.ipl-hamburg.com\/tr\/wp-json\/wp\/v2\/media?parent=2891"}],"curies":[{"name":"wp","href":"https:\/\/api.w.org\/{rel}","templated":true}]}}