{"id":2904,"date":"2018-11-13T14:19:13","date_gmt":"2018-11-13T13:19:13","guid":{"rendered":"https:\/\/iplhamburg.netzlicht.com\/avantajlar-uygunluk\/"},"modified":"2018-11-15T14:29:50","modified_gmt":"2018-11-15T13:29:50","slug":"avantajlar-uygunluk","status":"publish","type":"page","link":"https:\/\/www.ipl-hamburg.com\/tr\/naturopatiye-iliskin-hizmetler\/kilo-verme\/avantajlar-uygunluk\/","title":{"rendered":"Avantajlar &#038; Uygunluk"},"content":{"rendered":"<div class=\"wpb-content-wrapper\"><p>[vc_row el_class=&#8221;mitsidebar&#8221;][vc_column width=&#8221;3\/4&#8243; offset=&#8221;vc_col-lg-offset-0 vc_col-lg-9 vc_col-md-offset-0 vc_col-md-9 vc_col-sm-offset-0 vc_col-xs-12&#8243;]<div class=\"ult-spacer spacer-69f1ab1215796\" data-id=\"69f1ab1215796\" data-height=\"30\" data-height-mobile=\"30\" data-height-tab=\"30\" data-height-tab-portrait=\"\" data-height-mobile-landscape=\"\" style=\"clear:both;display:block;\"><\/div><div id=\"ultimate-heading-936769f1ab12157fa\" class=\"uvc-heading ult-adjust-bottom-margin ultimate-heading-936769f1ab12157fa uvc-6487 \" data-hspacer=\"no_spacer\"  data-halign=\"left\" style=\"text-align:left\"><div class=\"uvc-heading-spacer no_spacer\" style=\"top\"><\/div><div class=\"uvc-main-heading ult-responsive\"  data-ultimate-target='.uvc-heading.ultimate-heading-936769f1ab12157fa h2'  data-responsive-json-new='{\"font-size\":\"\",\"line-height\":\"\"}' ><h2 style=\"font-weight:normal;color:#589935;\">Avantajlar &amp; Uygunluk<\/h2><\/div><div class=\"uvc-sub-heading ult-responsive\"  data-ultimate-target='.uvc-heading.ultimate-heading-936769f1ab12157fa .uvc-sub-heading '  data-responsive-json-new='{\"font-size\":\"desktop:20px;\",\"line-height\":\"desktop:30px;\"}'  style=\"font-weight:normal;\"><\/p>\n<h4>LipoWeg\u2019in avantajlar\u0131<\/h4>\n<p><\/div><\/div><div class=\"ult-spacer spacer-69f1ab1215877\" data-id=\"69f1ab1215877\" data-height=\"30\" data-height-mobile=\"30\" data-height-tab=\"30\" data-height-tab-portrait=\"\" data-height-mobile-landscape=\"\" style=\"clear:both;display:block;\"><\/div>[vc_tabs][vc_tab title=&#8221;LipoWeg-K\u00fcr&#8217;\u00fcn&#8221; tab_id=&#8221;77097138-7d34-3&#8243;]<div class=\"standard-arrow list-divider bullet-top\"><ul>\n<li>sa\u011fl\u0131kl\u0131 bir \u015fekilde birebir ilgilenme ve destek yoluyla motivasyon<\/li>\n<li>LipoWeg-enjeksiyonlar\u0131 ile h\u0131zl\u0131 bir ba\u015far\u0131<\/li>\n<li>tam verimlilik<\/li>\n<li>a\u00e7l\u0131k hissi olmadan<\/li>\n<li>cerrahi m\u00fcdahale olmadan<\/li>\n<li>istikrar sayesinde \u201cy\u00fcksek moral hissi\u201d<\/li>\n<li>\u00f6zg\u00fcven duygusunun g\u00fc\u00e7lendirilmesi<\/li>\n<li>herhangi bir yan etkisi olmadan<\/li>\n<li>sa\u011fl\u0131k durumunun d\u00fczelmesi<\/li>\n<li>kilo kayb\u0131 i\u00e7in toz veya haplar olmadan<\/li>\n<li>uzun vadeli beslenme al\u0131\u015fkanl\u0131\u011f\u0131nda de\u011fi\u015fiklik<\/li>\n<li>ki\u015fisel ve birebir dan\u0131\u015fmanl\u0131k<\/li>\n<li>duygusal deste<\/li>\n<li>T\u00fcm kilo verme s\u00fcreci \u00fczerinde kontrol<\/li>\n<li>iyilik hissinin artmas\u0131<\/li>\n<li>zor vakalarda bile ba\u015far\u0131<\/li>\n<li>metabolizman\u0131n etkinle\u015ftirilmesiyle kilo dengeleme<\/li>\n<li>di\u011fer metabolizma ile ilgili rahats\u0131zl\u0131klarda da yararl\u0131<\/li>\n<li>daha sonraki beslenme davran\u0131\u015f\u0131na istinaden beslenme dan\u0131\u015fmanl\u0131\u011f\u0131<\/li>\n<li>kiloyu korumay\u0131 \u00f6\u011frenme<\/li>\n<\/ul>\n<\/div>[\/vc_tab][vc_tab title=&#8221;Kimin i\u00e7in?&#8221; tab_id=&#8221;4316d3ed-6396-9&#8243;]<div class=\"standard-arrow list-divider bullet-top\"><ul>\n<li>metabolizmas\u0131 \u00e7ok a\u011f\u0131r \u00e7al\u0131\u015fan insanlar<\/li>\n<li>bir\u00e7ok kilo verme metoduyla metabolizmas\u0131n\u0131n \u00e7al\u0131\u015fmas\u0131n\u0131 yava\u015ftlatm\u0131\u015f insanlar<\/li>\n<li>yemekten zevk alan ve a\u015f\u0131r\u0131 yiyecek ve i\u00e7ecek t\u00fcketiminden dolay\u0131 \u00e7ok fazla kilo alm\u0131\u015f olan insanlar<\/li>\n<li>keder sonucu yemek yiyen insanlar<\/li>\n<li>tamamen kontrols\u00fcz yemek yiyen insanlar<\/li>\n<li>hormonal de\u011fi\u015fim (gebelik, menopoz, hormonal tedavi, do\u011fum kontrol hap\u0131) neticesinde zor veya \u00e7ok az kilo verebilen bayanlar<\/li>\n<li>ila\u00e7 doz ayarlamas\u0131 d\u00fczg\u00fcn yap\u0131ld\u0131ysa, hipotiroidili hastalar<\/li>\n<li>hipotiroidili hastalar<\/li>\n<li>hafif bir homeopati tedavisi ve \u00f6zel bir beslenme plan\u0131 ile etkili bir \u015fekilde yard\u0131m edilebilen obez \u00e7ocuk ve ergenler<\/li>\n<li>sigaray\u0131 b\u0131rakan ve bundan dolay\u0131 kilo alan insanlar<\/li>\n<li>spor yapmak istemeyen hastalar daha do\u011frusu sporu, v\u00fccut a\u011f\u0131rl\u0131klar\u0131ndan dolay\u0131 ancak s\u0131n\u0131rl\u0131 bir \u015fekilde yapabilenler<\/li>\n<li>kal\u00e7a eklemi, diz eklemi, belf\u0131t\u0131\u011f\u0131 gibi ortopedik ameliyatlardan \u00f6nce veya sonra<\/li>\n<li>problemli b\u00f6lgeleri olan insanlar<\/li>\n<\/ul>\n<\/div>[\/vc_tab][\/vc_tabs][\/vc_column][vc_column width=&#8221;1\/4&#8243; offset=&#8221;vc_col-lg-offset-0 vc_col-lg-3 vc_col-md-offset-0 vc_col-md-3 vc_col-sm-offset-0 vc_hidden-sm vc_col-xs-12 vc_hidden-xs&#8221;][vc_widget_sidebar sidebar_id=&#8221;sidebar_14&#8243;][\/vc_column][\/vc_row][vc_row bg_type=&#8221;bg_color&#8221; bg_override=&#8221;ex-full&#8221; bg_color_value=&#8221;#589935&#8243;][vc_column][vc_column_text]<\/p>\n<h4 style=\"text-align: center; color: #ffffff;\">Sadece kilo vermek ve zay\u0131f olmak isteyen herkes i\u00e7in.<\/h4>\n<p>[\/vc_column_text][\/vc_column][\/vc_row][vc_row equal_height=&#8221;yes&#8221; type=&#8221;vc_default&#8221; css=&#8221;.vc_custom_1539955003613{margin-top: 50px !important;}&#8221;][vc_column css=&#8221;.vc_custom_1539095004865{margin-right: 25px !important;margin-bottom: 50px !important;margin-left: 25px !important;padding-top: 35px !important;padding-right: 40px !important;padding-bottom: 40px !important;padding-left: 40px !important;background-color: #ffffff !important;}&#8221; offset=&#8221;vc_col-lg-offset-0 vc_col-md-offset-0 vc_col-sm-offset-0&#8243;]<div id=\"ultimate-heading-526969f1ab12159af\" class=\"uvc-heading ult-adjust-bottom-margin ultimate-heading-526969f1ab12159af uvc-7042 \" data-hspacer=\"no_spacer\"  data-halign=\"left\" style=\"text-align:left\"><div class=\"uvc-heading-spacer no_spacer\" style=\"top\"><\/div><div class=\"uvc-main-heading ult-responsive\"  data-ultimate-target='.uvc-heading.ultimate-heading-526969f1ab12159af h2'  data-responsive-json-new='{\"font-size\":\"\",\"line-height\":\"\"}' ><h2 style=\"font-weight:normal;color:#589935;\">Jojo etkisi olmadan etkili bir \u015fekilde kilo vermek?!<\/h2><\/div><div class=\"uvc-sub-heading ult-responsive\"  data-ultimate-target='.uvc-heading.ultimate-heading-526969f1ab12159af .uvc-sub-heading '  data-responsive-json-new='{\"font-size\":\"desktop:20px;\",\"line-height\":\"desktop:30px;\"}'  style=\"font-weight:normal;\"><\/p>\n<h4>\u00c7\u00f6z\u00fcm: \u201eLipoWeg\u201c, kilo vermenin yeni metodu!<\/h4>\n<p><\/div><\/div>[vc_column_text css=&#8221;.vc_custom_1539954861078{margin-bottom: 0px !important;}&#8221;]<img loading=\"lazy\" decoding=\"async\" class=\"alignright size-full wp-image-2544\" src=\"\/wp-content\/uploads\/2018\/10\/gewichtsreduktion.jpg\" alt=\"Gewichtsreduktion mit LIPOweg\" width=\"300\" height=\"402\" \/>\u201eLipoWeg\u201c in zay\u0131f olma prensibi: kolay, etkili ve sa\u011fl\u0131kl\u0131.<\/p>\n<p>Y\u0131llard\u0131r geli\u015ftirilen ve b\u00f6ylelikle s\u00fcrekli olarak iyile\u015ftirilen homeopatik enjeksiyonlar ve kontroll\u00fc beslenme, zay\u0131flamak i\u00e7in \u00e7ok \u00f6nemli olan metabolizma aktivitesine neden olmakta. Bundan dolay\u0131 enerji kullan\u0131m\u0131 artar ve v\u00fccut kilo vermek zorunda kal\u0131r. Burada her bir ay i\u00e7in ortalama ba\u015far\u0131 fakt\u00f6r\u00fc alt\u0131 kilogramd\u0131r; hatta baz\u0131 durumlarda \u00e7ok daha fazla kilo verilebiliyor.<\/p>\n<p>Temelinde sa\u011fl\u0131k konsepti olarak d\u00fc\u015f\u00fcn\u00fclen Lipoweg, Karaci\u011fer ya\u011f\u0131 ve kan ya\u011f\u0131 de\u011ferlerini de d\u00fczeltmektedir, ba\u011f\u0131\u015f\u0131kl\u0131k sistemini g\u00fc\u00e7lendirir ve ayn\u0131 zamanda \u015feker hastalar\u0131 i\u00e7in de uygundur.<\/p>\n<p>Mutluluk hormonlar\u0131 serbest kal\u0131yor ve depresyonlarla m\u00fccadele ediliyor, cilt g\u00fczel kal\u0131yor ve a\u015f\u0131r\u0131 a\u00e7l\u0131k hissi uzakta kal\u0131yor..<\/p>\n<p>Hasta hem psikolojik hem de fiziksel a\u00e7\u0131dan iyi hissediyor.<\/p>\n<p>\u201cLipoWeg\u201d ile zay\u0131flama her a\u00e7\u0131dan bir ba\u015far\u0131d\u0131r![\/vc_column_text][\/vc_column][\/vc_row][vc_row][vc_column offset=&#8221;vc_hidden-lg vc_hidden-md&#8221;][vc_widget_sidebar sidebar_id=&#8221;sidebar_14&#8243;][\/vc_column][\/vc_row][vc_row equal_height=&#8221;yes&#8221; bg_type=&#8221;bg_color&#8221; bg_override=&#8221;ex-full&#8221; bg_color_value=&#8221;#ffffff&#8221; el_class=&#8221;calltoaektschn&#8221;][vc_column css=&#8221;.vc_custom_1539097314964{padding-top: 0px !important;}&#8221;]<section class=\"shortcode-action-box box-style-table shortcode-action-bg block-style-widget pulse animate-element\"><div class=\"text-big\"><div class=\"gap\" style=\"line-height: 10px; height: 10px;\"><\/div>\n<h5>Tam v\u00fccut tedavisi istiyorsan\u0131z l\u00fctfen bize ula\u015f\u0131n!<\/h5>\n<\/div><div class=\"shortcode-action-container action-button\"><a href=\"\/tr\/randevu\/\" class=\"btn-shortcode dt-btn-m dt-btn default-btn-color default-btn-hover-color default-btn-bg-color default-btn-bg-hover-color fadeIn animate-element animation-builder\" id=\"dt-btn-1\"><span>Randevu almak<\/span><\/a><\/div><\/section>[\/vc_column][\/vc_row]<\/p>\n<\/div>","protected":false},"excerpt":{"rendered":"<p>[vc_row el_class=&#8221;mitsidebar&#8221;][vc_column width=&#8221;3\/4&#8243; offset=&#8221;vc_col-lg-offset-0 vc_col-lg-9 vc_col-md-offset-0 vc_col-md-9 vc_col-sm-offset-0 vc_col-xs-12&#8243;][vc_tabs][vc_tab title=&#8221;LipoWeg-K\u00fcr&#8217;\u00fcn&#8221; tab_id=&#8221;77097138-7d34-3&#8243;][\/vc_tab][vc_tab title=&#8221;Kimin i\u00e7in?&#8221; tab_id=&#8221;4316d3ed-6396-9&#8243;][\/vc_tab][\/vc_tabs][\/vc_column][vc_column width=&#8221;1\/4&#8243; offset=&#8221;vc_col-lg-offset-0 vc_col-lg-3 vc_col-md-offset-0 vc_col-md-3 vc_col-sm-offset-0 vc_hidden-sm vc_col-xs-12 vc_hidden-xs&#8221;][vc_widget_sidebar sidebar_id=&#8221;sidebar_14&#8243;][\/vc_column][\/vc_row][vc_row bg_type=&#8221;bg_color&#8221; bg_override=&#8221;ex-full&#8221; bg_color_value=&#8221;#589935&#8243;][vc_column][vc_column_text] Sadece kilo vermek ve zay\u0131f olmak isteyen herkes i\u00e7in. [\/vc_column_text][\/vc_column][\/vc_row][vc_row equal_height=&#8221;yes&#8221; type=&#8221;vc_default&#8221; css=&#8221;.vc_custom_1539955003613{margin-top: 50px !important;}&#8221;][vc_column css=&#8221;.vc_custom_1539095004865{margin-right: 25px !important;margin-bottom: 50px !important;margin-left: 25px !important;padding-top: 35px !important;padding-right: 40px !important;padding-bottom: 40px !important;padding-left:&hellip;<\/p>\n","protected":false},"author":1,"featured_media":0,"parent":2922,"menu_order":600,"comment_status":"closed","ping_status":"closed","template":"","meta":{"footnotes":""},"class_list":["post-2904","page","type-page","status-publish","hentry","description-off"],"_links":{"self":[{"href":"https:\/\/www.ipl-hamburg.com\/tr\/wp-json\/wp\/v2\/pages\/2904","targetHints":{"allow":["GET"]}}],"collection":[{"href":"https:\/\/www.ipl-hamburg.com\/tr\/wp-json\/wp\/v2\/pages"}],"about":[{"href":"https:\/\/www.ipl-hamburg.com\/tr\/wp-json\/wp\/v2\/types\/page"}],"author":[{"embeddable":true,"href":"https:\/\/www.ipl-hamburg.com\/tr\/wp-json\/wp\/v2\/users\/1"}],"replies":[{"embeddable":true,"href":"https:\/\/www.ipl-hamburg.com\/tr\/wp-json\/wp\/v2\/comments?post=2904"}],"version-history":[{"count":0,"href":"https:\/\/www.ipl-hamburg.com\/tr\/wp-json\/wp\/v2\/pages\/2904\/revisions"}],"up":[{"embeddable":true,"href":"https:\/\/www.ipl-hamburg.com\/tr\/wp-json\/wp\/v2\/pages\/2922"}],"wp:attachment":[{"href":"https:\/\/www.ipl-hamburg.com\/tr\/wp-json\/wp\/v2\/media?parent=2904"}],"curies":[{"name":"wp","href":"https:\/\/api.w.org\/{rel}","templated":true}]}}