{"id":2922,"date":"2018-11-15T13:27:10","date_gmt":"2018-11-15T12:27:10","guid":{"rendered":"https:\/\/iplhamburg.netzlicht.com\/kilo-verme\/"},"modified":"2018-11-15T14:27:51","modified_gmt":"2018-11-15T13:27:51","slug":"kilo-verme","status":"publish","type":"page","link":"https:\/\/www.ipl-hamburg.com\/tr\/naturopatiye-iliskin-hizmetler\/kilo-verme\/","title":{"rendered":"Kilo verme"},"content":{"rendered":"<div class=\"wpb-content-wrapper\"><p>[vc_row el_class=&#8221;mitsidebar&#8221;][vc_column width=&#8221;3\/4&#8243; offset=&#8221;vc_col-lg-offset-0 vc_col-lg-9 vc_col-md-offset-0 vc_col-md-9 vc_col-sm-offset-0 vc_col-xs-12&#8243;]<div class=\"ult-spacer spacer-69e4a8e33caa8\" data-id=\"69e4a8e33caa8\" data-height=\"30\" data-height-mobile=\"30\" data-height-tab=\"30\" data-height-tab-portrait=\"\" data-height-mobile-landscape=\"\" style=\"clear:both;display:block;\"><\/div><div id=\"ultimate-heading-119669e4a8e33cb0b\" class=\"uvc-heading ult-adjust-bottom-margin ultimate-heading-119669e4a8e33cb0b uvc-8349 \" data-hspacer=\"no_spacer\"  data-halign=\"left\" style=\"text-align:left\"><div class=\"uvc-heading-spacer no_spacer\" style=\"top\"><\/div><div class=\"uvc-main-heading ult-responsive\"  data-ultimate-target='.uvc-heading.ultimate-heading-119669e4a8e33cb0b h2'  data-responsive-json-new='{\"font-size\":\"\",\"line-height\":\"\"}' ><h2 style=\"font-weight:normal;color:#589935;\">LIPOweg ile kilo vermek<\/h2><\/div><div class=\"uvc-sub-heading ult-responsive\"  data-ultimate-target='.uvc-heading.ultimate-heading-119669e4a8e33cb0b .uvc-sub-heading '  data-responsive-json-new='{\"font-size\":\"desktop:20px;\",\"line-height\":\"desktop:30px;\"}'  style=\"font-weight:normal;\"><\/p>\n<h4>CERRAH\u0130 M\u00dcDEHALE YAPTIRMADAN \u2013 ZAYIF OLMAK, ZAYIF KALMAK<\/h4>\n<p><\/div><\/div><div class=\"ult-spacer spacer-69e4a8e33cb6d\" data-id=\"69e4a8e33cb6d\" data-height=\"10\" data-height-mobile=\"10\" data-height-tab=\"10\" data-height-tab-portrait=\"\" data-height-mobile-landscape=\"\" style=\"clear:both;display:block;\"><\/div>[vc_column_text]<\/p>\n<h4>Kilo vermek i\u00e7in en uygun \u00e7\u00f6z\u00fcm homeopatik \/ biyolojik bir k\u00fcrd\u00fcr:<\/h4>\n<p>[\/vc_column_text][vc_row_inner][vc_column_inner width=&#8221;2\/3&#8243;]<div class=\"standard-arrow list-divider bullet-top\"><ul>\n<li>metobolizman\u0131n h\u0131zlanmas\u0131<\/li>\n<li>enerji t\u00fcketimin artmas\u0131<\/li>\n<li>ya\u011f eritici<\/li>\n<li>lenfatik sistemi uyar\u0131c\u0131<\/li>\n<li>ba\u011f\u0131\u015f\u0131kl\u0131k sistemin g\u00fc\u00e7lendirilmesi<\/li>\n<li>kan ya\u011f de\u011ferlerinin iyile\u015fmesi<\/li>\n<li>y\u00fcksek tasiyonunu d\u00fc\u015f\u00fcr\u00fcr<\/li>\n<\/ul>\n<\/div>[vc_column_text]<\/p>\n<h4 style=\"text-align: center;\">Performans tam korunur!<br \/>\nJOJO-etkisi yok!<\/h4>\n<p>[\/vc_column_text][\/vc_column_inner][vc_column_inner width=&#8221;1\/3&#8243;][vc_single_image image=&#8221;2521&#8243; img_size=&#8221;full&#8221;][\/vc_column_inner][\/vc_row_inner]<div class=\"ult-spacer spacer-69e4a8e33cc24\" data-id=\"69e4a8e33cc24\" data-height=\"40\" data-height-mobile=\"40\" data-height-tab=\"40\" data-height-tab-portrait=\"\" data-height-mobile-landscape=\"\" style=\"clear:both;display:block;\"><\/div>[\/vc_column][vc_column width=&#8221;1\/4&#8243; offset=&#8221;vc_col-lg-offset-0 vc_col-lg-3 vc_col-md-offset-0 vc_col-md-3 vc_col-sm-offset-0 vc_hidden-sm vc_col-xs-12 vc_hidden-xs&#8221;][vc_widget_sidebar sidebar_id=&#8221;sidebar_14&#8243;][\/vc_column][\/vc_row][vc_row bg_type=&#8221;bg_color&#8221; bg_override=&#8221;ex-full&#8221; bg_color_value=&#8221;#589935&#8243;][vc_column][vc_column_text]<\/p>\n<h4 style=\"text-align: center; color: #ffffff;\">Kilo verme uygulamas\u0131, tavsiye edilen en az \u00fc\u00e7 ayl\u0131k bir tedavi s\u00fcresi ile haftada \u00fc\u00e7 kez yap\u0131l\u0131r.<\/h4>\n<p>[\/vc_column_text][\/vc_column][\/vc_row][vc_row equal_height=&#8221;yes&#8221; type=&#8221;vc_default&#8221; css=&#8221;.vc_custom_1539098372110{padding-top: 50px !important;padding-bottom: 30px !important;}&#8221;][vc_column css=&#8221;.vc_custom_1539095004865{margin-right: 25px !important;margin-bottom: 50px !important;margin-left: 25px !important;padding-top: 35px !important;padding-right: 40px !important;padding-bottom: 40px !important;padding-left: 40px !important;background-color: #ffffff !important;}&#8221; offset=&#8221;vc_col-lg-offset-0 vc_col-md-offset-0 vc_col-sm-offset-0&#8243;][vc_column_text]<\/p>\n<h3>Kampanyam\u0131z<\/h3>\n<p>[\/vc_column_text]<div class=\"standard-arrow list-divider bullet-top\"><ul>\n<li>17 adet LIPOweg\u00ae Enjeksiyonu<\/li>\n<li>12 adet iLipo Uygulamas\u0131<\/li>\n<li>beslenme dan\u0131\u015fmanl\u0131\u011f\u0131<\/li>\n<li>lenfatik sistemi uyar\u0131c\u0131<\/li>\n<li>Kilo kontrol\u00fc<\/li>\n<li>tansiyon kontrol\u00fc<\/li>\n<li>y\u00fcksek tansiyonu d\u00fc\u015f\u00fcr\u00fcr<\/li>\n<\/ul>\n<\/div>[vc_column_text css=&#8221;.vc_custom_1539953679995{margin-bottom: 0px !important;}&#8221;]<\/p>\n<h4>Paket fiyat\u0131: 980\u20ac<\/h4>\n<p>[\/vc_column_text][\/vc_column][\/vc_row][vc_row][vc_column offset=&#8221;vc_hidden-lg vc_hidden-md&#8221;][vc_widget_sidebar sidebar_id=&#8221;sidebar_14&#8243;]<div class=\"ult-spacer spacer-69e4a8e33cc95\" data-id=\"69e4a8e33cc95\" data-height=\"20\" data-height-mobile=\"20\" data-height-tab=\"20\" data-height-tab-portrait=\"\" data-height-mobile-landscape=\"\" style=\"clear:both;display:block;\"><\/div>[\/vc_column][\/vc_row][vc_row equal_height=&#8221;yes&#8221; bg_type=&#8221;bg_color&#8221; bg_override=&#8221;ex-full&#8221; bg_color_value=&#8221;#ffffff&#8221; el_class=&#8221;calltoaektschn&#8221;][vc_column css=&#8221;.vc_custom_1539097314964{padding-top: 0px !important;}&#8221;]<section class=\"shortcode-action-box box-style-table shortcode-action-bg block-style-widget pulse animate-element\"><div class=\"text-big\"><div class=\"gap\" style=\"line-height: 10px; height: 10px;\"><\/div>\n<h5>Hayal etti\u011finiz sa\u011fl\u0131kl\u0131 fizi\u011fe giden yolunuz! Sizi bu yolda destekliyoruz.<\/h5>\n<\/div><div class=\"shortcode-action-container action-button\"><a href=\"\/tr\/randevu\/\" class=\"btn-shortcode dt-btn-m dt-btn default-btn-color default-btn-hover-color default-btn-bg-color default-btn-bg-hover-color fadeIn animate-element animation-builder\" id=\"dt-btn-1\"><span>Randevu almak<\/span><\/a><\/div><\/section>[\/vc_column][\/vc_row]<\/p>\n<\/div>","protected":false},"excerpt":{"rendered":"<p>[vc_row el_class=&#8221;mitsidebar&#8221;][vc_column width=&#8221;3\/4&#8243; offset=&#8221;vc_col-lg-offset-0 vc_col-lg-9 vc_col-md-offset-0 vc_col-md-9 vc_col-sm-offset-0 vc_col-xs-12&#8243;][vc_column_text] Kilo vermek i\u00e7in en uygun \u00e7\u00f6z\u00fcm homeopatik \/ biyolojik bir k\u00fcrd\u00fcr: [\/vc_column_text][vc_row_inner][vc_column_inner width=&#8221;2\/3&#8243;][vc_column_text] Performans tam korunur! JOJO-etkisi yok! [\/vc_column_text][\/vc_column_inner][vc_column_inner width=&#8221;1\/3&#8243;][vc_single_image image=&#8221;2521&#8243; img_size=&#8221;full&#8221;][\/vc_column_inner][\/vc_row_inner][\/vc_column][vc_column width=&#8221;1\/4&#8243; offset=&#8221;vc_col-lg-offset-0 vc_col-lg-3 vc_col-md-offset-0 vc_col-md-3 vc_col-sm-offset-0 vc_hidden-sm vc_col-xs-12 vc_hidden-xs&#8221;][vc_widget_sidebar sidebar_id=&#8221;sidebar_14&#8243;][\/vc_column][\/vc_row][vc_row bg_type=&#8221;bg_color&#8221; bg_override=&#8221;ex-full&#8221; bg_color_value=&#8221;#589935&#8243;][vc_column][vc_column_text] Kilo verme uygulamas\u0131, tavsiye edilen en az \u00fc\u00e7 ayl\u0131k bir tedavi&hellip;<\/p>\n","protected":false},"author":1,"featured_media":0,"parent":2928,"menu_order":600,"comment_status":"closed","ping_status":"closed","template":"","meta":{"footnotes":""},"class_list":["post-2922","page","type-page","status-publish","hentry","description-off"],"_links":{"self":[{"href":"https:\/\/www.ipl-hamburg.com\/tr\/wp-json\/wp\/v2\/pages\/2922","targetHints":{"allow":["GET"]}}],"collection":[{"href":"https:\/\/www.ipl-hamburg.com\/tr\/wp-json\/wp\/v2\/pages"}],"about":[{"href":"https:\/\/www.ipl-hamburg.com\/tr\/wp-json\/wp\/v2\/types\/page"}],"author":[{"embeddable":true,"href":"https:\/\/www.ipl-hamburg.com\/tr\/wp-json\/wp\/v2\/users\/1"}],"replies":[{"embeddable":true,"href":"https:\/\/www.ipl-hamburg.com\/tr\/wp-json\/wp\/v2\/comments?post=2922"}],"version-history":[{"count":0,"href":"https:\/\/www.ipl-hamburg.com\/tr\/wp-json\/wp\/v2\/pages\/2922\/revisions"}],"up":[{"embeddable":true,"href":"https:\/\/www.ipl-hamburg.com\/tr\/wp-json\/wp\/v2\/pages\/2928"}],"wp:attachment":[{"href":"https:\/\/www.ipl-hamburg.com\/tr\/wp-json\/wp\/v2\/media?parent=2922"}],"curies":[{"name":"wp","href":"https:\/\/api.w.org\/{rel}","templated":true}]}}