{"id":2954,"date":"2018-11-15T15:09:00","date_gmt":"2018-11-15T14:09:00","guid":{"rendered":"https:\/\/iplhamburg.netzlicht.com\/ueltrason-ile-karsilastirma\/"},"modified":"2018-12-21T13:26:14","modified_gmt":"2018-12-21T12:26:14","slug":"ueltrason-ile-karsilastirma","status":"publish","type":"page","link":"https:\/\/www.ipl-hamburg.com\/tr\/yaglardan-kurtul-lazer-sadece-hizli-kilo-ver\/ueltrason-ile-karsilastirma\/","title":{"rendered":"\u00dcltrason ile kar\u015f\u0131la\u015ft\u0131rma"},"content":{"rendered":"<div class=\"wpb-content-wrapper\"><p>[vc_row el_class=&#8221;mitsidebar&#8221;][vc_column width=&#8221;3\/4&#8243; offset=&#8221;vc_col-lg-offset-0 vc_col-lg-9 vc_col-md-offset-0 vc_col-md-9 vc_col-sm-offset-0 vc_col-xs-12&#8243;]<div class=\"ult-spacer spacer-69f1ac18ec830\" data-id=\"69f1ac18ec830\" data-height=\"30\" data-height-mobile=\"30\" data-height-tab=\"30\" data-height-tab-portrait=\"\" data-height-mobile-landscape=\"\" style=\"clear:both;display:block;\"><\/div><div id=\"ultimate-heading-675269f1ac18ec897\" class=\"uvc-heading ult-adjust-bottom-margin ultimate-heading-675269f1ac18ec897 uvc-3877 \" data-hspacer=\"no_spacer\"  data-halign=\"left\" style=\"text-align:left\"><div class=\"uvc-heading-spacer no_spacer\" style=\"top\"><\/div><div class=\"uvc-main-heading ult-responsive\"  data-ultimate-target='.uvc-heading.ultimate-heading-675269f1ac18ec897 h2'  data-responsive-json-new='{\"font-size\":\"\",\"line-height\":\"\"}' ><h2 style=\"font-weight:normal;color:#589935;\">iLipo\u2019nun di\u011fer metotlar ile kar\u015f\u0131la\u015ft\u0131rmas\u0131<\/h2><\/div><div class=\"uvc-sub-heading ult-responsive\"  data-ultimate-target='.uvc-heading.ultimate-heading-675269f1ac18ec897 .uvc-sub-heading '  data-responsive-json-new='{\"font-size\":\"desktop:20px;\",\"line-height\":\"desktop:30px;\"}'  style=\"font-weight:normal;\"><\/p>\n<h4>iLipo ya\u011f eksiltme uygulamas\u0131n\u0131n ultrason y\u00f6ntemi ile kar\u015f\u0131la\u015ft\u0131rmas\u0131<\/h4>\n<p><\/div><\/div><div class=\"ult-spacer spacer-69f1ac18ec8ff\" data-id=\"69f1ac18ec8ff\" data-height=\"30\" data-height-mobile=\"30\" data-height-tab=\"30\" data-height-tab-portrait=\"\" data-height-mobile-landscape=\"\" style=\"clear:both;display:block;\"><\/div>[vc_table vc_table_theme=&#8221;classic_green&#8221;],iLipo%20ya%C4%9F%20eksiltme%20uygulamas%C4%B1,[c#fcfcfc]Ultrason%20y%C3%B6ntemi|[b]Etkinli%C4%9Fi,Ya%C4%9F%20h%C3%BCcrelerindeki%20enerji%20deposu%20(trigliseritler)%20a%C3%A7%C4%B1k%20ya%C4%9F%20asitleri%20olarak%20par%C3%A7alan%C4%B1rlar%20.%20Ya%C4%9F%20h%C3%BCcresi%20bo%C5%9Falt%C4%B1l%C4%B1r%20ve%20orijinal%20boyutuna%20getirilir.%20V%C3%BCcut%20bu%20serbest%20ya%C4%9F%20asitlerini%20hemen%20kullan%C4%B1p%20de%C4%9Ferlendirebilir.,Ya%C4%9F%20h%C3%BCcresi%20par%C3%A7alan%C4%B1r%2C%20h%C3%BCcre%20materyalleri%20ve%20trigliseritler%20oldu%C4%9Fu%20gibi%20v%C3%BCcuda%20geri%20verilir.%20V%C3%BCcut%20bunlar%C4%B1%20yakamaz%20ve%20i%C5%9Flenmek%20%C3%BCzere%20karaci%C4%9Fere%20iletir.|[b]V%C3%BCcuda%20yans%C4%B1yan%20y%C3%BCk,Karaci%C4%9Fer%20devreye%20girmedi%C4%9Fi%20i%C3%A7in%20%C3%A7ok%20azd%C4%B1r.%20A%C3%A7%C4%B1%C4%9Fa%20vurulan%20ya%C4%9F%20asitleri%20normal%20bir%20%C3%B6%C4%9F%C3%BCn%20yemek%20sonras%C4%B1ndaki%20i%C5%9Fleve%20e%C5%9Fittir.hen%20Mahlzeit.,%C3%87ok%20b%C3%BCy%C3%BCkt%C3%BCr.%20Par%C3%A7alanm%C4%B1%C5%9F%20olan%20h%C3%BCcre%20materyalinin%20ve%20a%C3%A7%C4%B1%C4%9Fa%20vurulmu%C5%9F%20trigliseritlerin%20imha%20edilmesi%20g%C3%B6revi%20karaci%C4%9Fere%20y%C3%BCklenir.%20Bu%20karaci%C4%9Feri%20%C3%A7ok%20fazla%20zorlar.|[b]Uygulama%20aral%C4%B1klar%C4%B1,Her%202.%20g%C3%BCn%20bir%20uygulama%20yap%C4%B1labilir%20zira%20v%C3%BCcut%20hi%C3%A7%20h%C4%B1rpalanmamaktad%C4%B1r.,Her%2014%20g%C3%BCn%20de%20bir%20seans%20m%C3%BCmk%C3%BCnd%C3%BCr.|[b]Uygulama%20alan%C4%B1,Her%20seans%E2%80%99ta%20b%C3%BCt%C3%BCn%20bir%20v%C3%BCcut%20b%C3%B6lgesine%20uygulama%20yap%C4%B1labilir%20(mesela%20kar%C4%B1n%20b%C3%B6lgesi%2C%20bacaklar%2C%20kollar%20vs.).,Bir%20seansta%20sadece%202%20avu%C3%A7%20i%C3%A7i%20kadar%20alana%20uygulama%20yap%C4%B1labilir.|[b]Yan%20etkileri,Yok,%C3%87%C3%BCr%C3%BCk%20izleri%2C%20bask%C4%B1%20a%C4%9Fr%C4%B1lar%C4%B1%2C%20k%C4%B1smen%20karaci%C4%9Fer%20h%C3%BCcrelerinin%20hasar%20g%C3%B6rmesi.|[b]Uygulama%20sonras%C4%B1nda,Ya%C4%9F%20h%C3%BCcreleri%20hasar%20g%C3%B6rmedi%C4%9Finden%20ileri%20ki%20zamanlarda%20kalp%20ve%20di%C4%9Fer%20organlar%C4%B1n%20%C3%A7evresinde%20ya%C4%9F%20h%C3%BCcreleri%20olu%C5%9Famaz.,Ya%C4%9F%20h%C3%BCcreleri%20hasar%20g%C3%B6rd%C3%BC%C4%9F%C3%BCnden%20fazla%20kalori%20al%C4%B1nd%C4%B1%C4%9F%C4%B1nda%20yenilerinin%20i%C3%A7%20organlar%20%C3%A7evresinde%20olu%C5%9Fma%20olas%C4%B1l%C4%B1%C4%9F%C4%B1%20(liposuction%20ve%20ya%C4%9F%20yok%20edici%20enjeksiyonda%20da%20ayn%C4%B1d%C4%B1r)%20mevcuttur.|[b]%20Uygulama%20ak%C4%B1%C5%9F%C4%B1%20,Cihaz%20tamamen%20ba%C4%9F%C4%B1ms%C4%B1z%20%C3%A7al%C4%B1%C5%9F%C4%B1r.%20Haz%C4%B1rlanma%20s%C3%BCreci%205%20dakikadan%20k%C4%B1sad%C4%B1r.%20Kayd%C4%B1r%C4%B1c%C4%B1%20krem%20kullanmak%20gerekmez.%20Cihaz%C4%B1n%20a%C5%9F%C4%B1nan%20par%C3%A7alar%C4%B1%20yoktur.,Uygulayan%20%C5%9Fah%C4%B1s%20s%C3%BCrekli%20olarak%20el%20aparat%C4%B1n%C4%B1%20tedavi%20g%C3%B6recek%20b%C3%B6lge%20%C3%BCzerinde%20hareket%20ettirmelidir.%20Kayganla%C5%9Ft%C4%B1r%C4%B1c%C4%B1%20krem%20kullanmak%20gerekmektedir.[\/vc_table][\/vc_column][vc_column width=&#8221;1\/4&#8243; offset=&#8221;vc_col-lg-offset-0 vc_col-lg-3 vc_col-md-offset-0 vc_col-md-3 vc_col-sm-offset-0 vc_hidden-sm vc_col-xs-12 vc_hidden-xs&#8221;][vc_widget_sidebar sidebar_id=&#8221;sidebar_3&#8243;]<a href=\"\/tr\/yaglardan-kurtul-lazer-sadece-hizli-kilo-ver\/yaglardan-kurtul-lazer-tedavi\/\" class=\"btn-shortcode dt-btn-l dt-btn default-btn-color default-btn-hover-color default-btn-bg-color default-btn-bg-hover-color\" id=\"dt-btn-1\"><span>Fiyatlar<\/span><\/a>[\/vc_column][\/vc_row][vc_row][vc_column offset=&#8221;vc_hidden-lg vc_hidden-md&#8221;][vc_widget_sidebar sidebar_id=&#8221;sidebar_3&#8243;]<a href=\"\/tr\/yaglardan-kurtul-lazer-sadece-hizli-kilo-ver\/yaglardan-kurtul-lazer-tedavi\/\" class=\"btn-shortcode dt-btn-l dt-btn default-btn-color default-btn-hover-color default-btn-bg-color default-btn-bg-hover-color\" id=\"dt-btn-2\"><span>Fiyatlar<\/span><\/a>[\/vc_column][\/vc_row][vc_row equal_height=&#8221;yes&#8221; bg_type=&#8221;bg_color&#8221; bg_override=&#8221;ex-full&#8221; bg_color_value=&#8221;#ffffff&#8221; el_class=&#8221;calltoaektschn&#8221;][vc_column css=&#8221;.vc_custom_1539097314964{padding-top: 0px !important;}&#8221;]<section class=\"shortcode-action-box box-style-table shortcode-action-bg block-style-widget pulse animate-element\"><div class=\"text-big\"><div class=\"gap\" style=\"line-height: 10px; height: 10px;\"><\/div>\n<h5>M\u00fckemmel v\u00fccuda kavu\u015fun! Biz yard\u0131mc\u0131 oluruz.<\/h5>\n<\/div><div class=\"shortcode-action-container action-button\"><a href=\"\/tr\/randevu\/\" class=\"btn-shortcode dt-btn-m dt-btn default-btn-color default-btn-hover-color default-btn-bg-color default-btn-bg-hover-color fadeIn animate-element animation-builder\" id=\"dt-btn-3\"><span>Randevu almak<\/span><\/a><\/div><\/section>[\/vc_column][\/vc_row]<\/p>\n<\/div>","protected":false},"excerpt":{"rendered":"<p>[vc_row el_class=&#8221;mitsidebar&#8221;][vc_column width=&#8221;3\/4&#8243; offset=&#8221;vc_col-lg-offset-0 vc_col-lg-9 vc_col-md-offset-0 vc_col-md-9 vc_col-sm-offset-0 vc_col-xs-12&#8243;][vc_table vc_table_theme=&#8221;classic_green&#8221;],iLipo%20ya%C4%9F%20eksiltme%20uygulamas%C4%B1,[c#fcfcfc]Ultrason%20y%C3%B6ntemi|[b]Etkinli%C4%9Fi,Ya%C4%9F%20h%C3%BCcrelerindeki%20enerji%20deposu%20(trigliseritler)%20a%C3%A7%C4%B1k%20ya%C4%9F%20asitleri%20olarak%20par%C3%A7alan%C4%B1rlar%20.%20Ya%C4%9F%20h%C3%BCcresi%20bo%C5%9Falt%C4%B1l%C4%B1r%20ve%20orijinal%20boyutuna%20getirilir.%20V%C3%BCcut%20bu%20serbest%20ya%C4%9F%20asitlerini%20hemen%20kullan%C4%B1p%20de%C4%9Ferlendirebilir.,Ya%C4%9F%20h%C3%BCcresi%20par%C3%A7alan%C4%B1r%2C%20h%C3%BCcre%20materyalleri%20ve%20trigliseritler%20oldu%C4%9Fu%20gibi%20v%C3%BCcuda%20geri%20verilir.%20V%C3%BCcut%20bunlar%C4%B1%20yakamaz%20ve%20i%C5%9Flenmek%20%C3%BCzere%20karaci%C4%9Fere%20iletir.|[b]V%C3%BCcuda%20yans%C4%B1yan%20y%C3%BCk,Karaci%C4%9Fer%20devreye%20girmedi%C4%9Fi%20i%C3%A7in%20%C3%A7ok%20azd%C4%B1r.%20A%C3%A7%C4%B1%C4%9Fa%20vurulan%20ya%C4%9F%20asitleri%20normal%20bir%20%C3%B6%C4%9F%C3%BCn%20yemek%20sonras%C4%B1ndaki%20i%C5%9Fleve%20e%C5%9Fittir.hen%20Mahlzeit.,%C3%87ok%20b%C3%BCy%C3%BCkt%C3%BCr.%20Par%C3%A7alanm%C4%B1%C5%9F%20olan%20h%C3%BCcre%20materyalinin%20ve%20a%C3%A7%C4%B1%C4%9Fa%20vurulmu%C5%9F%20trigliseritlerin%20imha%20edilmesi%20g%C3%B6revi%20karaci%C4%9Fere%20y%C3%BCklenir.%20Bu%20karaci%C4%9Feri%20%C3%A7ok%20fazla%20zorlar.|[b]Uygulama%20aral%C4%B1klar%C4%B1,Her%202.%20g%C3%BCn%20bir%20uygulama%20yap%C4%B1labilir%20zira%20v%C3%BCcut%20hi%C3%A7%20h%C4%B1rpalanmamaktad%C4%B1r.,Her%2014%20g%C3%BCn%20de%20bir%20seans%20m%C3%BCmk%C3%BCnd%C3%BCr.|[b]Uygulama%20alan%C4%B1,Her%20seans%E2%80%99ta%20b%C3%BCt%C3%BCn%20bir%20v%C3%BCcut%20b%C3%B6lgesine%20uygulama%20yap%C4%B1labilir%20(mesela%20kar%C4%B1n%20b%C3%B6lgesi%2C%20bacaklar%2C%20kollar%20vs.).,Bir%20seansta%20sadece%202%20avu%C3%A7%20i%C3%A7i%20kadar%20alana%20uygulama%20yap%C4%B1labilir.|[b]Yan%20etkileri,Yok,%C3%87%C3%BCr%C3%BCk%20izleri%2C%20bask%C4%B1%20a%C4%9Fr%C4%B1lar%C4%B1%2C%20k%C4%B1smen%20karaci%C4%9Fer%20h%C3%BCcrelerinin%20hasar%20g%C3%B6rmesi.|[b]Uygulama%20sonras%C4%B1nda,Ya%C4%9F%20h%C3%BCcreleri%20hasar%20g%C3%B6rmedi%C4%9Finden%20ileri%20ki%20zamanlarda%20kalp%20ve%20di%C4%9Fer%20organlar%C4%B1n%20%C3%A7evresinde%20ya%C4%9F%20h%C3%BCcreleri%20olu%C5%9Famaz.,Ya%C4%9F%20h%C3%BCcreleri%20hasar%20g%C3%B6rd%C3%BC%C4%9F%C3%BCnden%20fazla%20kalori%20al%C4%B1nd%C4%B1%C4%9F%C4%B1nda%20yenilerinin%20i%C3%A7%20organlar%20%C3%A7evresinde%20olu%C5%9Fma%20olas%C4%B1l%C4%B1%C4%9F%C4%B1%20(liposuction%20ve%20ya%C4%9F%20yok%20edici%20enjeksiyonda%20da%20ayn%C4%B1d%C4%B1r)%20mevcuttur.|[b]%20Uygulama%20ak%C4%B1%C5%9F%C4%B1%20,Cihaz%20tamamen%20ba%C4%9F%C4%B1ms%C4%B1z%20%C3%A7al%C4%B1%C5%9F%C4%B1r.%20Haz%C4%B1rlanma%20s%C3%BCreci%205%20dakikadan%20k%C4%B1sad%C4%B1r.%20Kayd%C4%B1r%C4%B1c%C4%B1%20krem%20kullanmak%20gerekmez.%20Cihaz%C4%B1n%20a%C5%9F%C4%B1nan%20par%C3%A7alar%C4%B1%20yoktur.,Uygulayan%20%C5%9Fah%C4%B1s%20s%C3%BCrekli%20olarak%20el%20aparat%C4%B1n%C4%B1%20tedavi%20g%C3%B6recek%20b%C3%B6lge%20%C3%BCzerinde%20hareket%20ettirmelidir.%20Kayganla%C5%9Ft%C4%B1r%C4%B1c%C4%B1%20krem%20kullanmak%20gerekmektedir.[\/vc_table][\/vc_column][vc_column width=&#8221;1\/4&#8243; offset=&#8221;vc_col-lg-offset-0 vc_col-lg-3 vc_col-md-offset-0 vc_col-md-3 vc_col-sm-offset-0 vc_hidden-sm vc_col-xs-12 vc_hidden-xs&#8221;][vc_widget_sidebar sidebar_id=&#8221;sidebar_3&#8243;][\/vc_column][\/vc_row][vc_row][vc_column offset=&#8221;vc_hidden-lg vc_hidden-md&#8221;][vc_widget_sidebar sidebar_id=&#8221;sidebar_3&#8243;][\/vc_column][\/vc_row][vc_row equal_height=&#8221;yes&#8221; bg_type=&#8221;bg_color&#8221; bg_override=&#8221;ex-full&#8221; bg_color_value=&#8221;#ffffff&#8221; el_class=&#8221;calltoaektschn&#8221;][vc_column css=&#8221;.vc_custom_1539097314964{padding-top: 0px !important;}&#8221;][\/vc_column][\/vc_row]<\/p>\n","protected":false},"author":1,"featured_media":0,"parent":2999,"menu_order":600,"comment_status":"closed","ping_status":"closed","template":"","meta":{"footnotes":""},"class_list":["post-2954","page","type-page","status-publish","hentry","description-off"],"_links":{"self":[{"href":"https:\/\/www.ipl-hamburg.com\/tr\/wp-json\/wp\/v2\/pages\/2954","targetHints":{"allow":["GET"]}}],"collection":[{"href":"https:\/\/www.ipl-hamburg.com\/tr\/wp-json\/wp\/v2\/pages"}],"about":[{"href":"https:\/\/www.ipl-hamburg.com\/tr\/wp-json\/wp\/v2\/types\/page"}],"author":[{"embeddable":true,"href":"https:\/\/www.ipl-hamburg.com\/tr\/wp-json\/wp\/v2\/users\/1"}],"replies":[{"embeddable":true,"href":"https:\/\/www.ipl-hamburg.com\/tr\/wp-json\/wp\/v2\/comments?post=2954"}],"version-history":[{"count":0,"href":"https:\/\/www.ipl-hamburg.com\/tr\/wp-json\/wp\/v2\/pages\/2954\/revisions"}],"up":[{"embeddable":true,"href":"https:\/\/www.ipl-hamburg.com\/tr\/wp-json\/wp\/v2\/pages\/2999"}],"wp:attachment":[{"href":"https:\/\/www.ipl-hamburg.com\/tr\/wp-json\/wp\/v2\/media?parent=2954"}],"curies":[{"name":"wp","href":"https:\/\/api.w.org\/{rel}","templated":true}]}}