{"id":2974,"date":"2018-11-15T17:04:30","date_gmt":"2018-11-15T16:04:30","guid":{"rendered":"https:\/\/iplhamburg.netzlicht.com\/yaglardan-kurtul-lazer-tedavi\/"},"modified":"2019-02-04T17:57:45","modified_gmt":"2019-02-04T16:57:45","slug":"yaglardan-kurtul-lazer-tedavi","status":"publish","type":"page","link":"https:\/\/www.ipl-hamburg.com\/tr\/yaglardan-kurtul-lazer-sadece-hizli-kilo-ver\/yaglardan-kurtul-lazer-tedavi\/","title":{"rendered":"Ya\u011flardan-kurtul-Lazer -Tedavi"},"content":{"rendered":"<div class=\"wpb-content-wrapper\"><p>[vc_row el_class=&#8221;mitsidebar&#8221;][vc_column width=&#8221;3\/4&#8243; offset=&#8221;vc_col-lg-offset-0 vc_col-lg-9 vc_col-md-offset-0 vc_col-md-9 vc_col-sm-offset-0 vc_col-xs-12&#8243;]<div class=\"ult-spacer spacer-69f1abf0cb895\" data-id=\"69f1abf0cb895\" data-height=\"30\" data-height-mobile=\"30\" data-height-tab=\"30\" data-height-tab-portrait=\"\" data-height-mobile-landscape=\"\" style=\"clear:both;display:block;\"><\/div><div id=\"ultimate-heading-974869f1abf0cb8f9\" class=\"uvc-heading ult-adjust-bottom-margin ultimate-heading-974869f1abf0cb8f9 uvc-7679 \" data-hspacer=\"no_spacer\"  data-halign=\"left\" style=\"text-align:left\"><div class=\"uvc-heading-spacer no_spacer\" style=\"top\"><\/div><div class=\"uvc-main-heading ult-responsive\"  data-ultimate-target='.uvc-heading.ultimate-heading-974869f1abf0cb8f9 h2'  data-responsive-json-new='{\"font-size\":\"\",\"line-height\":\"\"}' ><h2 style=\"font-weight:normal;color:#589935;\">iLipo Lazer ya\u011f eksiltme uygulamas\u0131<\/h2><\/div><div class=\"uvc-sub-heading ult-responsive\"  data-ultimate-target='.uvc-heading.ultimate-heading-974869f1abf0cb8f9 .uvc-sub-heading '  data-responsive-json-new='{\"font-size\":\"desktop:20px;\",\"line-height\":\"desktop:30px;\"}'  style=\"font-weight:normal;\"><\/p>\n<h4>Lazer ya\u011f eksiltme uygulamas\u0131 s\u00fcreci<\/h4>\n<p><\/div><\/div><div class=\"ult-spacer spacer-69f1abf0cb95f\" data-id=\"69f1abf0cb95f\" data-height=\"10\" data-height-mobile=\"10\" data-height-tab=\"10\" data-height-tab-portrait=\"\" data-height-mobile-landscape=\"\" style=\"clear:both;display:block;\"><\/div>[vc_row_inner][vc_column_inner width=&#8221;1\/2&#8243; offset=&#8221;vc_col-lg-6 vc_col-md-6 vc_col-xs-12&#8243;][vc_single_image image=&#8221;2245&#8243; img_size=&#8221;full&#8221;][\/vc_column_inner][vc_column_inner width=&#8221;1\/2&#8243; offset=&#8221;vc_col-lg-6 vc_col-md-6 vc_col-xs-12&#8243;][vc_single_image image=&#8221;2241&#8243; img_size=&#8221;full&#8221;][\/vc_column_inner][\/vc_row_inner][vc_row_inner][vc_column_inner][vc_column_text]iLipo Lazer ya\u011f eksiltme uygulamas\u0131 10 seanstan olu\u015fur.<br \/>\nUygulamalar hafta da 2 defa uygulanmal\u0131d\u0131r. 2 uygulama aras\u0131nda en az\u0131nda 24 saat ara olmal\u0131d\u0131r.<\/p>\n<p>Bir seans\u0131n fiyat\u0131 50 Avro\u2019dur.<br \/>\nBuna kar\u015f\u0131n 10 seanstan olu\u015fan komple uygulaman\u0131n fiyat\u0131 400 Avro\u2019dur.[\/vc_column_text][\/vc_column_inner][\/vc_row_inner]<div class=\"ult-spacer spacer-69f1abf0cb981\" data-id=\"69f1abf0cb981\" data-height=\"40\" data-height-mobile=\"40\" data-height-tab=\"40\" data-height-tab-portrait=\"\" data-height-mobile-landscape=\"\" style=\"clear:both;display:block;\"><\/div>[\/vc_column][vc_column width=&#8221;1\/4&#8243; offset=&#8221;vc_col-lg-offset-0 vc_col-lg-3 vc_col-md-offset-0 vc_col-md-3 vc_col-sm-offset-0 vc_hidden-sm vc_col-xs-12 vc_hidden-xs&#8221;][vc_widget_sidebar sidebar_id=&#8221;sidebar_3&#8243;][\/vc_column][\/vc_row][vc_row bg_type=&#8221;bg_color&#8221; bg_override=&#8221;ex-full&#8221; bg_color_value=&#8221;#589935&#8243;][vc_column][vc_column_text]<\/p>\n<h4 style=\"text-align: center; color: #ffffff;\">Bir seans\u0131n fiyat\u0131 50 Avro\u2019dur. Buna kar\u015f\u0131n 10 seanstan olu\u015fan komple uygulaman\u0131n fiyat\u0131 500 Avro\u2019dur.<br \/>\n<\/h4>\n<p>[\/vc_column_text][\/vc_column][\/vc_row][vc_row equal_height=&#8221;yes&#8221; type=&#8221;vc_default&#8221; css=&#8221;.vc_custom_1539098372110{padding-top: 50px !important;padding-bottom: 30px !important;}&#8221;][vc_column css=&#8221;.vc_custom_1539095004865{margin-right: 25px !important;margin-bottom: 50px !important;margin-left: 25px !important;padding-top: 35px !important;padding-right: 40px !important;padding-bottom: 40px !important;padding-left: 40px !important;background-color: #ffffff !important;}&#8221; offset=&#8221;vc_col-lg-offset-0 vc_col-md-offset-0 vc_col-sm-offset-0&#8243;][vc_row_inner][vc_column_inner width=&#8221;1\/3&#8243;][vc_single_image image=&#8221;2250&#8243; img_size=&#8221;full&#8221; css=&#8221;.vc_custom_1539695696238{margin-bottom: 0px !important;}&#8221;][\/vc_column_inner][vc_column_inner width=&#8221;2\/3&#8243;]<div class=\"ult-spacer spacer-69f1abf0cb9a1\" data-id=\"69f1abf0cb9a1\" data-height=\"0\" data-height-mobile=\"30\" data-height-tab=\"0\" data-height-tab-portrait=\"0\" data-height-mobile-landscape=\"30\" style=\"clear:both;display:block;\"><\/div>[vc_column_text css=&#8221;.vc_custom_1539695527061{margin-bottom: 0px !important;}&#8221;]Uygulamay\u0131 takip eden 30-45 dakikal\u0131k kardiyo spor program\u0131nda serbest kalan enerjiyi etkili \u015fekilde t\u00fcketebilmek i\u00e7in \u00f6ncesinde tek bir v\u00fccut b\u00f6lgesine en fazla 40 dakikal\u0131k bir iLipo uygulamas\u0131 yap\u0131lmal\u0131d\u0131r. Bu uygulama haftada 2 defa ve 4-6 hafta boyunca tekrarlanmal\u0131d\u0131r.<br \/>\nYak\u0131lamayan enerji rezervleri sonradan tekrar ya\u011f h\u00fccrelerine d\u00f6n\u00fc\u015febilir. iLipo problemli olan her v\u00fccut b\u00f6lgesine uygulanabilir. Buna y\u00fcz de dahildir.<\/p>\n<p>\u0130kinci bir uygulama 2 hafta aradan sonra m\u00fcmk\u00fcnd\u00fcr<\/p>\n<p><strong>Uygulamay\u0131 takip eden 30-45 dakikal\u0131k kardiyo spor program\u0131nda serbest kalan enerjiyi etkili \u015fekilde t\u00fcketebilmek i\u00e7in \u00f6ncesinde tek bir v\u00fccut b\u00f6lgesine en fazla 40 dakikal\u0131k bir iLipo uygulamas\u0131 yap\u0131lmal\u0131d\u0131r. Bu uygulama hafta da 2 defa ve 4-6 hafta boyunca tekrarlanmal\u0131d\u0131r.<\/strong>[\/vc_column_text][\/vc_column_inner][\/vc_row_inner][\/vc_column][\/vc_row][vc_row][vc_column offset=&#8221;vc_hidden-lg vc_hidden-md&#8221;][vc_widget_sidebar sidebar_id=&#8221;sidebar_3&#8243;]<div class=\"ult-spacer spacer-69f1abf0cb9bf\" data-id=\"69f1abf0cb9bf\" data-height=\"20\" data-height-mobile=\"20\" data-height-tab=\"20\" data-height-tab-portrait=\"\" data-height-mobile-landscape=\"\" style=\"clear:both;display:block;\"><\/div>[\/vc_column][\/vc_row][vc_row equal_height=&#8221;yes&#8221; bg_type=&#8221;bg_color&#8221; bg_override=&#8221;ex-full&#8221; bg_color_value=&#8221;#ffffff&#8221; el_class=&#8221;calltoaektschn&#8221;][vc_column css=&#8221;.vc_custom_1539097314964{padding-top: 0px !important;}&#8221;]<section class=\"shortcode-action-box box-style-table shortcode-action-bg block-style-widget pulse animate-element\"><div class=\"text-big\"><div class=\"gap\" style=\"line-height: 10px; height: 10px;\"><\/div>\n<h5>M\u00fckemmel v\u00fccuda kavu\u015fun! Biz yard\u0131mc\u0131 oluruz.<\/h5>\n<\/div><div class=\"shortcode-action-container action-button\"><a href=\"\/tr\/randevu\/\" class=\"btn-shortcode dt-btn-m dt-btn default-btn-color default-btn-hover-color default-btn-bg-color default-btn-bg-hover-color fadeIn animate-element animation-builder\" id=\"dt-btn-1\"><span>Randevu almak<\/span><\/a><\/div><\/section>[\/vc_column][\/vc_row]<\/p>\n<\/div>","protected":false},"excerpt":{"rendered":"<p>[vc_row el_class=&#8221;mitsidebar&#8221;][vc_column width=&#8221;3\/4&#8243; offset=&#8221;vc_col-lg-offset-0 vc_col-lg-9 vc_col-md-offset-0 vc_col-md-9 vc_col-sm-offset-0 vc_col-xs-12&#8243;][vc_row_inner][vc_column_inner width=&#8221;1\/2&#8243; offset=&#8221;vc_col-lg-6 vc_col-md-6 vc_col-xs-12&#8243;][vc_single_image image=&#8221;2245&#8243; img_size=&#8221;full&#8221;][\/vc_column_inner][vc_column_inner width=&#8221;1\/2&#8243; offset=&#8221;vc_col-lg-6 vc_col-md-6 vc_col-xs-12&#8243;][vc_single_image image=&#8221;2241&#8243; img_size=&#8221;full&#8221;][\/vc_column_inner][\/vc_row_inner][vc_row_inner][vc_column_inner][vc_column_text]iLipo Lazer ya\u011f eksiltme uygulamas\u0131 10 seanstan olu\u015fur. Uygulamalar hafta da 2 defa uygulanmal\u0131d\u0131r. 2 uygulama aras\u0131nda en az\u0131nda 24 saat ara olmal\u0131d\u0131r. Bir seans\u0131n fiyat\u0131 50 Avro\u2019dur. Buna kar\u015f\u0131n 10 seanstan olu\u015fan komple uygulaman\u0131n&hellip;<\/p>\n","protected":false},"author":1,"featured_media":0,"parent":2999,"menu_order":600,"comment_status":"closed","ping_status":"closed","template":"","meta":{"footnotes":""},"class_list":["post-2974","page","type-page","status-publish","hentry","description-off"],"_links":{"self":[{"href":"https:\/\/www.ipl-hamburg.com\/tr\/wp-json\/wp\/v2\/pages\/2974","targetHints":{"allow":["GET"]}}],"collection":[{"href":"https:\/\/www.ipl-hamburg.com\/tr\/wp-json\/wp\/v2\/pages"}],"about":[{"href":"https:\/\/www.ipl-hamburg.com\/tr\/wp-json\/wp\/v2\/types\/page"}],"author":[{"embeddable":true,"href":"https:\/\/www.ipl-hamburg.com\/tr\/wp-json\/wp\/v2\/users\/1"}],"replies":[{"embeddable":true,"href":"https:\/\/www.ipl-hamburg.com\/tr\/wp-json\/wp\/v2\/comments?post=2974"}],"version-history":[{"count":0,"href":"https:\/\/www.ipl-hamburg.com\/tr\/wp-json\/wp\/v2\/pages\/2974\/revisions"}],"up":[{"embeddable":true,"href":"https:\/\/www.ipl-hamburg.com\/tr\/wp-json\/wp\/v2\/pages\/2999"}],"wp:attachment":[{"href":"https:\/\/www.ipl-hamburg.com\/tr\/wp-json\/wp\/v2\/media?parent=2974"}],"curies":[{"name":"wp","href":"https:\/\/api.w.org\/{rel}","templated":true}]}}