{"id":2985,"date":"2018-11-22T14:29:27","date_gmt":"2018-11-22T13:29:27","guid":{"rendered":"https:\/\/iplhamburg.netzlicht.com\/deneyim-yaglari-yok-etme-lazeri-ile-zayiflama\/"},"modified":"2018-12-14T14:21:52","modified_gmt":"2018-12-14T13:21:52","slug":"deneyim-yaglari-yok-etme-lazeri-ile-zayiflama","status":"publish","type":"page","link":"https:\/\/www.ipl-hamburg.com\/tr\/yaglardan-kurtul-lazer-sadece-hizli-kilo-ver\/deneyim-yaglari-yok-etme-lazeri-ile-zayiflama\/","title":{"rendered":"Deneyim \u2013 Ya\u011flar\u0131-yok etme-lazeri ile zay\u0131flama"},"content":{"rendered":"<div class=\"wpb-content-wrapper\"><p>[vc_row el_class=&#8221;mitsidebar&#8221;][vc_column width=&#8221;3\/4&#8243; offset=&#8221;vc_col-lg-offset-0 vc_col-lg-9 vc_col-md-offset-0 vc_col-md-9 vc_col-sm-offset-0 vc_col-xs-12&#8243;]<div class=\"ult-spacer spacer-69f2c081dcb4b\" data-id=\"69f2c081dcb4b\" data-height=\"30\" data-height-mobile=\"30\" data-height-tab=\"30\" data-height-tab-portrait=\"\" data-height-mobile-landscape=\"\" style=\"clear:both;display:block;\"><\/div><div id=\"ultimate-heading-566569f2c081dcbba\" class=\"uvc-heading ult-adjust-bottom-margin ultimate-heading-566569f2c081dcbba uvc-1409 \" data-hspacer=\"no_spacer\"  data-halign=\"left\" style=\"text-align:left\"><div class=\"uvc-heading-spacer no_spacer\" style=\"top\"><\/div><div class=\"uvc-main-heading ult-responsive\"  data-ultimate-target='.uvc-heading.ultimate-heading-566569f2c081dcbba h2'  data-responsive-json-new='{\"font-size\":\"\",\"line-height\":\"\"}' ><h2 style=\"font-weight:normal;color:#589935;\">Bu kadar ba\u015far\u0131l\u0131 bir \u015fekilde siz de zay\u0131flayabilirsiniz:<\/h2><\/div><\/div><div class=\"ult-spacer spacer-69f2c081dcc2d\" data-id=\"69f2c081dcc2d\" data-height=\"30\" data-height-mobile=\"30\" data-height-tab=\"30\" data-height-tab-portrait=\"\" data-height-mobile-landscape=\"\" style=\"clear:both;display:block;\"><\/div><style type=\"text\/css\" data-type=\"the7_shortcodes-inline-css\">.dt-testimonials-shortcode.testimonials-masonry-shortcode-id-e1ca7d06daa5c43bbe9fe05fe12115cc.content-bg-on .testimonial-item {\n  background: #ffffff;\n  -webkit-box-shadow: none;\n  box-shadow: none;\n}\n.dt-testimonials-shortcode.testimonials-masonry-shortcode-id-e1ca7d06daa5c43bbe9fe05fe12115cc .testimonial-item {\n  padding: 30px 30px 20px 30px;\n}\n.dt-testimonials-shortcode.testimonials-masonry-shortcode-id-e1ca7d06daa5c43bbe9fe05fe12115cc .testimonial-name,\n.dt-testimonials-shortcode.testimonials-masonry-shortcode-id-e1ca7d06daa5c43bbe9fe05fe12115cc .testimonial-name a,\n.dt-testimonials-shortcode.testimonials-masonry-shortcode-id-e1ca7d06daa5c43bbe9fe05fe12115cc .testimonial-name span {\n  margin-bottom: 0px;\n  font-weight: bold;\n}\n.dt-testimonials-shortcode.testimonials-masonry-shortcode-id-e1ca7d06daa5c43bbe9fe05fe12115cc .testimonial-position {\n  margin-bottom: 20px;\n}\n.dt-testimonials-shortcode.testimonials-masonry-shortcode-id-e1ca7d06daa5c43bbe9fe05fe12115cc .testimonial-position,\n.dt-testimonials-shortcode.testimonials-masonry-shortcode-id-e1ca7d06daa5c43bbe9fe05fe12115cc .testimonial-position span {\n  font-weight: bold;\n}\n.dt-testimonials-shortcode.testimonials-masonry-shortcode-id-e1ca7d06daa5c43bbe9fe05fe12115cc  .testimonial-avatar {\n  padding: 0px 20px 20px 0px;\n}\n.dt-testimonials-shortcode.testimonials-masonry-shortcode-id-e1ca7d06daa5c43bbe9fe05fe12115cc  .testimonial-avatar a,\n.dt-testimonials-shortcode.testimonials-masonry-shortcode-id-e1ca7d06daa5c43bbe9fe05fe12115cc  .testimonial-avatar span,\n.dt-testimonials-shortcode.testimonials-masonry-shortcode-id-e1ca7d06daa5c43bbe9fe05fe12115cc  .testimonial-avatar img {\n  max-width: 80px;\n}\n.dt-testimonials-shortcode.testimonials-masonry-shortcode-id-e1ca7d06daa5c43bbe9fe05fe12115cc .dt-css-grid .testimonial-avatar img,\n.dt-testimonials-shortcode.testimonials-masonry-shortcode-id-e1ca7d06daa5c43bbe9fe05fe12115cc .dt-css-grid .testimonial-avatar svg {\n  max-width: 100%;\n}\n.dt-testimonials-shortcode.testimonials-masonry-shortcode-id-e1ca7d06daa5c43bbe9fe05fe12115cc.layout-5:not(.hide-testimonial-avatar) .content-wrap,\n.dt-testimonials-shortcode.testimonials-masonry-shortcode-id-e1ca7d06daa5c43bbe9fe05fe12115cc.layout-6:not(.hide-testimonial-avatar) .content-wrap {\n  width: calc(100% - 80px - 20px - 0px);\n}\n.dt-testimonials-shortcode.testimonials-masonry-shortcode-id-e1ca7d06daa5c43bbe9fe05fe12115cc .testimonial-content {\n  margin-bottom: 0px;\n}\n.dt-testimonials-shortcode.testimonials-masonry-shortcode-id-e1ca7d06daa5c43bbe9fe05fe12115cc  .testimonial-avatar,\n.dt-testimonials-shortcode.testimonials-masonry-shortcode-id-e1ca7d06daa5c43bbe9fe05fe12115cc  .testimonial-avatar a.rollover,\n.dt-testimonials-shortcode.testimonials-masonry-shortcode-id-e1ca7d06daa5c43bbe9fe05fe12115cc  .testimonial-avatar a.rollover *,\n.dt-testimonials-shortcode.testimonials-masonry-shortcode-id-e1ca7d06daa5c43bbe9fe05fe12115cc  .testimonial-avatar img,\n.dt-testimonials-shortcode.testimonials-masonry-shortcode-id-e1ca7d06daa5c43bbe9fe05fe12115cc  .testimonial-avatar .no-avatar,\n.dt-testimonials-shortcode.testimonials-masonry-shortcode-id-e1ca7d06daa5c43bbe9fe05fe12115cc  .testim-no-avatar {\n  border-radius: 60px;\n}\n.dt-testimonials-shortcode.testimonials-masonry-shortcode-id-e1ca7d06daa5c43bbe9fe05fe12115cc  .testimonial-avatar .no-avatar {\n  height: 80px;\n}\n.dt-testimonials-shortcode.testimonials-masonry-shortcode-id-e1ca7d06daa5c43bbe9fe05fe12115cc  .testimonial-avatar .no-avatar {\n  font-size: 80px;\n  width: 80px;\n}\n.dt-testimonials-shortcode.testimonials-masonry-shortcode-id-e1ca7d06daa5c43bbe9fe05fe12115cc.content-bg-on .testimonial-item {\n  background: #ffffff;\n  -webkit-box-shadow: none;\n  box-shadow: none;\n}\n.dt-testimonials-shortcode.testimonials-masonry-shortcode-id-e1ca7d06daa5c43bbe9fe05fe12115cc .filter-bg-decoration .filter-categories a.act {\n  color: #fff;\n}\n.dt-testimonials-shortcode.testimonials-masonry-shortcode-id-e1ca7d06daa5c43bbe9fe05fe12115cc:not(.resize-by-browser-width) .dt-css-grid {\n  grid-row-gap: 30px;\n  grid-column-gap: 30px;\n  grid-template-columns: repeat(auto-fill,minmax(,1fr));\n}\n.cssgridlegacy.no-cssgrid .dt-testimonials-shortcode.testimonials-masonry-shortcode-id-e1ca7d06daa5c43bbe9fe05fe12115cc:not(.resize-by-browser-width) .dt-css-grid,\n.no-cssgridlegacy.no-cssgrid .dt-testimonials-shortcode.testimonials-masonry-shortcode-id-e1ca7d06daa5c43bbe9fe05fe12115cc:not(.resize-by-browser-width) .dt-css-grid {\n  display: flex;\n  flex-flow: row wrap;\n  margin: -15px;\n}\n.cssgridlegacy.no-cssgrid .dt-testimonials-shortcode.testimonials-masonry-shortcode-id-e1ca7d06daa5c43bbe9fe05fe12115cc:not(.resize-by-browser-width) .dt-css-grid .wf-cell,\n.no-cssgridlegacy.no-cssgrid .dt-testimonials-shortcode.testimonials-masonry-shortcode-id-e1ca7d06daa5c43bbe9fe05fe12115cc:not(.resize-by-browser-width) .dt-css-grid .wf-cell {\n  flex: 1 0 ;\n  max-width: 100%;\n  padding: 15px;\n  box-sizing: border-box;\n}\n.dt-testimonials-shortcode.testimonials-masonry-shortcode-id-e1ca7d06daa5c43bbe9fe05fe12115cc.resize-by-browser-width .dt-css-grid {\n  grid-template-columns: repeat(1,1fr);\n  grid-template-rows: auto;\n  grid-column-gap: 30px;\n  grid-row-gap: 30px;\n}\n.cssgridlegacy.no-cssgrid .dt-testimonials-shortcode.testimonials-masonry-shortcode-id-e1ca7d06daa5c43bbe9fe05fe12115cc.resize-by-browser-width .dt-css-grid,\n.no-cssgridlegacy.no-cssgrid .dt-testimonials-shortcode.testimonials-masonry-shortcode-id-e1ca7d06daa5c43bbe9fe05fe12115cc.resize-by-browser-width .dt-css-grid {\n  margin: -15px;\n}\n.cssgridlegacy.no-cssgrid .dt-testimonials-shortcode.testimonials-masonry-shortcode-id-e1ca7d06daa5c43bbe9fe05fe12115cc.resize-by-browser-width .dt-css-grid .wf-cell,\n.no-cssgridlegacy.no-cssgrid .dt-testimonials-shortcode.testimonials-masonry-shortcode-id-e1ca7d06daa5c43bbe9fe05fe12115cc.resize-by-browser-width .dt-css-grid .wf-cell {\n  width: 100%;\n  padding: 15px;\n}\n@media screen and (max-width: 1199px) {\n  .dt-testimonials-shortcode.testimonials-masonry-shortcode-id-e1ca7d06daa5c43bbe9fe05fe12115cc.resize-by-browser-width .dt-css-grid {\n    grid-template-columns: repeat(1,1fr);\n  }\n  .cssgridlegacy.no-cssgrid .dt-testimonials-shortcode.testimonials-masonry-shortcode-id-e1ca7d06daa5c43bbe9fe05fe12115cc.resize-by-browser-width .dt-css-grid .wf-cell,\n  .no-cssgridlegacy.no-cssgrid .dt-testimonials-shortcode.testimonials-masonry-shortcode-id-e1ca7d06daa5c43bbe9fe05fe12115cc.resize-by-browser-width .dt-css-grid .wf-cell {\n    width: 100%;\n  }\n}\n@media screen and (max-width: 991px) {\n  .dt-testimonials-shortcode.testimonials-masonry-shortcode-id-e1ca7d06daa5c43bbe9fe05fe12115cc.resize-by-browser-width .dt-css-grid {\n    grid-template-columns: repeat(1,1fr);\n  }\n  .cssgridlegacy.no-cssgrid .dt-testimonials-shortcode.testimonials-masonry-shortcode-id-e1ca7d06daa5c43bbe9fe05fe12115cc.resize-by-browser-width .dt-css-grid .wf-cell,\n  .no-cssgridlegacy.no-cssgrid .dt-testimonials-shortcode.testimonials-masonry-shortcode-id-e1ca7d06daa5c43bbe9fe05fe12115cc.resize-by-browser-width .dt-css-grid .wf-cell {\n    width: 100%;\n  }\n}\n@media screen and (max-width: 767px) {\n  .dt-testimonials-shortcode.testimonials-masonry-shortcode-id-e1ca7d06daa5c43bbe9fe05fe12115cc.resize-by-browser-width .dt-css-grid {\n    grid-template-columns: repeat(1,1fr);\n  }\n  .cssgridlegacy.no-cssgrid .dt-testimonials-shortcode.testimonials-masonry-shortcode-id-e1ca7d06daa5c43bbe9fe05fe12115cc.resize-by-browser-width .dt-css-grid .wf-cell,\n  .no-cssgridlegacy.no-cssgrid .dt-testimonials-shortcode.testimonials-masonry-shortcode-id-e1ca7d06daa5c43bbe9fe05fe12115cc.resize-by-browser-width .dt-css-grid .wf-cell {\n    width: 100%;\n  }\n}<\/style><div class=\"dt-testimonials-masonry-shortcode dt-testimonials-shortcode testimonials-masonry-shortcode-id-e1ca7d06daa5c43bbe9fe05fe12115cc loading-effect-none content-align-left mode-grid content-bg-on layout-3 scale-img dt-css-grid-wrap jquery-filter dt-css-grid-wrap resize-by-browser-width  \" data-padding=\"15px\" data-cur-page=\"1\" data-post-limit=\"-1\" data-pagination-mode=\"none\" data-desktop-columns-num=\"1\" data-v-tablet-columns-num=\"1\" data-h-tablet-columns-num=\"1\" data-phone-columns-num=\"1\" data-width=\"0px\" data-columns=\"0\"><div class=\"dt-css-grid\" ><div class=\"visible wf-cell\" data-post-id=\"3761\" data-date=\"2018-12-11T13:39:28+01:00\" data-name=\"Markus Holle\"><div class=\"testimonial-item post visible\"><div class=\"testimonial-author\"><div class=\"testimonial-avatar\"><span class=\"testim-no-avatar\"><svg version=\"1.1\" xmlns=\"http:\/\/www.w3.org\/2000\/svg\" width=\"80\" height=\"80\" xmlns:xlink=\"http:\/\/www.w3.org\/1999\/xlink\" x=\"0px\" y=\"0px\"\n\t viewBox=\"0 0 60 60\" style=\"enable-background:new 0 0 60 60;\" xml:space=\"preserve\">\n<path d=\"M30,1.5c-16.542,0-30,12.112-30,27c0,5.204,1.646,10.245,4.768,14.604c-0.591,6.537-2.175,11.39-4.475,13.689\n\tc-0.304,0.304-0.38,0.769-0.188,1.153C0.275,58.289,0.625,58.5,1,58.5c0.046,0,0.092-0.003,0.139-0.01\n\tc0.405-0.057,9.813-1.411,16.618-5.339C21.621,54.71,25.737,55.5,30,55.5c16.542,0,30-12.112,30-27S46.542,1.5,30,1.5z M16,32.5\n\tc-2.206,0-4-1.794-4-4s1.794-4,4-4s4,1.794,4,4S18.206,32.5,16,32.5z M30,32.5c-2.206,0-4-1.794-4-4s1.794-4,4-4s4,1.794,4,4\n\tS32.206,32.5,30,32.5z M44,32.5c-2.206,0-4-1.794-4-4s1.794-4,4-4s4,1.794,4,4S46.206,32.5,44,32.5z\"\/>\n<\/svg><\/span><\/div><div class=\"testimonial-vcard\"><div class=\"testimonial-name\"><span class=\"text-primary\">Markus Holle<\/span><br \/><\/div><div class=\"testimonial-position\"><\/div><\/div><\/div><div class=\"testimonial-content\"><p>Ya\u011flar\u0131- yok etme- lazerini ilk etapta sadece belirli bir v\u00fccut b\u00f6lgesinde denedim. \u015e\u00fcpheliydim. Ancak sonu\u00e7 m\u00fckemmel. Mutlaka tekrar gelece\u011fim.<\/p>\n<p>Selamlar<\/p>\n<\/div><\/div><\/div><div class=\"visible wf-cell\" data-post-id=\"3758\" data-date=\"2018-12-11T13:37:03+01:00\" data-name=\"Luise Schmidt\"><div class=\"testimonial-item post visible\"><div class=\"testimonial-author\"><div class=\"testimonial-avatar\"><span class=\"testim-no-avatar\"><svg version=\"1.1\" xmlns=\"http:\/\/www.w3.org\/2000\/svg\" width=\"80\" height=\"80\" xmlns:xlink=\"http:\/\/www.w3.org\/1999\/xlink\" x=\"0px\" y=\"0px\"\n\t viewBox=\"0 0 60 60\" style=\"enable-background:new 0 0 60 60;\" xml:space=\"preserve\">\n<path d=\"M30,1.5c-16.542,0-30,12.112-30,27c0,5.204,1.646,10.245,4.768,14.604c-0.591,6.537-2.175,11.39-4.475,13.689\n\tc-0.304,0.304-0.38,0.769-0.188,1.153C0.275,58.289,0.625,58.5,1,58.5c0.046,0,0.092-0.003,0.139-0.01\n\tc0.405-0.057,9.813-1.411,16.618-5.339C21.621,54.71,25.737,55.5,30,55.5c16.542,0,30-12.112,30-27S46.542,1.5,30,1.5z M16,32.5\n\tc-2.206,0-4-1.794-4-4s1.794-4,4-4s4,1.794,4,4S18.206,32.5,16,32.5z M30,32.5c-2.206,0-4-1.794-4-4s1.794-4,4-4s4,1.794,4,4\n\tS32.206,32.5,30,32.5z M44,32.5c-2.206,0-4-1.794-4-4s1.794-4,4-4s4,1.794,4,4S46.206,32.5,44,32.5z\"\/>\n<\/svg><\/span><\/div><div class=\"testimonial-vcard\"><div class=\"testimonial-name\"><span class=\"text-primary\">Luise Schmidt<\/span><br \/><\/div><div class=\"testimonial-position\"><\/div><\/div><\/div><div class=\"testimonial-content\"><p>\u00c7ok be\u011fendim! Bir keresinde k\u00fc\u00e7\u00fck ya\u011f tabakalar\u0131n\u0131 azaltmak i\u00e7in, ultrason y\u00f6ntemini denedim. Ancak bu ya\u011flar\u0131-yok etme- lazeri ile k\u0131yaslanamaz bile! Kolay ve uygun bir \u00fccret kar\u015f\u0131l\u0131\u011f\u0131nda kilo verme. Bu \u015fekilde oluyor \ud83d\ude42<\/p>\n<\/div><\/div><\/div><div class=\"visible wf-cell\" data-post-id=\"3755\" data-date=\"2018-12-11T13:33:43+01:00\" data-name=\"Bernadette Kellner\"><div class=\"testimonial-item post visible\"><div class=\"testimonial-author\"><div class=\"testimonial-avatar\"><span class=\"testim-no-avatar\"><svg version=\"1.1\" xmlns=\"http:\/\/www.w3.org\/2000\/svg\" width=\"80\" height=\"80\" xmlns:xlink=\"http:\/\/www.w3.org\/1999\/xlink\" x=\"0px\" y=\"0px\"\n\t viewBox=\"0 0 60 60\" style=\"enable-background:new 0 0 60 60;\" xml:space=\"preserve\">\n<path d=\"M30,1.5c-16.542,0-30,12.112-30,27c0,5.204,1.646,10.245,4.768,14.604c-0.591,6.537-2.175,11.39-4.475,13.689\n\tc-0.304,0.304-0.38,0.769-0.188,1.153C0.275,58.289,0.625,58.5,1,58.5c0.046,0,0.092-0.003,0.139-0.01\n\tc0.405-0.057,9.813-1.411,16.618-5.339C21.621,54.71,25.737,55.5,30,55.5c16.542,0,30-12.112,30-27S46.542,1.5,30,1.5z M16,32.5\n\tc-2.206,0-4-1.794-4-4s1.794-4,4-4s4,1.794,4,4S18.206,32.5,16,32.5z M30,32.5c-2.206,0-4-1.794-4-4s1.794-4,4-4s4,1.794,4,4\n\tS32.206,32.5,30,32.5z M44,32.5c-2.206,0-4-1.794-4-4s1.794-4,4-4s4,1.794,4,4S46.206,32.5,44,32.5z\"\/>\n<\/svg><\/span><\/div><div class=\"testimonial-vcard\"><div class=\"testimonial-name\"><span class=\"text-primary\">Bernadette Kellner<\/span><br \/><\/div><div class=\"testimonial-position\"><\/div><\/div><\/div><div class=\"testimonial-content\"><p>M\u00fckemmel tedavi i\u00e7in tak\u0131ma \u00e7ok te\u015fekk\u00fcr ederim! Spor ve diyet ile sadece k\u0131smen zay\u0131flayabildi\u011fimden, uzun zamandan beri belirli v\u00fccut b\u00f6lgelerinde hafif zay\u0131flayabilmek i\u00e7in, farkl\u0131 y\u00f6ntemler denemek istedim. Ancak bu kesinlikle cerrahi bir m\u00fcdahale olmamal\u0131yd\u0131!!! Hamburg \u015fehrinde istedi\u011fimi buldum. iLipo ya\u011flar\u0131-yok etme-lazerinin sonu\u00e7lar\u0131ndan memnun olmaktan da \u00f6teyim!<\/p>\n<p>Te\u015fekk\u00fcrler!<\/p>\n<\/div><\/div><\/div><\/div><!-- iso-container|iso-grid --><\/div><div class=\"ult-spacer spacer-69f2c081e2825\" data-id=\"69f2c081e2825\" data-height=\"50\" data-height-mobile=\"50\" data-height-tab=\"50\" data-height-tab-portrait=\"\" data-height-mobile-landscape=\"\" style=\"clear:both;display:block;\"><\/div><a href=\"\/tr\/yaglardan-kurtul-lazer-sadece-hizli-kilo-ver\/\" class=\"btn-shortcode dt-btn-l dt-btn default-btn-color default-btn-hover-color default-btn-bg-color default-btn-bg-hover-color\" id=\"dt-btn-1\"><span>Daha fazla Ya\u011flar\u0131-yok etme-lazeri<\/span><\/a><div class=\"ult-spacer spacer-69f2c081e28b5\" data-id=\"69f2c081e28b5\" data-height=\"50\" data-height-mobile=\"50\" data-height-tab=\"50\" data-height-tab-portrait=\"\" data-height-mobile-landscape=\"\" style=\"clear:both;display:block;\"><\/div>[\/vc_column][vc_column width=&#8221;1\/4&#8243; offset=&#8221;vc_col-lg-offset-0 vc_col-lg-3 vc_col-md-offset-0 vc_col-md-3 vc_col-sm-offset-0 vc_hidden-sm vc_col-xs-12 vc_hidden-xs&#8221;][vc_widget_sidebar sidebar_id=&#8221;sidebar_3&#8243;]<a href=\"\/tr\/yaglardan-kurtul-lazer-sadece-hizli-kilo-ver\/yaglardan-kurtul-lazer-tedavi\/\" class=\"btn-shortcode dt-btn-l dt-btn default-btn-color default-btn-hover-color default-btn-bg-color default-btn-bg-hover-color\" id=\"dt-btn-2\"><span>Fiyatlar<\/span><\/a>[\/vc_column][\/vc_row][vc_row][vc_column offset=&#8221;vc_hidden-lg vc_hidden-md&#8221;][vc_widget_sidebar sidebar_id=&#8221;sidebar_3&#8243;]<a href=\"\/tr\/yaglardan-kurtul-lazer-sadece-hizli-kilo-ver\/yaglardan-kurtul-lazer-tedavi\/\" class=\"btn-shortcode dt-btn-l dt-btn default-btn-color default-btn-hover-color default-btn-bg-color default-btn-bg-hover-color\" id=\"dt-btn-3\"><span>Fiyatlar<\/span><\/a><div class=\"ult-spacer spacer-69f2c081e294e\" data-id=\"69f2c081e294e\" data-height=\"20\" data-height-mobile=\"20\" data-height-tab=\"20\" data-height-tab-portrait=\"\" data-height-mobile-landscape=\"\" style=\"clear:both;display:block;\"><\/div>[\/vc_column][\/vc_row][vc_row equal_height=&#8221;yes&#8221; bg_type=&#8221;bg_color&#8221; bg_override=&#8221;ex-full&#8221; bg_color_value=&#8221;#ffffff&#8221; el_class=&#8221;calltoaektschn&#8221;][vc_column css=&#8221;.vc_custom_1539097314964{padding-top: 0px !important;}&#8221;]<section class=\"shortcode-action-box box-style-table shortcode-action-bg block-style-widget pulse animate-element\"><div class=\"text-big\"><div class=\"gap\" style=\"line-height: 10px; height: 10px;\"><\/div>\n<h5>M\u00fckemmel v\u00fccuda kavu\u015fun! Biz yard\u0131mc\u0131 oluruz.<\/h5>\n<\/div><div class=\"shortcode-action-container action-button\"><a href=\"\/tr\/randevu\/\" class=\"btn-shortcode dt-btn-m dt-btn default-btn-color default-btn-hover-color default-btn-bg-color default-btn-bg-hover-color fadeIn animate-element animation-builder\" id=\"dt-btn-4\"><span>Randevu almak<\/span><\/a><\/div><\/section>[\/vc_column][\/vc_row]<\/p>\n<\/div>","protected":false},"excerpt":{"rendered":"<p>[vc_row el_class=&#8221;mitsidebar&#8221;][vc_column width=&#8221;3\/4&#8243; offset=&#8221;vc_col-lg-offset-0 vc_col-lg-9 vc_col-md-offset-0 vc_col-md-9 vc_col-sm-offset-0 vc_col-xs-12&#8243;][\/vc_column][vc_column width=&#8221;1\/4&#8243; offset=&#8221;vc_col-lg-offset-0 vc_col-lg-3 vc_col-md-offset-0 vc_col-md-3 vc_col-sm-offset-0 vc_hidden-sm vc_col-xs-12 vc_hidden-xs&#8221;][vc_widget_sidebar sidebar_id=&#8221;sidebar_3&#8243;][\/vc_column][\/vc_row][vc_row][vc_column offset=&#8221;vc_hidden-lg vc_hidden-md&#8221;][vc_widget_sidebar sidebar_id=&#8221;sidebar_3&#8243;][\/vc_column][\/vc_row][vc_row equal_height=&#8221;yes&#8221; bg_type=&#8221;bg_color&#8221; bg_override=&#8221;ex-full&#8221; bg_color_value=&#8221;#ffffff&#8221; el_class=&#8221;calltoaektschn&#8221;][vc_column css=&#8221;.vc_custom_1539097314964{padding-top: 0px !important;}&#8221;][\/vc_column][\/vc_row]<\/p>\n","protected":false},"author":1,"featured_media":0,"parent":2999,"menu_order":600,"comment_status":"closed","ping_status":"closed","template":"","meta":{"footnotes":""},"class_list":["post-2985","page","type-page","status-publish","hentry","description-off"],"_links":{"self":[{"href":"https:\/\/www.ipl-hamburg.com\/tr\/wp-json\/wp\/v2\/pages\/2985","targetHints":{"allow":["GET"]}}],"collection":[{"href":"https:\/\/www.ipl-hamburg.com\/tr\/wp-json\/wp\/v2\/pages"}],"about":[{"href":"https:\/\/www.ipl-hamburg.com\/tr\/wp-json\/wp\/v2\/types\/page"}],"author":[{"embeddable":true,"href":"https:\/\/www.ipl-hamburg.com\/tr\/wp-json\/wp\/v2\/users\/1"}],"replies":[{"embeddable":true,"href":"https:\/\/www.ipl-hamburg.com\/tr\/wp-json\/wp\/v2\/comments?post=2985"}],"version-history":[{"count":0,"href":"https:\/\/www.ipl-hamburg.com\/tr\/wp-json\/wp\/v2\/pages\/2985\/revisions"}],"up":[{"embeddable":true,"href":"https:\/\/www.ipl-hamburg.com\/tr\/wp-json\/wp\/v2\/pages\/2999"}],"wp:attachment":[{"href":"https:\/\/www.ipl-hamburg.com\/tr\/wp-json\/wp\/v2\/media?parent=2985"}],"curies":[{"name":"wp","href":"https:\/\/api.w.org\/{rel}","templated":true}]}}