{"id":2999,"date":"2018-11-22T14:56:42","date_gmt":"2018-11-22T13:56:42","guid":{"rendered":"https:\/\/iplhamburg.netzlicht.com\/yaglardan-kurtul-lazer-sadece-hizli-kilo-ver\/"},"modified":"2018-12-14T14:21:45","modified_gmt":"2018-12-14T13:21:45","slug":"yaglardan-kurtul-lazer-sadece-hizli-kilo-ver","status":"publish","type":"page","link":"https:\/\/www.ipl-hamburg.com\/tr\/yaglardan-kurtul-lazer-sadece-hizli-kilo-ver\/","title":{"rendered":"Ya\u011flardan-kurtul-Lazer &#8211; Sadece h\u0131zl\u0131 kilo ver"},"content":{"rendered":"<div class=\"wpb-content-wrapper\"><p>[vc_row el_class=&#8221;mitsidebar&#8221;][vc_column width=&#8221;3\/4&#8243; offset=&#8221;vc_col-lg-offset-0 vc_col-lg-9 vc_col-md-offset-0 vc_col-md-9 vc_col-sm-offset-0 vc_col-xs-12&#8243;]<div class=\"ult-spacer spacer-69f45e271199a\" data-id=\"69f45e271199a\" data-height=\"30\" data-height-mobile=\"30\" data-height-tab=\"30\" data-height-tab-portrait=\"\" data-height-mobile-landscape=\"\" style=\"clear:both;display:block;\"><\/div><div id=\"ultimate-heading-37669f45e2711a16\" class=\"uvc-heading ult-adjust-bottom-margin ultimate-heading-37669f45e2711a16 uvc-3814 \" data-hspacer=\"no_spacer\"  data-halign=\"left\" style=\"text-align:left\"><div class=\"uvc-heading-spacer no_spacer\" style=\"top\"><\/div><div class=\"uvc-main-heading ult-responsive\"  data-ultimate-target='.uvc-heading.ultimate-heading-37669f45e2711a16 h2'  data-responsive-json-new='{\"font-size\":\"\",\"line-height\":\"\"}' ><h2 style=\"font-weight:normal;color:#589935;\">iLipo Ya\u011flardan-kurtul-Lazer ba\u015faran bir sistemdir<\/h2><\/div><div class=\"uvc-sub-heading ult-responsive\"  data-ultimate-target='.uvc-heading.ultimate-heading-37669f45e2711a16 .uvc-sub-heading '  data-responsive-json-new='{\"font-size\":\"desktop:20px;\",\"line-height\":\"desktop:30px;\"}'  style=\"font-weight:normal;\"><\/p>\n<h4>Sizin i\u00e7in en m\u00fckemmel a\u011f\u0131rl\u0131\u011fa m\u0131 ula\u015fmak istiyorsunuz?<\/h4>\n<p><\/div><\/div><div class=\"ult-spacer spacer-69f45e2711a7f\" data-id=\"69f45e2711a7f\" data-height=\"10\" data-height-mobile=\"10\" data-height-tab=\"10\" data-height-tab-portrait=\"\" data-height-mobile-landscape=\"\" style=\"clear:both;display:block;\"><\/div>[vc_row_inner][vc_column_inner width=&#8221;2\/3&#8243;][vc_column_text]Biz size istedi\u011finiz a\u011f\u0131rl\u0131\u011f\u0131 hedef alarak \u00f6zel tedavilerle yard\u0131mc\u0131 oluruz. B\u00fct\u00fcn tedaviler iLipo Ya\u011flardan-kurtul-Lazer ile yap\u0131lacak. Burada test edilmi\u015f iLipo Ya\u011flardan-kurtul-Lazer hakk\u0131nda b\u00fct\u00fcn bilgiler alabilirsiniz. H\u0131zl\u0131, kolay, etkili ve tamamen a\u011fr\u0131s\u0131z.<\/p>\n<p>iLipo<\/p>\n<p>Hemen hemen b\u00fct\u00fcn kad\u0131nlar ve erkekler bu problemi tan\u0131r: Kar\u0131n, bacak ve kal\u00e7a b\u00f6lgelerindeki s\u0131k\u0131nt\u0131 verici ya\u011flar. Kar\u0131n, bacak ve kal\u00e7a b\u00f6lgelerine o y\u00fczden daha zay\u0131f g\u00f6z\u00fckmek i\u00e7in tedaviler laz\u0131m. Ya\u011flar\u0131 ameliyats\u0131z kaybetmek \u00e7ok ma\u011fdurlar\u0131n b\u00fcy\u00fck arzu.<\/p>\n<p>Normal \u00fcltrason tedavilerden ba\u015fka iLipo Ya\u011flardan-kurtul-Lazer ile tedavi teklif ediyoruz.[\/vc_column_text][\/vc_column_inner][vc_column_inner width=&#8221;1\/3&#8243;][vc_single_image image=&#8221;2212&#8243; img_size=&#8221;full&#8221; onclick=&#8221;link_image&#8221;][\/vc_column_inner][\/vc_row_inner]<div class=\"ult-spacer spacer-69f45e2711aa2\" data-id=\"69f45e2711aa2\" data-height=\"40\" data-height-mobile=\"40\" data-height-tab=\"40\" data-height-tab-portrait=\"\" data-height-mobile-landscape=\"\" style=\"clear:both;display:block;\"><\/div>[\/vc_column][vc_column width=&#8221;1\/4&#8243; offset=&#8221;vc_col-lg-offset-0 vc_col-lg-3 vc_col-md-offset-0 vc_col-md-3 vc_col-sm-offset-0 vc_hidden-sm vc_col-xs-12 vc_hidden-xs&#8221;][vc_widget_sidebar sidebar_id=&#8221;sidebar_3&#8243;]<a href=\"\/tr\/yaglardan-kurtul-lazer-sadece-hizli-kilo-ver\/yaglardan-kurtul-lazer-tedavi\/\" class=\"btn-shortcode dt-btn-l dt-btn default-btn-color default-btn-hover-color default-btn-bg-color default-btn-bg-hover-color\" id=\"dt-btn-1\"><span>Fiyatlar<\/span><\/a>[\/vc_column][\/vc_row][vc_row bg_type=&#8221;bg_color&#8221; bg_override=&#8221;ex-full&#8221; bg_color_value=&#8221;#589935&#8243;][vc_column][vc_column_text]<\/p>\n<h4 style=\"text-align: center; color: #ffffff;\">Ya\u011flar\u0131n\u0131zdan ameliyats\u0131z kurtulun!<\/h4>\n<p>[\/vc_column_text][\/vc_column][\/vc_row][vc_row equal_height=&#8221;yes&#8221; type=&#8221;vc_default&#8221; css=&#8221;.vc_custom_1539098372110{padding-top: 50px !important;padding-bottom: 30px !important;}&#8221;][vc_column css=&#8221;.vc_custom_1539095004865{margin-right: 25px !important;margin-bottom: 50px !important;margin-left: 25px !important;padding-top: 35px !important;padding-right: 40px !important;padding-bottom: 40px !important;padding-left: 40px !important;background-color: #ffffff !important;}&#8221; offset=&#8221;vc_col-lg-offset-0 vc_col-md-offset-0 vc_col-sm-offset-0&#8243;][vc_row_inner][vc_column_inner width=&#8221;1\/3&#8243;][vc_single_image image=&#8221;2219&#8243; img_size=&#8221;full&#8221; css=&#8221;.vc_custom_1539693767493{margin-bottom: 0px !important;}&#8221;][\/vc_column_inner][vc_column_inner width=&#8221;2\/3&#8243;]<div class=\"ult-spacer spacer-69f45e2711b2f\" data-id=\"69f45e2711b2f\" data-height=\"0\" data-height-mobile=\"30\" data-height-tab=\"0\" data-height-tab-portrait=\"0\" data-height-mobile-landscape=\"30\" style=\"clear:both;display:block;\"><\/div>[vc_column_text css=&#8221;.vc_custom_1539692924458{margin-bottom: 0px !important;}&#8221;]Baz\u0131 insanlar \u00e7ok spor yap\u0131yor ve sadece sa\u011fl\u0131kl\u0131 \u015feyler yiyorlar, fakat belirli yerlerde \u2013 problem yerlerinde \u2013 inat\u00e7\u0131 ya\u011flar yok olmuyor. \u015eimdiye kadar bu ya\u011flar hep ameliyat ile sonsuza dek yok edildi, fakat \u015fimdi iLipo Ya\u011flardan-kurtul-Lazer ile a\u011fr\u0131s\u0131z bir tedavi yeterlidir.<\/p>\n<p><strong>Hangi v\u00fccut k\u0131sm\u0131? Hi\u00e7 fark etmez!:<br \/>\nKar\u0131n, bacaklar, popo, kal\u00e7a, \u00fcstkol, katmerli \u00e7ene, g\u00f6\u011f\u00fcs,\u2026!<\/strong><\/p>\n<p>Teori ve pratik dahil eden nitelikli bir \u00f6\u011frenim ba\u015far\u0131l\u0131 bir iLipo tedavi ve mutlu m\u00fc\u015fteriler i\u00e7in \u015fartt\u0131r.<br \/>\nBiz geni\u015f ve yo\u011fun bir \u00f6\u011frenim program\u0131nda kat\u0131ld\u0131k. O programda iLipo Ya\u011flardan-kurtul-Lazer konusunda teorik ve pratik bilgilere ve kabiliyetlere \u00e7ok \u00f6nem verildi. \u00d6\u011frenim \u2013 \u015firketimizin felsefesinin \u00e7ok \u00f6nemli bir par\u00e7as\u0131d\u0131r.[\/vc_column_text][\/vc_column_inner][\/vc_row_inner][\/vc_column][\/vc_row][vc_row][vc_column offset=&#8221;vc_hidden-lg vc_hidden-md&#8221;][vc_widget_sidebar sidebar_id=&#8221;sidebar_3&#8243;]<a href=\"\/tr\/yaglardan-kurtul-lazer-sadece-hizli-kilo-ver\/yaglardan-kurtul-lazer-tedavi\/\" class=\"btn-shortcode dt-btn-l dt-btn default-btn-color default-btn-hover-color default-btn-bg-color default-btn-bg-hover-color\" id=\"dt-btn-2\"><span>Fiyatlar<\/span><\/a><div class=\"ult-spacer spacer-69f45e2711b80\" data-id=\"69f45e2711b80\" data-height=\"20\" data-height-mobile=\"20\" data-height-tab=\"20\" data-height-tab-portrait=\"\" data-height-mobile-landscape=\"\" style=\"clear:both;display:block;\"><\/div>[\/vc_column][\/vc_row][vc_row equal_height=&#8221;yes&#8221; bg_type=&#8221;bg_color&#8221; bg_override=&#8221;ex-full&#8221; bg_color_value=&#8221;#ffffff&#8221; el_class=&#8221;calltoaektschn&#8221;][vc_column css=&#8221;.vc_custom_1539097314964{padding-top: 0px !important;}&#8221;]<section class=\"shortcode-action-box box-style-table shortcode-action-bg block-style-widget pulse animate-element\"><div class=\"text-big\"><div class=\"gap\" style=\"line-height: 10px; height: 10px;\"><\/div>\n<h5>M\u00fckemmel v\u00fccuda kavu\u015fun! Biz yard\u0131mc\u0131 oluruz.<\/h5>\n<\/div><div class=\"shortcode-action-container action-button\"><a href=\"\/tr\/randevu\/\" class=\"btn-shortcode dt-btn-m dt-btn default-btn-color default-btn-hover-color default-btn-bg-color default-btn-bg-hover-color fadeIn animate-element animation-builder\" id=\"dt-btn-3\"><span>Randevu almak<\/span><\/a><\/div><\/section>[\/vc_column][\/vc_row]<\/p>\n<\/div>","protected":false},"excerpt":{"rendered":"<p>[vc_row el_class=&#8221;mitsidebar&#8221;][vc_column width=&#8221;3\/4&#8243; offset=&#8221;vc_col-lg-offset-0 vc_col-lg-9 vc_col-md-offset-0 vc_col-md-9 vc_col-sm-offset-0 vc_col-xs-12&#8243;][vc_row_inner][vc_column_inner width=&#8221;2\/3&#8243;][vc_column_text]Biz size istedi\u011finiz a\u011f\u0131rl\u0131\u011f\u0131 hedef alarak \u00f6zel tedavilerle yard\u0131mc\u0131 oluruz. B\u00fct\u00fcn tedaviler iLipo Ya\u011flardan-kurtul-Lazer ile yap\u0131lacak. Burada test edilmi\u015f iLipo Ya\u011flardan-kurtul-Lazer hakk\u0131nda b\u00fct\u00fcn bilgiler alabilirsiniz. H\u0131zl\u0131, kolay, etkili ve tamamen a\u011fr\u0131s\u0131z. iLipo Hemen hemen b\u00fct\u00fcn kad\u0131nlar ve erkekler bu problemi tan\u0131r: Kar\u0131n, bacak ve kal\u00e7a b\u00f6lgelerindeki&hellip;<\/p>\n","protected":false},"author":1,"featured_media":0,"parent":0,"menu_order":600,"comment_status":"closed","ping_status":"closed","template":"","meta":{"footnotes":""},"class_list":["post-2999","page","type-page","status-publish","hentry","description-off"],"_links":{"self":[{"href":"https:\/\/www.ipl-hamburg.com\/tr\/wp-json\/wp\/v2\/pages\/2999","targetHints":{"allow":["GET"]}}],"collection":[{"href":"https:\/\/www.ipl-hamburg.com\/tr\/wp-json\/wp\/v2\/pages"}],"about":[{"href":"https:\/\/www.ipl-hamburg.com\/tr\/wp-json\/wp\/v2\/types\/page"}],"author":[{"embeddable":true,"href":"https:\/\/www.ipl-hamburg.com\/tr\/wp-json\/wp\/v2\/users\/1"}],"replies":[{"embeddable":true,"href":"https:\/\/www.ipl-hamburg.com\/tr\/wp-json\/wp\/v2\/comments?post=2999"}],"version-history":[{"count":0,"href":"https:\/\/www.ipl-hamburg.com\/tr\/wp-json\/wp\/v2\/pages\/2999\/revisions"}],"wp:attachment":[{"href":"https:\/\/www.ipl-hamburg.com\/tr\/wp-json\/wp\/v2\/media?parent=2999"}],"curies":[{"name":"wp","href":"https:\/\/api.w.org\/{rel}","templated":true}]}}