{"id":3017,"date":"2018-11-27T16:49:47","date_gmt":"2018-11-27T15:49:47","guid":{"rendered":"https:\/\/iplhamburg.netzlicht.com\/kozmetik-dis-aydinlatma\/"},"modified":"2018-12-14T14:01:44","modified_gmt":"2018-12-14T13:01:44","slug":"kozmetik-dis-aydinlatma","status":"publish","type":"page","link":"https:\/\/www.ipl-hamburg.com\/tr\/kozmetik-dis-aydinlatma\/","title":{"rendered":"Kozmetik di\u015f ayd\u0131nlatma"},"content":{"rendered":"<div class=\"wpb-content-wrapper\"><p>[vc_row el_class=&#8221;mitsidebar&#8221;][vc_column width=&#8221;3\/4&#8243; offset=&#8221;vc_col-lg-offset-0 vc_col-lg-9 vc_col-md-offset-0 vc_col-md-9 vc_col-sm-offset-0 vc_col-xs-12&#8243;]<div class=\"ult-spacer spacer-69e41dd3ceaee\" data-id=\"69e41dd3ceaee\" data-height=\"30\" data-height-mobile=\"30\" data-height-tab=\"30\" data-height-tab-portrait=\"\" data-height-mobile-landscape=\"\" style=\"clear:both;display:block;\"><\/div><div id=\"ultimate-heading-396969e41dd3ceb5a\" class=\"uvc-heading ult-adjust-bottom-margin ultimate-heading-396969e41dd3ceb5a uvc-5497 \" data-hspacer=\"no_spacer\"  data-halign=\"left\" style=\"text-align:left\"><div class=\"uvc-heading-spacer no_spacer\" style=\"top\"><\/div><div class=\"uvc-main-heading ult-responsive\"  data-ultimate-target='.uvc-heading.ultimate-heading-396969e41dd3ceb5a h2'  data-responsive-json-new='{\"font-size\":\"\",\"line-height\":\"\"}' ><h2 style=\"font-weight:normal;color:#589935;\">Biz Hamburg\u2019da bu alternatifi sunan tek yeriz!<\/h2><\/div><\/div><div class=\"ult-spacer spacer-69e41dd3cebca\" data-id=\"69e41dd3cebca\" data-height=\"30\" data-height-mobile=\"30\" data-height-tab=\"30\" data-height-tab-portrait=\"\" data-height-mobile-landscape=\"\" style=\"clear:both;display:block;\"><\/div>[vc_row_inner][vc_column_inner]<style type=\"text\/css\" data-type=\"the7_shortcodes-inline-css\">.shortcode-single-image-wrap.shortcode-single-image-d1f015f2a1f3475c998749a42c00c6d4.enable-bg-rollover .rollover i,\n.shortcode-single-image-wrap.shortcode-single-image-d1f015f2a1f3475c998749a42c00c6d4.enable-bg-rollover .rollover-video i {\n  background: ;\n  background: -webkit-linear-gradient();\n  background: linear-gradient();\n}\n.shortcode-single-image-wrap.shortcode-single-image-d1f015f2a1f3475c998749a42c00c6d4 .rollover-icon {\n  font-size: 32px;\n  color: #ffffff;\n  min-width: 44px;\n  min-height: 44px;\n  line-height: 44px;\n  border-radius: 100px;\n  border-style: solid;\n  border-width: 0px;\n}\n.dt-icon-bg-on.shortcode-single-image-wrap.shortcode-single-image-d1f015f2a1f3475c998749a42c00c6d4 .rollover-icon {\n  background: rgba(255,255,255,0.3);\n  -webkit-box-shadow: none;\n  box-shadow: none;\n}<\/style><div class=\"shortcode-single-image-wrap shortcode-single-image-d1f015f2a1f3475c998749a42c00c6d4 alignright  vc_custom_1539706499251 enable-bg-rollover dt-icon-bg-off\" ><div class=\"shortcode-single-image\"><div class=\"fancy-media-wrap\" style=\"\"><img loading=\"lazy\" decoding=\"async\" class=\"preload-me aspect\" src=\"https:\/\/www.ipl-hamburg.com\/wp-content\/uploads\/2018\/10\/zahnaufhellung-zahnbleaching-hamburg-300x210.jpg\" srcset=\"https:\/\/www.ipl-hamburg.com\/wp-content\/uploads\/2018\/10\/zahnaufhellung-zahnbleaching-hamburg-300x210.jpg 300w, https:\/\/www.ipl-hamburg.com\/wp-content\/uploads\/2018\/10\/zahnaufhellung-zahnbleaching-hamburg-600x420.jpg 600w\" sizes=\"auto, (max-width: 300px) 100vw, 300px\" width=\"300\" height=\"210\"  data-dt-location=\"https:\/\/www.ipl-hamburg.com\/tr\/zahnaufhellung\/zahnaufhellung-zahnbleaching-hamburg\/\" style=\"--ratio: 300 \/ 210;\" alt=\"Zahnbleaching in Hamburg: effektiv und g\u00fcnstig!\" \/><\/div><\/div><\/div>[vc_column_text]Bembeyaz di\u015fler yeni bir moda de\u011fildir!<br \/>\n\u00c7\u00fcnk\u00fc birka\u00e7 y\u00fczy\u0131llar \u00f6nce bile bembeyaz di\u015fler g\u00fczelli\u011fin ve sa\u011fl\u0131\u011f\u0131n sembol\u00fcyd\u00fc![\/vc_column_text][vc_column_text]<\/p>\n<h3>Di\u015flerini a\u011fart\u0131yoruz&#8230;<\/h3>\n<p>[\/vc_column_text]<div class=\"standard-arrow list-divider\"><ul>\n<li>A\u011fr\u0131s\u0131z!<\/li>\n<li>Yan etkisiz!<\/li>\n<li>Peroksitsiz!<\/li>\n<\/ul>\n<\/div>[\/vc_column_inner][\/vc_row_inner]<div class=\"ult-spacer spacer-69e41dd3d0140\" data-id=\"69e41dd3d0140\" data-height=\"30\" data-height-mobile=\"30\" data-height-tab=\"30\" data-height-tab-portrait=\"\" data-height-mobile-landscape=\"\" style=\"clear:both;display:block;\"><\/div>[\/vc_column][vc_column width=&#8221;1\/4&#8243; offset=&#8221;vc_col-lg-offset-0 vc_col-lg-3 vc_col-md-offset-0 vc_col-md-3 vc_col-sm-offset-0 vc_hidden-sm vc_col-xs-12 vc_hidden-xs&#8221;][vc_widget_sidebar sidebar_id=&#8221;sidebar_5&#8243;]<a href=\"#\" class=\"btn-shortcode dt-btn-l dt-btn default-btn-color default-btn-hover-color default-btn-bg-color default-btn-bg-hover-color\" id=\"dt-btn-1\"><span>Fiyat: sadece 99\u20ac<\/span><\/a><div class=\"ult-spacer spacer-69e41dd3d01a9\" data-id=\"69e41dd3d01a9\" data-height=\"30\" data-height-mobile=\"30\" data-height-tab=\"30\" data-height-tab-portrait=\"\" data-height-mobile-landscape=\"\" style=\"clear:both;display:block;\"><\/div><a href=\"\/tr\/deneyim-kozmetik-dis-beyazlatma-dis-bleaching\/\" class=\"btn-shortcode dt-btn-l dt-btn default-btn-color default-btn-hover-color default-btn-bg-color default-btn-bg-hover-color\" id=\"dt-btn-2\"><span>Deneyim  Reporlar\u0131<\/span><\/a>[\/vc_column][\/vc_row][vc_row equal_height=&#8221;yes&#8221; type=&#8221;vc_default&#8221;][vc_column css=&#8221;.vc_custom_1539095004865{margin-right: 25px !important;margin-bottom: 50px !important;margin-left: 25px !important;padding-top: 35px !important;padding-right: 40px !important;padding-bottom: 40px !important;padding-left: 40px !important;background-color: #ffffff !important;}&#8221; offset=&#8221;vc_col-lg-offset-0 vc_col-md-offset-0 vc_col-sm-offset-0&#8243;][vc_column_text css=&#8221;.vc_custom_1539691644638{margin-bottom: 0px !important;}&#8221;]<\/p>\n<h3>D\u00f6rt ad\u0131mla m\u00fckemmel g\u00fcl\u00fc\u015fe \u2013 sadece 21 dakikada!<\/h3>\n<p>[\/vc_column_text]<div class=\"ult-spacer spacer-69e41dd3d01fa\" data-id=\"69e41dd3d01fa\" data-height=\"30\" data-height-mobile=\"30\" data-height-tab=\"30\" data-height-tab-portrait=\"\" data-height-mobile-landscape=\"\" style=\"clear:both;display:block;\"><\/div>[vc_row_inner css=&#8221;.vc_custom_1539689379530{margin-bottom: 0px !important;}&#8221;][vc_column_inner width=&#8221;1\/4&#8243;][vc_single_image image=&#8221;2167&#8243; img_size=&#8221;full&#8221;][\/vc_column_inner][vc_column_inner width=&#8221;3\/4&#8243;]<div class=\"standard-number-list list-divider bullet-top\"><ul>\n<li>Komforlu \u201cEgg\u201de oturun. Bir renk yelpazesi yard\u0131m\u0131yla \u015fuanki di\u015f renginizi belirleriz.<\/li>\n<li>\u201dFinger Brush\u201d ile di\u015flerinizi 30 saniye boyunca temizlersiniz. Bunun esnas\u0131nda biz ilk di\u015fli\u011fi Brillant White PowerGel ile haz\u0131rl\u0131yoruz. Toplam 3 di\u015flik kullan\u0131yoruz.<\/li>\n<li>Brillant White PowerGel ile doldurulmu\u015f di\u015fli\u011fi a\u011fz\u0131n\u0131za koyup di\u015flerinizle temasa ge\u00e7iriniz. Ondan sonra LED lambas\u0131 ile aktifle\u015ftiririz.<\/li>\n<li>7 dakika ge\u00e7ince di\u015fli\u011fi \u00e7\u0131kar\u0131n\u0131z. Ad\u0131m 3 ve 4 tekrarlanacak. Gelecek 7 dakika i\u00e7in geri yat\u0131n\u0131z ve dinleniniz.<\/li>\n<\/ul>\n<\/div>[\/vc_column_inner][\/vc_row_inner][\/vc_column][\/vc_row][vc_row equal_height=&#8221;yes&#8221; type=&#8221;vc_default&#8221; css=&#8221;.vc_custom_1539098372110{padding-top: 50px !important;padding-bottom: 30px !important;}&#8221;][vc_column css=&#8221;.vc_custom_1539095004865{margin-right: 25px !important;margin-bottom: 50px !important;margin-left: 25px !important;padding-top: 35px !important;padding-right: 40px !important;padding-bottom: 40px !important;padding-left: 40px !important;background-color: #ffffff !important;}&#8221; offset=&#8221;vc_col-lg-offset-0 vc_col-md-offset-0 vc_col-sm-offset-0&#8243;][vc_column_text css=&#8221;.vc_custom_1539688289413{margin-bottom: 0px !important;}&#8221;]Jel di\u015fin y\u00fczeyi ile reaksiyon g\u00f6sterir, bunun esnas\u0131nda di\u015f eti ve di\u015f minesi bozulmayacakt\u0131r. Tedavi %100 kozmetik. (\u0130\u00e7indekiler: Propylenglycol, Glyercin, Aroma, Carbamid, Triethanolamine, Carbopol)[\/vc_column_text][\/vc_column][\/vc_row][vc_row][vc_column offset=&#8221;vc_hidden-lg vc_hidden-md&#8221;][vc_widget_sidebar sidebar_id=&#8221;sidebar_5&#8243;]<a href=\"#\" class=\"btn-shortcode dt-btn-l dt-btn default-btn-color default-btn-hover-color default-btn-bg-color default-btn-bg-hover-color\" id=\"dt-btn-3\"><span>Fiyat: sadece 99\u20ac<\/span><\/a><div class=\"ult-spacer spacer-69e41dd3d029e\" data-id=\"69e41dd3d029e\" data-height=\"30\" data-height-mobile=\"30\" data-height-tab=\"30\" data-height-tab-portrait=\"\" data-height-mobile-landscape=\"\" style=\"clear:both;display:block;\"><\/div><a href=\"\/tr\/deneyim-kozmetik-dis-beyazlatma-dis-bleaching\/\" class=\"btn-shortcode dt-btn-l dt-btn default-btn-color default-btn-hover-color default-btn-bg-color default-btn-bg-hover-color\" id=\"dt-btn-4\"><span>Deneyim  Reporlar\u0131<\/span><\/a><div class=\"ult-spacer spacer-69e41dd3d02e5\" data-id=\"69e41dd3d02e5\" data-height=\"20\" data-height-mobile=\"20\" data-height-tab=\"20\" data-height-tab-portrait=\"\" data-height-mobile-landscape=\"\" style=\"clear:both;display:block;\"><\/div>[\/vc_column][\/vc_row][vc_row equal_height=&#8221;yes&#8221; bg_type=&#8221;bg_color&#8221; bg_override=&#8221;ex-full&#8221; bg_color_value=&#8221;#ffffff&#8221; el_class=&#8221;calltoaektschn&#8221;][vc_column css=&#8221;.vc_custom_1539097314964{padding-top: 0px !important;}&#8221;]<section class=\"shortcode-action-box box-style-table shortcode-action-bg block-style-widget pulse animate-element\"><div class=\"text-big\"><div class=\"gap\" style=\"line-height: 10px; height: 10px;\"><\/div>\n<h5>Birka\u00e7 dakika i\u00e7inde bembeyaz di\u015fler!<\/h5>\n<\/div><div class=\"shortcode-action-container action-button\"><a href=\"\/tr\/randevu\/\" class=\"btn-shortcode dt-btn-m dt-btn default-btn-color default-btn-hover-color default-btn-bg-color default-btn-bg-hover-color fadeIn animate-element animation-builder\" id=\"dt-btn-5\"><span>Randevu almak<\/span><\/a><\/div><\/section>[\/vc_column][\/vc_row]<\/p>\n<\/div>","protected":false},"excerpt":{"rendered":"<p>[vc_row el_class=&#8221;mitsidebar&#8221;][vc_column width=&#8221;3\/4&#8243; offset=&#8221;vc_col-lg-offset-0 vc_col-lg-9 vc_col-md-offset-0 vc_col-md-9 vc_col-sm-offset-0 vc_col-xs-12&#8243;][vc_row_inner][vc_column_inner][vc_column_text]Bembeyaz di\u015fler yeni bir moda de\u011fildir! \u00c7\u00fcnk\u00fc birka\u00e7 y\u00fczy\u0131llar \u00f6nce bile bembeyaz di\u015fler g\u00fczelli\u011fin ve sa\u011fl\u0131\u011f\u0131n sembol\u00fcyd\u00fc![\/vc_column_text][vc_column_text] Di\u015flerini a\u011fart\u0131yoruz&#8230; [\/vc_column_text][\/vc_column_inner][\/vc_row_inner][\/vc_column][vc_column width=&#8221;1\/4&#8243; offset=&#8221;vc_col-lg-offset-0 vc_col-lg-3 vc_col-md-offset-0 vc_col-md-3 vc_col-sm-offset-0 vc_hidden-sm vc_col-xs-12 vc_hidden-xs&#8221;][vc_widget_sidebar sidebar_id=&#8221;sidebar_5&#8243;][\/vc_column][\/vc_row][vc_row equal_height=&#8221;yes&#8221; type=&#8221;vc_default&#8221;][vc_column css=&#8221;.vc_custom_1539095004865{margin-right: 25px !important;margin-bottom: 50px !important;margin-left: 25px !important;padding-top: 35px !important;padding-right: 40px !important;padding-bottom: 40px !important;padding-left: 40px !important;background-color:&hellip;<\/p>\n","protected":false},"author":1,"featured_media":0,"parent":0,"menu_order":600,"comment_status":"closed","ping_status":"closed","template":"","meta":{"footnotes":""},"class_list":["post-3017","page","type-page","status-publish","hentry","description-off"],"_links":{"self":[{"href":"https:\/\/www.ipl-hamburg.com\/tr\/wp-json\/wp\/v2\/pages\/3017","targetHints":{"allow":["GET"]}}],"collection":[{"href":"https:\/\/www.ipl-hamburg.com\/tr\/wp-json\/wp\/v2\/pages"}],"about":[{"href":"https:\/\/www.ipl-hamburg.com\/tr\/wp-json\/wp\/v2\/types\/page"}],"author":[{"embeddable":true,"href":"https:\/\/www.ipl-hamburg.com\/tr\/wp-json\/wp\/v2\/users\/1"}],"replies":[{"embeddable":true,"href":"https:\/\/www.ipl-hamburg.com\/tr\/wp-json\/wp\/v2\/comments?post=3017"}],"version-history":[{"count":0,"href":"https:\/\/www.ipl-hamburg.com\/tr\/wp-json\/wp\/v2\/pages\/3017\/revisions"}],"wp:attachment":[{"href":"https:\/\/www.ipl-hamburg.com\/tr\/wp-json\/wp\/v2\/media?parent=3017"}],"curies":[{"name":"wp","href":"https:\/\/api.w.org\/{rel}","templated":true}]}}