{"id":3024,"date":"2018-11-30T13:50:47","date_gmt":"2018-11-30T12:50:47","guid":{"rendered":"https:\/\/iplhamburg.netzlicht.com\/kil-aldirma\/cilt-tipi-belirleme\/"},"modified":"2018-12-14T16:40:51","modified_gmt":"2018-12-14T15:40:51","slug":"cilt-tipi-belirleme","status":"publish","type":"page","link":"https:\/\/www.ipl-hamburg.com\/tr\/kil-aldirma\/cilt-tipi-belirleme\/","title":{"rendered":"Cilt tipi belirleme"},"content":{"rendered":"<div class=\"wpb-content-wrapper\"><p>[vc_row el_class=&#8221;mitsidebar&#8221;][vc_column width=&#8221;3\/4&#8243; offset=&#8221;vc_col-lg-offset-0 vc_col-lg-9 vc_col-md-offset-0 vc_col-md-9 vc_col-sm-offset-0 vc_col-xs-12&#8243;]<div class=\"ult-spacer spacer-69e1ceec82eac\" data-id=\"69e1ceec82eac\" data-height=\"30\" data-height-mobile=\"30\" data-height-tab=\"30\" data-height-tab-portrait=\"\" data-height-mobile-landscape=\"\" style=\"clear:both;display:block;\"><\/div><div id=\"ultimate-heading-390069e1ceec82f11\" class=\"uvc-heading ult-adjust-bottom-margin ultimate-heading-390069e1ceec82f11 uvc-34 \" data-hspacer=\"no_spacer\"  data-halign=\"left\" style=\"text-align:left\"><div class=\"uvc-heading-spacer no_spacer\" style=\"top\"><\/div><div class=\"uvc-main-heading ult-responsive\"  data-ultimate-target='.uvc-heading.ultimate-heading-390069e1ceec82f11 h2'  data-responsive-json-new='{\"font-size\":\"\",\"line-height\":\"\"}' ><h2 style=\"font-weight:normal;color:#589935;\">Cilt tipi belirleme<\/h2><\/div><div class=\"uvc-sub-heading ult-responsive\"  data-ultimate-target='.uvc-heading.ultimate-heading-390069e1ceec82f11 .uvc-sub-heading '  data-responsive-json-new='{\"font-size\":\"desktop:20px;\",\"line-height\":\"desktop:30px;\"}'  style=\"font-weight:normal;\"><\/p>\n<h4>Cilt tipinizi belirleyin. Bunu sadece k\u0131lavuz de\u011fer olarak anlay\u0131n. Tedaviden \u00f6nce ger\u00e7ek cilt tipinizi melanin sayac\u0131 ile belirliyoruz.<\/h4>\n<p><\/div><\/div><div class=\"ult-spacer spacer-69e1ceec82f70\" data-id=\"69e1ceec82f70\" data-height=\"30\" data-height-mobile=\"30\" data-height-tab=\"30\" data-height-tab-portrait=\"\" data-height-mobile-landscape=\"\" style=\"clear:both;display:block;\"><\/div>[vc_accordion active_tab=&#8221;1&#8243; title_size=&#8221;h3&#8243; style=&#8221;2&#8243;][vc_accordion_tab title=&#8221;Cilt tipi I&#8221; el_id=&#8221;Hauttyp1&#8243;]<div class=\"standard-arrow list-divider\"><ul>\n<li>g\u00f6ze batan a\u00e7\u0131k ten rengi<\/li>\n<li>\u00e7iller<\/li>\n<li>Kelt tipi (b\u00fct\u00fcn Orta Avrupal\u0131lar\u0131n yakla\u015f\u0131k %2si)<\/li>\n<li>sar\u0131 ya da k\u0131z\u0131l sa\u00e7<\/li>\n<li>mavi, ye\u015fil ya da nadiren kahverengi g\u00f6zler<\/li>\n<li>g\u00fcne\u015f yanmas\u0131 \u00e7ok s\u0131k \u00e7\u0131kar!<\/li>\n<li>g\u00fcne\u015f kremi kullanmadan ve yanmadan g\u00fcne\u015fte ka\u00e7 dakika kalabilir: 5 \u2013 10 dakika<\/li>\n<li>eritem: herzaman<\/li>\n<li>esmerletme: asla<\/li>\n<\/ul>\n<\/div>[\/vc_accordion_tab][vc_accordion_tab title=&#8221;Cilt tipi II&#8221; el_id=&#8221;Hauttyp2&#8243;]<div class=\"standard-arrow list-divider\"><ul>\n<li>a\u00e7\u0131k ya da kumral ten rengi<\/li>\n<li>\u00e7iller yok<\/li>\n<li>kumral Orta Avrupal\u0131 (Orta Avrupal\u0131lar\u0131n yaklal\u0131k %78i)<\/li>\n<li>koyu sar\u0131\u015f\u0131n ya da kumral sa\u00e7lar<\/li>\n<li>gri ya da kahverengi g\u00f6zler<\/li>\n<li>g\u00fcne\u015f yanmas\u0131 fazla \u00e7\u0131kmaz<\/li>\n<li>g\u00fcne\u015f kremi kullanmadan ve yanmadan g\u00fcne\u015fte ka\u00e7 dakika kalabilir: 20 \u2013 30 dakika<\/li>\n<li>eritem: nadiren<\/li>\n<li>esmerletme: g\u00f6ze \u00e7arpar<\/li>\n<\/ul>\n<\/div>[\/vc_accordion_tab][vc_accordion_tab title=&#8221;Cilt tipi III&#8221; el_id=&#8221;Hauttyp3&#8243;]<div class=\"standard-arrow list-divider\"><ul>\n<li>esmer ten rengi<\/li>\n<li>\u00e7iller yok<\/li>\n<li>Hint tipi<\/li>\n<li>siyah sa\u00e7<\/li>\n<li>koyu g\u00f6zler<\/li>\n<li>g\u00fcnes yanmas\u0131 yok<\/li>\n<li>g\u00fcne\u015f kremi kullanmadan ve yanmadan g\u00fcne\u015fte ka\u00e7 dakika kalabilir: 45 \u2013 60 dakika<\/li>\n<li>eritem: asla<\/li>\n<li>esmerletme: \u00e7ok<\/li>\n<\/ul>\n<\/div>[\/vc_accordion_tab][vc_accordion_tab title=&#8221;Cilt tipi IV&#8221; el_id=&#8221;Hauttyp4&#8243;]<div class=\"standard-arrow list-divider\"><ul>\n<li>Akdenizli tipi (Orta Avrupalar\u0131n yakla\u015f\u0131k %8i)<\/li>\n<li>kumral, esmer ya da siyah sa\u00e7<\/li>\n<li>koyu g\u00f6zler<\/li>\n<li>g\u00fcne\u015f yanmas\u0131 hemen hemen hi\u00e7 \u00e7\u0131kmaz<\/li>\n<li>g\u00fcne\u015f kremi kullanmadan ve yanmadan g\u00fcne\u015fte ka\u00e7 dakika kalabilir: 30 \u2013 45 dakika<\/li>\n<li>eritem: asla<\/li>\n<li>esmerletme: \u00e7ok<\/li>\n<\/ul>\n<\/div>[\/vc_accordion_tab][vc_accordion_tab title=&#8221;Cilt tipi V&#8221; el_id=&#8221;Hauttyp5&#8243;]<div class=\"standard-arrow list-divider\"><ul>\n<li>g\u00f6ze \u00e7arpan koyu ten rengi<\/li>\n<li>\u00e7iller yok<\/li>\n<li>Afrikal\u0131 tipi<\/li>\n<li>siyah sa\u00e7<\/li>\n<li>koyu g\u00f6zler<\/li>\n<li>g\u00fcne\u015f yanmas\u0131 yok<\/li>\n<li>g\u00fcne\u015f kremi kullanmadan ve yanmadan g\u00fcne\u015fte ka\u00e7 dakika kalabilir: &gt; 60 dakika<\/li>\n<li>eritem: asla<\/li>\n<li>esmetletme: \u00e7ok<\/li>\n<\/ul>\n<\/div>[\/vc_accordion_tab][vc_accordion_tab title=&#8221;Cilt tipi VI&#8221; el_id=&#8221;Hauttyp6&#8243;]<div class=\"standard-arrow list-divider\"><ul>\n<li>auffallend dunkle Haut<\/li>\n<li>keine Sommersprossen<\/li>\n<li>afrikanischer Typ<\/li>\n<li>schwarze Haare<\/li>\n<li>dunkle Augenfarbe<\/li>\n<li>keine Sonnenbrandneigung<\/li>\n<li>Eigenschutzzeit: &gt; 60 Minuten<\/li>\n<li>Erythem: nie<\/li>\n<li>Br\u00e4unung: stark<\/li>\n<\/ul>\n<\/div>[\/vc_accordion_tab][\/vc_accordion]<div class=\"ult-spacer spacer-69e1ceec8319c\" data-id=\"69e1ceec8319c\" data-height=\"50\" data-height-mobile=\"50\" data-height-tab=\"50\" data-height-tab-portrait=\"\" data-height-mobile-landscape=\"\" style=\"clear:both;display:block;\"><\/div>[\/vc_column][vc_column width=&#8221;1\/4&#8243; offset=&#8221;vc_col-lg-offset-0 vc_col-lg-3 vc_col-md-offset-0 vc_col-md-3 vc_col-sm-offset-0 vc_hidden-sm vc_col-xs-12 vc_hidden-xs&#8221;][vc_widget_sidebar sidebar_id=&#8221;sidebar_6&#8243;][\/vc_column][\/vc_row][vc_row][vc_column offset=&#8221;vc_hidden-lg vc_hidden-md&#8221;][vc_widget_sidebar sidebar_id=&#8221;sidebar_6&#8243;]<div class=\"ult-spacer spacer-69e1ceec831b8\" data-id=\"69e1ceec831b8\" data-height=\"20\" data-height-mobile=\"20\" data-height-tab=\"20\" data-height-tab-portrait=\"\" data-height-mobile-landscape=\"\" style=\"clear:both;display:block;\"><\/div>[\/vc_column][\/vc_row][vc_row equal_height=&#8221;yes&#8221; bg_type=&#8221;bg_color&#8221; bg_override=&#8221;ex-full&#8221; bg_color_value=&#8221;#ffffff&#8221; el_class=&#8221;calltoaektschn&#8221;][vc_column css=&#8221;.vc_custom_1539097314964{padding-top: 0px !important;}&#8221;]<section class=\"shortcode-action-box box-style-table shortcode-action-bg block-style-widget pulse animate-element\"><div class=\"text-big\"><div class=\"gap\" style=\"line-height: 10px; height: 10px;\"><\/div>\n<h5>T\u00fcm v\u00fccut tedavisi isterseniz l\u00fctfen bizimle irtibata ge\u00e7iniz!<\/h5>\n<\/div><div class=\"shortcode-action-container action-button\"><a href=\"\/tr\/randevu\/\" class=\"btn-shortcode dt-btn-m dt-btn default-btn-color default-btn-hover-color default-btn-bg-color default-btn-bg-hover-color fadeIn animate-element animation-builder\" id=\"dt-btn-1\"><span>Randevu<\/span><\/a><\/div><\/section>[\/vc_column][\/vc_row]<\/p>\n<\/div>","protected":false},"excerpt":{"rendered":"<p>[vc_row el_class=&#8221;mitsidebar&#8221;][vc_column width=&#8221;3\/4&#8243; offset=&#8221;vc_col-lg-offset-0 vc_col-lg-9 vc_col-md-offset-0 vc_col-md-9 vc_col-sm-offset-0 vc_col-xs-12&#8243;][vc_accordion active_tab=&#8221;1&#8243; title_size=&#8221;h3&#8243; style=&#8221;2&#8243;][vc_accordion_tab title=&#8221;Cilt tipi I&#8221; el_id=&#8221;Hauttyp1&#8243;][\/vc_accordion_tab][vc_accordion_tab title=&#8221;Cilt tipi II&#8221; el_id=&#8221;Hauttyp2&#8243;][\/vc_accordion_tab][vc_accordion_tab title=&#8221;Cilt tipi III&#8221; el_id=&#8221;Hauttyp3&#8243;][\/vc_accordion_tab][vc_accordion_tab title=&#8221;Cilt tipi IV&#8221; el_id=&#8221;Hauttyp4&#8243;][\/vc_accordion_tab][vc_accordion_tab title=&#8221;Cilt tipi V&#8221; el_id=&#8221;Hauttyp5&#8243;][\/vc_accordion_tab][vc_accordion_tab title=&#8221;Cilt tipi VI&#8221; el_id=&#8221;Hauttyp6&#8243;][\/vc_accordion_tab][\/vc_accordion][\/vc_column][vc_column width=&#8221;1\/4&#8243; offset=&#8221;vc_col-lg-offset-0 vc_col-lg-3 vc_col-md-offset-0 vc_col-md-3 vc_col-sm-offset-0 vc_hidden-sm vc_col-xs-12 vc_hidden-xs&#8221;][vc_widget_sidebar sidebar_id=&#8221;sidebar_6&#8243;][\/vc_column][\/vc_row][vc_row][vc_column offset=&#8221;vc_hidden-lg vc_hidden-md&#8221;][vc_widget_sidebar sidebar_id=&#8221;sidebar_6&#8243;][\/vc_column][\/vc_row][vc_row equal_height=&#8221;yes&#8221; bg_type=&#8221;bg_color&#8221; bg_override=&#8221;ex-full&#8221; bg_color_value=&#8221;#ffffff&#8221; el_class=&#8221;calltoaektschn&#8221;][vc_column css=&#8221;.vc_custom_1539097314964{padding-top:&hellip;<\/p>\n","protected":false},"author":1,"featured_media":0,"parent":2698,"menu_order":600,"comment_status":"closed","ping_status":"closed","template":"","meta":{"footnotes":""},"class_list":["post-3024","page","type-page","status-publish","hentry","description-off"],"_links":{"self":[{"href":"https:\/\/www.ipl-hamburg.com\/tr\/wp-json\/wp\/v2\/pages\/3024","targetHints":{"allow":["GET"]}}],"collection":[{"href":"https:\/\/www.ipl-hamburg.com\/tr\/wp-json\/wp\/v2\/pages"}],"about":[{"href":"https:\/\/www.ipl-hamburg.com\/tr\/wp-json\/wp\/v2\/types\/page"}],"author":[{"embeddable":true,"href":"https:\/\/www.ipl-hamburg.com\/tr\/wp-json\/wp\/v2\/users\/1"}],"replies":[{"embeddable":true,"href":"https:\/\/www.ipl-hamburg.com\/tr\/wp-json\/wp\/v2\/comments?post=3024"}],"version-history":[{"count":0,"href":"https:\/\/www.ipl-hamburg.com\/tr\/wp-json\/wp\/v2\/pages\/3024\/revisions"}],"up":[{"embeddable":true,"href":"https:\/\/www.ipl-hamburg.com\/tr\/wp-json\/wp\/v2\/pages\/2698"}],"wp:attachment":[{"href":"https:\/\/www.ipl-hamburg.com\/tr\/wp-json\/wp\/v2\/media?parent=3024"}],"curies":[{"name":"wp","href":"https:\/\/api.w.org\/{rel}","templated":true}]}}