{"id":3030,"date":"2018-11-30T15:18:28","date_gmt":"2018-11-30T14:18:28","guid":{"rendered":"https:\/\/iplhamburg.netzlicht.com\/tur\/"},"modified":"2023-06-13T13:38:40","modified_gmt":"2023-06-13T11:38:40","slug":"tur","status":"publish","type":"page","link":"https:\/\/www.ipl-hamburg.com\/tr\/tur\/","title":{"rendered":"Tur"},"content":{"rendered":"<div class=\"wpb-content-wrapper\"><p>[vc_row][vc_column]<div class=\"ult-spacer spacer-69e0a23b49ce1\" data-id=\"69e0a23b49ce1\" data-height=\"30\" data-height-mobile=\"30\" data-height-tab=\"30\" data-height-tab-portrait=\"\" data-height-mobile-landscape=\"\" style=\"clear:both;display:block;\"><\/div><div id=\"ultimate-heading-266169e0a23b49d3d\" class=\"uvc-heading ult-adjust-bottom-margin ultimate-heading-266169e0a23b49d3d uvc-2280 \" data-hspacer=\"no_spacer\"  data-halign=\"left\" style=\"text-align:left\"><div class=\"uvc-heading-spacer no_spacer\" style=\"top\"><\/div><div class=\"uvc-main-heading ult-responsive\"  data-ultimate-target='.uvc-heading.ultimate-heading-266169e0a23b49d3d h2'  data-responsive-json-new='{\"font-size\":\"\",\"line-height\":\"\"}' ><h2 style=\"font-weight:normal;color:#589935;\">G\u00fczellik st\u00fcdyomuzun sanal turu.<\/h2><\/div><div class=\"uvc-sub-heading ult-responsive\"  data-ultimate-target='.uvc-heading.ultimate-heading-266169e0a23b49d3d .uvc-sub-heading '  data-responsive-json-new='{\"font-size\":\"desktop:20px;\",\"line-height\":\"desktop:30px;\"}'  style=\"font-weight:normal;\">Gelin ve g\u00fczellik st\u00fcdyomuza bir g\u00f6z at\u0131n.<\/div><\/div><div class=\"ult-spacer spacer-69e0a23b49d97\" data-id=\"69e0a23b49d97\" data-height=\"20\" data-height-mobile=\"20\" data-height-tab=\"20\" data-height-tab-portrait=\"\" data-height-mobile-landscape=\"\" style=\"clear:both;display:block;\"><\/div>[\/vc_column][\/vc_row][vc_row][vc_column][vc_raw_html]W21hLWNvbnRlbnQtY29uc2VudCB0ZXh0LXN0eWxlPSJmb250LXNpemU6IDFyZW07IiBiYWNrZ3JvdW5kLWltYWdlPSIvd3AtY29udGVudC9wbHVnaW5zL21hLWNvbnRlbnQtY29uc2VudC9pbWFnZXMvbWFwLnN2ZyIgYmxvY2stc3R5bGU9ImhlaWdodDogNDUwcHg7Il08aWZyYW1lIHNyYz0iaHR0cHM6Ly93d3cuZ29vZ2xlLmNvbS9tYXBzL2VtYmVkP3BiPSExbTAhM20yITFzZGUhMnNkZSE0djE0NTE5MDgyMTM1MTAhNm04ITFtNyExc2o4cWlQX2R2N21jQUFBUTBFdlRfNWchMm0yITFkNTMuNTcyODQ1ODI0MTU5NjYhMmQ5Ljk4MDU2NzE4MDMyOTMzITNmODUuMDYhNGYtNi45ODAwMDAwMDAwMDAwMDQhNWYwLjc4MjA4NjU5NzQ2Mjc0NjkiIHdpZHRoPSIxMDAlIiBoZWlnaHQ9IjQ1MCIgZnJhbWVib3JkZXI9IjAiIHN0eWxlPSJib3JkZXI6MCIgYWxsb3dmdWxsc2NyZWVuPjwvaWZyYW1lPlsvbWEtY29udGVudC1jb25zZW50XQ==[\/vc_raw_html][\/vc_column][\/vc_row]<\/p>\n<\/div>","protected":false},"excerpt":{"rendered":"<p>[vc_row][vc_column][\/vc_column][\/vc_row][vc_row][vc_column][vc_raw_html]W21hLWNvbnRlbnQtY29uc2VudCB0ZXh0LXN0eWxlPSJmb250LXNpemU6IDFyZW07IiBiYWNrZ3JvdW5kLWltYWdlPSIvd3AtY29udGVudC9wbHVnaW5zL21hLWNvbnRlbnQtY29uc2VudC9pbWFnZXMvbWFwLnN2ZyIgYmxvY2stc3R5bGU9ImhlaWdodDogNDUwcHg7Il08aWZyYW1lIHNyYz0iaHR0cHM6Ly93d3cuZ29vZ2xlLmNvbS9tYXBzL2VtYmVkP3BiPSExbTAhM20yITFzZGUhMnNkZSE0djE0NTE5MDgyMTM1MTAhNm04ITFtNyExc2o4cWlQX2R2N21jQUFBUTBFdlRfNWchMm0yITFkNTMuNTcyODQ1ODI0MTU5NjYhMmQ5Ljk4MDU2NzE4MDMyOTMzITNmODUuMDYhNGYtNi45ODAwMDAwMDAwMDAwMDQhNWYwLjc4MjA4NjU5NzQ2Mjc0NjkiIHdpZHRoPSIxMDAlIiBoZWlnaHQ9IjQ1MCIgZnJhbWVib3JkZXI9IjAiIHN0eWxlPSJib3JkZXI6MCIgYWxsb3dmdWxsc2NyZWVuPjwvaWZyYW1lPlsvbWEtY29udGVudC1jb25zZW50XQ==[\/vc_raw_html][\/vc_column][\/vc_row]<\/p>\n","protected":false},"author":1,"featured_media":0,"parent":0,"menu_order":600,"comment_status":"closed","ping_status":"closed","template":"","meta":{"footnotes":""},"class_list":["post-3030","page","type-page","status-publish","hentry","description-off"],"_links":{"self":[{"href":"https:\/\/www.ipl-hamburg.com\/tr\/wp-json\/wp\/v2\/pages\/3030","targetHints":{"allow":["GET"]}}],"collection":[{"href":"https:\/\/www.ipl-hamburg.com\/tr\/wp-json\/wp\/v2\/pages"}],"about":[{"href":"https:\/\/www.ipl-hamburg.com\/tr\/wp-json\/wp\/v2\/types\/page"}],"author":[{"embeddable":true,"href":"https:\/\/www.ipl-hamburg.com\/tr\/wp-json\/wp\/v2\/users\/1"}],"replies":[{"embeddable":true,"href":"https:\/\/www.ipl-hamburg.com\/tr\/wp-json\/wp\/v2\/comments?post=3030"}],"version-history":[{"count":0,"href":"https:\/\/www.ipl-hamburg.com\/tr\/wp-json\/wp\/v2\/pages\/3030\/revisions"}],"wp:attachment":[{"href":"https:\/\/www.ipl-hamburg.com\/tr\/wp-json\/wp\/v2\/media?parent=3030"}],"curies":[{"name":"wp","href":"https:\/\/api.w.org\/{rel}","templated":true}]}}