{"id":3172,"date":"2018-12-03T15:58:38","date_gmt":"2018-12-03T14:58:38","guid":{"rendered":"https:\/\/iplhamburg.netzlicht.com\/kil-aldirma\/shr-tuey-aldirma-uygun\/"},"modified":"2026-04-30T09:24:27","modified_gmt":"2026-04-30T07:24:27","slug":"shr-tuey-aldirma-uygun","status":"publish","type":"page","link":"https:\/\/www.ipl-hamburg.com\/tr\/kil-aldirma\/shr-tuey-aldirma-uygun\/","title":{"rendered":"SHR T\u00fcy Ald\u0131rma Uygun"},"content":{"rendered":"<div class=\"wpb-content-wrapper\"><p>[vc_row el_class=&#8221;mitsidebar&#8221;][vc_column width=&#8221;3\/4&#8243; offset=&#8221;vc_col-lg-offset-0 vc_col-lg-9 vc_col-md-offset-0 vc_col-md-9 vc_col-sm-offset-0 vc_col-xs-12&#8243;]<div class=\"ult-spacer spacer-69f3fe8353663\" data-id=\"69f3fe8353663\" data-height=\"30\" data-height-mobile=\"30\" data-height-tab=\"30\" data-height-tab-portrait=\"\" data-height-mobile-landscape=\"\" style=\"clear:both;display:block;\"><\/div><div id=\"ultimate-heading-840869f3fe83536ce\" class=\"uvc-heading ult-adjust-bottom-margin ultimate-heading-840869f3fe83536ce uvc-1836 \" data-hspacer=\"no_spacer\"  data-halign=\"left\" style=\"text-align:left\"><div class=\"uvc-heading-spacer no_spacer\" style=\"top\"><\/div><div class=\"uvc-main-heading ult-responsive\"  data-ultimate-target='.uvc-heading.ultimate-heading-840869f3fe83536ce h2'  data-responsive-json-new='{\"font-size\":\"\",\"line-height\":\"\"}' ><h2 style=\"font-weight:normal;color:#589935;\">K\u0131l ald\u0131rma: SHR T\u00fcy Ald\u0131rma Uygun<\/h2><\/div><div class=\"uvc-sub-heading ult-responsive\"  data-ultimate-target='.uvc-heading.ultimate-heading-840869f3fe83536ce .uvc-sub-heading '  data-responsive-json-new='{\"font-size\":\"desktop:20px;\",\"line-height\":\"desktop:30px;\"}'  style=\"font-weight:normal;\"><\/p>\n<h4>Hamburg&#8217;da SHR lazer ile ucuz kal\u0131c\u0131 epilasyon<\/h4>\n<p><\/div><\/div><div class=\"ult-spacer spacer-69f3fe8353738\" data-id=\"69f3fe8353738\" data-height=\"30\" data-height-mobile=\"30\" data-height-tab=\"30\" data-height-tab-portrait=\"\" data-height-mobile-landscape=\"\" style=\"clear:both;display:block;\"><\/div>[vc_tabs][vc_tab title=&#8221;\u00dccretler Kad\u0131nlar&#8221; tab_id=&#8221;77097138-7d34-3&#8243;][vc_table vc_table_theme=&#8221;classic_green&#8221;],%C3%9Ccret,[c#dd3333;b]%C3%96zel%20Kampanya%20May%C4%B1s|,,[c#dd3333;b]|%C3%9Cst%20dudak,30%2C00%20EUR,|%C3%87ene,30%2C00%20EUR,|%C3%9Cst%20dudak%20ve%20%C3%A7ene,50%2C00%20EUR,|Y%C3%BCz,75%2C00%20EUR,[b;c#dd0000]|Boyun,40%2C00%20EUR,|Y%C3%BCz%20ve%20boyun,85%2C00%20EUR,|Ense,40%2C00%20EUR,|Koltuk%20altlar%C4%B1,49%2C00%20EUR,[c#dd0404;b]20%2C00%20EUR|%C3%9Cst%20kollar,70%2C00%20EUR,|Eller%20dahil%20alt%20kollar,70%2C00%20EUR,[c#dd3333;b]|Eller%20dahil%20komple%20kollar,130%2C00%20EUR,[b;c#cc1e00]|Eller,30%2C00%20EUR,|G%C3%B6%C4%9F%C3%BCs,70%2C00%20EUR,|G%C3%B6%C4%9F%C3%BCs%20u%C3%A7lar%C4%B1,30%2C00%20EUR,|G%C3%B6bek,80%2C00%20EUR,|S%C4%B1rt,100%2C00%20EUR,[c#cc1e00]|Bikini%20b%C3%B6lgesi,65%2C00%20EUR,[c#ed0a02;b]|Bikini%20b%C3%B6lgesi%20ve%20genital%20b%C3%B6lge,75%2C00%20EUR,[b;c#dd0404]|Mediyan%20%C3%A7izgisi,30%2C00%20EUR,|Bikini%20b%C3%B6lgesi%20ve%20koltuk%20altlar%C4%B1,110%2C00%20EUR,[c#ed0c04;b]|Popo,80%2C00%20EUR,[c#dd0202;b]|Gluteal%20k%C4%B1vr%C4%B1m,40%2C00%20EUR,[c#ef1700;b]|ALt%20bacak%20(ikisi%20),140%2C00%20EUR,[b;c#ed0700]|%C3%9Cst%20bacak%20(%20ikisi%20),140%2C00%20EUR,[b;c#cc1e00]|Ayaklar,30%2C00%20EUR,|Ayaklar%20dahil%20komple%20bacaklar,250%2C00%20EUR,[c#ed0700;b]|[b]Paket%201,,|Bikini%20b%C3%B6lgesi%2C%20genital%20b%C3%B6lge%20ve%20koltuk%20altlar%C4%B1,125%2C00%20EUR,[b;c#dd0000]|[b]Paket%202,,|Bikini%20b%C3%B6lgesi%2C%20genital%20b%C3%B6lge%20ve%20alt%20bacaklar,190%2C00%20EUR,[b;c#dd0000]|[b]Paket%203,,|Bikini%20b%C3%B6lgesi%2C%20genital%20b%C3%B6lge%2C%20koltuk%20altlar%C4%B1%20ve%20komple%20bacaklar,300%2C00%20EUR,[c#f71000;b][\/vc_table][\/vc_tab][vc_tab title=&#8221;\u00dccretler Erkekler&#8221; tab_id=&#8221;4316d3ed-6396-9&#8243;][vc_table vc_table_theme=&#8221;classic_green&#8221;],%C3%9Ccret,[c#dd3333;b]%C3%96zel%20Kampanya%20May%C4%B1s|Elmac%C4%B1k%20kemikleri,40%2C00%20EUR,[c#dd3333;b]|Y%C3%BCz,80%2C00%20EUR,|Boyun,50%2C00%20EUR,|Ense,50%2C00%20EUR,|Omuzlar,80%2C00%20EUR,[b;c#dd0000]|Koltuk%20altlar%C4%B1,59%2C00%20EUR,[c#dd0202;b]30%2C00%20EUR|%C3%9Cst%20kollar,80%2C00%20EUR,|Eller%20dahil%20alt%20kollar,80%2C00%20EUR,|Eller%20dahil%20komple%20kollar,150%2C00%20EUR,[c#dd0404;b]|Eller,40%2C00%20EUR,|G%C3%B6%C4%9F%C3%BCs,80%2C00%20EUR,[c#dd3333;b]|G%C3%B6bek,90%2C00%20EUR,[b;c#cc1e00]|S%C4%B1rt,140%2C00%20EUR,|S%C4%B1rt%20ve%20omuzlar,190%2C00%20EUR,|Genital%20b%C3%B6lge,80%2C00%20EUR,|Popo,80%2C00%20EUR,|Gluteal%20k%C4%B1vr%C4%B1m,40%2C00%20EUR,[c#cc1e00]|ALt%20bacak%20(ikisi%20),150%2C00%20EUR,[c#ed0a02;b]|%C3%9Cst%20bacak%20(%20ikisi%20),150%2C00%20EUR,[b;c#dd0404]|Komple%20bacaklar,250%2C00%20EUR,|Paket%201,,[c#ed0c04;b]|G%C3%B6%C4%9F%C3%BCs%20ve%20g%C3%B6bek,150%2C00%20EUR,[c#dd0202;b]|Paket%202,,[c#ef1700;b]|S%C4%B1rt%2C%20ense%2C%20omuzlar%20ve%20%C3%BCst%20kollar,270%2C00%20EUR,[b;c#ed0700]|Paket%203,,[b;c#cc1e00]|Genital%20b%C3%B6lge%2C%20popo%20ve%20koluk%20altlar%C4%B1,170%2C00%20EUR,|Paket%204,,[c#ed0700;b]|[b]Genital%20b%C3%B6lge%20%2B%20e%C5%9Fek%20kat,110%2C00%20EUR,[\/vc_table][\/vc_tab][\/vc_tabs][\/vc_column][vc_column width=&#8221;1\/4&#8243; offset=&#8221;vc_col-lg-offset-0 vc_col-lg-3 vc_col-md-offset-0 vc_col-md-3 vc_col-sm-offset-0 vc_hidden-sm vc_col-xs-12 vc_hidden-xs&#8221;][vc_widget_sidebar sidebar_id=&#8221;sidebar_8&#8243;]<a href=\"\/tr\/kil-aldirma\/mediostar-tuey-aldirma-uygun\/\" class=\"btn-shortcode dt-btn-l dt-btn default-btn-color default-btn-hover-color default-btn-bg-color default-btn-bg-hover-color\" id=\"dt-btn-1\"><span>Fiyatlar \u2013 MeDioStar Lazer<\/span><\/a>[\/vc_column][\/vc_row][vc_row equal_height=&#8221;yes&#8221; type=&#8221;vc_default&#8221;][vc_column css=&#8221;.vc_custom_1539095004865{margin-right: 25px !important;margin-bottom: 50px !important;margin-left: 25px !important;padding-top: 35px !important;padding-right: 40px !important;padding-bottom: 40px !important;padding-left: 40px !important;background-color: #ffffff !important;}&#8221; offset=&#8221;vc_col-lg-offset-0 vc_col-md-offset-0 vc_col-sm-offset-0&#8243;][vc_column_text]<\/p>\n<h3>Hamburg&#8217;da SHR lazer ile ucuz kal\u0131c\u0131 epilasyon<\/h3>\n<p>[\/vc_column_text][vc_column_text css=&#8221;.vc_custom_1539688555708{margin-bottom: 0px !important;}&#8221;]Belirtilmi\u015f olan fiyatlar referans fiyatlar\u0131d\u0131r. Ancak ki\u015fisel bir g\u00f6r\u00fc\u015fme ve uygulama yap\u0131lacak olan v\u00fccut b\u00f6lgelerinin incelenmesinden sonra ve tedavi maliyeti de\u011ferlendirilmesinden sonra kesin bir fiyat belirlemesi yap\u0131l\u0131r. Birden fazla paket se\u00e7meniz durumunda, size memnuniyetle ki\u015fisel bir teklif yapar\u0131z. Verilen fiyatlar y\u00fczde 19 de\u011ferindeki yasal katma de\u011fer vergisini i\u00e7ermektedir.[\/vc_column_text][\/vc_column][\/vc_row][vc_row equal_height=&#8221;yes&#8221; type=&#8221;vc_default&#8221;][vc_column css=&#8221;.vc_custom_1539095004865{margin-right: 25px !important;margin-bottom: 50px !important;margin-left: 25px !important;padding-top: 35px !important;padding-right: 40px !important;padding-bottom: 40px !important;padding-left: 40px !important;background-color: #ffffff !important;}&#8221; offset=&#8221;vc_col-lg-offset-0 vc_col-md-offset-0 vc_col-sm-offset-0&#8243;][vc_column_text css=&#8221;.vc_custom_1726824184002{margin-bottom: 0px !important;}&#8221;]E\u011fer istedi\u011finiz uygulama kombinasyonunu burada bulamazsan\u0131z veya ki\u015fisel bir teklif almak isterseniz, bize her zaman telefonla ula\u015fabilir veya ileti\u015fim formunu kullanabilirsiniz.<\/p>\n<p>Fiyatlar seans ba\u015f\u0131na ge\u00e7erlidir ve her tedaviden sonra \u00f6denir.<\/p>\n<p>Tedavi maliyetleri 200 Euro&#8217;nun \u00fczerinde ise, iste\u011finiz \u00fczerine taksitli \u00f6deme imkan\u0131 sunuyoruz. Taksit faizi alm\u0131yoruz!<\/p>\n<p>Bu \u00f6deme y\u00f6ntemi sizin i\u00e7in uygunsa, l\u00fctfen bu konu hakk\u0131nda bizimle ileti\u015fime ge\u00e7in.<\/p>\n<p>Ziyaretinizi d\u00f6rt g\u00f6zle bekliyoruz ve size en iyi hizmeti sunmak istiyoruz.<\/p>\n<p>E\u011fer bir randevuya gelemeyecekseniz, l\u00fctfen bizi zaman\u0131nda bilgilendirin, b\u00f6ylece randevuyu di\u011fer m\u00fc\u015fterilere sunabiliriz. Randevunuzu, randevunuzdan 24 saat \u00f6ncesine kadar \u00fccretsiz olarak iptal edebiliriz. Ge\u00e7 iptallerde \u00fccret alma hakk\u0131n\u0131 sakl\u0131 tutuyoruz.[\/vc_column_text][\/vc_column][\/vc_row][vc_row][vc_column offset=&#8221;vc_hidden-lg vc_hidden-md&#8221;][vc_widget_sidebar sidebar_id=&#8221;sidebar_8&#8243;]<a href=\"\/tr\/kil-aldirma\/mediostar-tuey-aldirma-uygun\/\" class=\"btn-shortcode dt-btn-l dt-btn default-btn-color default-btn-hover-color default-btn-bg-color default-btn-bg-hover-color\" id=\"dt-btn-2\"><span>Fiyatlar \u2013 MeDioStar Lazer<\/span><\/a><div class=\"ult-spacer spacer-69f3fe83537f3\" data-id=\"69f3fe83537f3\" data-height=\"20\" data-height-mobile=\"20\" data-height-tab=\"20\" data-height-tab-portrait=\"\" data-height-mobile-landscape=\"\" style=\"clear:both;display:block;\"><\/div>[\/vc_column][\/vc_row][vc_row equal_height=&#8221;yes&#8221; bg_type=&#8221;bg_color&#8221; bg_override=&#8221;ex-full&#8221; bg_color_value=&#8221;#ffffff&#8221; el_class=&#8221;calltoaektschn&#8221;][vc_column css=&#8221;.vc_custom_1539097314964{padding-top: 0px !important;}&#8221;]<section class=\"shortcode-action-box box-style-table shortcode-action-bg block-style-widget pulse animate-element\"><div class=\"text-big\"><div class=\"gap\" style=\"line-height: 10px; height: 10px;\"><\/div>\n<h5>T\u00fcm v\u00fccut tedavisi isterseniz l\u00fctfen bizimle irtibata ge\u00e7iniz!<\/h5>\n<\/div><div class=\"shortcode-action-container action-button\"><a href=\"\/tr\/randevu\/\" class=\"btn-shortcode dt-btn-m dt-btn default-btn-color default-btn-hover-color default-btn-bg-color default-btn-bg-hover-color fadeIn animate-element animation-builder\" id=\"dt-btn-3\"><span>Randevu<\/span><\/a><\/div><\/section>[\/vc_column][\/vc_row]<\/p>\n<\/div>","protected":false},"excerpt":{"rendered":"<p>[vc_row el_class=&#8221;mitsidebar&#8221;][vc_column width=&#8221;3\/4&#8243; offset=&#8221;vc_col-lg-offset-0 vc_col-lg-9 vc_col-md-offset-0 vc_col-md-9 vc_col-sm-offset-0 vc_col-xs-12&#8243;][vc_tabs][vc_tab title=&#8221;\u00dccretler Kad\u0131nlar&#8221; tab_id=&#8221;77097138-7d34-3&#8243;][vc_table vc_table_theme=&#8221;classic_green&#8221;],%C3%9Ccret,[c#dd3333;b]%C3%96zel%20Kampanya%20May%C4%B1s|,,[c#dd3333;b]|%C3%9Cst%20dudak,30%2C00%20EUR,|%C3%87ene,30%2C00%20EUR,|%C3%9Cst%20dudak%20ve%20%C3%A7ene,50%2C00%20EUR,|Y%C3%BCz,75%2C00%20EUR,[b;c#dd0000]|Boyun,40%2C00%20EUR,|Y%C3%BCz%20ve%20boyun,85%2C00%20EUR,|Ense,40%2C00%20EUR,|Koltuk%20altlar%C4%B1,49%2C00%20EUR,[c#dd0404;b]20%2C00%20EUR|%C3%9Cst%20kollar,70%2C00%20EUR,|Eller%20dahil%20alt%20kollar,70%2C00%20EUR,[c#dd3333;b]|Eller%20dahil%20komple%20kollar,130%2C00%20EUR,[b;c#cc1e00]|Eller,30%2C00%20EUR,|G%C3%B6%C4%9F%C3%BCs,70%2C00%20EUR,|G%C3%B6%C4%9F%C3%BCs%20u%C3%A7lar%C4%B1,30%2C00%20EUR,|G%C3%B6bek,80%2C00%20EUR,|S%C4%B1rt,100%2C00%20EUR,[c#cc1e00]|Bikini%20b%C3%B6lgesi,65%2C00%20EUR,[c#ed0a02;b]|Bikini%20b%C3%B6lgesi%20ve%20genital%20b%C3%B6lge,75%2C00%20EUR,[b;c#dd0404]|Mediyan%20%C3%A7izgisi,30%2C00%20EUR,|Bikini%20b%C3%B6lgesi%20ve%20koltuk%20altlar%C4%B1,110%2C00%20EUR,[c#ed0c04;b]|Popo,80%2C00%20EUR,[c#dd0202;b]|Gluteal%20k%C4%B1vr%C4%B1m,40%2C00%20EUR,[c#ef1700;b]|ALt%20bacak%20(ikisi%20),140%2C00%20EUR,[b;c#ed0700]|%C3%9Cst%20bacak%20(%20ikisi%20),140%2C00%20EUR,[b;c#cc1e00]|Ayaklar,30%2C00%20EUR,|Ayaklar%20dahil%20komple%20bacaklar,250%2C00%20EUR,[c#ed0700;b]|[b]Paket%201,,|Bikini%20b%C3%B6lgesi%2C%20genital%20b%C3%B6lge%20ve%20koltuk%20altlar%C4%B1,125%2C00%20EUR,[b;c#dd0000]|[b]Paket%202,,|Bikini%20b%C3%B6lgesi%2C%20genital%20b%C3%B6lge%20ve%20alt%20bacaklar,190%2C00%20EUR,[b;c#dd0000]|[b]Paket%203,,|Bikini%20b%C3%B6lgesi%2C%20genital%20b%C3%B6lge%2C%20koltuk%20altlar%C4%B1%20ve%20komple%20bacaklar,300%2C00%20EUR,[c#f71000;b][\/vc_table][\/vc_tab][vc_tab title=&#8221;\u00dccretler Erkekler&#8221; tab_id=&#8221;4316d3ed-6396-9&#8243;][vc_table vc_table_theme=&#8221;classic_green&#8221;],%C3%9Ccret,[c#dd3333;b]%C3%96zel%20Kampanya%20May%C4%B1s|Elmac%C4%B1k%20kemikleri,40%2C00%20EUR,[c#dd3333;b]|Y%C3%BCz,80%2C00%20EUR,|Boyun,50%2C00%20EUR,|Ense,50%2C00%20EUR,|Omuzlar,80%2C00%20EUR,[b;c#dd0000]|Koltuk%20altlar%C4%B1,59%2C00%20EUR,[c#dd0202;b]30%2C00%20EUR|%C3%9Cst%20kollar,80%2C00%20EUR,|Eller%20dahil%20alt%20kollar,80%2C00%20EUR,|Eller%20dahil%20komple%20kollar,150%2C00%20EUR,[c#dd0404;b]|Eller,40%2C00%20EUR,|G%C3%B6%C4%9F%C3%BCs,80%2C00%20EUR,[c#dd3333;b]|G%C3%B6bek,90%2C00%20EUR,[b;c#cc1e00]|S%C4%B1rt,140%2C00%20EUR,|S%C4%B1rt%20ve%20omuzlar,190%2C00%20EUR,|Genital%20b%C3%B6lge,80%2C00%20EUR,|Popo,80%2C00%20EUR,|Gluteal%20k%C4%B1vr%C4%B1m,40%2C00%20EUR,[c#cc1e00]|ALt%20bacak%20(ikisi%20),150%2C00%20EUR,[c#ed0a02;b]|%C3%9Cst%20bacak%20(%20ikisi%20),150%2C00%20EUR,[b;c#dd0404]|Komple%20bacaklar,250%2C00%20EUR,|Paket%201,,[c#ed0c04;b]|G%C3%B6%C4%9F%C3%BCs%20ve%20g%C3%B6bek,150%2C00%20EUR,[c#dd0202;b]|Paket%202,,[c#ef1700;b]|S%C4%B1rt%2C%20ense%2C%20omuzlar%20ve%20%C3%BCst%20kollar,270%2C00%20EUR,[b;c#ed0700]|Paket%203,,[b;c#cc1e00]|Genital%20b%C3%B6lge%2C%20popo%20ve%20koluk%20altlar%C4%B1,170%2C00%20EUR,|Paket%204,,[c#ed0700;b]|[b]Genital%20b%C3%B6lge%20%2B%20e%C5%9Fek%20kat,110%2C00%20EUR,[\/vc_table][\/vc_tab][\/vc_tabs][\/vc_column][vc_column width=&#8221;1\/4&#8243; offset=&#8221;vc_col-lg-offset-0 vc_col-lg-3 vc_col-md-offset-0 vc_col-md-3 vc_col-sm-offset-0 vc_hidden-sm vc_col-xs-12 vc_hidden-xs&#8221;][vc_widget_sidebar sidebar_id=&#8221;sidebar_8&#8243;][\/vc_column][\/vc_row][vc_row equal_height=&#8221;yes&#8221; type=&#8221;vc_default&#8221;][vc_column css=&#8221;.vc_custom_1539095004865{margin-right: 25px !important;margin-bottom: 50px !important;margin-left: 25px !important;padding-top: 35px !important;padding-right: 40px !important;padding-bottom: 40px !important;padding-left: 40px !important;background-color: #ffffff !important;}&#8221; offset=&#8221;vc_col-lg-offset-0 vc_col-md-offset-0 vc_col-sm-offset-0&#8243;][vc_column_text] Hamburg&#8217;da SHR lazer ile ucuz kal\u0131c\u0131&hellip;<\/p>\n","protected":false},"author":5,"featured_media":0,"parent":2698,"menu_order":600,"comment_status":"closed","ping_status":"closed","template":"","meta":{"footnotes":""},"class_list":["post-3172","page","type-page","status-publish","hentry","description-off"],"_links":{"self":[{"href":"https:\/\/www.ipl-hamburg.com\/tr\/wp-json\/wp\/v2\/pages\/3172","targetHints":{"allow":["GET"]}}],"collection":[{"href":"https:\/\/www.ipl-hamburg.com\/tr\/wp-json\/wp\/v2\/pages"}],"about":[{"href":"https:\/\/www.ipl-hamburg.com\/tr\/wp-json\/wp\/v2\/types\/page"}],"author":[{"embeddable":true,"href":"https:\/\/www.ipl-hamburg.com\/tr\/wp-json\/wp\/v2\/users\/5"}],"replies":[{"embeddable":true,"href":"https:\/\/www.ipl-hamburg.com\/tr\/wp-json\/wp\/v2\/comments?post=3172"}],"version-history":[{"count":28,"href":"https:\/\/www.ipl-hamburg.com\/tr\/wp-json\/wp\/v2\/pages\/3172\/revisions"}],"predecessor-version":[{"id":8100,"href":"https:\/\/www.ipl-hamburg.com\/tr\/wp-json\/wp\/v2\/pages\/3172\/revisions\/8100"}],"up":[{"embeddable":true,"href":"https:\/\/www.ipl-hamburg.com\/tr\/wp-json\/wp\/v2\/pages\/2698"}],"wp:attachment":[{"href":"https:\/\/www.ipl-hamburg.com\/tr\/wp-json\/wp\/v2\/media?parent=3172"}],"curies":[{"name":"wp","href":"https:\/\/api.w.org\/{rel}","templated":true}]}}