{"id":4075,"date":"2019-03-12T15:54:54","date_gmt":"2019-03-12T14:54:54","guid":{"rendered":"https:\/\/iplhamburg.netzlicht.com\/juliet-intimlaser-bei-vaginaler-atrophie-belastungsinkontinenz\/"},"modified":"2019-03-12T15:55:03","modified_gmt":"2019-03-12T14:55:03","slug":"juliet-intimlaser-bei-vaginaler-atrophie-belastungsinkontinenz","status":"publish","type":"page","link":"https:\/\/www.ipl-hamburg.com\/tr\/juliet-intimlaser-bei-vaginaler-atrophie-belastungsinkontinenz\/","title":{"rendered":"Juliet Intimlaser &#8211; bei Vaginaler Atrophie &#038; Belastungsinkontinenz"},"content":{"rendered":"<div class=\"wpb-content-wrapper\"><p>[vc_row el_class=&#8221;mitsidebar&#8221;][vc_column width=&#8221;3\/4&#8243; offset=&#8221;vc_col-lg-offset-0 vc_col-lg-9 vc_col-md-offset-0 vc_col-md-9 vc_col-sm-offset-0 vc_col-xs-12&#8243;]<div class=\"ult-spacer spacer-69e0a0c04cba1\" data-id=\"69e0a0c04cba1\" data-height=\"30\" data-height-mobile=\"30\" data-height-tab=\"30\" data-height-tab-portrait=\"\" data-height-mobile-landscape=\"\" style=\"clear:both;display:block;\"><\/div><div id=\"ultimate-heading-134869e0a0c04cc01\" class=\"uvc-heading ult-adjust-bottom-margin ultimate-heading-134869e0a0c04cc01 uvc-5321 \" data-hspacer=\"no_spacer\"  data-halign=\"left\" style=\"text-align:left\"><div class=\"uvc-heading-spacer no_spacer\" style=\"top\"><\/div><div class=\"uvc-main-heading ult-responsive\"  data-ultimate-target='.uvc-heading.ultimate-heading-134869e0a0c04cc01 h2'  data-responsive-json-new='{\"font-size\":\"\",\"line-height\":\"\"}' ><h2 style=\"font-weight:normal;color:#589935;\">Verbessern Sie Ihr Sexleben in nur 20 Minuten!<\/h2><\/div><div class=\"uvc-sub-heading ult-responsive\"  data-ultimate-target='.uvc-heading.ultimate-heading-134869e0a0c04cc01 .uvc-sub-heading '  data-responsive-json-new='{\"font-size\":\"desktop:20px;\",\"line-height\":\"desktop:30px;\"}'  style=\"font-weight:normal;\"><\/p>\n<h4>Mit einer neuen Kollagenbehandlung, mit dem Juliet Laser!<\/h4>\n<p><\/div><\/div><div class=\"ult-spacer spacer-69e0a0c04cc5f\" data-id=\"69e0a0c04cc5f\" data-height=\"30\" data-height-mobile=\"30\" data-height-tab=\"30\" data-height-tab-portrait=\"\" data-height-mobile-landscape=\"\" style=\"clear:both;display:block;\"><\/div>[rev_slider_vc alias=&#8221;juliet&#8221;][vc_text_separator title=&#8221;Juliet \u2013 the feminine laser&#8221; color=&#8221;custom&#8221; accent_color=&#8221;#589935&#8243;][\/vc_column][vc_column width=&#8221;1\/4&#8243; offset=&#8221;vc_col-lg-offset-0 vc_col-lg-3 vc_col-md-offset-0 vc_col-md-3 vc_col-sm-offset-0 vc_hidden-sm vc_col-xs-12 vc_hidden-xs&#8221;][vc_widget_sidebar sidebar_id=&#8221;sidebar_11&#8243;][\/vc_column][\/vc_row][vc_row equal_height=&#8221;yes&#8221; type=&#8221;vc_default&#8221;][vc_column css=&#8221;.vc_custom_1539095004865{margin-right: 25px !important;margin-bottom: 50px !important;margin-left: 25px !important;padding-top: 35px !important;padding-right: 40px !important;padding-bottom: 40px !important;padding-left: 40px !important;background-color: #ffffff !important;}&#8221; offset=&#8221;vc_col-lg-offset-0 vc_col-md-offset-0 vc_col-sm-offset-0&#8243;][vc_column_text css=&#8221;.vc_custom_1539869052601{margin-bottom: 0px !important;}&#8221;]<\/p>\n<h3>Juliet Intimlaser in Hamburg<\/h3>\n<p>Jetzt ist die Zeit, um Ver\u00e4nderungen des K\u00f6rpers im Alter zu begegnen. Ihre Weiblichkeit zu erhalten. Ihre Sexualit\u00e4t zu steigern. Neues Selbstvertrauen zu gewinnen. Ihr K\u00f6rperbild zu verbessern.<\/p>\n<p>Wir helfen Ihnen beim vaginalen Relaxationssyndrom (<strong>Ausleiern der Scheide<\/strong>), Atrophie (<strong>R\u00fcckbildung der\u00a0Schleimhaut bedingt durch die Wechseljahre<\/strong>) und <strong>Belastungsinkontinenz<\/strong>.<\/p>\n<p>Bei uns befinden Sie sich in erfahrenen und geschulten H\u00e4nden. Wir k\u00fcmmern uns darum, dass Sie sich rundum gut behandelt f\u00fchlen![\/vc_column_text][\/vc_column][\/vc_row][vc_row equal_height=&#8221;yes&#8221; type=&#8221;vc_default&#8221; css=&#8221;.vc_custom_1539098372110{padding-top: 50px !important;padding-bottom: 30px !important;}&#8221;][vc_column css=&#8221;.vc_custom_1539095004865{margin-right: 25px !important;margin-bottom: 50px !important;margin-left: 25px !important;padding-top: 35px !important;padding-right: 40px !important;padding-bottom: 40px !important;padding-left: 40px !important;background-color: #ffffff !important;}&#8221; offset=&#8221;vc_col-lg-offset-0 vc_col-md-offset-0 vc_col-sm-offset-0&#8243;][vc_column_text]<\/p>\n<h3>Vorteile der Anwendung des Intimlasers<\/h3>\n<p>Juliet stellt eine schnelle, schmerzfreie und minimalinvasive Behandlung f\u00fcr Erkrankungen im weiblichen Intimbereich dar. Unangenehme Symptome wie genitaler Juckreiz, Schleimhautreizungen, schwache Lubrikation, trockene Scheide und sogar Schmerzen beim Geschlechtsverkehr (Dyspareunie) k\u00f6nnen heutzutage dank innovativer Verfahren wie der Laserbehandlung mit Juliet von Asclepion gelindert oder beseitigt werden.[\/vc_column_text]<div class=\"standard-arrow list-divider bullet-top\"><ul>\n<li>Schnell, schmerzarm, diskret<\/li>\n<li>Keine An\u00e4sthesie notwendig<\/li>\n<li>Keine Operation, minimale Ausfallzeiten<\/li>\n<li>Geringes Infektions- und Blutungs-Risiko<\/li>\n<\/ul>\n<\/div>[\/vc_column][\/vc_row][vc_row equal_height=&#8221;yes&#8221; type=&#8221;vc_default&#8221; css=&#8221;.vc_custom_1539098372110{padding-top: 50px !important;padding-bottom: 30px !important;}&#8221;][vc_column css=&#8221;.vc_custom_1539095004865{margin-right: 25px !important;margin-bottom: 50px !important;margin-left: 25px !important;padding-top: 35px !important;padding-right: 40px !important;padding-bottom: 40px !important;padding-left: 40px !important;background-color: #ffffff !important;}&#8221; offset=&#8221;vc_col-lg-offset-0 vc_col-md-offset-0 vc_col-sm-offset-0&#8243;][vc_column_text]<\/p>\n<h3>Die L\u00f6sung f\u00fcr: Vaginale Atrophie und Trockenheit, vaginales Relaxationssyndrom sowie leichte Belastungsinkontinenz<\/h3>\n<p>[\/vc_column_text][vc_row_inner css=&#8221;.vc_custom_1539869605264{margin-bottom: 0px !important;}&#8221;][vc_column_inner width=&#8221;1\/2&#8243;][vc_single_image image=&#8221;2434&#8243; img_size=&#8221;full&#8221;][\/vc_column_inner][vc_column_inner width=&#8221;1\/2&#8243;][vc_single_image image=&#8221;2430&#8243; img_size=&#8221;full&#8221;][\/vc_column_inner][\/vc_row_inner][\/vc_column][\/vc_row][vc_row][vc_column offset=&#8221;vc_hidden-lg vc_hidden-md&#8221;][vc_widget_sidebar sidebar_id=&#8221;sidebar_11&#8243;]<div class=\"ult-spacer spacer-69e0a0c04cd0b\" data-id=\"69e0a0c04cd0b\" data-height=\"20\" data-height-mobile=\"20\" data-height-tab=\"20\" data-height-tab-portrait=\"\" data-height-mobile-landscape=\"\" style=\"clear:both;display:block;\"><\/div>[\/vc_column][\/vc_row][vc_row equal_height=&#8221;yes&#8221; bg_type=&#8221;bg_color&#8221; bg_override=&#8221;ex-full&#8221; bg_color_value=&#8221;#ffffff&#8221; el_class=&#8221;calltoaektschn&#8221;][vc_column css=&#8221;.vc_custom_1539097314964{padding-top: 0px !important;}&#8221;]<section class=\"shortcode-action-box box-style-table shortcode-action-bg block-style-widget pulse animate-element\"><div class=\"text-big\"><div class=\"gap\" style=\"line-height: 10px; height: 10px;\"><\/div>\n<h5>Sie w\u00fcnschen eine unverbindliche Beratung?<\/h5>\n<\/div><div class=\"shortcode-action-container action-button\"><a href=\"\/terminvereinbarung\/\" class=\"btn-shortcode dt-btn-m dt-btn default-btn-color default-btn-hover-color default-btn-bg-color default-btn-bg-hover-color fadeIn animate-element animation-builder\" id=\"dt-btn-1\"><span>Terminvereinbarung<\/span><\/a><\/div><\/section>[\/vc_column][\/vc_row]<\/p>\n<\/div>","protected":false},"excerpt":{"rendered":"<p>[vc_row el_class=&#8221;mitsidebar&#8221;][vc_column width=&#8221;3\/4&#8243; offset=&#8221;vc_col-lg-offset-0 vc_col-lg-9 vc_col-md-offset-0 vc_col-md-9 vc_col-sm-offset-0 vc_col-xs-12&#8243;][rev_slider_vc alias=&#8221;juliet&#8221;][vc_text_separator title=&#8221;Juliet \u2013 the feminine laser&#8221; color=&#8221;custom&#8221; accent_color=&#8221;#589935&#8243;][\/vc_column][vc_column width=&#8221;1\/4&#8243; offset=&#8221;vc_col-lg-offset-0 vc_col-lg-3 vc_col-md-offset-0 vc_col-md-3 vc_col-sm-offset-0 vc_hidden-sm vc_col-xs-12 vc_hidden-xs&#8221;][vc_widget_sidebar sidebar_id=&#8221;sidebar_11&#8243;][\/vc_column][\/vc_row][vc_row equal_height=&#8221;yes&#8221; type=&#8221;vc_default&#8221;][vc_column css=&#8221;.vc_custom_1539095004865{margin-right: 25px !important;margin-bottom: 50px !important;margin-left: 25px !important;padding-top: 35px !important;padding-right: 40px !important;padding-bottom: 40px !important;padding-left: 40px !important;background-color: #ffffff !important;}&#8221; offset=&#8221;vc_col-lg-offset-0 vc_col-md-offset-0 vc_col-sm-offset-0&#8243;][vc_column_text css=&#8221;.vc_custom_1539869052601{margin-bottom: 0px !important;}&#8221;] Juliet Intimlaser in&hellip;<\/p>\n","protected":false},"author":1,"featured_media":0,"parent":0,"menu_order":600,"comment_status":"closed","ping_status":"closed","template":"","meta":{"footnotes":""},"class_list":["post-4075","page","type-page","status-publish","hentry","description-off"],"_links":{"self":[{"href":"https:\/\/www.ipl-hamburg.com\/tr\/wp-json\/wp\/v2\/pages\/4075","targetHints":{"allow":["GET"]}}],"collection":[{"href":"https:\/\/www.ipl-hamburg.com\/tr\/wp-json\/wp\/v2\/pages"}],"about":[{"href":"https:\/\/www.ipl-hamburg.com\/tr\/wp-json\/wp\/v2\/types\/page"}],"author":[{"embeddable":true,"href":"https:\/\/www.ipl-hamburg.com\/tr\/wp-json\/wp\/v2\/users\/1"}],"replies":[{"embeddable":true,"href":"https:\/\/www.ipl-hamburg.com\/tr\/wp-json\/wp\/v2\/comments?post=4075"}],"version-history":[{"count":0,"href":"https:\/\/www.ipl-hamburg.com\/tr\/wp-json\/wp\/v2\/pages\/4075\/revisions"}],"wp:attachment":[{"href":"https:\/\/www.ipl-hamburg.com\/tr\/wp-json\/wp\/v2\/media?parent=4075"}],"curies":[{"name":"wp","href":"https:\/\/api.w.org\/{rel}","templated":true}]}}