{"id":4081,"date":"2019-03-12T15:57:05","date_gmt":"2019-03-12T14:57:05","guid":{"rendered":"https:\/\/iplhamburg.netzlicht.com\/juliet-intimlaser-bei-vaginaler-atrophie-belastungsinkontinenz\/funktionsweise-behandlung-juliet-intimlaser\/"},"modified":"2022-01-26T11:34:11","modified_gmt":"2022-01-26T10:34:11","slug":"funktionsweise-behandlung-juliet-intimlaser","status":"publish","type":"page","link":"https:\/\/www.ipl-hamburg.com\/tr\/juliet-intimlaser-bei-vaginaler-atrophie-belastungsinkontinenz\/funktionsweise-behandlung-juliet-intimlaser\/","title":{"rendered":"Funktionsweise &#038; Behandlung \u2013 Juliet Intimlaser"},"content":{"rendered":"<div class=\"wpb-content-wrapper\"><p>[vc_row el_class=&#8221;mitsidebar&#8221;][vc_column width=&#8221;3\/4&#8243; offset=&#8221;vc_col-lg-offset-0 vc_col-lg-9 vc_col-md-offset-0 vc_col-md-9 vc_col-sm-offset-0 vc_col-xs-12&#8243;]<div class=\"ult-spacer spacer-69e12db1787e2\" data-id=\"69e12db1787e2\" data-height=\"30\" data-height-mobile=\"30\" data-height-tab=\"30\" data-height-tab-portrait=\"\" data-height-mobile-landscape=\"\" style=\"clear:both;display:block;\"><\/div><div id=\"ultimate-heading-866969e12db178844\" class=\"uvc-heading ult-adjust-bottom-margin ultimate-heading-866969e12db178844 uvc-9646 \" data-hspacer=\"no_spacer\"  data-halign=\"left\" style=\"text-align:left\"><div class=\"uvc-heading-spacer no_spacer\" style=\"top\"><\/div><div class=\"uvc-main-heading ult-responsive\"  data-ultimate-target='.uvc-heading.ultimate-heading-866969e12db178844 h2'  data-responsive-json-new='{\"font-size\":\"\",\"line-height\":\"\"}' ><h2 style=\"font-weight:normal;color:#589935;\">Wie der Juliet Intimlaser funktioniert<\/h2><\/div><div class=\"uvc-sub-heading ult-responsive\"  data-ultimate-target='.uvc-heading.ultimate-heading-866969e12db178844 .uvc-sub-heading '  data-responsive-json-new='{\"font-size\":\"desktop:20px;\",\"line-height\":\"desktop:30px;\"}'  style=\"font-weight:normal;\"><\/p>\n<h4>Ein neues Behandlungskonzept<\/h4>\n<p><\/div><\/div><div class=\"ult-spacer spacer-69e12db1788a8\" data-id=\"69e12db1788a8\" data-height=\"10\" data-height-mobile=\"10\" data-height-tab=\"10\" data-height-tab-portrait=\"\" data-height-mobile-landscape=\"\" style=\"clear:both;display:block;\"><\/div>[vc_row_inner][vc_column_inner][vc_video link=&#8221;https:\/\/youtu.be\/ISteXsMXFlM&#8221;][vc_column_text css=&#8221;.vc_custom_1539944091597{margin-bottom: 0px !important;}&#8221;]Die Laserbehandlung mit Juliet erfolgt mit einem Erbium:YAG-Laser, der dank seiner besonderen technischen Eigenschaften die beste Option zur Behandlung solcher Beschwerden darstellt, und das bei einem sehr geringen Risiko von Nebenwirkungen und nur kurzer Ausfallzeit f\u00fcr die Patientin. Der Hauptwirkungsmechanismus der Erbium:YAG-Technologie bei der intravaginalen Behandlung ist, dass eine selektive Stimulation des submuk\u00f6sen Kollagens erreicht wird. Diese Schicht der Scheidenwand, die eigentlich elastisch und reich an Kollagen ist, kann selektiv stimuliert werden. Das hei\u00dft, dass dabei das umliegende Gewebe nicht gesch\u00e4digt wird.<\/p>\n<p>Das eigens daf\u00fcr entwickelte Handst\u00fcck besteht aus einem Edelstahlrohr mit einem Quarzfenster und einem Goldspiegel, was ein einfaches Einf\u00fchren erm\u00f6glicht und die gr\u00f6\u00dftm\u00f6gliche Hygiene gew\u00e4hrleistet (das Handst\u00fcck wird vor der Verwendung durch Autoklavierung vollst\u00e4ndig sterilisiert).<\/p>\n<p>&nbsp;<\/p>\n<p><strong>Der Eingriff dauert weniger als 15 Minuten und kann ohne Bet\u00e4ubung durchgef\u00fchrt werden. Direkt nach der ersten Behandlung kann eine Linderung der Symptome beobachtet werden.<\/strong>[\/vc_column_text][\/vc_column_inner][\/vc_row_inner]<div class=\"ult-spacer spacer-69e12db1788c9\" data-id=\"69e12db1788c9\" data-height=\"40\" data-height-mobile=\"40\" data-height-tab=\"40\" data-height-tab-portrait=\"\" data-height-mobile-landscape=\"\" style=\"clear:both;display:block;\"><\/div>[\/vc_column][vc_column width=&#8221;1\/4&#8243; offset=&#8221;vc_col-lg-offset-0 vc_col-lg-3 vc_col-md-offset-0 vc_col-md-3 vc_col-sm-offset-0 vc_hidden-sm vc_col-xs-12 vc_hidden-xs&#8221;][vc_widget_sidebar sidebar_id=&#8221;sidebar_11&#8243;][\/vc_column][\/vc_row][vc_row equal_height=&#8221;yes&#8221; type=&#8221;vc_default&#8221;][vc_column css=&#8221;.vc_custom_1539095004865{margin-right: 25px !important;margin-bottom: 50px !important;margin-left: 25px !important;padding-top: 35px !important;padding-right: 40px !important;padding-bottom: 40px !important;padding-left: 40px !important;background-color: #ffffff !important;}&#8221; offset=&#8221;vc_col-lg-offset-0 vc_col-md-offset-0 vc_col-sm-offset-0&#8243;]<div id=\"ultimate-heading-539469e12db1788f2\" class=\"uvc-heading ult-adjust-bottom-margin ultimate-heading-539469e12db1788f2 uvc-9102 \" data-hspacer=\"no_spacer\"  data-halign=\"left\" style=\"text-align:left\"><div class=\"uvc-heading-spacer no_spacer\" style=\"top\"><\/div><div class=\"uvc-main-heading ult-responsive\"  data-ultimate-target='.uvc-heading.ultimate-heading-539469e12db1788f2 h2'  data-responsive-json-new='{\"font-size\":\"\",\"line-height\":\"\"}' ><h2 style=\"font-weight:normal;color:#589935;\">Behandlungsm\u00f6glichkeiten<\/h2><\/div><\/div><div class=\"ult-spacer spacer-69e12db178929\" data-id=\"69e12db178929\" data-height=\"30\" data-height-mobile=\"30\" data-height-tab=\"30\" data-height-tab-portrait=\"\" data-height-mobile-landscape=\"\" style=\"clear:both;display:block;\"><\/div>[vc_accordion active_tab=&#8221;1&#8243; title_size=&#8221;h3&#8243; style=&#8221;2&#8243;][vc_accordion_tab title=&#8221;Vaginale Relaxationssyndrom (VRS)&#8221; el_id=&#8221;aevfdasgsdg654z7zhrthrthrtaecvfa&#8221;][vc_column_text]Das vaginale Relaxationssyndrom (VRS) ist die Beeintr\u00e4chtigung des optimalen strukturellen Aufbaus der Vagina. Dies wird im Allgemeinen mit dem Alterungsprozess in Verbindung gebracht und insbesondere durch Entbindungen hervorgerufen. Bei der Entwicklung einer vaginalen Relaxation lockert sich die Scheidenhaut, was sich in verminderter Spannkraft, St\u00e4rke, Kontrolle und Halt zeigt. Das f\u00fchrt h\u00e4ufig zum Gef\u00fchl einer verringerten Spannkraft und zur Beeintr\u00e4chtigung der sexuellen Befriedigung. Die meisten Frauen (und deren Partner) bezeichnen VRS umgangssprachlich als \u00bbAusleiern der Scheide\u00ab und klagen dabei \u00fcber den Verlust von Elastizit\u00e4t. Dies h\u00e4ngt direkt mit der verminderten Spannkraft w\u00e4hrend des Geschlechtsverkehrs zusammen und somit auch mit einer Beeintr\u00e4chtigung oder einem Verlust des sexuellen Lustempfindens.[\/vc_column_text][vc_row_inner][vc_column_inner width=&#8221;1\/2&#8243;][vc_single_image image=&#8221;2481&#8243; img_size=&#8221;full&#8221; onclick=&#8221;link_image&#8221; title=&#8221;Normale Vagina&#8221;][\/vc_column_inner][vc_column_inner width=&#8221;1\/2&#8243;][vc_single_image image=&#8221;2485&#8243; img_size=&#8221;full&#8221; onclick=&#8221;link_image&#8221; title=&#8221;Vergr\u00f6\u00dferte Vagina&#8221;][\/vc_column_inner][\/vc_row_inner][vc_column_text]Juliet ist eine minimal-invasive Behandlung, deren Ziel ist es, den urspr\u00fcnglichen Stoffwechsel des Bindegewebes wiederherzustellen und den Zustands der Schleimhaut zu verbessern. Dies f\u00fchrt zu einer Wiederherstellung des Metabolismus im Bindegewebe und zu einer Verbesserung des Zustandes der Schleimhaut. Die innere Schleimhaut wird wieder elastisch und feucht. Diese Wirkung setzt sich auch nach der Behandlung positiv fort. Viele Frauen berichten, dass weitere Verbesserungen w\u00e4hrend des ganzen ersten Monats nach der Behandlung zu sp\u00fcren sind.[\/vc_column_text][\/vc_accordion_tab][vc_accordion_tab title=&#8221;Vaginale Atrophie &amp; Trockenheit&#8221; el_id=&#8221;aegfaesgesg34634634tzrsgsrgrewg23423&#8243;][vc_column_text]Frauen in den Wechseljahren (in der Regel zwischen 45 und 55 Jahre) erleben oft eine Reihe von Symptomen, einschlie\u00dflich vaginaler Trockenheit, Juckreiz, Schmerzen beim Geschlechtsverkehr, verminderte Libido und geringerer Elastizit\u00e4t sowie Spannkraft der Vagina. Dieser Zustand wird auch als Vaginalatrophie beschrieben, bei der es zu einer Verringerung der Produktion von \u00d6strogenen durch die Eierst\u00f6cke kommt. Es geht um die allm\u00e4hliche Ausd\u00fcnnung des genitalen Epithelgewebes, der vaginalen Schleimhaut, die ihrer Dicke reduziert und die Funktionsf\u00e4higkeit mindert.<\/p>\n<p>Die meisten k\u00f6rperlichen und geistigen Ver\u00e4nderungen, die in den Wechseljahren auftreten, k\u00f6nnen sich auf die Qualit\u00e4t des Sexuallebens in einer Beziehung auswirken.<\/p>\n<p>Bis vor nicht allzu langer Zeit wurden diese Beschwerden als eine Folge der unvermeidlichen Alterung der Frau angesehen und Behandlungen wurden nur in den seltensten F\u00e4llen, in denen schwere Erkrankungen erkannt wurden (z.B. Prolaps), durchgef\u00fchrt.<\/p>\n<p>Heute wird immer mehr Frauen die M\u00f6glichkeit bewusst, dass sie diesen intimen Bereich behandeln und ihre Lebensqualit\u00e4t verbessern k\u00f6nnen. M\u00f6glich macht die das minimal-invasive Verfahren mit Juliet von Asclepion.<\/p>\n<p>Juliet ist eine minimal-invasive Behandlung, deren Ziel ist es, den urspr\u00fcnglichen Stoffwechsel des Bindegewebes wiederherzustellen und den Zustands der Schleimhaut durch die Stimulation der Neubildung von Kollagen zu verbessern. Dies f\u00fchrt zu einer Wiederherstellung des Metabolismus im Bindegewebe und zu einer Verbesserung des Zustandes der Schleimhaut. Dies f\u00fchrt zu einer Abschw\u00e4chung der Symptome, die sofort nach der ersten Behandlung beobachtet werden k\u00f6nnen. Die innere Schleimhaut wird wieder elastisch und feucht. Juckreiz, Reizungen und Schmerzen beim Geschlechtsverkehr verschwinden. Diese Wirkung setzt sich auch nach der Behandlung positiv fort. Viele Frauen berichten, dass weitere Verbesserungen w\u00e4hrend des ganzen ersten Monats nach der Behandlung zu sp\u00fcren sind.[\/vc_column_text][\/vc_accordion_tab][vc_accordion_tab title=&#8221;Belastungsinkontinenz&#8221; el_id=&#8221;qefefrert2324234&#8243;][vc_column_text]Belastungsinkontinenz ist eine Form von Harninkontinenz, die durch den Verlust des st\u00fctzenden Halts der Harnr\u00f6hre verursacht wird, was f\u00fcr gew\u00f6hnlich das Resultat einer Besch\u00e4digung der St\u00fctzstrukturen im Beckenbereich nach einer Entbindung ist. Charakteristisch daf\u00fcr ist das Aussickern geringer Mengen von Urin bei k\u00f6rperlichen Aktivit\u00e4ten, die den Druck im Bauchraum verst\u00e4rken, wie Husten, Niesen und Heben. Dar\u00fcber hinaus k\u00f6nnen h\u00e4ufige, k\u00f6rperlich anstrengende \u00dcbungen und Aktivit\u00e4ten zur Entwicklung einer Sportinkontinenz f\u00fchren.<\/p>\n<p>Bei Frauen mit einer Belastungsinkontinenz ist der Stoffwechsel des Bindegewebes ver\u00e4ndert, was eine verminderte Kollagenproduktion verursacht, die wiederum zu ungen\u00fcgendem Halt im Bereich des Urogenitaltrakts f\u00fchren kann.[\/vc_column_text][vc_row_inner][vc_column_inner width=&#8221;1\/2&#8243;][vc_single_image image=&#8221;2494&#8243; img_size=&#8221;full&#8221; onclick=&#8221;link_image&#8221; title=&#8221;Normale Beckenbodenmuskulatur&#8221;][\/vc_column_inner][vc_column_inner width=&#8221;1\/2&#8243;][vc_single_image image=&#8221;2498&#8243; img_size=&#8221;full&#8221; onclick=&#8221;link_image&#8221; title=&#8221;Schwache Beckenbodenmuskulatur&#8221;][\/vc_column_inner][\/vc_row_inner][vc_column_text]Die Juliet-Laserbehandlung f\u00fchrt zu einer Wiederherstellung des Metabolismus im Bindegewebe und zu einer Verbesserung des Zustandes der Schleimhaut. Dies f\u00fchrt zu einer Abschw\u00e4chung der Symptome, die sofort nach der ersten Behandlung beobachtet werden k\u00f6nnen. Die innere Schleimhaut wird wieder elastisch und feucht. Juckreiz, Reizungen und Schmerzen beim Geschlechtsverkehr verschwinden und die Symptome der leichten Belastungsinkontinenz werden infolge der anregenden Wirkung des Lasers auf die Schleimhaut wesentlich reduziert. Diese Wirkung setzt sich auch nach der Behandlung positiv fort. Viele Frauen berichten, dass weitere Verbesserungen w\u00e4hrend des ganzen ersten Monats nach der Behandlung zu sp\u00fcren sind.[\/vc_column_text][\/vc_accordion_tab][\/vc_accordion][\/vc_column][\/vc_row][vc_row][vc_column offset=&#8221;vc_hidden-lg vc_hidden-md&#8221;][vc_widget_sidebar sidebar_id=&#8221;sidebar_11&#8243;]<div class=\"ult-spacer spacer-69e12db17894a\" data-id=\"69e12db17894a\" data-height=\"20\" data-height-mobile=\"20\" data-height-tab=\"20\" data-height-tab-portrait=\"\" data-height-mobile-landscape=\"\" style=\"clear:both;display:block;\"><\/div>[\/vc_column][\/vc_row][vc_row equal_height=&#8221;yes&#8221; bg_type=&#8221;bg_color&#8221; bg_override=&#8221;ex-full&#8221; bg_color_value=&#8221;#ffffff&#8221; el_class=&#8221;calltoaektschn&#8221;][vc_column css=&#8221;.vc_custom_1539097314964{padding-top: 0px !important;}&#8221;]<section class=\"shortcode-action-box box-style-table shortcode-action-bg block-style-widget pulse animate-element\"><div class=\"text-big\"><div class=\"gap\" style=\"line-height: 10px; height: 10px;\"><\/div>\n<h5>Sie w\u00fcnschen eine unverbindliche Beratung?<\/h5>\n<\/div><div class=\"shortcode-action-container action-button\"><a href=\"\/terminvereinbarung\/\" class=\"btn-shortcode dt-btn-m dt-btn default-btn-color default-btn-hover-color default-btn-bg-color default-btn-bg-hover-color fadeIn animate-element animation-builder\" id=\"dt-btn-1\"><span>Terminvereinbarung<\/span><\/a><\/div><\/section>[\/vc_column][\/vc_row]<\/p>\n<\/div>","protected":false},"excerpt":{"rendered":"<p>[vc_row el_class=&#8221;mitsidebar&#8221;][vc_column width=&#8221;3\/4&#8243; offset=&#8221;vc_col-lg-offset-0 vc_col-lg-9 vc_col-md-offset-0 vc_col-md-9 vc_col-sm-offset-0 vc_col-xs-12&#8243;][vc_row_inner][vc_column_inner][vc_video link=&#8221;https:\/\/youtu.be\/ISteXsMXFlM&#8221;][vc_column_text css=&#8221;.vc_custom_1539944091597{margin-bottom: 0px !important;}&#8221;]Die Laserbehandlung mit Juliet erfolgt mit einem Erbium:YAG-Laser, der dank seiner besonderen technischen Eigenschaften die beste Option zur Behandlung solcher Beschwerden darstellt, und das bei einem sehr geringen Risiko von Nebenwirkungen und nur kurzer Ausfallzeit f\u00fcr die Patientin. Der Hauptwirkungsmechanismus der Erbium:YAG-Technologie bei&hellip;<\/p>\n","protected":false},"author":1,"featured_media":0,"parent":4075,"menu_order":600,"comment_status":"closed","ping_status":"closed","template":"","meta":{"footnotes":""},"class_list":["post-4081","page","type-page","status-publish","hentry","description-off"],"_links":{"self":[{"href":"https:\/\/www.ipl-hamburg.com\/tr\/wp-json\/wp\/v2\/pages\/4081","targetHints":{"allow":["GET"]}}],"collection":[{"href":"https:\/\/www.ipl-hamburg.com\/tr\/wp-json\/wp\/v2\/pages"}],"about":[{"href":"https:\/\/www.ipl-hamburg.com\/tr\/wp-json\/wp\/v2\/types\/page"}],"author":[{"embeddable":true,"href":"https:\/\/www.ipl-hamburg.com\/tr\/wp-json\/wp\/v2\/users\/1"}],"replies":[{"embeddable":true,"href":"https:\/\/www.ipl-hamburg.com\/tr\/wp-json\/wp\/v2\/comments?post=4081"}],"version-history":[{"count":0,"href":"https:\/\/www.ipl-hamburg.com\/tr\/wp-json\/wp\/v2\/pages\/4081\/revisions"}],"up":[{"embeddable":true,"href":"https:\/\/www.ipl-hamburg.com\/tr\/wp-json\/wp\/v2\/pages\/4075"}],"wp:attachment":[{"href":"https:\/\/www.ipl-hamburg.com\/tr\/wp-json\/wp\/v2\/media?parent=4081"}],"curies":[{"name":"wp","href":"https:\/\/api.w.org\/{rel}","templated":true}]}}