{"id":4090,"date":"2019-03-12T15:59:49","date_gmt":"2019-03-12T14:59:49","guid":{"rendered":"https:\/\/iplhamburg.netzlicht.com\/juliet-intimlaser-bei-vaginaler-atrophie-belastungsinkontinenz\/fragen-antworten-juliet-intimlaser\/"},"modified":"2019-03-12T15:59:58","modified_gmt":"2019-03-12T14:59:58","slug":"fragen-antworten-juliet-intimlaser","status":"publish","type":"page","link":"https:\/\/www.ipl-hamburg.com\/tr\/juliet-intimlaser-bei-vaginaler-atrophie-belastungsinkontinenz\/fragen-antworten-juliet-intimlaser\/","title":{"rendered":"Fragen &#038; Antworten: Juliet Intimlaser"},"content":{"rendered":"<div class=\"wpb-content-wrapper\"><p>[vc_row el_class=&#8221;mitsidebar&#8221;][vc_column width=&#8221;3\/4&#8243; offset=&#8221;vc_col-lg-offset-0 vc_col-lg-9 vc_col-md-offset-0 vc_col-md-9 vc_col-sm-offset-0 vc_col-xs-12&#8243;]<div class=\"ult-spacer spacer-69f45fa26281d\" data-id=\"69f45fa26281d\" data-height=\"30\" data-height-mobile=\"30\" data-height-tab=\"30\" data-height-tab-portrait=\"\" data-height-mobile-landscape=\"\" style=\"clear:both;display:block;\"><\/div><div id=\"ultimate-heading-681069f45fa262889\" class=\"uvc-heading ult-adjust-bottom-margin ultimate-heading-681069f45fa262889 uvc-4646 \" data-hspacer=\"no_spacer\"  data-halign=\"left\" style=\"text-align:left\"><div class=\"uvc-heading-spacer no_spacer\" style=\"top\"><\/div><div class=\"uvc-main-heading ult-responsive\"  data-ultimate-target='.uvc-heading.ultimate-heading-681069f45fa262889 h2'  data-responsive-json-new='{\"font-size\":\"\",\"line-height\":\"\"}' ><h2 style=\"font-weight:normal;color:#589935;\">zur Behandlung mit dem Juliet Intimlaser<\/h2><\/div><div class=\"uvc-sub-heading ult-responsive\"  data-ultimate-target='.uvc-heading.ultimate-heading-681069f45fa262889 .uvc-sub-heading '  data-responsive-json-new='{\"font-size\":\"desktop:20px;\",\"line-height\":\"desktop:30px;\"}'  style=\"font-weight:normal;\"><\/p>\n<h4>Sorular ve cevaplar:<\/h4>\n<p><\/div><\/div><div class=\"ult-spacer spacer-69f45fa2628f1\" data-id=\"69f45fa2628f1\" data-height=\"30\" data-height-mobile=\"30\" data-height-tab=\"30\" data-height-tab-portrait=\"\" data-height-mobile-landscape=\"\" style=\"clear:both;display:block;\"><\/div>[vc_accordion active_tab=&#8221;1&#8243; title_size=&#8221;h3&#8243; style=&#8221;2&#8243;][vc_accordion_tab title=&#8221;Was ist die Juliet-Behandlung?&#8221; el_id=&#8221;1faqiplqfcacf&#8221;][vc_column_text]Juliet ist eine minimal-invasive Behandlung f\u00fcr die vaginale Verj\u00fcngung, deren Ziel ist es, den urspr\u00fcnglichen Stoffwechsel des Bindegewebes wiederherzustellen und den Zustand der Schleimhaut zu verbessern. Durch die Stimulation der Neubildung von Kollagen wird der nat\u00fcrlichen pH-Wert und die Struktur der Schleimhaut wieder hergestellt, was die Flexibilit\u00e4t und Spannkraft erh\u00f6ht.[\/vc_column_text][\/vc_accordion_tab][vc_accordion_tab title=&#8221;Was bedeutet vaginale Verj\u00fcngung?&#8221; el_id=&#8221;Hauttyp221eqwdfqa&#8221;][vc_column_text]Die vaginale Verj\u00fcngung ist nicht nur eine \u00e4sthetische Behandlung. Eine Juliet-Laserbehandlung f\u00fchrt nicht nur zu einer St\u00e4rkung der inneren W\u00e4nde der Vagina (oft auch \u201eVerj\u00fcngung\u201c genannt), sondern auch zu einer funktionelle Ver\u00e4nderungen, wie beispielsweise auch die Wiederherstellung der Funktionalit\u00e4t bei der Behandlung von Belastungsinkontinenz sowie des Gewebemetabolismus bei vaginaler Atrophie.[\/vc_column_text][\/vc_accordion_tab][vc_accordion_tab title=&#8221;Wie funktioniert der Juliet-Behandlung?&#8221; el_id=&#8221;Hauttyp3wqdqacavc&#8221;][vc_column_text]Die Wand der Vagina besteht aus vier verschiedenen Schichten:[\/vc_column_text]<div class=\"standard-arrow list-divider bullet-top\"><ul>\n<li>Mukosa (Schleimhaut) \u2013 Innenwand aus Epithelgewebe, welche aus Plattenepithelzellen besteht<\/li>\n<li>Submukosa \u2013 Bindegewebe, die die Schleimhaut versorgt und mit dem Muskelgewebe verbindet<\/li>\n<li>Muscularis \u2013 Muskelgewebe<\/li>\n<li>Adventitia \u2013 Bindegewebe verflochten aus elastischen Fasern, welche die Vagina mit den umliegenden Organen verbindet<\/li>\n<\/ul>\n<\/div>[vc_column_text]Die Scheidenw\u00e4nde sind in der Regel in Wellen geformt, so dass sie einander ber\u00fchren. Die W\u00e4nde haben viele Falten, welche die Scheide beim Geschlechtsverkehr und der Geburt vergr\u00f6\u00dfern k\u00f6nnen. Dr\u00fcsen in der N\u00e4he der Scheide k\u00f6nnen Sekrete absondern, um die Schleimhaut feucht zu halten. Das Ziel der Laser-Behandlung ist es, die Submukosa elastisch zu halten und reich an Kollagen, das selektiv stimuliert werden kann, ohne das umliegende Gewebe zu verletzen. Dank der besonderen physikalischen Eigenschaften der Wellenl\u00e4nge, ist der Erbium:YAG-Laser in der Lage dieses Ziel in einer sehr schnellen und effektiven Weise zu erreichen und vermeidet jegliche unerw\u00fcnschte Wirkung auf das umgebende Gewebe.[\/vc_column_text][\/vc_accordion_tab][vc_accordion_tab title=&#8221;Wie ist der Behandlungsablauf?&#8221; el_id=&#8221;Hauttyp4afasfacvav&#8221;][vc_column_text]Das Verfahren wird durch einen Gyn\u00e4kologen oder von einem Chirurgen in einer Arztpraxis durchgef\u00fchrt werden. Normalerweise ist keine An\u00e4sthesie erforderlich (da weder Einschnitte erfolgen, noch eine Naht erforderlich ist). Jedoch kann ein Lokalan\u00e4sthetikum bei Bedarf angewendet werden. Durch das spezielle V-Spot-Handst\u00fcck ist der Arzt in der Lage, die Behandlung in wenigen Minuten durchzuf\u00fchren. Der gesamte Vorgang dauert weniger als 15 Minuten und ist schnell, schmerzlos und diskret.[\/vc_column_text][\/vc_accordion_tab][vc_accordion_tab title=&#8221;Was kann ich von der Behandlung erwarten?&#8221; el_id=&#8221;Hauttyp5wdasfaca&#8221;][vc_column_text]Die Juliet-Laserbehandlung f\u00fchrt zu einer Wiederherstellung des Metabolismus im Bindegewebe und zu einer Verbesserung des Zustandes der Schleimhaut. Dies f\u00fchrt zu einer Abschw\u00e4chung der Symptome, die sofort nach der ersten Behandlung beobachtet werden k\u00f6nnen. Die innere Schleimhaut wird wieder elastisch und feucht. Juckreiz, Reizungen und Schmerzen beim Geschlechtsverkehr verschwinden und die Symptome der Belastungsinkontinenz werden infolge der anregenden Wirkung des Lasers auf die Schleimhaut wesentlich reduziert. Diese Wirkung setzt sich auch nach der Behandlung positiv fort. Viele Frauen berichten, dass weitere Verbesserungen w\u00e4hrend des ganzen ersten Monats nach der Behandlung zu sp\u00fcren sind.[\/vc_column_text][\/vc_accordion_tab][vc_accordion_tab title=&#8221;Ist die Behandlung schmerzhaft?&#8221; el_id=&#8221;32543tgdfh34efacva&#8221;][vc_column_text]Nein, die Behandlung ist normalerweise nicht schmerzhaft. \u00dcblicherweise wird die Behandlung sehr gut ohne An\u00e4sthesie vertragen. Falls erforderlich, kann ein Lokalan\u00e4sthetikum angewendet werden.[\/vc_column_text][\/vc_accordion_tab][vc_accordion_tab title=&#8221;Wie viele Sitzungen sind notwendig?&#8221; el_id=&#8221;wfafqwf325324tgegaecvavc&#8221;][vc_column_text]In den meisten F\u00e4llen k\u00f6nnen zufriedenstellende Ergebnisse nach der ersten Sitzung beobachtet werden, ohne die Notwendigkeit f\u00fcr weitere Behandlungen. Je nach Schweregrad der Symptome kann eine zweite Behandlung nach einigen Monaten durchgef\u00fchrt werden.[\/vc_column_text][\/vc_accordion_tab][vc_accordion_tab title=&#8221;Welche Frauen k\u00f6nnen sich einer Juliet-Laserbehandlung unterziehen?&#8221; el_id=&#8221;qwfqw3253464zh45z2414234&#8243;][vc_column_text]In der Regel k\u00f6nnen sich alle Frauen, bei denen diese Symptome auftreten und auf der Suche nach einer schnellen, minimal-invasiven und diskreten Therapie sind, einer Juliet-Behandlung unterziehen. Vor der Durchf\u00fchrung der Behandlung wird Ihr Arzt die Anwesenheit von lokalen oder systemischen Erkrankungen ausschlie\u00dfen.[\/vc_column_text][\/vc_accordion_tab][vc_accordion_tab title=&#8221;Gibt es unerw\u00fcnschte Nebenwirkungen?&#8221; el_id=&#8221;aevesdbve54z36z457zjf&#8221;][vc_column_text]Keine medizinische Behandlung ist v\u00f6llig frei von Risiken. Normalerweise hat diese Laserbehandlung nur ein geringes Komplikationsrisiko. So kann eine Erh\u00f6hung der K\u00f6rpertemperatur bis zu einer fiebrigen Reaktion w\u00e4hrend des ersten Tages nach der Behandlung auftreten und \/ oder es zu Ausfluss von vaginalen Sekreten kommen. Diese Wirkungen sind vor\u00fcbergehend und verschwinden in der Regel ein oder zwei Tage sp\u00e4ter.[\/vc_column_text][\/vc_accordion_tab][vc_accordion_tab title=&#8221;Wie lange sind die Genesungszeiten?&#8221; el_id=&#8221;advasvg53z47556ujtzj&#8221;][vc_column_text]Die Heilungszeiten sind sehr kurz, in der Regel nicht l\u00e4nger als 3 Tage. W\u00e4hrend dieser Zeit kann es zu einer Sekretbildung kommen (pink gef\u00e4rbt am ersten Tag, dann wei\u00df gef\u00e4rbt). Dies ist eine normale Reaktion und verschwindet nach wenigen Tagen.[\/vc_column_text][\/vc_accordion_tab][vc_accordion_tab title=&#8221;Was muss bei der Nachsorge beachtet werden?&#8221; el_id=&#8221;aevfasdevgfe5365467547zrtghrtf&#8221;][vc_column_text]Es wird empfohlen w\u00e4hrend der ersten 3 Tage nach der Behandlung auf Geschlechtsverkehr zu verzichten, keiner schweren k\u00f6rperlichen Bet\u00e4tigungen sowie sportlichen Aktivit\u00e4ten nachzugehen und den Besuch des Schwimmbads oder der Sauna zu unterlassen. F\u00fcr den Fall, dass ein leichtes Fieber auftritt, wird ein entz\u00fcndungshemmendes Mittel empfohlen (diese Symptome werden in jedem Fall nach wenigen Tagen verschwinden).[\/vc_column_text][\/vc_accordion_tab][\/vc_accordion]<div class=\"ult-spacer spacer-69f45fa2629aa\" data-id=\"69f45fa2629aa\" data-height=\"50\" data-height-mobile=\"50\" data-height-tab=\"50\" data-height-tab-portrait=\"\" data-height-mobile-landscape=\"\" style=\"clear:both;display:block;\"><\/div>[\/vc_column][vc_column width=&#8221;1\/4&#8243; offset=&#8221;vc_col-lg-offset-0 vc_col-lg-3 vc_col-md-offset-0 vc_col-md-3 vc_col-sm-offset-0 vc_hidden-sm vc_col-xs-12 vc_hidden-xs&#8221;][vc_widget_sidebar sidebar_id=&#8221;sidebar_11&#8243;][\/vc_column][\/vc_row][vc_row][vc_column offset=&#8221;vc_hidden-lg vc_hidden-md&#8221;][vc_widget_sidebar sidebar_id=&#8221;sidebar_11&#8243;]<div class=\"ult-spacer spacer-69f45fa2629cb\" data-id=\"69f45fa2629cb\" data-height=\"20\" data-height-mobile=\"20\" data-height-tab=\"20\" data-height-tab-portrait=\"\" data-height-mobile-landscape=\"\" style=\"clear:both;display:block;\"><\/div>[\/vc_column][\/vc_row][vc_row equal_height=&#8221;yes&#8221; bg_type=&#8221;bg_color&#8221; bg_override=&#8221;ex-full&#8221; bg_color_value=&#8221;#ffffff&#8221; el_class=&#8221;calltoaektschn&#8221;][vc_column css=&#8221;.vc_custom_1539097314964{padding-top: 0px !important;}&#8221;]<section class=\"shortcode-action-box box-style-table shortcode-action-bg block-style-widget pulse animate-element\"><div class=\"text-big\"><div class=\"gap\" style=\"line-height: 10px; height: 10px;\"><\/div>\n<h5>Sie w\u00fcnschen eine unverbindliche Beratung?<\/h5>\n<\/div><div class=\"shortcode-action-container action-button\"><a href=\"\/terminvereinbarung\/\" class=\"btn-shortcode dt-btn-m dt-btn default-btn-color default-btn-hover-color default-btn-bg-color default-btn-bg-hover-color fadeIn animate-element animation-builder\" id=\"dt-btn-1\"><span>Terminvereinbarung<\/span><\/a><\/div><\/section>[\/vc_column][\/vc_row]<\/p>\n<\/div>","protected":false},"excerpt":{"rendered":"<p>[vc_row el_class=&#8221;mitsidebar&#8221;][vc_column width=&#8221;3\/4&#8243; offset=&#8221;vc_col-lg-offset-0 vc_col-lg-9 vc_col-md-offset-0 vc_col-md-9 vc_col-sm-offset-0 vc_col-xs-12&#8243;][vc_accordion active_tab=&#8221;1&#8243; title_size=&#8221;h3&#8243; style=&#8221;2&#8243;][vc_accordion_tab title=&#8221;Was ist die Juliet-Behandlung?&#8221; el_id=&#8221;1faqiplqfcacf&#8221;][vc_column_text]Juliet ist eine minimal-invasive Behandlung f\u00fcr die vaginale Verj\u00fcngung, deren Ziel ist es, den urspr\u00fcnglichen Stoffwechsel des Bindegewebes wiederherzustellen und den Zustand der Schleimhaut zu verbessern. Durch die Stimulation der Neubildung von Kollagen wird der nat\u00fcrlichen pH-Wert und die&hellip;<\/p>\n","protected":false},"author":1,"featured_media":0,"parent":4075,"menu_order":600,"comment_status":"closed","ping_status":"closed","template":"","meta":{"footnotes":""},"class_list":["post-4090","page","type-page","status-publish","hentry","description-off"],"_links":{"self":[{"href":"https:\/\/www.ipl-hamburg.com\/tr\/wp-json\/wp\/v2\/pages\/4090","targetHints":{"allow":["GET"]}}],"collection":[{"href":"https:\/\/www.ipl-hamburg.com\/tr\/wp-json\/wp\/v2\/pages"}],"about":[{"href":"https:\/\/www.ipl-hamburg.com\/tr\/wp-json\/wp\/v2\/types\/page"}],"author":[{"embeddable":true,"href":"https:\/\/www.ipl-hamburg.com\/tr\/wp-json\/wp\/v2\/users\/1"}],"replies":[{"embeddable":true,"href":"https:\/\/www.ipl-hamburg.com\/tr\/wp-json\/wp\/v2\/comments?post=4090"}],"version-history":[{"count":0,"href":"https:\/\/www.ipl-hamburg.com\/tr\/wp-json\/wp\/v2\/pages\/4090\/revisions"}],"up":[{"embeddable":true,"href":"https:\/\/www.ipl-hamburg.com\/tr\/wp-json\/wp\/v2\/pages\/4075"}],"wp:attachment":[{"href":"https:\/\/www.ipl-hamburg.com\/tr\/wp-json\/wp\/v2\/media?parent=4090"}],"curies":[{"name":"wp","href":"https:\/\/api.w.org\/{rel}","templated":true}]}}