{"id":4115,"date":"2019-03-12T16:22:47","date_gmt":"2019-03-12T15:22:47","guid":{"rendered":"https:\/\/iplhamburg.netzlicht.com\/skinny-lift-schoenheit-sanft-in-form-gebracht\/"},"modified":"2019-03-12T16:22:55","modified_gmt":"2019-03-12T15:22:55","slug":"skinny-lift-schoenheit-sanft-in-form-gebracht","status":"publish","type":"page","link":"https:\/\/www.ipl-hamburg.com\/tr\/skinny-lift-schoenheit-sanft-in-form-gebracht\/","title":{"rendered":"skinny lift \u2013 Sch\u00f6nheit sanft in Form gebracht"},"content":{"rendered":"<div class=\"wpb-content-wrapper\"><p>[vc_row el_class=&#8221;mitsidebar&#8221;][vc_column width=&#8221;3\/4&#8243; offset=&#8221;vc_col-lg-offset-0 vc_col-lg-9 vc_col-md-offset-0 vc_col-md-9 vc_col-sm-offset-0 vc_col-xs-12&#8243;]<div class=\"ult-spacer spacer-69f1b183e4935\" data-id=\"69f1b183e4935\" data-height=\"30\" data-height-mobile=\"30\" data-height-tab=\"30\" data-height-tab-portrait=\"\" data-height-mobile-landscape=\"\" style=\"clear:both;display:block;\"><\/div><div id=\"ultimate-heading-692069f1b183e49a2\" class=\"uvc-heading ult-adjust-bottom-margin ultimate-heading-692069f1b183e49a2 uvc-1644 \" data-hspacer=\"no_spacer\"  data-halign=\"left\" style=\"text-align:left\"><div class=\"uvc-heading-spacer no_spacer\" style=\"top\"><\/div><div class=\"uvc-main-heading ult-responsive\"  data-ultimate-target='.uvc-heading.ultimate-heading-692069f1b183e49a2 h2'  data-responsive-json-new='{\"font-size\":\"\",\"line-height\":\"\"}' ><h2 style=\"font-weight:normal;color:#589935;\">SKINeo\u00ae \u2013 die neue Dimension der Hautstraffung.<\/h2><\/div><div class=\"uvc-sub-heading ult-responsive\"  data-ultimate-target='.uvc-heading.ultimate-heading-692069f1b183e49a2 .uvc-sub-heading '  data-responsive-json-new='{\"font-size\":\"desktop:20px;\",\"line-height\":\"desktop:30px;\"}'  style=\"font-weight:normal;\"><\/p>\n<h4>F\u00fcr Gesicht, Dekollet\u00e9, Oberschenkel, Arme, Bauch und Po.<\/h4>\n<p><\/div><\/div><div class=\"ult-spacer spacer-69f1b183e4a0a\" data-id=\"69f1b183e4a0a\" data-height=\"30\" data-height-mobile=\"30\" data-height-tab=\"30\" data-height-tab-portrait=\"\" data-height-mobile-landscape=\"\" style=\"clear:both;display:block;\"><\/div>[rev_slider_vc alias=&#8221;skinny-lift&#8221;][vc_text_separator title=&#8221;skinny lift by SKINeo\u00ae \u2013 Liften ganz ohne OP&#8221; color=&#8221;custom&#8221; accent_color=&#8221;#589935&#8243;][\/vc_column][vc_column width=&#8221;1\/4&#8243; offset=&#8221;vc_col-lg-offset-0 vc_col-lg-3 vc_col-md-offset-0 vc_col-md-3 vc_col-sm-offset-0 vc_hidden-sm vc_col-xs-12 vc_hidden-xs&#8221;][vc_widget_sidebar sidebar_id=&#8221;sidebar_9&#8243;][\/vc_column][\/vc_row][vc_row equal_height=&#8221;yes&#8221; type=&#8221;vc_default&#8221;][vc_column css=&#8221;.vc_custom_1539095004865{margin-right: 25px !important;margin-bottom: 50px !important;margin-left: 25px !important;padding-top: 35px !important;padding-right: 40px !important;padding-bottom: 40px !important;padding-left: 40px !important;background-color: #ffffff !important;}&#8221; offset=&#8221;vc_col-lg-offset-0 vc_col-md-offset-0 vc_col-sm-offset-0&#8243;][vc_column_text css=&#8221;.vc_custom_1539780457206{margin-bottom: 0px !important;}&#8221;]<\/p>\n<h3>skinny lift by SKINeo\u00ae in Hamburg<\/h3>\n<p>SKINeo\u00ae ist eine neuartige und innovative Lifting-Technologie f\u00fcr Gesicht und K\u00f6rper, die von der gbo Medizintechnik AG (made in Germany) durch jahrelange Therapie- und Forschungsergebnisse f\u00fcr den Beautymarkt entdeckt und weiterentwickelt wurde.<\/p>\n<p>Die SKINeo\u00ae Technologie arbeitet mit Hochtonstrom und LIPUS Wellen und kann mit verschiedenen Applikatoren unterschiedliche Bereiche \u2013 im Gesicht, am Dekollet\u00e9, an den H\u00e4nden und am K\u00f6rper (Oberarme, Bauch, Po und Oberschenkel) \u2013 liften. An den Oberschenkeln ist die Behandlung auch \u00e4u\u00dferst wirkungsvoll gegen Cellulite.<\/p>\n<p>Die verschiedenen Applikatoren bestehen aus einer Schwingermatrix mit Doppelfunktion: LIPUS Wellen transportieren die Wirkstoffe durch die Hautbarriere und Wechselstrom verteilt sie gleichm\u00e4\u00dfig.<\/p>\n<p>Durch Hochtonstrom werden die k\u00f6rpereigenen Anti-Aging-Prozesse wieder aktiviert. Zellneubildung, Kollagen-, Hyaluron- und Elastinproduktion werden aktiv stimuliert. Dadurch kommt es zu einem sichtbaren Gewebelifting an der behandelten K\u00f6rperregion.<\/p>\n<p>Eine Behandlung dauert 20 Minuten und ist f\u00fcr jedes Alter geeignet. F\u00fcr einen langanhaltenden Effekt wird eine Kur, je nach Alter und Gewebezustand, von 3 bis 6 Behandlungen empfohlen.[\/vc_column_text][\/vc_column][\/vc_row][vc_row equal_height=&#8221;yes&#8221; type=&#8221;vc_default&#8221; css=&#8221;.vc_custom_1539098372110{padding-top: 50px !important;padding-bottom: 30px !important;}&#8221;][vc_column css=&#8221;.vc_custom_1539095004865{margin-right: 25px !important;margin-bottom: 50px !important;margin-left: 25px !important;padding-top: 35px !important;padding-right: 40px !important;padding-bottom: 40px !important;padding-left: 40px !important;background-color: #ffffff !important;}&#8221; offset=&#8221;vc_col-lg-offset-0 vc_col-md-offset-0 vc_col-sm-offset-0&#8243;][vc_column_text]<\/p>\n<h3>Gehen Sie Ihre Problemzonen aktiv an!<\/h3>\n<p>[\/vc_column_text]<div class=\"standard-arrow list-divider bullet-top\"><ul>\n<li><strong>Kurze Behandlungszeiten:<\/strong>\u00a0Eine Behandlung dauert 20 min egal in welcher Region.<\/li>\n<li><strong>Schnelle Ergebnisse:<\/strong>\u00a0Es wird je nach Alter und Gewebezustand eine Behandlungskur empfohlen (4 \/ 6 \/ 8 Behandlungen).<\/li>\n<li><strong>Durch konstante Anwendung zum Erfolg:<\/strong>\u00a0Zwei bis drei Behandlungen pro Woche mit einem Tag Pause.<\/li>\n<\/ul>\n<\/div>[\/vc_column][\/vc_row][vc_row][vc_column offset=&#8221;vc_hidden-lg vc_hidden-md&#8221;][vc_widget_sidebar sidebar_id=&#8221;sidebar_9&#8243;]<div class=\"ult-spacer spacer-69f1b183e4ac5\" data-id=\"69f1b183e4ac5\" data-height=\"20\" data-height-mobile=\"20\" data-height-tab=\"20\" data-height-tab-portrait=\"\" data-height-mobile-landscape=\"\" style=\"clear:both;display:block;\"><\/div>[\/vc_column][\/vc_row][vc_row equal_height=&#8221;yes&#8221; bg_type=&#8221;bg_color&#8221; bg_override=&#8221;ex-full&#8221; bg_color_value=&#8221;#ffffff&#8221; el_class=&#8221;calltoaektschn&#8221;][vc_column css=&#8221;.vc_custom_1539097314964{padding-top: 0px !important;}&#8221;]<section class=\"shortcode-action-box box-style-table shortcode-action-bg block-style-widget pulse animate-element\"><div class=\"text-big\"><div class=\"gap\" style=\"line-height: 10px; height: 10px;\"><\/div>\n<h5>Sie w\u00fcnschen eine unverbindliche Beratung?<\/h5>\n<\/div><div class=\"shortcode-action-container action-button\"><a href=\"\/terminvereinbarung\/\" class=\"btn-shortcode dt-btn-m dt-btn default-btn-color default-btn-hover-color default-btn-bg-color default-btn-bg-hover-color fadeIn animate-element animation-builder\" id=\"dt-btn-1\"><span>Terminvereinbarung<\/span><\/a><\/div><\/section>[\/vc_column][\/vc_row]<\/p>\n<\/div>","protected":false},"excerpt":{"rendered":"<p>[vc_row el_class=&#8221;mitsidebar&#8221;][vc_column width=&#8221;3\/4&#8243; offset=&#8221;vc_col-lg-offset-0 vc_col-lg-9 vc_col-md-offset-0 vc_col-md-9 vc_col-sm-offset-0 vc_col-xs-12&#8243;][rev_slider_vc alias=&#8221;skinny-lift&#8221;][vc_text_separator title=&#8221;skinny lift by SKINeo\u00ae \u2013 Liften ganz ohne OP&#8221; color=&#8221;custom&#8221; accent_color=&#8221;#589935&#8243;][\/vc_column][vc_column width=&#8221;1\/4&#8243; offset=&#8221;vc_col-lg-offset-0 vc_col-lg-3 vc_col-md-offset-0 vc_col-md-3 vc_col-sm-offset-0 vc_hidden-sm vc_col-xs-12 vc_hidden-xs&#8221;][vc_widget_sidebar sidebar_id=&#8221;sidebar_9&#8243;][\/vc_column][\/vc_row][vc_row equal_height=&#8221;yes&#8221; type=&#8221;vc_default&#8221;][vc_column css=&#8221;.vc_custom_1539095004865{margin-right: 25px !important;margin-bottom: 50px !important;margin-left: 25px !important;padding-top: 35px !important;padding-right: 40px !important;padding-bottom: 40px !important;padding-left: 40px !important;background-color: #ffffff !important;}&#8221; offset=&#8221;vc_col-lg-offset-0 vc_col-md-offset-0 vc_col-sm-offset-0&#8243;][vc_column_text css=&#8221;.vc_custom_1539780457206{margin-bottom: 0px&hellip;<\/p>\n","protected":false},"author":1,"featured_media":0,"parent":0,"menu_order":600,"comment_status":"closed","ping_status":"closed","template":"","meta":{"footnotes":""},"class_list":["post-4115","page","type-page","status-publish","hentry","description-off"],"_links":{"self":[{"href":"https:\/\/www.ipl-hamburg.com\/tr\/wp-json\/wp\/v2\/pages\/4115","targetHints":{"allow":["GET"]}}],"collection":[{"href":"https:\/\/www.ipl-hamburg.com\/tr\/wp-json\/wp\/v2\/pages"}],"about":[{"href":"https:\/\/www.ipl-hamburg.com\/tr\/wp-json\/wp\/v2\/types\/page"}],"author":[{"embeddable":true,"href":"https:\/\/www.ipl-hamburg.com\/tr\/wp-json\/wp\/v2\/users\/1"}],"replies":[{"embeddable":true,"href":"https:\/\/www.ipl-hamburg.com\/tr\/wp-json\/wp\/v2\/comments?post=4115"}],"version-history":[{"count":0,"href":"https:\/\/www.ipl-hamburg.com\/tr\/wp-json\/wp\/v2\/pages\/4115\/revisions"}],"wp:attachment":[{"href":"https:\/\/www.ipl-hamburg.com\/tr\/wp-json\/wp\/v2\/media?parent=4115"}],"curies":[{"name":"wp","href":"https:\/\/api.w.org\/{rel}","templated":true}]}}