{"id":6425,"date":"2022-08-19T15:20:59","date_gmt":"2022-08-19T13:20:59","guid":{"rendered":"https:\/\/www.ipl-hamburg.com\/emp-chair-pelvik-taban-egitmeni\/"},"modified":"2022-08-19T15:21:00","modified_gmt":"2022-08-19T13:21:00","slug":"emp-chair-pelvik-taban-egitmeni","status":"publish","type":"page","link":"https:\/\/www.ipl-hamburg.com\/tr\/emp-chair-pelvik-taban-egitmeni\/","title":{"rendered":"EMP chair (pelvik taban e\u011fitmeni)"},"content":{"rendered":"<div class=\"wpb-content-wrapper\"><p>[vc_row el_class=&#8221;mitsidebar&#8221;][vc_column width=&#8221;3\/4&#8243; offset=&#8221;vc_col-lg-offset-0 vc_col-lg-9 vc_col-md-offset-0 vc_col-md-9 vc_col-sm-offset-0 vc_col-xs-12&#8243;]<div class=\"ult-spacer spacer-69f2829dd8ee6\" data-id=\"69f2829dd8ee6\" data-height=\"30\" data-height-mobile=\"30\" data-height-tab=\"30\" data-height-tab-portrait=\"\" data-height-mobile-landscape=\"\" style=\"clear:both;display:block;\"><\/div><div id=\"ultimate-heading-271069f2829dd8f4a\" class=\"uvc-heading ult-adjust-bottom-margin ultimate-heading-271069f2829dd8f4a uvc-9650 \" data-hspacer=\"no_spacer\"  data-halign=\"left\" style=\"text-align:left\"><div class=\"uvc-heading-spacer no_spacer\" style=\"top\"><\/div><div class=\"uvc-main-heading ult-responsive\"  data-ultimate-target='.uvc-heading.ultimate-heading-271069f2829dd8f4a h2'  data-responsive-json-new='{\"font-size\":\"\",\"line-height\":\"\"}' ><h2 style=\"font-weight:normal;color:#589935;\">K\u0131sa s\u00fcrede cinsel performans\u0131n\u0131z\u0131 art\u0131r\u0131n<\/h2><\/div><div class=\"uvc-sub-heading ult-responsive\"  data-ultimate-target='.uvc-heading.ultimate-heading-271069f2829dd8f4a .uvc-sub-heading '  data-responsive-json-new='{\"font-size\":\"desktop:20px;\",\"line-height\":\"desktop:30px;\"}'  style=\"font-weight:normal;\"><\/p>\n<h4>Erektil disfonksiyon, inkontinans ve pelvik taban s\u0131k\u0131la\u015fmas\u0131 i\u00e7in \u00e7\u0131\u011f\u0131r a\u00e7an bir tedavi!<\/h4>\n<p><\/div><\/div><div class=\"ult-spacer spacer-69f2829dd8fb8\" data-id=\"69f2829dd8fb8\" data-height=\"30\" data-height-mobile=\"30\" data-height-tab=\"30\" data-height-tab-portrait=\"\" data-height-mobile-landscape=\"\" style=\"clear:both;display:block;\"><\/div>[vc_raw_html]PGlmcmFtZSB3aWR0aD0iMTAwJSIgaGVpZ2h0PSI1MDMiIHNyYz0iaHR0cHM6Ly93d3cueW91dHViZS1ub2Nvb2tpZS5jb20vZW1iZWQvNkZMaW4tcWNFRUkiIHRpdGxlPSJZb3VUdWJlIHZpZGVvIHBsYXllciIgZnJhbWVib3JkZXI9IjAiIGFsbG93PSJhY2NlbGVyb21ldGVyOyBhdXRvcGxheTsgY2xpcGJvYXJkLXdyaXRlOyBlbmNyeXB0ZWQtbWVkaWE7IGd5cm9zY29wZTsgcGljdHVyZS1pbi1waWN0dXJlIiBhbGxvd2Z1bGxzY3JlZW4+PC9pZnJhbWU+[\/vc_raw_html][vc_text_separator title=&#8221;EMP chair \u2013 pelvik taban kaslar\u0131n\u0131 uyarmak i\u00e7in&#8221; color=&#8221;custom&#8221; accent_color=&#8221;#589935&#8243;][\/vc_column][vc_column width=&#8221;1\/4&#8243; offset=&#8221;vc_col-lg-offset-0 vc_col-lg-3 vc_col-md-offset-0 vc_col-md-3 vc_col-sm-offset-0 vc_hidden-sm vc_col-xs-12 vc_hidden-xs&#8221;][vc_widget_sidebar sidebar_id=&#8221;sidebar_19&#8243;][\/vc_column][\/vc_row][vc_row equal_height=&#8221;yes&#8221; type=&#8221;vc_default&#8221;][vc_column width=&#8221;2\/3&#8243; css=&#8221;.vc_custom_1539095004865{margin-right: 25px !important;margin-bottom: 50px !important;margin-left: 25px !important;padding-top: 35px !important;padding-right: 40px !important;padding-bottom: 40px !important;padding-left: 40px !important;background-color: #ffffff !important;}&#8221; offset=&#8221;vc_col-lg-offset-0 vc_col-md-offset-0 vc_col-sm-offset-0&#8243;][vc_column_text css=&#8221;.vc_custom_1660819911584{margin-bottom: 0px !important;}&#8221;]<\/p>\n<h3>Hamburg&#8217;da EMP chair<\/h3>\n<p>Tedavi, ciddi olan ancak toplum taraf\u0131ndan s\u0131kl\u0131kla yanl\u0131\u015f anla\u015f\u0131lan kad\u0131nlar\u0131n pelvik taban sa\u011fl\u0131\u011f\u0131na y\u00f6neliktir.<\/p>\n<p>Teknoloji olgun, invaziv olmayan, \u00e7ok \u0131l\u0131ml\u0131 ve sindirimi kolayd\u0131r. <strong>vajinal prolapsus<\/strong>, <strong>mesane-rektum prolapsusu<\/strong>, <strong>kronik pelvik a\u011fr\u0131<\/strong> gibi \u00e7e\u015fitli hastal\u0131klar i\u00e7in iyi bir te\u015fhis etkisi vard\u0131r.<\/p>\n<p>T\u00fcm te\u015fhis ve tedavi s\u00fcreci rahat ve keyiflidir.<\/p>\n<p>Bizimle deneyimli ve e\u011fitimli ellerdesiniz. Her yerde iyi muamele g\u00f6rm\u00fc\u015f hissetmenizi sa\u011fl\u0131yoruz![\/vc_column_text][\/vc_column][vc_column width=&#8221;1\/3&#8243;][vc_single_image image=&#8221;6244&#8243; img_size=&#8221;full&#8221; alignment=&#8221;center&#8221;][\/vc_column][\/vc_row][vc_row equal_height=&#8221;yes&#8221; type=&#8221;vc_default&#8221; css=&#8221;.vc_custom_1539098372110{padding-top: 50px !important;padding-bottom: 30px !important;}&#8221;][vc_column css=&#8221;.vc_custom_1539095004865{margin-right: 25px !important;margin-bottom: 50px !important;margin-left: 25px !important;padding-top: 35px !important;padding-right: 40px !important;padding-bottom: 40px !important;padding-left: 40px !important;background-color: #ffffff !important;}&#8221; offset=&#8221;vc_col-lg-offset-0 vc_col-md-offset-0 vc_col-sm-offset-0&#8243;][vc_column_text]<\/p>\n<h3>EMP chairs kullanman\u0131n avantajlar\u0131<\/h3>\n<p><strong>40 ile 70 ya\u015f aras\u0131ndaki erkeklerin %35&#8217;i erektil disfonksiyondan muzdariptir.<\/strong><\/p>\n<p>Erektil disfonksiyon i\u00e7in devrim niteli\u011finde bir tedavi olan EMP Koltu\u011fu, bu \u00e7ok utan\u00e7 verici sorundan muzdarip erkekler i\u00e7in invaziv olmayan bir tedavidir.<\/p>\n<p>EMP Koltu\u011fu, ereksiyon problemleriyle m\u00fccadele etmenin en etkili yollar\u0131ndan biridir. Elektromanyetik impulslar pelvik taban kaslar\u0131n\u0131 uyar\u0131r. D\u00fcrt\u00fcler n\u00f6rom\u00fcsk\u00fcler kontrol\u00fc geri y\u00fckler. \u0130nkontinans da bu \u015fekilde \u00f6nlenebilir.<\/p>\n<p>[\/vc_column_text]<div class=\"standard-arrow list-divider bullet-top\"><ul>\n<li>Bu, en geli\u015fmi\u015f non-invaziv vajinal daraltma teknolojisidir; soyunmaya gerek yok, g\u00fcvenli, rahat, nekahat d\u00f6nemi yok.<\/li>\n<li>Bir tedavi d\u00f6ng\u00fcs\u00fc 10.000 Kegel egzersizinin yerini al\u0131r ve tedavinin etkisi daha g\u00fc\u00e7l\u00fcd\u00fcr.<\/li>\n<li>Her tedavi yaln\u0131zca 28 dakika s\u00fcrer, a\u011fr\u0131 yok, anestezi yok ve iyile\u015fme s\u00fcresi yok.<\/li>\n<li>Hem erkekler hem de kad\u0131nlar i\u00e7in uygun olan pelvik taban i\u015flev bozuklu\u011funu giderin, vajinal kuruluk ve gev\u015fekli\u011fi, \u00fcriner inkontinans\u0131 iyile\u015ftirin.<\/li>\n<\/ul>\n<\/div>[\/vc_column][\/vc_row][vc_row equal_height=&#8221;yes&#8221; type=&#8221;vc_default&#8221; css=&#8221;.vc_custom_1539098372110{padding-top: 50px !important;padding-bottom: 30px !important;}&#8221;][vc_column css=&#8221;.vc_custom_1539095004865{margin-right: 25px !important;margin-bottom: 50px !important;margin-left: 25px !important;padding-top: 35px !important;padding-right: 40px !important;padding-bottom: 40px !important;padding-left: 40px !important;background-color: #ffffff !important;}&#8221; offset=&#8221;vc_col-lg-offset-0 vc_col-md-offset-0 vc_col-sm-offset-0&#8243;][vc_column_text]<\/p>\n<h3>Farkl\u0131lar\u0131na g\u00f6re, EMP chair farkl\u0131 etkileri vard\u0131r:<\/h3>\n<p>[\/vc_column_text][vc_row_inner css=&#8221;.vc_custom_1539869605264{margin-bottom: 0px !important;}&#8221;][vc_column_inner width=&#8221;1\/2&#8243;][vc_column_text]<\/p>\n<h4>Do\u011fumdan sonra anneler<\/h4>\n<p>[\/vc_column_text]<div class=\"standard-arrow list-divider bullet-top\"><ul>\n<li>Pelvik taban kaslar\u0131n\u0131n g\u00fc\u00e7lendirilmesi<\/li>\n<li>\u0130drara \u00e7\u0131kma s\u0131kl\u0131\u011f\u0131n\u0131n iyile\u015ftirilmesi<\/li>\n<li>Ya\u015fl\u0131l\u0131kta idrar ka\u00e7\u0131rmay\u0131 \u00f6nleyin ve idrar damlamas\u0131n\u0131 iyile\u015ftirin<\/li>\n<\/ul>\n<\/div>[\/vc_column_inner][vc_column_inner width=&#8221;1\/2&#8243;][vc_column_text]<\/p>\n<h4>Olgun kad\u0131nlar<\/h4>\n<p>[\/vc_column_text]<div class=\"standard-arrow list-divider bullet-top\"><ul>\n<li>Vajinal kaslar\u0131n gerilmesi<\/li>\n<li>Pelvik taban kaslar\u0131n\u0131n g\u00fc\u00e7lendirilmesi<\/li>\n<li>Sertli\u011fin ve esnekli\u011fin iyile\u015ftirilmesi<\/li>\n<li>idrar ka\u00e7\u0131rma<\/li>\n<li>\u00e7\u0131k\u0131nt\u0131l\u0131 alt kar\u0131n<\/li>\n<li>vajinal gev\u015feme ve di\u011fer sorunlar<\/li>\n<\/ul>\n<\/div>[\/vc_column_inner][\/vc_row_inner]<div class=\"ult-spacer spacer-69f2829dd90fb\" data-id=\"69f2829dd90fb\" data-height=\"30\" data-height-mobile=\"30\" data-height-tab=\"30\" data-height-tab-portrait=\"\" data-height-mobile-landscape=\"\" style=\"clear:both;display:block;\"><\/div>[vc_row_inner css=&#8221;.vc_custom_1539869605264{margin-bottom: 0px !important;}&#8221;][vc_column_inner width=&#8221;1\/3&#8243;][vc_column_text]<\/p>\n<h4>\u00d6NCE<\/h4>\n<p>[\/vc_column_text][vc_single_image image=&#8221;6253&#8243; img_size=&#8221;full&#8221; alignment=&#8221;center&#8221;][\/vc_column_inner][vc_column_inner width=&#8221;1\/3&#8243;][vc_column_text]<\/p>\n<h4>TEDAV\u0130<\/h4>\n<p>[\/vc_column_text][vc_single_image image=&#8221;6257&#8243; img_size=&#8221;full&#8221; alignment=&#8221;center&#8221;][\/vc_column_inner][vc_column_inner width=&#8221;1\/3&#8243;][vc_column_text]<\/p>\n<h4>SONRA<\/h4>\n<p>[\/vc_column_text][vc_single_image image=&#8221;6261&#8243; img_size=&#8221;full&#8221; alignment=&#8221;center&#8221;][\/vc_column_inner][\/vc_row_inner][\/vc_column][\/vc_row][vc_row][vc_column offset=&#8221;vc_hidden-lg vc_hidden-md&#8221;][vc_widget_sidebar sidebar_id=&#8221;sidebar_19&#8243;]<div class=\"ult-spacer spacer-69f2829dd911a\" data-id=\"69f2829dd911a\" data-height=\"20\" data-height-mobile=\"20\" data-height-tab=\"20\" data-height-tab-portrait=\"\" data-height-mobile-landscape=\"\" style=\"clear:both;display:block;\"><\/div>[\/vc_column][\/vc_row][vc_row equal_height=&#8221;yes&#8221; bg_type=&#8221;bg_color&#8221; bg_override=&#8221;ex-full&#8221; bg_color_value=&#8221;#ffffff&#8221; el_class=&#8221;calltoaektschn&#8221;][vc_column css=&#8221;.vc_custom_1539097314964{padding-top: 0px !important;}&#8221;]<section class=\"shortcode-action-box box-style-table shortcode-action-bg block-style-widget pulse animate-element\"><div class=\"text-big\"><div class=\"gap\" style=\"line-height: 10px; height: 10px;\"><\/div>\n<h5>Ba\u011flay\u0131c\u0131 olmayan bir dan\u0131\u015fma ister misiniz?<\/h5>\n<\/div><div class=\"shortcode-action-container action-button\"><a href=\"\/tr\/randevu\/\" class=\"btn-shortcode dt-btn-m dt-btn default-btn-color default-btn-hover-color default-btn-bg-color default-btn-bg-hover-color fadeIn animate-element animation-builder\" id=\"dt-btn-1\"><span>Randevu<\/span><\/a><\/div><\/section>[\/vc_column][\/vc_row]<\/p>\n<\/div>","protected":false},"excerpt":{"rendered":"<p>[vc_row el_class=&#8221;mitsidebar&#8221;][vc_column width=&#8221;3\/4&#8243; offset=&#8221;vc_col-lg-offset-0 vc_col-lg-9 vc_col-md-offset-0 vc_col-md-9 vc_col-sm-offset-0 vc_col-xs-12&#8243;][vc_raw_html]PGlmcmFtZSB3aWR0aD0iMTAwJSIgaGVpZ2h0PSI1MDMiIHNyYz0iaHR0cHM6Ly93d3cueW91dHViZS1ub2Nvb2tpZS5jb20vZW1iZWQvNkZMaW4tcWNFRUkiIHRpdGxlPSJZb3VUdWJlIHZpZGVvIHBsYXllciIgZnJhbWVib3JkZXI9IjAiIGFsbG93PSJhY2NlbGVyb21ldGVyOyBhdXRvcGxheTsgY2xpcGJvYXJkLXdyaXRlOyBlbmNyeXB0ZWQtbWVkaWE7IGd5cm9zY29wZTsgcGljdHVyZS1pbi1waWN0dXJlIiBhbGxvd2Z1bGxzY3JlZW4+PC9pZnJhbWU+[\/vc_raw_html][vc_text_separator title=&#8221;EMP chair \u2013 pelvik taban kaslar\u0131n\u0131 uyarmak i\u00e7in&#8221; color=&#8221;custom&#8221; accent_color=&#8221;#589935&#8243;][\/vc_column][vc_column width=&#8221;1\/4&#8243; offset=&#8221;vc_col-lg-offset-0 vc_col-lg-3 vc_col-md-offset-0 vc_col-md-3 vc_col-sm-offset-0 vc_hidden-sm vc_col-xs-12 vc_hidden-xs&#8221;][vc_widget_sidebar sidebar_id=&#8221;sidebar_19&#8243;][\/vc_column][\/vc_row][vc_row equal_height=&#8221;yes&#8221; type=&#8221;vc_default&#8221;][vc_column width=&#8221;2\/3&#8243; css=&#8221;.vc_custom_1539095004865{margin-right: 25px !important;margin-bottom: 50px !important;margin-left: 25px !important;padding-top: 35px !important;padding-right: 40px !important;padding-bottom: 40px !important;padding-left: 40px !important;background-color: #ffffff !important;}&#8221; offset=&#8221;vc_col-lg-offset-0 vc_col-md-offset-0 vc_col-sm-offset-0&#8243;][vc_column_text css=&#8221;.vc_custom_1660819911584{margin-bottom: 0px !important;}&#8221;]&hellip;<\/p>\n","protected":false},"author":1,"featured_media":0,"parent":0,"menu_order":0,"comment_status":"closed","ping_status":"closed","template":"","meta":{"footnotes":""},"class_list":["post-6425","page","type-page","status-publish","hentry","description-off"],"_links":{"self":[{"href":"https:\/\/www.ipl-hamburg.com\/tr\/wp-json\/wp\/v2\/pages\/6425","targetHints":{"allow":["GET"]}}],"collection":[{"href":"https:\/\/www.ipl-hamburg.com\/tr\/wp-json\/wp\/v2\/pages"}],"about":[{"href":"https:\/\/www.ipl-hamburg.com\/tr\/wp-json\/wp\/v2\/types\/page"}],"author":[{"embeddable":true,"href":"https:\/\/www.ipl-hamburg.com\/tr\/wp-json\/wp\/v2\/users\/1"}],"replies":[{"embeddable":true,"href":"https:\/\/www.ipl-hamburg.com\/tr\/wp-json\/wp\/v2\/comments?post=6425"}],"version-history":[{"count":0,"href":"https:\/\/www.ipl-hamburg.com\/tr\/wp-json\/wp\/v2\/pages\/6425\/revisions"}],"wp:attachment":[{"href":"https:\/\/www.ipl-hamburg.com\/tr\/wp-json\/wp\/v2\/media?parent=6425"}],"curies":[{"name":"wp","href":"https:\/\/api.w.org\/{rel}","templated":true}]}}