{"id":6432,"date":"2022-08-19T15:47:25","date_gmt":"2022-08-19T13:47:25","guid":{"rendered":"https:\/\/www.ipl-hamburg.com\/emp-chair-pelvik-taban-egitmeni\/sorular-ve-cevaplar-emp-chair-pelvik-taban-egitmeni\/"},"modified":"2022-08-19T15:47:26","modified_gmt":"2022-08-19T13:47:26","slug":"sorular-ve-cevaplar-emp-chair-pelvik-taban-egitmeni","status":"publish","type":"page","link":"https:\/\/www.ipl-hamburg.com\/tr\/emp-chair-pelvik-taban-egitmeni\/sorular-ve-cevaplar-emp-chair-pelvik-taban-egitmeni\/","title":{"rendered":"Sorular ve Cevaplar: EMP chair (pelvik taban e\u011fitmeni)"},"content":{"rendered":"<div class=\"wpb-content-wrapper\"><p>[vc_row el_class=&#8221;mitsidebar&#8221;][vc_column width=&#8221;3\/4&#8243; offset=&#8221;vc_col-lg-offset-0 vc_col-lg-9 vc_col-md-offset-0 vc_col-md-9 vc_col-sm-offset-0 vc_col-xs-12&#8243;]<div class=\"ult-spacer spacer-69e495169ebe3\" data-id=\"69e495169ebe3\" data-height=\"30\" data-height-mobile=\"30\" data-height-tab=\"30\" data-height-tab-portrait=\"\" data-height-mobile-landscape=\"\" style=\"clear:both;display:block;\"><\/div><div id=\"ultimate-heading-235469e495169ec45\" class=\"uvc-heading ult-adjust-bottom-margin ultimate-heading-235469e495169ec45 uvc-8855 \" data-hspacer=\"no_spacer\"  data-halign=\"left\" style=\"text-align:left\"><div class=\"uvc-heading-spacer no_spacer\" style=\"top\"><\/div><div class=\"uvc-main-heading ult-responsive\"  data-ultimate-target='.uvc-heading.ultimate-heading-235469e495169ec45 h2'  data-responsive-json-new='{\"font-size\":\"\",\"line-height\":\"\"}' ><h2 style=\"font-weight:normal;color:#589935;\">EMP chair ile tedavi i\u00e7in<\/h2><\/div><div class=\"uvc-sub-heading ult-responsive\"  data-ultimate-target='.uvc-heading.ultimate-heading-235469e495169ec45 .uvc-sub-heading '  data-responsive-json-new='{\"font-size\":\"desktop:20px;\",\"line-height\":\"desktop:30px;\"}'  style=\"font-weight:normal;\"><\/p>\n<h4>S\u0131k Sorulan Sorular:<\/h4>\n<p><\/div><\/div><div class=\"ult-spacer spacer-69e495169eca9\" data-id=\"69e495169eca9\" data-height=\"30\" data-height-mobile=\"30\" data-height-tab=\"30\" data-height-tab-portrait=\"\" data-height-mobile-landscape=\"\" style=\"clear:both;display:block;\"><\/div>[vc_accordion active_tab=&#8221;1&#8243; title_size=&#8221;h3&#8243; style=&#8221;2&#8243;][vc_accordion_tab title=&#8221;Elektromanyetik alanlar i\u00e7 organlar\u0131 etkiler mi?&#8221; el_id=&#8221;1faqiplqfcacf&#8221;][vc_column_text]Elektromanyetik alan\u0131n derinli\u011fi on santimetredir ve bu b\u00f6lgedeki pelvik taban kaslar\u0131n\u0131 uyar\u0131r, ancak i\u00e7 organlar\u0131 etkilemez. Odaklanm\u0131\u015f manyetik \u015fok dalgas\u0131 teknolojisi sadece iskelet kaslar\u0131na etki eder. gibi d\u00fcz kaslar B. \u0130\u00e7 organlar uyar\u0131lmaz.[\/vc_column_text][\/vc_accordion_tab][vc_accordion_tab title=&#8221;Do\u011fumdan ne kadar sonra tedavi yap\u0131labilir?&#8221; el_id=&#8221;Hauttyp221eqwdfqa&#8221;][vc_column_text]Normal do\u011fum veya sezaryen olsan\u0131z da, tedaviye ba\u015flamadan \u00f6nce, genellikle en az alt\u0131 ila dokuz ay aras\u0131nda yaran\u0131n tamamen iyile\u015fmesini beklemelisiniz.[\/vc_column_text][\/vc_accordion_tab][vc_accordion_tab title=&#8221;Seks hayat\u0131 iyile\u015ftirilebilir mi?&#8221; el_id=&#8221;Hauttyp3wqdqacavc&#8221;][vc_column_text]Pelvik taban kaslar\u0131 uyar\u0131larak vajina s\u0131k\u0131la\u015ft\u0131r\u0131l\u0131r ve mesaneyi kontrol etme yetene\u011fi iyile\u015ftirilir.<\/p>\n<p>Etki, tedaviden hemen sonra fark edilir.[\/vc_column_text][\/vc_accordion_tab][vc_accordion_tab title=&#8221;Tedaviden ne bekleyebilirim?&#8221; el_id=&#8221;Hauttyp5wdasfaca&#8221;][vc_column_text]D\u00f6rt kez kullan\u0131ld\u0131ktan sonra kas kontrol g\u00fcc\u00fc g\u00fc\u00e7lenir ve idrar tutma s\u00fcresi artar.[\/vc_column_text][\/vc_accordion_tab][vc_accordion_tab title=&#8221;Ka\u00e7 seans gerekli?&#8221; el_id=&#8221;wfafqwf325324tgegaecvavc&#8221;][vc_column_text]Seans ba\u015f\u0131na 28 dakika \u00f6nerilir, haftada 2 kez, tedavi d\u00f6ng\u00fcs\u00fc ba\u015f\u0131na 8 kez, 2-3 d\u00f6ng\u00fc \u00f6nerilir.<\/p>\n<p>D\u00f6rt kez kullan\u0131ld\u0131ktan sonra kas kontrol g\u00fcc\u00fc g\u00fc\u00e7lenir ve idrar tutma s\u00fcresi artar.[\/vc_column_text][\/vc_accordion_tab][vc_accordion_tab title=&#8221;Hangi kad\u0131nlar tedavi g\u00f6rebilir?&#8221; el_id=&#8221;qwfqw3253464zh45z2414234&#8243;]<div class=\"standard-arrow list-divider bullet-top\"><ul>\n<li>Kad\u0131nlar\u0131n do\u011fum sonras\u0131 vajinal ak\u0131nt\u0131lar\u0131 temizlendikten sonra rutin olarak pelvik taban rehabilitasyonu yap\u0131labilir.<\/li>\n<li>Hafif ila orta derecede uterus prolapsusu, \u00f6n ve arka vajinal duvarlar\u0131n \u015fi\u015fmesi i\u00e7in.<\/li>\n<li>Cinsel i\u015flev bozuklu\u011fu, a\u011fr\u0131l\u0131 ili\u015fki i\u00e7in<\/li>\n<li>Tekrarlayan vajinit ve idrar yolu enfeksiyonunun akut olmayan a\u015famas\u0131 i\u00e7in<\/li>\n<li>pelvik taban veya pelvik cerrahiden 6 ay sonra<\/li>\n<li>Kronik pelvik a\u011fr\u0131 i\u00e7in<\/li>\n<\/ul>\n<\/div>[\/vc_accordion_tab][vc_accordion_tab title=&#8221;Ne zaman tedavi olmama izin verilmez?&#8221; el_id=&#8221;aevfasdevgfe5365467547zrtghrtf&#8221;]<div class=\"standard-arrow list-divider bullet-top\"><ul>\n<li>Hamile ve emziren kad\u0131nlar tedavi edilmemelidir; Adet g\u00f6rmek \u00fczere olan kad\u0131nlarda tedavi s\u0131ras\u0131nda menstr\u00fcasyon daha erken ba\u015flayabilir veya \u015fiddetli kar\u0131n kramplar\u0131 olu\u015fabilir.<\/li>\n<li>Tedavi \u015fu durumlarda yap\u0131lmamal\u0131d\u0131r: metal rahim halkas\u0131 veya elektronik implantlar, kalp pilleri, defibrilat\u00f6rler, n\u00f6rostim\u00fclat\u00f6rler, tedavi b\u00f6lgesine yerle\u015ftirilen ila\u00e7 pompalar\u0131, k\u00f6t\u00fc huylu \u015fi\u015flikler, epilepsi ve yak\u0131n zamanda ge\u00e7irilmi\u015f ameliyatlar.<\/li>\n<li>Rahimde 2 cm&#8217;den b\u00fcy\u00fck miyomlar\u0131 olan ve yeni pelvik taban ameliyat\u0131 veya pelvik taban ameliyat\u0131 ge\u00e7irmi\u015f kad\u0131nlar.<\/li>\n<\/ul>\n<\/div>[\/vc_accordion_tab][\/vc_accordion]<div class=\"ult-spacer spacer-69e495169eda4\" data-id=\"69e495169eda4\" data-height=\"50\" data-height-mobile=\"50\" data-height-tab=\"50\" data-height-tab-portrait=\"\" data-height-mobile-landscape=\"\" style=\"clear:both;display:block;\"><\/div>[\/vc_column][vc_column width=&#8221;1\/4&#8243; offset=&#8221;vc_col-lg-offset-0 vc_col-lg-3 vc_col-md-offset-0 vc_col-md-3 vc_col-sm-offset-0 vc_hidden-sm vc_col-xs-12 vc_hidden-xs&#8221;][vc_widget_sidebar sidebar_id=&#8221;sidebar_19&#8243;][\/vc_column][\/vc_row][vc_row][vc_column offset=&#8221;vc_hidden-lg vc_hidden-md&#8221;][vc_widget_sidebar sidebar_id=&#8221;sidebar_19&#8243;]<div class=\"ult-spacer spacer-69e495169edc2\" data-id=\"69e495169edc2\" data-height=\"20\" data-height-mobile=\"20\" data-height-tab=\"20\" data-height-tab-portrait=\"\" data-height-mobile-landscape=\"\" style=\"clear:both;display:block;\"><\/div>[\/vc_column][\/vc_row][vc_row equal_height=&#8221;yes&#8221; bg_type=&#8221;bg_color&#8221; bg_override=&#8221;ex-full&#8221; bg_color_value=&#8221;#ffffff&#8221; el_class=&#8221;calltoaektschn&#8221;][vc_column css=&#8221;.vc_custom_1539097314964{padding-top: 0px !important;}&#8221;]<section class=\"shortcode-action-box box-style-table shortcode-action-bg block-style-widget pulse animate-element\"><div class=\"text-big\"><div class=\"gap\" style=\"line-height: 10px; height: 10px;\"><\/div>\n<h5>Ba\u011flay\u0131c\u0131 olmayan bir dan\u0131\u015fma ister misiniz?<\/h5>\n<\/div><div class=\"shortcode-action-container action-button\"><a href=\"\/tr\/randevu\/\" class=\"btn-shortcode dt-btn-m dt-btn default-btn-color default-btn-hover-color default-btn-bg-color default-btn-bg-hover-color fadeIn animate-element animation-builder\" id=\"dt-btn-1\"><span>Randevu<\/span><\/a><\/div><\/section>[\/vc_column][\/vc_row]<\/p>\n<\/div>","protected":false},"excerpt":{"rendered":"<p>[vc_row el_class=&#8221;mitsidebar&#8221;][vc_column width=&#8221;3\/4&#8243; offset=&#8221;vc_col-lg-offset-0 vc_col-lg-9 vc_col-md-offset-0 vc_col-md-9 vc_col-sm-offset-0 vc_col-xs-12&#8243;][vc_accordion active_tab=&#8221;1&#8243; title_size=&#8221;h3&#8243; style=&#8221;2&#8243;][vc_accordion_tab title=&#8221;Elektromanyetik alanlar i\u00e7 organlar\u0131 etkiler mi?&#8221; el_id=&#8221;1faqiplqfcacf&#8221;][vc_column_text]Elektromanyetik alan\u0131n derinli\u011fi on santimetredir ve bu b\u00f6lgedeki pelvik taban kaslar\u0131n\u0131 uyar\u0131r, ancak i\u00e7 organlar\u0131 etkilemez. Odaklanm\u0131\u015f manyetik \u015fok dalgas\u0131 teknolojisi sadece iskelet kaslar\u0131na etki eder. gibi d\u00fcz kaslar B. \u0130\u00e7 organlar uyar\u0131lmaz.[\/vc_column_text][\/vc_accordion_tab][vc_accordion_tab title=&#8221;Do\u011fumdan ne kadar sonra&hellip;<\/p>\n","protected":false},"author":1,"featured_media":0,"parent":6425,"menu_order":0,"comment_status":"closed","ping_status":"closed","template":"","meta":{"footnotes":""},"class_list":["post-6432","page","type-page","status-publish","hentry","description-off"],"_links":{"self":[{"href":"https:\/\/www.ipl-hamburg.com\/tr\/wp-json\/wp\/v2\/pages\/6432","targetHints":{"allow":["GET"]}}],"collection":[{"href":"https:\/\/www.ipl-hamburg.com\/tr\/wp-json\/wp\/v2\/pages"}],"about":[{"href":"https:\/\/www.ipl-hamburg.com\/tr\/wp-json\/wp\/v2\/types\/page"}],"author":[{"embeddable":true,"href":"https:\/\/www.ipl-hamburg.com\/tr\/wp-json\/wp\/v2\/users\/1"}],"replies":[{"embeddable":true,"href":"https:\/\/www.ipl-hamburg.com\/tr\/wp-json\/wp\/v2\/comments?post=6432"}],"version-history":[{"count":0,"href":"https:\/\/www.ipl-hamburg.com\/tr\/wp-json\/wp\/v2\/pages\/6432\/revisions"}],"up":[{"embeddable":true,"href":"https:\/\/www.ipl-hamburg.com\/tr\/wp-json\/wp\/v2\/pages\/6425"}],"wp:attachment":[{"href":"https:\/\/www.ipl-hamburg.com\/tr\/wp-json\/wp\/v2\/media?parent=6432"}],"curies":[{"name":"wp","href":"https:\/\/api.w.org\/{rel}","templated":true}]}}