{"id":6435,"date":"2022-08-19T16:06:53","date_gmt":"2022-08-19T14:06:53","guid":{"rendered":"https:\/\/www.ipl-hamburg.com\/emp-chair-pelvik-taban-egitmeni\/islevsellik-ve-tedavi-emp-chair-pelvik-taban-egitmeni\/"},"modified":"2022-08-19T16:06:54","modified_gmt":"2022-08-19T14:06:54","slug":"islevsellik-ve-tedavi-emp-chair-pelvik-taban-egitmeni","status":"publish","type":"page","link":"https:\/\/www.ipl-hamburg.com\/tr\/emp-chair-pelvik-taban-egitmeni\/islevsellik-ve-tedavi-emp-chair-pelvik-taban-egitmeni\/","title":{"rendered":"\u0130\u015flevsellik ve Tedavi \u2013 \u200b\u200bEMP chair (pelvik taban e\u011fitmeni)"},"content":{"rendered":"<div class=\"wpb-content-wrapper\"><p>[vc_row el_class=&#8221;mitsidebar&#8221;][vc_column width=&#8221;3\/4&#8243; offset=&#8221;vc_col-lg-offset-0 vc_col-lg-9 vc_col-md-offset-0 vc_col-md-9 vc_col-sm-offset-0 vc_col-xs-12&#8243;]<div class=\"ult-spacer spacer-69e32bee37dda\" data-id=\"69e32bee37dda\" data-height=\"30\" data-height-mobile=\"30\" data-height-tab=\"30\" data-height-tab-portrait=\"\" data-height-mobile-landscape=\"\" style=\"clear:both;display:block;\"><\/div><div id=\"ultimate-heading-330569e32bee37e3c\" class=\"uvc-heading ult-adjust-bottom-margin ultimate-heading-330569e32bee37e3c uvc-6145 \" data-hspacer=\"no_spacer\"  data-halign=\"left\" style=\"text-align:left\"><div class=\"uvc-heading-spacer no_spacer\" style=\"top\"><\/div><div class=\"uvc-main-heading ult-responsive\"  data-ultimate-target='.uvc-heading.ultimate-heading-330569e32bee37e3c h2'  data-responsive-json-new='{\"font-size\":\"\",\"line-height\":\"\"}' ><h2 style=\"font-weight:normal;color:#589935;\">EMP chair nas\u0131l \u00e7al\u0131\u015f\u0131r?<\/h2><\/div><div class=\"uvc-sub-heading ult-responsive\"  data-ultimate-target='.uvc-heading.ultimate-heading-330569e32bee37e3c .uvc-sub-heading '  data-responsive-json-new='{\"font-size\":\"desktop:20px;\",\"line-height\":\"desktop:30px;\"}'  style=\"font-weight:normal;\"><\/p>\n<h4>Kad\u0131nlar ve erkekler i\u00e7in yeni bir tedavi konsepti<\/h4>\n<p><\/div><\/div><div class=\"ult-spacer spacer-69e32bee37ea1\" data-id=\"69e32bee37ea1\" data-height=\"10\" data-height-mobile=\"10\" data-height-tab=\"10\" data-height-tab-portrait=\"\" data-height-mobile-landscape=\"\" style=\"clear:both;display:block;\"><\/div>[vc_row_inner][vc_column_inner][vc_raw_html]PGlmcmFtZSB3aWR0aD0iMTAwJSIgaGVpZ2h0PSI1MDMiIHNyYz0iaHR0cHM6Ly93d3cueW91dHViZS1ub2Nvb2tpZS5jb20vZW1iZWQvNkZMaW4tcWNFRUkiIHRpdGxlPSJZb3VUdWJlIHZpZGVvIHBsYXllciIgZnJhbWVib3JkZXI9IjAiIGFsbG93PSJhY2NlbGVyb21ldGVyOyBhdXRvcGxheTsgY2xpcGJvYXJkLXdyaXRlOyBlbmNyeXB0ZWQtbWVkaWE7IGd5cm9zY29wZTsgcGljdHVyZS1pbi1waWN0dXJlIiBhbGxvd2Z1bGxzY3JlZW4+PC9pZnJhbWU+[\/vc_raw_html][vc_column_text css=&#8221;.vc_custom_1660822002970{margin-bottom: 0px !important;}&#8221;]EMP Koltu\u011fu, motor n\u00f6ronlar\u0131 pelvik taban kaslar\u0131n\u0131 kontrol etmesi i\u00e7in uyarmak i\u00e7in devrim niteli\u011findeki HI-EMP teknolojisi (Y\u00fcksek Yo\u011funluklu Elektro-Manyetik-G\u00fc\u00e7) ile \u00e7al\u0131\u015f\u0131r. Kal\u00e7alarda ve idrar yollar\u0131nda g\u00fc\u00e7 ve dayan\u0131kl\u0131l\u0131k olu\u015fturmak i\u00e7in pelvisi yeniden in\u015fa etmek i\u00e7in pelvik taban kaslar\u0131n\u0131n tekrarlanan hiperkontraksiyonlar\u0131n\u0131 i\u00e7erir.<\/p>\n<p>Pelvik taban kaslar\u0131, fizyolojik olarak m\u00fcmk\u00fcn olan maksimum gerilim s\u0131n\u0131r\u0131nda kendili\u011finden kas\u0131l\u0131r ve ayn\u0131 zamanda bunu korur, ancak genellikle sadece bir an i\u00e7in.<\/p>\n<p>Hiperm\u00fcsk\u00fcler antrenman\u0131n etkisi, maksimum spontan kas\u0131lma geriliminden daha y\u00fcksektir. HI-EMP teknolojisi, pelvik taban kaslar\u0131n\u0131 birka\u00e7 saniye i\u00e7inde g\u00fc\u00e7l\u00fc bir kas\u0131lmaya te\u015fvik eder.<\/p>\n<p>Motor n\u00f6ronlar uyar\u0131larak pelvik taban kaslar\u0131nda 22.000 kas kas\u0131lmas\u0131 meydana gelir; bu, t\u00fcm pelvik taban kaslar\u0131n\u0131 harekete ge\u00e7irir ve genel kas kontrol yetene\u011fini geli\u015ftirir.[\/vc_column_text]<div class=\"ult-spacer spacer-69e32bee37ec6\" data-id=\"69e32bee37ec6\" data-height=\"30\" data-height-mobile=\"30\" data-height-tab=\"30\" data-height-tab-portrait=\"\" data-height-mobile-landscape=\"\" style=\"clear:both;display:block;\"><\/div>[vc_single_image image=&#8221;6269&#8243; img_size=&#8221;full&#8221; alignment=&#8221;center&#8221;][\/vc_column_inner][\/vc_row_inner]<div class=\"ult-spacer spacer-69e32bee37ee5\" data-id=\"69e32bee37ee5\" data-height=\"40\" data-height-mobile=\"40\" data-height-tab=\"40\" data-height-tab-portrait=\"\" data-height-mobile-landscape=\"\" style=\"clear:both;display:block;\"><\/div>[\/vc_column][vc_column width=&#8221;1\/4&#8243; offset=&#8221;vc_col-lg-offset-0 vc_col-lg-3 vc_col-md-offset-0 vc_col-md-3 vc_col-sm-offset-0 vc_hidden-sm vc_col-xs-12 vc_hidden-xs&#8221;][vc_widget_sidebar sidebar_id=&#8221;sidebar_19&#8243;][\/vc_column][\/vc_row][vc_row equal_height=&#8221;yes&#8221; type=&#8221;vc_default&#8221;][vc_column css=&#8221;.vc_custom_1539095004865{margin-right: 25px !important;margin-bottom: 50px !important;margin-left: 25px !important;padding-top: 35px !important;padding-right: 40px !important;padding-bottom: 40px !important;padding-left: 40px !important;background-color: #ffffff !important;}&#8221; offset=&#8221;vc_col-lg-offset-0 vc_col-md-offset-0 vc_col-sm-offset-0&#8243;]<div id=\"ultimate-heading-474669e32bee37f10\" class=\"uvc-heading ult-adjust-bottom-margin ultimate-heading-474669e32bee37f10 uvc-7228 \" data-hspacer=\"no_spacer\"  data-halign=\"left\" style=\"text-align:left\"><div class=\"uvc-heading-spacer no_spacer\" style=\"top\"><\/div><div class=\"uvc-main-heading ult-responsive\"  data-ultimate-target='.uvc-heading.ultimate-heading-474669e32bee37f10 h2'  data-responsive-json-new='{\"font-size\":\"\",\"line-height\":\"\"}' ><h2 style=\"font-weight:normal;color:#589935;\">AVANTAJLAR<\/h2><\/div><\/div><div class=\"ult-spacer spacer-69e32bee37f5a\" data-id=\"69e32bee37f5a\" data-height=\"30\" data-height-mobile=\"30\" data-height-tab=\"30\" data-height-tab-portrait=\"\" data-height-mobile-landscape=\"\" style=\"clear:both;display:block;\"><\/div>[vc_column_text]Hastalar kendilerini rahats\u0131z hissetmeden sadece bir kitap okuyabilirler. EMP Koltu\u011fu ayr\u0131ca erkeklerin prostat fonksiyon problemlerini iyile\u015ftirebilir ve prostat a\u011fr\u0131s\u0131, iyi huylu prostat hiperplazisi, prostatit ve erektil disfonksiyon tedavisinde rol oynayabilir.[\/vc_column_text]<div class=\"standard-arrow bullet-top\"><ul>\n<li>\u00d6nemli pelvik taban kaslar\u0131n\u0131 g\u00fc\u00e7lendirir<\/li>\n<li>Ters hamileli\u011fi destekler<\/li>\n<li>\u0130drar ka\u00e7\u0131rmay\u0131 \u00f6nler<\/li>\n<li>Ameliyat olmadan vajinay\u0131 s\u0131k\u0131la\u015ft\u0131r\u0131r<\/li>\n<li>Erektil disfonksiyonu \u00f6nleyebilir<\/li>\n<li>Cinsel hissi iyile\u015ftirebilir<\/li>\n<\/ul>\n<\/div><div class=\"ult-spacer spacer-69e32bee3800a\" data-id=\"69e32bee3800a\" data-height=\"40\" data-height-mobile=\"40\" data-height-tab=\"40\" data-height-tab-portrait=\"\" data-height-mobile-landscape=\"\" style=\"clear:both;display:block;\"><\/div>[\/vc_column][\/vc_row][vc_row equal_height=&#8221;yes&#8221; type=&#8221;vc_default&#8221;][vc_column css=&#8221;.vc_custom_1539095004865{margin-right: 25px !important;margin-bottom: 50px !important;margin-left: 25px !important;padding-top: 35px !important;padding-right: 40px !important;padding-bottom: 40px !important;padding-left: 40px !important;background-color: #ffffff !important;}&#8221; offset=&#8221;vc_col-lg-offset-0 vc_col-md-offset-0 vc_col-sm-offset-0&#8243;]<div id=\"ultimate-heading-212269e32bee38036\" class=\"uvc-heading ult-adjust-bottom-margin ultimate-heading-212269e32bee38036 uvc-582 \" data-hspacer=\"no_spacer\"  data-halign=\"left\" style=\"text-align:left\"><div class=\"uvc-heading-spacer no_spacer\" style=\"top\"><\/div><div class=\"uvc-main-heading ult-responsive\"  data-ultimate-target='.uvc-heading.ultimate-heading-212269e32bee38036 h2'  data-responsive-json-new='{\"font-size\":\"\",\"line-height\":\"\"}' ><h2 style=\"font-weight:normal;color:#589935;\">tedavi se\u00e7enekleri<\/h2><\/div><\/div><div class=\"ult-spacer spacer-69e32bee38071\" data-id=\"69e32bee38071\" data-height=\"30\" data-height-mobile=\"30\" data-height-tab=\"30\" data-height-tab-portrait=\"\" data-height-mobile-landscape=\"\" style=\"clear:both;display:block;\"><\/div>[vc_column_text]EMP chair, pelvik taban kas dokusunu aktive edebilir ve kolajen rejenerasyonunu te\u015fvik edebilir; pelvik taban kaslar\u0131n\u0131 etkili bir \u015fekilde g\u00fc\u00e7lendirir, s\u0131k\u0131l\u0131\u011f\u0131 geri kazand\u0131r\u0131r ve esnekli\u011fi art\u0131r\u0131r &#8211; bu, idrar ka\u00e7\u0131rma, idrar ka\u00e7\u0131rma, top s\u00fcrme, alt kar\u0131n \u015fi\u015fkinli\u011fi, alt pelvik sarkma ve di\u011fer problemlerle m\u00fccadeleye yard\u0131mc\u0131 olabilir; Orgazm sorunlar\u0131 ortadan kalkar.[\/vc_column_text]<div class=\"standard-arrow bullet-top\"><ul>\n<li>Stres \u00fcriner inkontinans\u0131n iyile\u015ftirilmesi veya \u00f6nlenmesi<\/li>\n<li>Cinsel Duyarl\u0131l\u0131\u011f\u0131 ve \u0130\u015flevselli\u011fi Geli\u015ftirme<\/li>\n<li>Vajinal sa\u011fl\u0131\u011f\u0131 iyile\u015ftirmek i\u00e7in do\u011fum sonras\u0131 iyile\u015fme<\/li>\n<li>Pubococcygeus kas\u0131n\u0131n (PC kas\u0131) g\u00fc\u00e7lendirilmesi<\/li>\n<li>Menopozdan sonra vajinal duvar\u0131n kal\u0131nl\u0131\u011f\u0131nda ve kayganl\u0131\u011f\u0131nda art\u0131\u015f<\/li>\n<li>Pelvik tabanda kan dola\u015f\u0131m\u0131n\u0131n ve sinir fonksiyonunun desteklenmesi<\/li>\n<\/ul>\n<\/div>[vc_row_inner][vc_column_inner width=&#8221;1\/2&#8243;]<div class=\"ult-spacer spacer-69e32bee380e1\" data-id=\"69e32bee380e1\" data-height=\"30\" data-height-mobile=\"30\" data-height-tab=\"30\" data-height-tab-portrait=\"\" data-height-mobile-landscape=\"\" style=\"clear:both;display:block;\"><\/div>[vc_single_image image=&#8221;6276&#8243; img_size=&#8221;full&#8221; title=&#8221;Uygulama | Cinsel performans\u0131 art\u0131r\u0131r&#8221;][\/vc_column_inner][vc_column_inner width=&#8221;1\/2&#8243;]<div class=\"ult-spacer spacer-69e32bee380fe\" data-id=\"69e32bee380fe\" data-height=\"30\" data-height-mobile=\"30\" data-height-tab=\"30\" data-height-tab-portrait=\"\" data-height-mobile-landscape=\"\" style=\"clear:both;display:block;\"><\/div>[vc_single_image image=&#8221;6280&#8243; img_size=&#8221;full&#8221; title=&#8221;Pelvik taban kaslar\u0131n\u0131 uyarmak i\u00e7in&#8221;][\/vc_column_inner][\/vc_row_inner]<div class=\"ult-spacer spacer-69e32bee38119\" data-id=\"69e32bee38119\" data-height=\"20\" data-height-mobile=\"20\" data-height-tab=\"20\" data-height-tab-portrait=\"\" data-height-mobile-landscape=\"\" style=\"clear:both;display:block;\"><\/div>[\/vc_column][\/vc_row][vc_row][vc_column offset=&#8221;vc_hidden-lg vc_hidden-md&#8221;][vc_widget_sidebar sidebar_id=&#8221;sidebar_19&#8243;]<div class=\"ult-spacer spacer-69e32bee38132\" data-id=\"69e32bee38132\" data-height=\"20\" data-height-mobile=\"20\" data-height-tab=\"20\" data-height-tab-portrait=\"\" data-height-mobile-landscape=\"\" style=\"clear:both;display:block;\"><\/div>[\/vc_column][\/vc_row][vc_row equal_height=&#8221;yes&#8221; bg_type=&#8221;bg_color&#8221; bg_override=&#8221;ex-full&#8221; bg_color_value=&#8221;#ffffff&#8221; el_class=&#8221;calltoaektschn&#8221;][vc_column css=&#8221;.vc_custom_1539097314964{padding-top: 0px !important;}&#8221;]<section class=\"shortcode-action-box box-style-table shortcode-action-bg block-style-widget pulse animate-element\"><div class=\"text-big\"><div class=\"gap\" style=\"line-height: 10px; height: 10px;\"><\/div>\n<h5>Ba\u011flay\u0131c\u0131 olmayan tavsiye ister misiniz?<\/h5>\n<\/div><div class=\"shortcode-action-container action-button\"><a href=\"\/tr\/randevu\/\" class=\"btn-shortcode dt-btn-m dt-btn default-btn-color default-btn-hover-color default-btn-bg-color default-btn-bg-hover-color fadeIn animate-element animation-builder\" id=\"dt-btn-1\"><span>Randevu<\/span><\/a><\/div><\/section>[\/vc_column][\/vc_row]<\/p>\n<\/div>","protected":false},"excerpt":{"rendered":"<p>[vc_row el_class=&#8221;mitsidebar&#8221;][vc_column width=&#8221;3\/4&#8243; offset=&#8221;vc_col-lg-offset-0 vc_col-lg-9 vc_col-md-offset-0 vc_col-md-9 vc_col-sm-offset-0 vc_col-xs-12&#8243;][vc_row_inner][vc_column_inner][vc_raw_html]PGlmcmFtZSB3aWR0aD0iMTAwJSIgaGVpZ2h0PSI1MDMiIHNyYz0iaHR0cHM6Ly93d3cueW91dHViZS1ub2Nvb2tpZS5jb20vZW1iZWQvNkZMaW4tcWNFRUkiIHRpdGxlPSJZb3VUdWJlIHZpZGVvIHBsYXllciIgZnJhbWVib3JkZXI9IjAiIGFsbG93PSJhY2NlbGVyb21ldGVyOyBhdXRvcGxheTsgY2xpcGJvYXJkLXdyaXRlOyBlbmNyeXB0ZWQtbWVkaWE7IGd5cm9zY29wZTsgcGljdHVyZS1pbi1waWN0dXJlIiBhbGxvd2Z1bGxzY3JlZW4+PC9pZnJhbWU+[\/vc_raw_html][vc_column_text css=&#8221;.vc_custom_1660822002970{margin-bottom: 0px !important;}&#8221;]EMP Koltu\u011fu, motor n\u00f6ronlar\u0131 pelvik taban kaslar\u0131n\u0131 kontrol etmesi i\u00e7in uyarmak i\u00e7in devrim niteli\u011findeki HI-EMP teknolojisi (Y\u00fcksek Yo\u011funluklu Elektro-Manyetik-G\u00fc\u00e7) ile \u00e7al\u0131\u015f\u0131r. Kal\u00e7alarda ve idrar yollar\u0131nda g\u00fc\u00e7 ve dayan\u0131kl\u0131l\u0131k olu\u015fturmak i\u00e7in pelvisi yeniden in\u015fa etmek i\u00e7in pelvik taban kaslar\u0131n\u0131n tekrarlanan hiperkontraksiyonlar\u0131n\u0131 i\u00e7erir. Pelvik taban kaslar\u0131,&hellip;<\/p>\n","protected":false},"author":1,"featured_media":0,"parent":6425,"menu_order":0,"comment_status":"closed","ping_status":"closed","template":"","meta":{"footnotes":""},"class_list":["post-6435","page","type-page","status-publish","hentry","description-off"],"_links":{"self":[{"href":"https:\/\/www.ipl-hamburg.com\/tr\/wp-json\/wp\/v2\/pages\/6435","targetHints":{"allow":["GET"]}}],"collection":[{"href":"https:\/\/www.ipl-hamburg.com\/tr\/wp-json\/wp\/v2\/pages"}],"about":[{"href":"https:\/\/www.ipl-hamburg.com\/tr\/wp-json\/wp\/v2\/types\/page"}],"author":[{"embeddable":true,"href":"https:\/\/www.ipl-hamburg.com\/tr\/wp-json\/wp\/v2\/users\/1"}],"replies":[{"embeddable":true,"href":"https:\/\/www.ipl-hamburg.com\/tr\/wp-json\/wp\/v2\/comments?post=6435"}],"version-history":[{"count":0,"href":"https:\/\/www.ipl-hamburg.com\/tr\/wp-json\/wp\/v2\/pages\/6435\/revisions"}],"up":[{"embeddable":true,"href":"https:\/\/www.ipl-hamburg.com\/tr\/wp-json\/wp\/v2\/pages\/6425"}],"wp:attachment":[{"href":"https:\/\/www.ipl-hamburg.com\/tr\/wp-json\/wp\/v2\/media?parent=6435"}],"curies":[{"name":"wp","href":"https:\/\/api.w.org\/{rel}","templated":true}]}}